{"id":1423,"date":"2025-03-17T14:02:05","date_gmt":"2025-03-17T14:02:05","guid":{"rendered":"https:\/\/rspcom-e1aklfz9e9.live-website.com\/?page_id=1423"},"modified":"2025-04-11T13:54:41","modified_gmt":"2025-04-11T13:54:41","slug":"das-rsp-saugprinzip-duennstromverfahren","status":"publish","type":"page","link":"https:\/\/www.rsp.com\/de\/technologie\/das-rsp-saugprinzip-duennstromverfahren\/","title":{"rendered":"Das RSP Saugprinzip - D\u00fcnnstromverfahren"},"content":{"rendered":"\t\t<div data-elementor-type=\"wp-page\" data-elementor-id=\"1423\" class=\"elementor elementor-1423\" data-elementor-post-type=\"page\">\n\t\t\t\t<div class=\"elementor-element elementor-element-dd21e25 e-flex e-con-boxed e-con e-parent\" data-id=\"dd21e25\" data-element_type=\"container\" data-e-type=\"container\">\n\t\t\t\t\t<div class=\"e-con-inner\">\n\t\t\t\t<div class=\"elementor-element elementor-element-06ce761 elementor-widget elementor-widget-heading\" data-id=\"06ce761\" data-element_type=\"widget\" data-e-type=\"widget\" data-settings=\"{&quot;_animation_mobile&quot;:&quot;fadeInLeft&quot;}\" data-widget_type=\"heading.default\">\n\t\t\t\t<div class=\"elementor-widget-container\">\n\t\t\t\t\t<h1 class=\"elementor-heading-title elementor-size-default\">Das patentierte RSP Funktionsprinzip<\/h1>\t\t\t\t<\/div>\n\t\t\t\t<\/div>\n\t\t<div class=\"elementor-element elementor-element-0d88d64 e-con-full e-flex e-con e-child\" data-id=\"0d88d64\" data-element_type=\"container\" data-e-type=\"container\">\n\t\t\t\t<div class=\"elementor-element elementor-element-989449d elementor-widget__width-initial elementor-widget elementor-widget-image\" data-id=\"989449d\" data-element_type=\"widget\" data-e-type=\"widget\" data-settings=\"{&quot;_animation_mobile&quot;:&quot;fadeInLeft&quot;}\" data-widget_type=\"image.default\">\n\t\t\t\t<div class=\"elementor-widget-container\">\n\t\t\t\t\t\t\t\t\t\t\t\t\t\t\t<img loading=\"lazy\" decoding=\"async\" width=\"800\" height=\"600\" src=\"https:\/\/www.rsp.com\/wp-content\/uploads\/2025\/03\/Saugprinzip_800x600.jpg\" class=\"attachment-large size-large wp-image-1429\" alt=\"\" srcset=\"https:\/\/www.rsp.com\/wp-content\/uploads\/2025\/03\/Saugprinzip_800x600.jpg 800w, https:\/\/www.rsp.com\/wp-content\/uploads\/2025\/03\/Saugprinzip_800x600-300x225.jpg 300w, https:\/\/www.rsp.com\/wp-content\/uploads\/2025\/03\/Saugprinzip_800x600-768x576.jpg 768w\" sizes=\"auto, (max-width: 800px) 100vw, 800px\" \/>\t\t\t\t\t\t\t\t\t\t\t\t\t\t\t<\/div>\n\t\t\t\t<\/div>\n\t\t<div class=\"elementor-element elementor-element-638243e e-con-full e-flex e-con e-child\" data-id=\"638243e\" data-element_type=\"container\" data-e-type=\"container\" data-settings=\"{&quot;animation_mobile&quot;:&quot;fadeInRight&quot;}\">\n\t\t\t\t<div class=\"elementor-element elementor-element-c0d9f07 elementor-widget elementor-widget-heading\" data-id=\"c0d9f07\" data-element_type=\"widget\" data-e-type=\"widget\" data-widget_type=\"heading.default\">\n\t\t\t\t<div class=\"elementor-widget-container\">\n\t\t\t\t\t<h2 class=\"elementor-heading-title elementor-size-default\">Das ESE Saugprinzip<\/h2>\t\t\t\t<\/div>\n\t\t\t\t<\/div>\n\t\t\t\t<div class=\"elementor-element elementor-element-cf430cd elementor-widget elementor-widget-text-editor\" data-id=\"cf430cd\" data-element_type=\"widget\" data-e-type=\"widget\" data-widget_type=\"text-editor.default\">\n\t\t\t\t<div class=\"elementor-widget-container\">\n\t\t\t\t\t\t\t\t\t<p>Unsere Fahrzeuge funktionieren nach dem international patentierten RSP Saugprinzip. Diese Verfahrensweise garantiert h\u00f6chste Schwerkraftabscheidung, geringste Filterbelastung und damit konstant hohe Saugleistungen. Bei diesem Verfahren erzeugt der Ventilator einen Luftstrom von bis zu 44.000 m\u00b3\/h und einen max. Unterdruck von 55.000 Pa. Der Saugschlauch ist \u00fcber den Tr\u00e4ger hydraulisch dreidimensional bewegbar. Im Bereich der Saugkrone wird das Material\u00a0vom Luftstrom mitgerissen. Saugbar sind alle Medien, feste Partikel bis zu einer Gr\u00f6\u00dfe von 250 mm. Im Sammelraum erfolgt aufgrund der Luftberuhigung und Drehung eine Ablagerung aller wesentlichen Partikel.<\/p><p>\u00dcber die Abscheidekammer\u00a0wird der Luftstrom weiter gereinigt und getrocknet. Die Lage des Sammelbeh\u00e4lters garantiert eine optimale\u00a0Achsbelastung des Fahrzeuges. \u00dcber die Feinstfiltereinheit werden letzte St\u00e4ube\u00a0absorbiert. Die gereinigte Luft wird gro\u00dffl\u00e4chig \u00fcber\u00a0eine Schalld\u00e4mmeinheit nach oben ausgesto\u00dfen. Die Reinigung der Feinstfilter erfolgt durch Druckluft. Beim seitlichen Entleervorgang werden neben der Sammelkammer auch die Abscheidekammern und die Feinstfilter entleert. S\u00e4mtliche Aufbaufunktionen\u00a0sind \u00fcber eine Funkfernsteuerung bedienbar.<\/p>\t\t\t\t\t\t\t\t<\/div>\n\t\t\t\t<\/div>\n\t\t\t\t<\/div>\n\t\t\t\t<\/div>\n\t\t<div class=\"elementor-element elementor-element-c074818 e-con-full e-flex e-con e-child\" data-id=\"c074818\" data-element_type=\"container\" data-e-type=\"container\">\n\t\t<div class=\"elementor-element elementor-element-c191139 e-con-full e-flex e-con e-child\" data-id=\"c191139\" data-element_type=\"container\" data-e-type=\"container\" data-settings=\"{&quot;animation_mobile&quot;:&quot;fadeInLeft&quot;}\">\n\t\t\t\t<div class=\"elementor-element elementor-element-d9d85fb elementor-widget elementor-widget-heading\" data-id=\"d9d85fb\" data-element_type=\"widget\" data-e-type=\"widget\" data-widget_type=\"heading.default\">\n\t\t\t\t<div class=\"elementor-widget-container\">\n\t\t\t\t\t<h3 class=\"elementor-heading-title elementor-size-default\">Der starke Zyklon f\u00fcr unser City Modell<\/h3>\t\t\t\t<\/div>\n\t\t\t\t<\/div>\n\t\t\t\t<div class=\"elementor-element elementor-element-acf43b6 elementor-widget elementor-widget-text-editor\" data-id=\"acf43b6\" data-element_type=\"widget\" data-e-type=\"widget\" data-widget_type=\"text-editor.default\">\n\t\t\t\t<div class=\"elementor-widget-container\">\n\t\t\t\t\t\t\t\t\t<p style=\"line-height: 16.5pt; background: white; margin: 0cm 0cm 15.0pt 0cm;\"><span style=\"font-family: 'Helvetica',sans-serif; color: #666666;\">Im Zyklonabscheider wird die mit Material bef\u00fcllte Luft als Tr\u00e4ger durch deren eigene Str\u00f6mungsgeschwindigkeit und entsprechende konstruktive Gestaltung des Abscheiders in eine Drehbewegung versetzt. Die auf die Partikel wirkenden Zentrifugalkr\u00e4fte beschleunigen diese radial nach au\u00dfen. An der Au\u00dfenwandung verlieren die im Luftstrom befindlichen Partikel durch Reibung ihre kinetische Energie und fallen nach unten in den Sammelbereich aus. Der gereinigte Luftstrom wird mittig nach oben, \u00fcber ein Tauchrohr abgef\u00fchrt.<\/span><\/p>\t\t\t\t\t\t\t\t<\/div>\n\t\t\t\t<\/div>\n\t\t\t\t<\/div>\n\t\t\t\t<div class=\"elementor-element elementor-element-65d9754 elementor-widget__width-initial elementor-widget elementor-widget-image\" data-id=\"65d9754\" data-element_type=\"widget\" data-e-type=\"widget\" data-settings=\"{&quot;_animation_mobile&quot;:&quot;fadeInRight&quot;}\" data-widget_type=\"image.default\">\n\t\t\t\t<div class=\"elementor-widget-container\">\n\t\t\t\t\t\t\t\t\t\t\t\t\t\t\t<img loading=\"lazy\" decoding=\"async\" width=\"800\" height=\"600\" src=\"https:\/\/www.rsp.com\/wp-content\/uploads\/2025\/03\/Zyklon_800x600.png\" class=\"attachment-large size-large wp-image-1435\" alt=\"\" \/>\t\t\t\t\t\t\t\t\t\t\t\t\t\t\t<\/div>\n\t\t\t\t<\/div>\n\t\t\t\t<\/div>\n\t\t\t\t\t<\/div>\n\t\t\t\t<\/div>\n\t\t\t\t<\/div>\n\t\t","protected":false},"excerpt":{"rendered":"<p>Das patentierte RSP Funktionsprinzip Das ESE Saugprinzip Unsere Fahrzeuge funktionieren nach dem international patentierten RSP Saugprinzip. Diese Verfahrensweise garantiert h\u00f6chste Schwerkraftabscheidung, geringste Filterbelastung und damit konstant hohe Saugleistungen. Bei diesem Verfahren erzeugt der Ventilator einen Luftstrom von bis zu 44.000 m\u00b3\/h und einen max. Unterdruck von 55.000 Pa. Der Saugschlauch ist \u00fcber den Tr\u00e4ger hydraulisch [&hellip;]<\/p>\n","protected":false},"author":1,"featured_media":0,"parent":1232,"menu_order":0,"comment_status":"closed","ping_status":"closed","template":"","meta":{"_acf_changed":false,"footnotes":""},"class_list":["post-1423","page","type-page","status-publish","hentry"],"acf":[],"yoast_head":"<!-- This site is optimized with the Yoast SEO Premium plugin v26.9 (Yoast SEO v27.5) - https:\/\/yoast.com\/product\/yoast-seo-premium-wordpress\/ -->\n<title>Das RSP Saugprinzip - D\u00fcnnstromverfahren - RSP<\/title>\n<meta name=\"robots\" content=\"index, follow, max-snippet:-1, max-image-preview:large, max-video-preview:-1\" \/>\n<link rel=\"canonical\" href=\"https:\/\/www.rsp.com\/de\/technologie\/das-rsp-saugprinzip-duennstromverfahren\/\" \/>\n<meta property=\"og:locale\" content=\"de_DE\" \/>\n<meta property=\"og:type\" content=\"article\" \/>\n<meta property=\"og:title\" content=\"Das RSP Saugprinzip - D\u00fcnnstromverfahren\" \/>\n<meta property=\"og:description\" content=\"Das patentierte RSP Funktionsprinzip Das ESE Saugprinzip Unsere Fahrzeuge funktionieren nach dem international patentierten RSP Saugprinzip. Diese Verfahrensweise garantiert h\u00f6chste Schwerkraftabscheidung, geringste Filterbelastung und damit konstant hohe Saugleistungen. Bei diesem Verfahren erzeugt der Ventilator einen Luftstrom von bis zu 44.000 m\u00b3\/h und einen max. Unterdruck von 55.000 Pa. Der Saugschlauch ist \u00fcber den Tr\u00e4ger hydraulisch [&hellip;]\" \/>\n<meta property=\"og:url\" content=\"https:\/\/www.rsp.com\/de\/technologie\/das-rsp-saugprinzip-duennstromverfahren\/\" \/>\n<meta property=\"og:site_name\" content=\"RSP\" \/>\n<meta property=\"article:publisher\" content=\"http:\/\/www.facebook.com\/saugbagger\" \/>\n<meta property=\"article:modified_time\" content=\"2025-04-11T13:54:41+00:00\" \/>\n<meta property=\"og:image\" content=\"https:\/\/www.rsp.com\/wp-content\/uploads\/2025\/03\/Saugprinzip_800x600.jpg\" \/>\n<meta name=\"twitter:card\" content=\"summary_large_image\" \/>\n<meta name=\"twitter:label1\" content=\"Gesch\u00e4tzte Lesezeit\" \/>\n\t<meta name=\"twitter:data1\" content=\"2 Minuten\" \/>\n<script type=\"application\/ld+json\" class=\"yoast-schema-graph\">{\"@context\":\"https:\\\/\\\/schema.org\",\"@graph\":[{\"@type\":\"WebPage\",\"@id\":\"https:\\\/\\\/www.rsp.com\\\/de\\\/technologie\\\/das-rsp-saugprinzip-duennstromverfahren\\\/\",\"url\":\"https:\\\/\\\/www.rsp.com\\\/de\\\/technologie\\\/das-rsp-saugprinzip-duennstromverfahren\\\/\",\"name\":\"Das RSP Saugprinzip - D\u00fcnnstromverfahren - RSP\",\"isPartOf\":{\"@id\":\"https:\\\/\\\/www.rsp.com\\\/de\\\/#website\"},\"primaryImageOfPage\":{\"@id\":\"https:\\\/\\\/www.rsp.com\\\/de\\\/technologie\\\/das-rsp-saugprinzip-duennstromverfahren\\\/#primaryimage\"},\"image\":{\"@id\":\"https:\\\/\\\/www.rsp.com\\\/de\\\/technologie\\\/das-rsp-saugprinzip-duennstromverfahren\\\/#primaryimage\"},\"thumbnailUrl\":\"https:\\\/\\\/www.rsp.com\\\/wp-content\\\/uploads\\\/2025\\\/03\\\/Saugprinzip_800x600.jpg\",\"datePublished\":\"2025-03-17T14:02:05+00:00\",\"dateModified\":\"2025-04-11T13:54:41+00:00\",\"breadcrumb\":{\"@id\":\"https:\\\/\\\/www.rsp.com\\\/de\\\/technologie\\\/das-rsp-saugprinzip-duennstromverfahren\\\/#breadcrumb\"},\"inLanguage\":\"de\",\"potentialAction\":[{\"@type\":\"ReadAction\",\"target\":[\"https:\\\/\\\/www.rsp.com\\\/de\\\/technologie\\\/das-rsp-saugprinzip-duennstromverfahren\\\/\"]}]},{\"@type\":\"ImageObject\",\"inLanguage\":\"de\",\"@id\":\"https:\\\/\\\/www.rsp.com\\\/de\\\/technologie\\\/das-rsp-saugprinzip-duennstromverfahren\\\/#primaryimage\",\"url\":\"https:\\\/\\\/www.rsp.com\\\/wp-content\\\/uploads\\\/2025\\\/03\\\/Saugprinzip_800x600.jpg\",\"contentUrl\":\"https:\\\/\\\/www.rsp.com\\\/wp-content\\\/uploads\\\/2025\\\/03\\\/Saugprinzip_800x600.jpg\"},{\"@type\":\"BreadcrumbList\",\"@id\":\"https:\\\/\\\/www.rsp.com\\\/de\\\/technologie\\\/das-rsp-saugprinzip-duennstromverfahren\\\/#breadcrumb\",\"itemListElement\":[{\"@type\":\"ListItem\",\"position\":1,\"name\":\"Startseite\",\"item\":\"https:\\\/\\\/www.rsp.com\\\/de\\\/\"},{\"@type\":\"ListItem\",\"position\":2,\"name\":\"Technologie\",\"item\":\"https:\\\/\\\/www.rsp.com\\\/de\\\/technologie\\\/\"},{\"@type\":\"ListItem\",\"position\":3,\"name\":\"Das RSP Saugprinzip - D\u00fcnnstromverfahren\"}]},{\"@type\":\"WebSite\",\"@id\":\"https:\\\/\\\/www.rsp.com\\\/de\\\/#website\",\"url\":\"https:\\\/\\\/www.rsp.com\\\/de\\\/\",\"name\":\"RSP Saugbagger - Innovate work\",\"description\":\"Innovate Work\",\"publisher\":{\"@id\":\"https:\\\/\\\/www.rsp.com\\\/de\\\/#organization\"},\"potentialAction\":[{\"@type\":\"SearchAction\",\"target\":{\"@type\":\"EntryPoint\",\"urlTemplate\":\"https:\\\/\\\/www.rsp.com\\\/de\\\/?s={search_term_string}\"},\"query-input\":{\"@type\":\"PropertyValueSpecification\",\"valueRequired\":true,\"valueName\":\"search_term_string\"}}],\"inLanguage\":\"de\"},{\"@type\":\"Organization\",\"@id\":\"https:\\\/\\\/www.rsp.com\\\/de\\\/#organization\",\"name\":\"RSP GmbH & Co. KG\",\"alternateName\":\"RSP\",\"url\":\"https:\\\/\\\/www.rsp.com\\\/de\\\/\",\"logo\":{\"@type\":\"ImageObject\",\"inLanguage\":\"de\",\"@id\":\"https:\\\/\\\/www.rsp.com\\\/de\\\/#\\\/schema\\\/logo\\\/image\\\/\",\"url\":\"https:\\\/\\\/www.rsp.com\\\/wp-content\\\/uploads\\\/2025\\\/03\\\/RSP_Logo-cross_Color-pos_sRGB.svg\",\"contentUrl\":\"https:\\\/\\\/www.rsp.com\\\/wp-content\\\/uploads\\\/2025\\\/03\\\/RSP_Logo-cross_Color-pos_sRGB.svg\",\"width\":82,\"height\":82,\"caption\":\"RSP GmbH & Co. KG\"},\"image\":{\"@id\":\"https:\\\/\\\/www.rsp.com\\\/de\\\/#\\\/schema\\\/logo\\\/image\\\/\"},\"sameAs\":[\"http:\\\/\\\/www.facebook.com\\\/saugbagger\",\"https:\\\/\\\/www.instagram.com\\\/suctionexcavator\",\"https:\\\/\\\/www.linkedin.com\\\/company\\\/reschwitzer-saugbagger-produktions-gmbh-rsp-gmbh-\\\/\",\"http:\\\/\\\/www.youtube.com\\\/user\\\/RSPSuctionExcavator\"],\"description\":\"Die RSP GmbH & Co. KG ist f\u00fchrender Hersteller von Saugbaggern und Spezialfahrzeugen f\u00fcr den Einsatz in der Bau-, Versorgungs- und Kommunalwirtschaft. Mit \u00fcber 30 Jahren Erfahrung, einem internationalen Vertriebsnetz und innovativer Technologie bietet RSP leistungsstarke L\u00f6sungen f\u00fcr sicheres und effizientes Arbeiten \u2013 Made in Germany.\",\"email\":\"info@rsp-germany.com\",\"telephone\":\"+49367157210\",\"legalName\":\"RSP GmbH & Co. KG\",\"foundingDate\":\"1993-04-01\",\"vatID\":\"DE158276339\",\"numberOfEmployees\":{\"@type\":\"QuantitativeValue\",\"minValue\":\"501\",\"maxValue\":\"1000\"}}]}<\/script>\n<!-- \/ Yoast SEO Premium plugin. -->","yoast_head_json":{"title":"Das RSP Saugprinzip - D\u00fcnnstromverfahren - RSP","robots":{"index":"index","follow":"follow","max-snippet":"max-snippet:-1","max-image-preview":"max-image-preview:large","max-video-preview":"max-video-preview:-1"},"canonical":"https:\/\/www.rsp.com\/de\/technologie\/das-rsp-saugprinzip-duennstromverfahren\/","og_locale":"de_DE","og_type":"article","og_title":"Das RSP Saugprinzip - D\u00fcnnstromverfahren","og_description":"Das patentierte RSP Funktionsprinzip Das ESE Saugprinzip Unsere Fahrzeuge funktionieren nach dem international patentierten RSP Saugprinzip. Diese Verfahrensweise garantiert h\u00f6chste Schwerkraftabscheidung, geringste Filterbelastung und damit konstant hohe Saugleistungen. Bei diesem Verfahren erzeugt der Ventilator einen Luftstrom von bis zu 44.000 m\u00b3\/h und einen max. Unterdruck von 55.000 Pa. Der Saugschlauch ist \u00fcber den Tr\u00e4ger hydraulisch [&hellip;]","og_url":"https:\/\/www.rsp.com\/de\/technologie\/das-rsp-saugprinzip-duennstromverfahren\/","og_site_name":"RSP","article_publisher":"http:\/\/www.facebook.com\/saugbagger","article_modified_time":"2025-04-11T13:54:41+00:00","og_image":[{"url":"https:\/\/www.rsp.com\/wp-content\/uploads\/2025\/03\/Saugprinzip_800x600.jpg","type":"","width":"","height":""}],"twitter_card":"summary_large_image","twitter_misc":{"Gesch\u00e4tzte Lesezeit":"2 Minuten"},"schema":{"@context":"https:\/\/schema.org","@graph":[{"@type":"WebPage","@id":"https:\/\/www.rsp.com\/de\/technologie\/das-rsp-saugprinzip-duennstromverfahren\/","url":"https:\/\/www.rsp.com\/de\/technologie\/das-rsp-saugprinzip-duennstromverfahren\/","name":"Das RSP Saugprinzip - D\u00fcnnstromverfahren - RSP","isPartOf":{"@id":"https:\/\/www.rsp.com\/de\/#website"},"primaryImageOfPage":{"@id":"https:\/\/www.rsp.com\/de\/technologie\/das-rsp-saugprinzip-duennstromverfahren\/#primaryimage"},"image":{"@id":"https:\/\/www.rsp.com\/de\/technologie\/das-rsp-saugprinzip-duennstromverfahren\/#primaryimage"},"thumbnailUrl":"https:\/\/www.rsp.com\/wp-content\/uploads\/2025\/03\/Saugprinzip_800x600.jpg","datePublished":"2025-03-17T14:02:05+00:00","dateModified":"2025-04-11T13:54:41+00:00","breadcrumb":{"@id":"https:\/\/www.rsp.com\/de\/technologie\/das-rsp-saugprinzip-duennstromverfahren\/#breadcrumb"},"inLanguage":"de","potentialAction":[{"@type":"ReadAction","target":["https:\/\/www.rsp.com\/de\/technologie\/das-rsp-saugprinzip-duennstromverfahren\/"]}]},{"@type":"ImageObject","inLanguage":"de","@id":"https:\/\/www.rsp.com\/de\/technologie\/das-rsp-saugprinzip-duennstromverfahren\/#primaryimage","url":"https:\/\/www.rsp.com\/wp-content\/uploads\/2025\/03\/Saugprinzip_800x600.jpg","contentUrl":"https:\/\/www.rsp.com\/wp-content\/uploads\/2025\/03\/Saugprinzip_800x600.jpg"},{"@type":"BreadcrumbList","@id":"https:\/\/www.rsp.com\/de\/technologie\/das-rsp-saugprinzip-duennstromverfahren\/#breadcrumb","itemListElement":[{"@type":"ListItem","position":1,"name":"Startseite","item":"https:\/\/www.rsp.com\/de\/"},{"@type":"ListItem","position":2,"name":"Technologie","item":"https:\/\/www.rsp.com\/de\/technologie\/"},{"@type":"ListItem","position":3,"name":"Das RSP Saugprinzip - D\u00fcnnstromverfahren"}]},{"@type":"WebSite","@id":"https:\/\/www.rsp.com\/de\/#website","url":"https:\/\/www.rsp.com\/de\/","name":"RSP Saugbagger - Innovate work","description":"Innovate Work","publisher":{"@id":"https:\/\/www.rsp.com\/de\/#organization"},"potentialAction":[{"@type":"SearchAction","target":{"@type":"EntryPoint","urlTemplate":"https:\/\/www.rsp.com\/de\/?s={search_term_string}"},"query-input":{"@type":"PropertyValueSpecification","valueRequired":true,"valueName":"search_term_string"}}],"inLanguage":"de"},{"@type":"Organization","@id":"https:\/\/www.rsp.com\/de\/#organization","name":"RSP GmbH & Co. KG","alternateName":"RSP","url":"https:\/\/www.rsp.com\/de\/","logo":{"@type":"ImageObject","inLanguage":"de","@id":"https:\/\/www.rsp.com\/de\/#\/schema\/logo\/image\/","url":"https:\/\/www.rsp.com\/wp-content\/uploads\/2025\/03\/RSP_Logo-cross_Color-pos_sRGB.svg","contentUrl":"https:\/\/www.rsp.com\/wp-content\/uploads\/2025\/03\/RSP_Logo-cross_Color-pos_sRGB.svg","width":82,"height":82,"caption":"RSP GmbH & Co. KG"},"image":{"@id":"https:\/\/www.rsp.com\/de\/#\/schema\/logo\/image\/"},"sameAs":["http:\/\/www.facebook.com\/saugbagger","https:\/\/www.instagram.com\/suctionexcavator","https:\/\/www.linkedin.com\/company\/reschwitzer-saugbagger-produktions-gmbh-rsp-gmbh-\/","http:\/\/www.youtube.com\/user\/RSPSuctionExcavator"],"description":"Die RSP GmbH & Co. KG ist f\u00fchrender Hersteller von Saugbaggern und Spezialfahrzeugen f\u00fcr den Einsatz in der Bau-, Versorgungs- und Kommunalwirtschaft. Mit \u00fcber 30 Jahren Erfahrung, einem internationalen Vertriebsnetz und innovativer Technologie bietet RSP leistungsstarke L\u00f6sungen f\u00fcr sicheres und effizientes Arbeiten \u2013 Made in Germany.","email":"info@rsp-germany.com","telephone":"+49367157210","legalName":"RSP GmbH & Co. KG","foundingDate":"1993-04-01","vatID":"DE158276339","numberOfEmployees":{"@type":"QuantitativeValue","minValue":"501","maxValue":"1000"}}]}},"_links":{"self":[{"href":"https:\/\/www.rsp.com\/de\/wp-json\/wp\/v2\/pages\/1423","targetHints":{"allow":["GET"]}}],"collection":[{"href":"https:\/\/www.rsp.com\/de\/wp-json\/wp\/v2\/pages"}],"about":[{"href":"https:\/\/www.rsp.com\/de\/wp-json\/wp\/v2\/types\/page"}],"author":[{"embeddable":true,"href":"https:\/\/www.rsp.com\/de\/wp-json\/wp\/v2\/users\/1"}],"replies":[{"embeddable":true,"href":"https:\/\/www.rsp.com\/de\/wp-json\/wp\/v2\/comments?post=1423"}],"version-history":[{"count":0,"href":"https:\/\/www.rsp.com\/de\/wp-json\/wp\/v2\/pages\/1423\/revisions"}],"up":[{"embeddable":true,"href":"https:\/\/www.rsp.com\/de\/wp-json\/wp\/v2\/pages\/1232"}],"wp:attachment":[{"href":"https:\/\/www.rsp.com\/de\/wp-json\/wp\/v2\/media?parent=1423"}],"curies":[{"name":"wp","href":"https:\/\/api.w.org\/{rel}","templated":true}]}}