{"id":1602,"date":"2025-03-17T14:16:47","date_gmt":"2025-03-17T14:16:47","guid":{"rendered":"https:\/\/rspcom-e1aklfz9e9.live-website.com\/?page_id=1602"},"modified":"2025-04-11T13:20:23","modified_gmt":"2025-04-11T13:20:23","slug":"der-gelenkschlauchtraeger-vergroesserte-den-arbeitsbereich-eines-saugbaggers","status":"publish","type":"page","link":"https:\/\/www.rsp.com\/de\/technologie\/der-gelenkschlauchtraeger-vergroesserte-den-arbeitsbereich-eines-saugbaggers\/","title":{"rendered":"Der Gelenkschlauchtr\u00e4ger vergr\u00f6\u00dferte den Arbeitsbereich eines Saugbaggers"},"content":{"rendered":"\t\t<div data-elementor-type=\"wp-page\" data-elementor-id=\"1602\" class=\"elementor elementor-1602\" data-elementor-post-type=\"page\">\n\t\t\t\t<div class=\"elementor-element elementor-element-efdde49 e-flex e-con-boxed e-con e-parent\" data-id=\"efdde49\" data-element_type=\"container\" data-e-type=\"container\">\n\t\t\t\t\t<div class=\"e-con-inner\">\n\t\t\t\t<div class=\"elementor-element elementor-element-bc73f7d elementor-widget elementor-widget-heading\" data-id=\"bc73f7d\" data-element_type=\"widget\" data-e-type=\"widget\" data-widget_type=\"heading.default\">\n\t\t\t\t<div class=\"elementor-widget-container\">\n\t\t\t\t\t<h1 class=\"elementor-heading-title elementor-size-default\">Der Gelenkschlauchtr\u00e4ger<\/h1>\t\t\t\t<\/div>\n\t\t\t\t<\/div>\n\t\t\t\t<div class=\"elementor-element elementor-element-6d441dd elementor-widget elementor-widget-heading\" data-id=\"6d441dd\" data-element_type=\"widget\" data-e-type=\"widget\" data-widget_type=\"heading.default\">\n\t\t\t\t<div class=\"elementor-widget-container\">\n\t\t\t\t\t<h2 class=\"elementor-heading-title elementor-size-default\">EGAL WO SIE SAUGEN, PERFEKT AN DIE ANFORDERUNGEN ANGEPASST. <\/h2>\t\t\t\t<\/div>\n\t\t\t\t<\/div>\n\t\t\t\t<div class=\"elementor-element elementor-element-7d0fed0 elementor-widget elementor-widget-text-editor\" data-id=\"7d0fed0\" data-element_type=\"widget\" data-e-type=\"widget\" data-widget_type=\"text-editor.default\">\n\t\t\t\t<div class=\"elementor-widget-container\">\n\t\t\t\t\t\t\t\t\t<p>Die RSP Schlauchtr\u00e4ger mit zus\u00e4tzlichen Erweiterungsm\u00f6glichkeiten sind mit dem RSP Schellensystem ausger\u00fcstet. Durch die Kompatibilit\u00e4t mit verschiedenen Zubeh\u00f6rteilen sind die unterschiedlichsten Saugaufgaben durchf\u00fchrbar.<\/p>\t\t\t\t\t\t\t\t<\/div>\n\t\t\t\t<\/div>\n\t\t\t\t\t<\/div>\n\t\t\t\t<\/div>\n\t\t<div class=\"elementor-element elementor-element-3ec933a e-flex e-con-boxed e-con e-parent\" data-id=\"3ec933a\" data-element_type=\"container\" data-e-type=\"container\">\n\t\t\t\t\t<div class=\"e-con-inner\">\n\t\t\t\t<div class=\"elementor-element elementor-element-b1ee306 elementor-widget__width-initial elementor-invisible elementor-widget elementor-widget-image\" data-id=\"b1ee306\" data-element_type=\"widget\" data-e-type=\"widget\" data-settings=\"{&quot;_animation&quot;:&quot;fadeInLeft&quot;}\" data-widget_type=\"image.default\">\n\t\t\t\t<div class=\"elementor-widget-container\">\n\t\t\t\t\t\t\t\t\t\t\t\t\t\t\t<img loading=\"lazy\" decoding=\"async\" width=\"800\" height=\"600\" src=\"https:\/\/www.rsp.com\/wp-content\/uploads\/2025\/03\/Saugschlauch_800x600-1.jpg\" class=\"attachment-large size-large wp-image-1613\" alt=\"\" \/>\t\t\t\t\t\t\t\t\t\t\t\t\t\t\t<\/div>\n\t\t\t\t<\/div>\n\t\t<div class=\"elementor-element elementor-element-02229b5 e-con-full e-flex elementor-invisible e-con e-child\" data-id=\"02229b5\" data-element_type=\"container\" data-e-type=\"container\" data-settings=\"{&quot;animation&quot;:&quot;fadeInRight&quot;}\">\n\t\t\t\t<div class=\"elementor-element elementor-element-fc150f9 elementor-widget elementor-widget-heading\" data-id=\"fc150f9\" data-element_type=\"widget\" data-e-type=\"widget\" data-widget_type=\"heading.default\">\n\t\t\t\t<div class=\"elementor-widget-container\">\n\t\t\t\t\t<h2 class=\"elementor-heading-title elementor-size-default\">DER OPTIMALE ARBEITSBEREICH<\/h2>\t\t\t\t<\/div>\n\t\t\t\t<\/div>\n\t\t\t\t<div class=\"elementor-element elementor-element-e5f95b8 elementor-widget elementor-widget-text-editor\" data-id=\"e5f95b8\" data-element_type=\"widget\" data-e-type=\"widget\" data-widget_type=\"text-editor.default\">\n\t\t\t\t<div class=\"elementor-widget-container\">\n\t\t\t\t\t\t\t\t\t<p>Die vier beweglichen Gelenke und eine Reichweite von sechs Metern erm\u00f6glichen ein komfortables Arbeiten von einem sicheren Standort aus. Der Saugschlauch wird vom Deckel bis zur Saugkrone fest gef\u00fchrt und kann dadurch genauestens an der Saugstelle positioniert werden. Der voll hydraulisch gef\u00fchrte Gelenkschlauchtr\u00e4ger ist die optimale L\u00f6sung f\u00fcr problemloses Arbeiten ohne Verl\u00e4ngerungen bei Distanzen zwischen 0 und 6 Metern. Mit einem Schwenkbereich von 180\u00b0 wurde der RSP Gelenkschlauchtr\u00e4ger speziell auf die Baustellenverh\u00e4ltnisse angepasst. So kann die Maschine auch bei geringem Platzangebot sicher arbeiten. Die RSP Saugschl\u00e4uche wurden eigens f\u00fcr die hohe Belastung entwickelt. Sie bieten genug Flexibilit\u00e4t im t\u00e4glichen Einsatz und der gro\u00dfz\u00fcgige Schlauchdurchmesser von 250 mm erlaubt das effektive Saugen von grobem und schwerem Sauggut.<\/p>\t\t\t\t\t\t\t\t<\/div>\n\t\t\t\t<\/div>\n\t\t\t\t<\/div>\n\t\t\t\t\t<\/div>\n\t\t\t\t<\/div>\n\t\t<div class=\"elementor-element elementor-element-029dd72 e-flex e-con-boxed e-con e-parent\" data-id=\"029dd72\" data-element_type=\"container\" data-e-type=\"container\">\n\t\t\t\t\t<div class=\"e-con-inner\">\n\t\t<div class=\"elementor-element elementor-element-fc4185f e-con-full e-flex elementor-invisible e-con e-child\" data-id=\"fc4185f\" data-element_type=\"container\" data-e-type=\"container\" data-settings=\"{&quot;animation&quot;:&quot;fadeInLeft&quot;}\">\n\t\t\t\t<div class=\"elementor-element elementor-element-52c810e elementor-widget elementor-widget-heading\" data-id=\"52c810e\" data-element_type=\"widget\" data-e-type=\"widget\" data-widget_type=\"heading.default\">\n\t\t\t\t<div class=\"elementor-widget-container\">\n\t\t\t\t\t<h2 class=\"elementor-heading-title elementor-size-default\">DER NEUE GELENKSCHLAUCHTR\u00c4GER DES ESE 8<\/h2>\t\t\t\t<\/div>\n\t\t\t\t<\/div>\n\t\t\t\t<div class=\"elementor-element elementor-element-cbcb5b2 elementor-widget elementor-widget-text-editor\" data-id=\"cbcb5b2\" data-element_type=\"widget\" data-e-type=\"widget\" data-widget_type=\"text-editor.default\">\n\t\t\t\t<div class=\"elementor-widget-container\">\n\t\t\t\t\t\t\t\t\t<p>Um den Arbeitsbereich zu vergr\u00f6\u00dfern, aber trotzdem flexibel zu halten, hat er ein Gelenk mehr und ist mittig am Heck der Maschine verbaut. Damit hat sich der Arbeitsbereich um 20 % vergr\u00f6\u00dfert und ist erstmals an einem Saugbagger symmetrisch. RSP Smart Control erm\u00f6glicht per Knopfdruck eine automatische Positionierung des Gelenkschlauchtr\u00e4gers in Arbeits- oder Transportstellung mit noch nie dagewesener Pr\u00e4szision.<\/p><p>Bei horizontalen und vertikalen Bewegungen wird die Position des letzten Auslegergliedes in der jeweiligen Achse durch automatisches Nachregeln der anderen Glieder konstant gehalten. Das Arbeiten ist so noch sicherer und komfortabler geworden.<\/p>\t\t\t\t\t\t\t\t<\/div>\n\t\t\t\t<\/div>\n\t\t\t\t<\/div>\n\t\t\t\t<div class=\"elementor-element elementor-element-6d6af3a elementor-widget__width-initial elementor-invisible elementor-widget elementor-widget-image\" data-id=\"6d6af3a\" data-element_type=\"widget\" data-e-type=\"widget\" data-settings=\"{&quot;_animation&quot;:&quot;fadeInRight&quot;}\" data-widget_type=\"image.default\">\n\t\t\t\t<div class=\"elementor-widget-container\">\n\t\t\t\t\t\t\t\t\t\t\t\t\t\t\t<img loading=\"lazy\" decoding=\"async\" width=\"800\" height=\"600\" src=\"https:\/\/www.rsp.com\/wp-content\/uploads\/2025\/03\/Gelenkschlauchtraeger_800x600-2.png\" class=\"attachment-large size-large wp-image-1610\" alt=\"\" \/>\t\t\t\t\t\t\t\t\t\t\t\t\t\t\t<\/div>\n\t\t\t\t<\/div>\n\t\t\t\t\t<\/div>\n\t\t\t\t<\/div>\n\t\t<div class=\"elementor-element elementor-element-80f87d4 e-flex e-con-boxed e-con e-parent\" data-id=\"80f87d4\" data-element_type=\"container\" data-e-type=\"container\">\n\t\t\t\t\t<div class=\"e-con-inner\">\n\t\t\t\t<div class=\"elementor-element elementor-element-c88ce0e elementor-widget__width-initial elementor-invisible elementor-widget elementor-widget-image\" data-id=\"c88ce0e\" data-element_type=\"widget\" data-e-type=\"widget\" data-settings=\"{&quot;_animation&quot;:&quot;fadeInLeft&quot;,&quot;_animation_mobile&quot;:&quot;fadeInRight&quot;}\" data-widget_type=\"image.default\">\n\t\t\t\t<div class=\"elementor-widget-container\">\n\t\t\t\t\t\t\t\t\t\t\t\t\t\t\t<img loading=\"lazy\" decoding=\"async\" width=\"800\" height=\"600\" src=\"https:\/\/www.rsp.com\/wp-content\/uploads\/2025\/03\/Teleskopschlauchtraeger_800x600-1.jpg\" class=\"attachment-large size-large wp-image-1616\" alt=\"\" srcset=\"https:\/\/www.rsp.com\/wp-content\/uploads\/2025\/03\/Teleskopschlauchtraeger_800x600-1.jpg 800w, https:\/\/www.rsp.com\/wp-content\/uploads\/2025\/03\/Teleskopschlauchtraeger_800x600-1-300x225.jpg 300w, https:\/\/www.rsp.com\/wp-content\/uploads\/2025\/03\/Teleskopschlauchtraeger_800x600-1-768x576.jpg 768w\" sizes=\"auto, (max-width: 800px) 100vw, 800px\" \/>\t\t\t\t\t\t\t\t\t\t\t\t\t\t\t<\/div>\n\t\t\t\t<\/div>\n\t\t<div class=\"elementor-element elementor-element-286fddc e-con-full e-flex elementor-invisible e-con e-child\" data-id=\"286fddc\" data-element_type=\"container\" data-e-type=\"container\" data-settings=\"{&quot;animation&quot;:&quot;fadeInRight&quot;,&quot;animation_mobile&quot;:&quot;fadeInLeft&quot;}\">\n\t\t\t\t<div class=\"elementor-element elementor-element-c4537b4 elementor-widget elementor-widget-heading\" data-id=\"c4537b4\" data-element_type=\"widget\" data-e-type=\"widget\" data-widget_type=\"heading.default\">\n\t\t\t\t<div class=\"elementor-widget-container\">\n\t\t\t\t\t<h2 class=\"elementor-heading-title elementor-size-default\">TELESKOPSCHLAUCHTR\u00c4GER IN VERSCHIEDENEN AUSF\u00dcHRUNGEN<\/h2>\t\t\t\t<\/div>\n\t\t\t\t<\/div>\n\t\t\t\t<div class=\"elementor-element elementor-element-d730fd8 elementor-widget elementor-widget-text-editor\" data-id=\"d730fd8\" data-element_type=\"widget\" data-e-type=\"widget\" data-widget_type=\"text-editor.default\">\n\t\t\t\t<div class=\"elementor-widget-container\">\n\t\t\t\t\t\t\t\t\t<p>Der an der R\u00fcckseite des Saugaufbaus angeflanschte Teleskopausleger hat eine Reichweite von 3,50 m. Er kann hydraulisch in drei Ebenen bewegt werden. \u00dcber zwei, am Ende des Teleskops angebrachte Stahlr\u00e4der wird der Saugschlauch in die Vertikale umgelenkt. Ein Fangb\u00fcgel sichert den Saugschlauch w\u00e4hrend des Absaugens. Der Teleskopausleger wird in Transportstellung in einer Sicherungsgabel abgelegt und der Saugschlauch \u00fcber ein Seil gesichert. \u00c4hnlich funktioniert die Verwendung des Telekopauslegers am ESE 1, siehe Abbildung.<\/p>\t\t\t\t\t\t\t\t<\/div>\n\t\t\t\t<\/div>\n\t\t\t\t<\/div>\n\t\t\t\t\t<\/div>\n\t\t\t\t<\/div>\n\t\t\t\t<\/div>\n\t\t","protected":false},"excerpt":{"rendered":"<p>Der Gelenkschlauchtr\u00e4ger EGAL WO SIE SAUGEN, PERFEKT AN DIE ANFORDERUNGEN ANGEPASST. Die RSP Schlauchtr\u00e4ger mit zus\u00e4tzlichen Erweiterungsm\u00f6glichkeiten sind mit dem RSP Schellensystem ausger\u00fcstet. Durch die Kompatibilit\u00e4t mit verschiedenen Zubeh\u00f6rteilen sind die unterschiedlichsten Saugaufgaben durchf\u00fchrbar. DER OPTIMALE ARBEITSBEREICH Die vier beweglichen Gelenke und eine Reichweite von sechs Metern erm\u00f6glichen ein komfortables Arbeiten von einem sicheren Standort [&hellip;]<\/p>\n","protected":false},"author":1,"featured_media":0,"parent":1232,"menu_order":0,"comment_status":"closed","ping_status":"closed","template":"","meta":{"_acf_changed":false,"footnotes":""},"class_list":["post-1602","page","type-page","status-publish","hentry"],"acf":[],"yoast_head":"<!-- This site is optimized with the Yoast SEO Premium plugin v26.9 (Yoast SEO v27.4) - https:\/\/yoast.com\/product\/yoast-seo-premium-wordpress\/ -->\n<title>Der Gelenkschlauchtr\u00e4ger vergr\u00f6\u00dferte den Arbeitsbereich eines Saugbaggers - RSP<\/title>\n<meta name=\"robots\" content=\"index, follow, max-snippet:-1, max-image-preview:large, max-video-preview:-1\" \/>\n<link rel=\"canonical\" href=\"https:\/\/www.rsp.com\/de\/technologie\/der-gelenkschlauchtraeger-vergroesserte-den-arbeitsbereich-eines-saugbaggers\/\" \/>\n<meta property=\"og:locale\" content=\"de_DE\" \/>\n<meta property=\"og:type\" content=\"article\" \/>\n<meta property=\"og:title\" content=\"Der Gelenkschlauchtr\u00e4ger vergr\u00f6\u00dferte den Arbeitsbereich eines Saugbaggers\" \/>\n<meta property=\"og:description\" content=\"Der Gelenkschlauchtr\u00e4ger EGAL WO SIE SAUGEN, PERFEKT AN DIE ANFORDERUNGEN ANGEPASST. Die RSP Schlauchtr\u00e4ger mit zus\u00e4tzlichen Erweiterungsm\u00f6glichkeiten sind mit dem RSP Schellensystem ausger\u00fcstet. Durch die Kompatibilit\u00e4t mit verschiedenen Zubeh\u00f6rteilen sind die unterschiedlichsten Saugaufgaben durchf\u00fchrbar. DER OPTIMALE ARBEITSBEREICH Die vier beweglichen Gelenke und eine Reichweite von sechs Metern erm\u00f6glichen ein komfortables Arbeiten von einem sicheren Standort [&hellip;]\" \/>\n<meta property=\"og:url\" content=\"https:\/\/www.rsp.com\/de\/technologie\/der-gelenkschlauchtraeger-vergroesserte-den-arbeitsbereich-eines-saugbaggers\/\" \/>\n<meta property=\"og:site_name\" content=\"RSP\" \/>\n<meta property=\"article:publisher\" content=\"http:\/\/www.facebook.com\/saugbagger\" \/>\n<meta property=\"article:modified_time\" content=\"2025-04-11T13:20:23+00:00\" \/>\n<meta property=\"og:image\" content=\"https:\/\/www.rsp.com\/wp-content\/uploads\/2025\/03\/Saugschlauch_800x600-1.jpg\" \/>\n<meta name=\"twitter:card\" content=\"summary_large_image\" \/>\n<meta name=\"twitter:label1\" content=\"Gesch\u00e4tzte Lesezeit\" \/>\n\t<meta name=\"twitter:data1\" content=\"3 Minuten\" \/>\n<script type=\"application\/ld+json\" class=\"yoast-schema-graph\">{\"@context\":\"https:\\\/\\\/schema.org\",\"@graph\":[{\"@type\":\"WebPage\",\"@id\":\"https:\\\/\\\/www.rsp.com\\\/de\\\/technologie\\\/der-gelenkschlauchtraeger-vergroesserte-den-arbeitsbereich-eines-saugbaggers\\\/\",\"url\":\"https:\\\/\\\/www.rsp.com\\\/de\\\/technologie\\\/der-gelenkschlauchtraeger-vergroesserte-den-arbeitsbereich-eines-saugbaggers\\\/\",\"name\":\"Der Gelenkschlauchtr\u00e4ger vergr\u00f6\u00dferte den Arbeitsbereich eines Saugbaggers - RSP\",\"isPartOf\":{\"@id\":\"https:\\\/\\\/www.rsp.com\\\/de\\\/#website\"},\"primaryImageOfPage\":{\"@id\":\"https:\\\/\\\/www.rsp.com\\\/de\\\/technologie\\\/der-gelenkschlauchtraeger-vergroesserte-den-arbeitsbereich-eines-saugbaggers\\\/#primaryimage\"},\"image\":{\"@id\":\"https:\\\/\\\/www.rsp.com\\\/de\\\/technologie\\\/der-gelenkschlauchtraeger-vergroesserte-den-arbeitsbereich-eines-saugbaggers\\\/#primaryimage\"},\"thumbnailUrl\":\"https:\\\/\\\/www.rsp.com\\\/wp-content\\\/uploads\\\/2025\\\/03\\\/Saugschlauch_800x600-1.jpg\",\"datePublished\":\"2025-03-17T14:16:47+00:00\",\"dateModified\":\"2025-04-11T13:20:23+00:00\",\"breadcrumb\":{\"@id\":\"https:\\\/\\\/www.rsp.com\\\/de\\\/technologie\\\/der-gelenkschlauchtraeger-vergroesserte-den-arbeitsbereich-eines-saugbaggers\\\/#breadcrumb\"},\"inLanguage\":\"de\",\"potentialAction\":[{\"@type\":\"ReadAction\",\"target\":[\"https:\\\/\\\/www.rsp.com\\\/de\\\/technologie\\\/der-gelenkschlauchtraeger-vergroesserte-den-arbeitsbereich-eines-saugbaggers\\\/\"]}]},{\"@type\":\"ImageObject\",\"inLanguage\":\"de\",\"@id\":\"https:\\\/\\\/www.rsp.com\\\/de\\\/technologie\\\/der-gelenkschlauchtraeger-vergroesserte-den-arbeitsbereich-eines-saugbaggers\\\/#primaryimage\",\"url\":\"https:\\\/\\\/www.rsp.com\\\/wp-content\\\/uploads\\\/2025\\\/03\\\/Saugschlauch_800x600-1.jpg\",\"contentUrl\":\"https:\\\/\\\/www.rsp.com\\\/wp-content\\\/uploads\\\/2025\\\/03\\\/Saugschlauch_800x600-1.jpg\"},{\"@type\":\"BreadcrumbList\",\"@id\":\"https:\\\/\\\/www.rsp.com\\\/de\\\/technologie\\\/der-gelenkschlauchtraeger-vergroesserte-den-arbeitsbereich-eines-saugbaggers\\\/#breadcrumb\",\"itemListElement\":[{\"@type\":\"ListItem\",\"position\":1,\"name\":\"Startseite\",\"item\":\"https:\\\/\\\/www.rsp.com\\\/de\\\/\"},{\"@type\":\"ListItem\",\"position\":2,\"name\":\"Technologie\",\"item\":\"https:\\\/\\\/www.rsp.com\\\/de\\\/technologie\\\/\"},{\"@type\":\"ListItem\",\"position\":3,\"name\":\"Der Gelenkschlauchtr\u00e4ger vergr\u00f6\u00dferte den Arbeitsbereich eines Saugbaggers\"}]},{\"@type\":\"WebSite\",\"@id\":\"https:\\\/\\\/www.rsp.com\\\/de\\\/#website\",\"url\":\"https:\\\/\\\/www.rsp.com\\\/de\\\/\",\"name\":\"RSP Saugbagger - Innovate work\",\"description\":\"Innovate Work\",\"publisher\":{\"@id\":\"https:\\\/\\\/www.rsp.com\\\/de\\\/#organization\"},\"potentialAction\":[{\"@type\":\"SearchAction\",\"target\":{\"@type\":\"EntryPoint\",\"urlTemplate\":\"https:\\\/\\\/www.rsp.com\\\/de\\\/?s={search_term_string}\"},\"query-input\":{\"@type\":\"PropertyValueSpecification\",\"valueRequired\":true,\"valueName\":\"search_term_string\"}}],\"inLanguage\":\"de\"},{\"@type\":\"Organization\",\"@id\":\"https:\\\/\\\/www.rsp.com\\\/de\\\/#organization\",\"name\":\"RSP GmbH & Co. KG\",\"alternateName\":\"RSP\",\"url\":\"https:\\\/\\\/www.rsp.com\\\/de\\\/\",\"logo\":{\"@type\":\"ImageObject\",\"inLanguage\":\"de\",\"@id\":\"https:\\\/\\\/www.rsp.com\\\/de\\\/#\\\/schema\\\/logo\\\/image\\\/\",\"url\":\"https:\\\/\\\/www.rsp.com\\\/wp-content\\\/uploads\\\/2025\\\/03\\\/RSP_Logo-cross_Color-pos_sRGB.svg\",\"contentUrl\":\"https:\\\/\\\/www.rsp.com\\\/wp-content\\\/uploads\\\/2025\\\/03\\\/RSP_Logo-cross_Color-pos_sRGB.svg\",\"width\":82,\"height\":82,\"caption\":\"RSP GmbH & Co. KG\"},\"image\":{\"@id\":\"https:\\\/\\\/www.rsp.com\\\/de\\\/#\\\/schema\\\/logo\\\/image\\\/\"},\"sameAs\":[\"http:\\\/\\\/www.facebook.com\\\/saugbagger\",\"https:\\\/\\\/www.instagram.com\\\/suctionexcavator\",\"https:\\\/\\\/www.linkedin.com\\\/company\\\/reschwitzer-saugbagger-produktions-gmbh-rsp-gmbh-\\\/\",\"http:\\\/\\\/www.youtube.com\\\/user\\\/RSPSuctionExcavator\"],\"description\":\"Die RSP GmbH & Co. KG ist f\u00fchrender Hersteller von Saugbaggern und Spezialfahrzeugen f\u00fcr den Einsatz in der Bau-, Versorgungs- und Kommunalwirtschaft. Mit \u00fcber 30 Jahren Erfahrung, einem internationalen Vertriebsnetz und innovativer Technologie bietet RSP leistungsstarke L\u00f6sungen f\u00fcr sicheres und effizientes Arbeiten \u2013 Made in Germany.\",\"email\":\"info@rsp-germany.com\",\"telephone\":\"+49367157210\",\"legalName\":\"RSP GmbH & Co. KG\",\"foundingDate\":\"1993-04-01\",\"vatID\":\"DE158276339\",\"numberOfEmployees\":{\"@type\":\"QuantitativeValue\",\"minValue\":\"501\",\"maxValue\":\"1000\"}}]}<\/script>\n<!-- \/ Yoast SEO Premium plugin. -->","yoast_head_json":{"title":"Der Gelenkschlauchtr\u00e4ger vergr\u00f6\u00dferte den Arbeitsbereich eines Saugbaggers - RSP","robots":{"index":"index","follow":"follow","max-snippet":"max-snippet:-1","max-image-preview":"max-image-preview:large","max-video-preview":"max-video-preview:-1"},"canonical":"https:\/\/www.rsp.com\/de\/technologie\/der-gelenkschlauchtraeger-vergroesserte-den-arbeitsbereich-eines-saugbaggers\/","og_locale":"de_DE","og_type":"article","og_title":"Der Gelenkschlauchtr\u00e4ger vergr\u00f6\u00dferte den Arbeitsbereich eines Saugbaggers","og_description":"Der Gelenkschlauchtr\u00e4ger EGAL WO SIE SAUGEN, PERFEKT AN DIE ANFORDERUNGEN ANGEPASST. Die RSP Schlauchtr\u00e4ger mit zus\u00e4tzlichen Erweiterungsm\u00f6glichkeiten sind mit dem RSP Schellensystem ausger\u00fcstet. Durch die Kompatibilit\u00e4t mit verschiedenen Zubeh\u00f6rteilen sind die unterschiedlichsten Saugaufgaben durchf\u00fchrbar. DER OPTIMALE ARBEITSBEREICH Die vier beweglichen Gelenke und eine Reichweite von sechs Metern erm\u00f6glichen ein komfortables Arbeiten von einem sicheren Standort [&hellip;]","og_url":"https:\/\/www.rsp.com\/de\/technologie\/der-gelenkschlauchtraeger-vergroesserte-den-arbeitsbereich-eines-saugbaggers\/","og_site_name":"RSP","article_publisher":"http:\/\/www.facebook.com\/saugbagger","article_modified_time":"2025-04-11T13:20:23+00:00","og_image":[{"url":"https:\/\/www.rsp.com\/wp-content\/uploads\/2025\/03\/Saugschlauch_800x600-1.jpg","type":"","width":"","height":""}],"twitter_card":"summary_large_image","twitter_misc":{"Gesch\u00e4tzte Lesezeit":"3 Minuten"},"schema":{"@context":"https:\/\/schema.org","@graph":[{"@type":"WebPage","@id":"https:\/\/www.rsp.com\/de\/technologie\/der-gelenkschlauchtraeger-vergroesserte-den-arbeitsbereich-eines-saugbaggers\/","url":"https:\/\/www.rsp.com\/de\/technologie\/der-gelenkschlauchtraeger-vergroesserte-den-arbeitsbereich-eines-saugbaggers\/","name":"Der Gelenkschlauchtr\u00e4ger vergr\u00f6\u00dferte den Arbeitsbereich eines Saugbaggers - RSP","isPartOf":{"@id":"https:\/\/www.rsp.com\/de\/#website"},"primaryImageOfPage":{"@id":"https:\/\/www.rsp.com\/de\/technologie\/der-gelenkschlauchtraeger-vergroesserte-den-arbeitsbereich-eines-saugbaggers\/#primaryimage"},"image":{"@id":"https:\/\/www.rsp.com\/de\/technologie\/der-gelenkschlauchtraeger-vergroesserte-den-arbeitsbereich-eines-saugbaggers\/#primaryimage"},"thumbnailUrl":"https:\/\/www.rsp.com\/wp-content\/uploads\/2025\/03\/Saugschlauch_800x600-1.jpg","datePublished":"2025-03-17T14:16:47+00:00","dateModified":"2025-04-11T13:20:23+00:00","breadcrumb":{"@id":"https:\/\/www.rsp.com\/de\/technologie\/der-gelenkschlauchtraeger-vergroesserte-den-arbeitsbereich-eines-saugbaggers\/#breadcrumb"},"inLanguage":"de","potentialAction":[{"@type":"ReadAction","target":["https:\/\/www.rsp.com\/de\/technologie\/der-gelenkschlauchtraeger-vergroesserte-den-arbeitsbereich-eines-saugbaggers\/"]}]},{"@type":"ImageObject","inLanguage":"de","@id":"https:\/\/www.rsp.com\/de\/technologie\/der-gelenkschlauchtraeger-vergroesserte-den-arbeitsbereich-eines-saugbaggers\/#primaryimage","url":"https:\/\/www.rsp.com\/wp-content\/uploads\/2025\/03\/Saugschlauch_800x600-1.jpg","contentUrl":"https:\/\/www.rsp.com\/wp-content\/uploads\/2025\/03\/Saugschlauch_800x600-1.jpg"},{"@type":"BreadcrumbList","@id":"https:\/\/www.rsp.com\/de\/technologie\/der-gelenkschlauchtraeger-vergroesserte-den-arbeitsbereich-eines-saugbaggers\/#breadcrumb","itemListElement":[{"@type":"ListItem","position":1,"name":"Startseite","item":"https:\/\/www.rsp.com\/de\/"},{"@type":"ListItem","position":2,"name":"Technologie","item":"https:\/\/www.rsp.com\/de\/technologie\/"},{"@type":"ListItem","position":3,"name":"Der Gelenkschlauchtr\u00e4ger vergr\u00f6\u00dferte den Arbeitsbereich eines Saugbaggers"}]},{"@type":"WebSite","@id":"https:\/\/www.rsp.com\/de\/#website","url":"https:\/\/www.rsp.com\/de\/","name":"RSP Saugbagger - Innovate work","description":"Innovate Work","publisher":{"@id":"https:\/\/www.rsp.com\/de\/#organization"},"potentialAction":[{"@type":"SearchAction","target":{"@type":"EntryPoint","urlTemplate":"https:\/\/www.rsp.com\/de\/?s={search_term_string}"},"query-input":{"@type":"PropertyValueSpecification","valueRequired":true,"valueName":"search_term_string"}}],"inLanguage":"de"},{"@type":"Organization","@id":"https:\/\/www.rsp.com\/de\/#organization","name":"RSP GmbH & Co. KG","alternateName":"RSP","url":"https:\/\/www.rsp.com\/de\/","logo":{"@type":"ImageObject","inLanguage":"de","@id":"https:\/\/www.rsp.com\/de\/#\/schema\/logo\/image\/","url":"https:\/\/www.rsp.com\/wp-content\/uploads\/2025\/03\/RSP_Logo-cross_Color-pos_sRGB.svg","contentUrl":"https:\/\/www.rsp.com\/wp-content\/uploads\/2025\/03\/RSP_Logo-cross_Color-pos_sRGB.svg","width":82,"height":82,"caption":"RSP GmbH & Co. KG"},"image":{"@id":"https:\/\/www.rsp.com\/de\/#\/schema\/logo\/image\/"},"sameAs":["http:\/\/www.facebook.com\/saugbagger","https:\/\/www.instagram.com\/suctionexcavator","https:\/\/www.linkedin.com\/company\/reschwitzer-saugbagger-produktions-gmbh-rsp-gmbh-\/","http:\/\/www.youtube.com\/user\/RSPSuctionExcavator"],"description":"Die RSP GmbH & Co. KG ist f\u00fchrender Hersteller von Saugbaggern und Spezialfahrzeugen f\u00fcr den Einsatz in der Bau-, Versorgungs- und Kommunalwirtschaft. Mit \u00fcber 30 Jahren Erfahrung, einem internationalen Vertriebsnetz und innovativer Technologie bietet RSP leistungsstarke L\u00f6sungen f\u00fcr sicheres und effizientes Arbeiten \u2013 Made in Germany.","email":"info@rsp-germany.com","telephone":"+49367157210","legalName":"RSP GmbH & Co. KG","foundingDate":"1993-04-01","vatID":"DE158276339","numberOfEmployees":{"@type":"QuantitativeValue","minValue":"501","maxValue":"1000"}}]}},"_links":{"self":[{"href":"https:\/\/www.rsp.com\/de\/wp-json\/wp\/v2\/pages\/1602","targetHints":{"allow":["GET"]}}],"collection":[{"href":"https:\/\/www.rsp.com\/de\/wp-json\/wp\/v2\/pages"}],"about":[{"href":"https:\/\/www.rsp.com\/de\/wp-json\/wp\/v2\/types\/page"}],"author":[{"embeddable":true,"href":"https:\/\/www.rsp.com\/de\/wp-json\/wp\/v2\/users\/1"}],"replies":[{"embeddable":true,"href":"https:\/\/www.rsp.com\/de\/wp-json\/wp\/v2\/comments?post=1602"}],"version-history":[{"count":0,"href":"https:\/\/www.rsp.com\/de\/wp-json\/wp\/v2\/pages\/1602\/revisions"}],"up":[{"embeddable":true,"href":"https:\/\/www.rsp.com\/de\/wp-json\/wp\/v2\/pages\/1232"}],"wp:attachment":[{"href":"https:\/\/www.rsp.com\/de\/wp-json\/wp\/v2\/media?parent=1602"}],"curies":[{"name":"wp","href":"https:\/\/api.w.org\/{rel}","templated":true}]}}