{"id":1641,"date":"2025-03-17T14:36:34","date_gmt":"2025-03-17T14:36:34","guid":{"rendered":"https:\/\/rspcom-e1aklfz9e9.live-website.com\/?page_id=1641"},"modified":"2025-04-11T13:13:08","modified_gmt":"2025-04-11T13:13:08","slug":"materialbehaelter","status":"publish","type":"page","link":"https:\/\/www.rsp.com\/de\/technologie\/materialbehaelter\/","title":{"rendered":"Materialbeh\u00e4lter"},"content":{"rendered":"\t\t<div data-elementor-type=\"wp-page\" data-elementor-id=\"1641\" class=\"elementor elementor-1641\" data-elementor-post-type=\"page\">\n\t\t\t\t<div class=\"elementor-element elementor-element-05bebc8 e-flex e-con-boxed e-con e-parent\" data-id=\"05bebc8\" data-element_type=\"container\" data-e-type=\"container\">\n\t\t\t\t\t<div class=\"e-con-inner\">\n\t\t\t\t<div class=\"elementor-element elementor-element-4664f63 elementor-widget elementor-widget-heading\" data-id=\"4664f63\" data-element_type=\"widget\" data-e-type=\"widget\" data-widget_type=\"heading.default\">\n\t\t\t\t<div class=\"elementor-widget-container\">\n\t\t\t\t\t<h1 class=\"elementor-heading-title elementor-size-default\">Der Materialbeh\u00e4lter<\/h1>\t\t\t\t<\/div>\n\t\t\t\t<\/div>\n\t\t\t\t\t<\/div>\n\t\t\t\t<\/div>\n\t\t<div class=\"elementor-element elementor-element-d09da03 e-flex e-con-boxed e-con e-parent\" data-id=\"d09da03\" data-element_type=\"container\" data-e-type=\"container\">\n\t\t\t\t\t<div class=\"e-con-inner\">\n\t\t\t\t<div class=\"elementor-element elementor-element-2c86c62 elementor-widget__width-initial elementor-invisible elementor-widget elementor-widget-image\" data-id=\"2c86c62\" data-element_type=\"widget\" data-e-type=\"widget\" data-settings=\"{&quot;_animation&quot;:&quot;fadeInLeft&quot;}\" data-widget_type=\"image.default\">\n\t\t\t\t<div class=\"elementor-widget-container\">\n\t\t\t\t\t\t\t\t\t\t\t\t\t\t\t<img loading=\"lazy\" decoding=\"async\" width=\"800\" height=\"600\" src=\"https:\/\/www.rsp.com\/wp-content\/uploads\/2025\/03\/Behaelter_800x600.jpg\" class=\"attachment-large size-large wp-image-1652\" alt=\"\" \/>\t\t\t\t\t\t\t\t\t\t\t\t\t\t\t<\/div>\n\t\t\t\t<\/div>\n\t\t<div class=\"elementor-element elementor-element-829ee46 e-con-full e-flex elementor-invisible e-con e-child\" data-id=\"829ee46\" data-element_type=\"container\" data-e-type=\"container\" data-settings=\"{&quot;animation&quot;:&quot;fadeInRight&quot;}\">\n\t\t\t\t<div class=\"elementor-element elementor-element-d46b364 elementor-widget elementor-widget-heading\" data-id=\"d46b364\" data-element_type=\"widget\" data-e-type=\"widget\" data-widget_type=\"heading.default\">\n\t\t\t\t<div class=\"elementor-widget-container\">\n\t\t\t\t\t<h2 class=\"elementor-heading-title elementor-size-default\">PATENTIERTE ABSCHEIDETECHNOLOGIE<\/h2>\t\t\t\t<\/div>\n\t\t\t\t<\/div>\n\t\t\t\t<div class=\"elementor-element elementor-element-83b6316 elementor-widget elementor-widget-text-editor\" data-id=\"83b6316\" data-element_type=\"widget\" data-e-type=\"widget\" data-widget_type=\"text-editor.default\">\n\t\t\t\t<div class=\"elementor-widget-container\">\n\t\t\t\t\t\t\t\t\t<p>Mit insgesamt vier Beh\u00e4ltergr\u00f6\u00dfen und der Option, diese mit Edelstahlverschlei\u00dfblechen auszustatten, hat man die perfekten Voraussetzungen, um seinen Job wirklich gut zu machen. Die Beh\u00e4ltergr\u00f6\u00dfe 4 m\u00b3 ist speziell f\u00fcr Zweiachsfahrzeuge mit einer Gesamtbreite von 2,30 m entwickelt. Diese kompakte Gr\u00f6\u00dfe und die Kippachsenh\u00f6he von 2,10 m erm\u00f6glichen eine Beh\u00e4lterentleerung auf kleinere Transportfahrzeuge. Der 6 m\u00b3 Beh\u00e4lter eignet sich besonders f\u00fcr Fahrzeugchassis mit kurzem Radstand. Mehr Ladevolumen und somit effektiveres Arbeiten bietet der 8 m\u00b3 Beh\u00e4lter. Er hat die optimale Gr\u00f6\u00dfe f\u00fcr alle 3- und 4-Achsfahrgestelle. Dieser wird am h\u00e4ufigsten bei Saugarbeiten im Tiefbau eingesetzt. F\u00fcr ganz besondere Saugaufgaben zum Beispiel in Industrieanlagen, die ein gro\u00dfes Beh\u00e4ltervolumen erfordern, ist der 10 m\u00b3 Beh\u00e4lter ausgelegt.<\/p>\t\t\t\t\t\t\t\t<\/div>\n\t\t\t\t<\/div>\n\t\t\t\t<\/div>\n\t\t\t\t\t<\/div>\n\t\t\t\t<\/div>\n\t\t<div class=\"elementor-element elementor-element-de832c7 e-flex e-con-boxed e-con e-parent\" data-id=\"de832c7\" data-element_type=\"container\" data-e-type=\"container\">\n\t\t\t\t\t<div class=\"e-con-inner\">\n\t\t<div class=\"elementor-element elementor-element-9b7baf8 e-con-full e-flex elementor-invisible e-con e-child\" data-id=\"9b7baf8\" data-element_type=\"container\" data-e-type=\"container\" data-settings=\"{&quot;animation&quot;:&quot;fadeInLeft&quot;}\">\n\t\t\t\t<div class=\"elementor-element elementor-element-677d68d elementor-widget elementor-widget-heading\" data-id=\"677d68d\" data-element_type=\"widget\" data-e-type=\"widget\" data-widget_type=\"heading.default\">\n\t\t\t\t<div class=\"elementor-widget-container\">\n\t\t\t\t\t<h2 class=\"elementor-heading-title elementor-size-default\">OPTIMIERTE LUFTF\u00dcHRUNG<\/h2>\t\t\t\t<\/div>\n\t\t\t\t<\/div>\n\t\t\t\t<div class=\"elementor-element elementor-element-1b76442 elementor-widget elementor-widget-text-editor\" data-id=\"1b76442\" data-element_type=\"widget\" data-e-type=\"widget\" data-widget_type=\"text-editor.default\">\n\t\t\t\t<div class=\"elementor-widget-container\">\n\t\t\t\t\t\t\t\t\t<p>Um den Saugaufbau in allen verf\u00fcgbaren Gr\u00f6\u00dfen leistungsf\u00e4higer zu machen, wurde die Ventilatorleistung maximiert und die Luftf\u00fchrung im Beh\u00e4lterinneren ver\u00e4ndert. Die neu konzipierte und patentierte Abscheidekammer sorgt f\u00fcr die optimale Vorabscheidung des Materials. Lange Luftwege zu den Feinfiltern bewirken eine Trocknung des Luftstromes. Mit Hilfe der hochwirksamen Feinfilter wird eine konstante und effektive Abluftreinigung erreicht. Die Feinfilterkammer wird automatisch beim Kippen entleert. Die standardm\u00e4\u00dfig verbaute Feinfilterreinigung gew\u00e4hrleistet eine optimale Reinigung der Feinfilter. Dies wirkt sich positiv auf die Lebensdauer der Filter sowie die Saugleistung der gesamten Maschine aus.<\/p>\t\t\t\t\t\t\t\t<\/div>\n\t\t\t\t<\/div>\n\t\t\t\t<div class=\"elementor-element elementor-element-53324f1 elementor-widget elementor-widget-heading\" data-id=\"53324f1\" data-element_type=\"widget\" data-e-type=\"widget\" data-widget_type=\"heading.default\">\n\t\t\t\t<div class=\"elementor-widget-container\">\n\t\t\t\t\t<h3 class=\"elementor-heading-title elementor-size-default\">DIE ST\u00c4RKEN IM \u00dcBERBLICK:<\/h3>\t\t\t\t<\/div>\n\t\t\t\t<\/div>\n\t\t\t\t<div class=\"elementor-element elementor-element-07771eb elementor-widget elementor-widget-text-editor\" data-id=\"07771eb\" data-element_type=\"widget\" data-e-type=\"widget\" data-widget_type=\"text-editor.default\">\n\t\t\t\t<div class=\"elementor-widget-container\">\n\t\t\t\t\t\t\t\t\t<ul><li>hochwertige, verwindungssteife Stahlkonstruktion<\/li><li>patentiertes Luftf\u00fchrungssystem<\/li><li>automatische Filterreinigung<\/li><li>variable Beh\u00e4ltergr\u00f6\u00dfen<\/li><li>weniger L\u00e4rmemission\u00a0<\/li><li>geringere Filterbelastung<\/li><\/ul>\t\t\t\t\t\t\t\t<\/div>\n\t\t\t\t<\/div>\n\t\t\t\t<\/div>\n\t\t\t\t<div class=\"elementor-element elementor-element-c6cdbe2 elementor-widget__width-initial elementor-invisible elementor-widget elementor-widget-image\" data-id=\"c6cdbe2\" data-element_type=\"widget\" data-e-type=\"widget\" data-settings=\"{&quot;_animation&quot;:&quot;fadeInRight&quot;}\" data-widget_type=\"image.default\">\n\t\t\t\t<div class=\"elementor-widget-container\">\n\t\t\t\t\t\t\t\t\t\t\t\t\t\t\t<img loading=\"lazy\" decoding=\"async\" width=\"800\" height=\"600\" src=\"https:\/\/www.rsp.com\/wp-content\/uploads\/2025\/03\/Saugaufbau_800x600.jpg\" class=\"attachment-large size-large wp-image-1646\" alt=\"\" srcset=\"https:\/\/www.rsp.com\/wp-content\/uploads\/2025\/03\/Saugaufbau_800x600.jpg 800w, https:\/\/www.rsp.com\/wp-content\/uploads\/2025\/03\/Saugaufbau_800x600-300x225.jpg 300w, https:\/\/www.rsp.com\/wp-content\/uploads\/2025\/03\/Saugaufbau_800x600-768x576.jpg 768w\" sizes=\"auto, (max-width: 800px) 100vw, 800px\" \/>\t\t\t\t\t\t\t\t\t\t\t\t\t\t\t<\/div>\n\t\t\t\t<\/div>\n\t\t\t\t\t<\/div>\n\t\t\t\t<\/div>\n\t\t<div class=\"elementor-element elementor-element-04a62fb e-flex e-con-boxed e-con e-parent\" data-id=\"04a62fb\" data-element_type=\"container\" data-e-type=\"container\">\n\t\t\t\t\t<div class=\"e-con-inner\">\n\t\t\t\t<div class=\"elementor-element elementor-element-4d4fdfd elementor-widget__width-initial elementor-invisible elementor-widget elementor-widget-image\" data-id=\"4d4fdfd\" data-element_type=\"widget\" data-e-type=\"widget\" data-settings=\"{&quot;_animation&quot;:&quot;fadeInLeft&quot;,&quot;_animation_mobile&quot;:&quot;fadeInRight&quot;}\" data-widget_type=\"image.default\">\n\t\t\t\t<div class=\"elementor-widget-container\">\n\t\t\t\t\t\t\t\t\t\t\t\t\t\t\t<img loading=\"lazy\" decoding=\"async\" width=\"800\" height=\"600\" src=\"https:\/\/www.rsp.com\/wp-content\/uploads\/2025\/03\/Filtersystem_800x600.jpg\" class=\"attachment-large size-large wp-image-1649\" alt=\"\" \/>\t\t\t\t\t\t\t\t\t\t\t\t\t\t\t<\/div>\n\t\t\t\t<\/div>\n\t\t<div class=\"elementor-element elementor-element-19811ab e-con-full e-flex elementor-invisible e-con e-child\" data-id=\"19811ab\" data-element_type=\"container\" data-e-type=\"container\" data-settings=\"{&quot;animation&quot;:&quot;fadeInRight&quot;,&quot;animation_mobile&quot;:&quot;fadeInLeft&quot;}\">\n\t\t\t\t<div class=\"elementor-element elementor-element-7cd46c8 elementor-widget elementor-widget-heading\" data-id=\"7cd46c8\" data-element_type=\"widget\" data-e-type=\"widget\" data-widget_type=\"heading.default\">\n\t\t\t\t<div class=\"elementor-widget-container\">\n\t\t\t\t\t<h2 class=\"elementor-heading-title elementor-size-default\">RSP FILTERSYSTEM<\/h2>\t\t\t\t<\/div>\n\t\t\t\t<\/div>\n\t\t\t\t<div class=\"elementor-element elementor-element-196e1e4 elementor-widget elementor-widget-text-editor\" data-id=\"196e1e4\" data-element_type=\"widget\" data-e-type=\"widget\" data-widget_type=\"text-editor.default\">\n\t\t\t\t<div class=\"elementor-widget-container\">\n\t\t\t\t\t\t\t\t\t<p>Die neue Filterbox ist einteilig und zum Ausklappen f\u00fcr den schnellen reihenweisen Austausch von einzelnen Filterpatronen oder der ganzen Box ausgelegt. Die Filterpatronen sind mechanisch gesichert und lassen sich einfach auswechseln. Zur Reduzierung von Materialanhaftungen ist die Filterbox jetzt ohne Filterkorb. Dies erm\u00f6glicht au\u00dferdem eine bessere Reinigung des Filtersystems.<\/p><p>Durch die optimierte Abscheidung kommt es zur Verbesserung\u00a0der Filteranstr\u00f6mung und geringeren Filterbelastung.\u00a0Die neue Filterbox ist zuluftseitig aus nichtrostendem Stahl gefertigt.<\/p>\t\t\t\t\t\t\t\t<\/div>\n\t\t\t\t<\/div>\n\t\t\t\t<\/div>\n\t\t\t\t\t<\/div>\n\t\t\t\t<\/div>\n\t\t\t\t<\/div>\n\t\t","protected":false},"excerpt":{"rendered":"<p>Der Materialbeh\u00e4lter PATENTIERTE ABSCHEIDETECHNOLOGIE Mit insgesamt vier Beh\u00e4ltergr\u00f6\u00dfen und der Option, diese mit Edelstahlverschlei\u00dfblechen auszustatten, hat man die perfekten Voraussetzungen, um seinen Job wirklich gut zu machen. Die Beh\u00e4ltergr\u00f6\u00dfe 4 m\u00b3 ist speziell f\u00fcr Zweiachsfahrzeuge mit einer Gesamtbreite von 2,30 m entwickelt. Diese kompakte Gr\u00f6\u00dfe und die Kippachsenh\u00f6he von 2,10 m erm\u00f6glichen eine Beh\u00e4lterentleerung auf [&hellip;]<\/p>\n","protected":false},"author":1,"featured_media":0,"parent":1232,"menu_order":0,"comment_status":"closed","ping_status":"closed","template":"","meta":{"_acf_changed":false,"footnotes":""},"class_list":["post-1641","page","type-page","status-publish","hentry"],"acf":[],"yoast_head":"<!-- This site is optimized with the Yoast SEO Premium plugin v26.9 (Yoast SEO v27.5) - https:\/\/yoast.com\/product\/yoast-seo-premium-wordpress\/ -->\n<title>Materialbeh\u00e4lter - RSP<\/title>\n<meta name=\"robots\" content=\"index, follow, max-snippet:-1, max-image-preview:large, max-video-preview:-1\" \/>\n<link rel=\"canonical\" href=\"https:\/\/www.rsp.com\/de\/technologie\/materialbehaelter\/\" \/>\n<meta property=\"og:locale\" content=\"de_DE\" \/>\n<meta property=\"og:type\" content=\"article\" \/>\n<meta property=\"og:title\" content=\"Materialbeh\u00e4lter\" \/>\n<meta property=\"og:description\" content=\"Der Materialbeh\u00e4lter PATENTIERTE ABSCHEIDETECHNOLOGIE Mit insgesamt vier Beh\u00e4ltergr\u00f6\u00dfen und der Option, diese mit Edelstahlverschlei\u00dfblechen auszustatten, hat man die perfekten Voraussetzungen, um seinen Job wirklich gut zu machen. Die Beh\u00e4ltergr\u00f6\u00dfe 4 m\u00b3 ist speziell f\u00fcr Zweiachsfahrzeuge mit einer Gesamtbreite von 2,30 m entwickelt. Diese kompakte Gr\u00f6\u00dfe und die Kippachsenh\u00f6he von 2,10 m erm\u00f6glichen eine Beh\u00e4lterentleerung auf [&hellip;]\" \/>\n<meta property=\"og:url\" content=\"https:\/\/www.rsp.com\/de\/technologie\/materialbehaelter\/\" \/>\n<meta property=\"og:site_name\" content=\"RSP\" \/>\n<meta property=\"article:publisher\" content=\"http:\/\/www.facebook.com\/saugbagger\" \/>\n<meta property=\"article:modified_time\" content=\"2025-04-11T13:13:08+00:00\" \/>\n<meta property=\"og:image\" content=\"https:\/\/www.rsp.com\/wp-content\/uploads\/2025\/03\/Behaelter_800x600.jpg\" \/>\n<meta name=\"twitter:card\" content=\"summary_large_image\" \/>\n<meta name=\"twitter:label1\" content=\"Gesch\u00e4tzte Lesezeit\" \/>\n\t<meta name=\"twitter:data1\" content=\"3 Minuten\" \/>\n<script type=\"application\/ld+json\" class=\"yoast-schema-graph\">{\"@context\":\"https:\\\/\\\/schema.org\",\"@graph\":[{\"@type\":\"WebPage\",\"@id\":\"https:\\\/\\\/www.rsp.com\\\/de\\\/technologie\\\/materialbehaelter\\\/\",\"url\":\"https:\\\/\\\/www.rsp.com\\\/de\\\/technologie\\\/materialbehaelter\\\/\",\"name\":\"Materialbeh\u00e4lter - RSP\",\"isPartOf\":{\"@id\":\"https:\\\/\\\/www.rsp.com\\\/de\\\/#website\"},\"primaryImageOfPage\":{\"@id\":\"https:\\\/\\\/www.rsp.com\\\/de\\\/technologie\\\/materialbehaelter\\\/#primaryimage\"},\"image\":{\"@id\":\"https:\\\/\\\/www.rsp.com\\\/de\\\/technologie\\\/materialbehaelter\\\/#primaryimage\"},\"thumbnailUrl\":\"https:\\\/\\\/www.rsp.com\\\/wp-content\\\/uploads\\\/2025\\\/03\\\/Behaelter_800x600.jpg\",\"datePublished\":\"2025-03-17T14:36:34+00:00\",\"dateModified\":\"2025-04-11T13:13:08+00:00\",\"breadcrumb\":{\"@id\":\"https:\\\/\\\/www.rsp.com\\\/de\\\/technologie\\\/materialbehaelter\\\/#breadcrumb\"},\"inLanguage\":\"de\",\"potentialAction\":[{\"@type\":\"ReadAction\",\"target\":[\"https:\\\/\\\/www.rsp.com\\\/de\\\/technologie\\\/materialbehaelter\\\/\"]}]},{\"@type\":\"ImageObject\",\"inLanguage\":\"de\",\"@id\":\"https:\\\/\\\/www.rsp.com\\\/de\\\/technologie\\\/materialbehaelter\\\/#primaryimage\",\"url\":\"https:\\\/\\\/www.rsp.com\\\/wp-content\\\/uploads\\\/2025\\\/03\\\/Behaelter_800x600.jpg\",\"contentUrl\":\"https:\\\/\\\/www.rsp.com\\\/wp-content\\\/uploads\\\/2025\\\/03\\\/Behaelter_800x600.jpg\"},{\"@type\":\"BreadcrumbList\",\"@id\":\"https:\\\/\\\/www.rsp.com\\\/de\\\/technologie\\\/materialbehaelter\\\/#breadcrumb\",\"itemListElement\":[{\"@type\":\"ListItem\",\"position\":1,\"name\":\"Startseite\",\"item\":\"https:\\\/\\\/www.rsp.com\\\/de\\\/\"},{\"@type\":\"ListItem\",\"position\":2,\"name\":\"Technologie\",\"item\":\"https:\\\/\\\/www.rsp.com\\\/de\\\/technologie\\\/\"},{\"@type\":\"ListItem\",\"position\":3,\"name\":\"Materialbeh\u00e4lter\"}]},{\"@type\":\"WebSite\",\"@id\":\"https:\\\/\\\/www.rsp.com\\\/de\\\/#website\",\"url\":\"https:\\\/\\\/www.rsp.com\\\/de\\\/\",\"name\":\"RSP Saugbagger - Innovate work\",\"description\":\"Innovate Work\",\"publisher\":{\"@id\":\"https:\\\/\\\/www.rsp.com\\\/de\\\/#organization\"},\"potentialAction\":[{\"@type\":\"SearchAction\",\"target\":{\"@type\":\"EntryPoint\",\"urlTemplate\":\"https:\\\/\\\/www.rsp.com\\\/de\\\/?s={search_term_string}\"},\"query-input\":{\"@type\":\"PropertyValueSpecification\",\"valueRequired\":true,\"valueName\":\"search_term_string\"}}],\"inLanguage\":\"de\"},{\"@type\":\"Organization\",\"@id\":\"https:\\\/\\\/www.rsp.com\\\/de\\\/#organization\",\"name\":\"RSP GmbH & Co. KG\",\"alternateName\":\"RSP\",\"url\":\"https:\\\/\\\/www.rsp.com\\\/de\\\/\",\"logo\":{\"@type\":\"ImageObject\",\"inLanguage\":\"de\",\"@id\":\"https:\\\/\\\/www.rsp.com\\\/de\\\/#\\\/schema\\\/logo\\\/image\\\/\",\"url\":\"https:\\\/\\\/www.rsp.com\\\/wp-content\\\/uploads\\\/2025\\\/03\\\/RSP_Logo-cross_Color-pos_sRGB.svg\",\"contentUrl\":\"https:\\\/\\\/www.rsp.com\\\/wp-content\\\/uploads\\\/2025\\\/03\\\/RSP_Logo-cross_Color-pos_sRGB.svg\",\"width\":82,\"height\":82,\"caption\":\"RSP GmbH & Co. KG\"},\"image\":{\"@id\":\"https:\\\/\\\/www.rsp.com\\\/de\\\/#\\\/schema\\\/logo\\\/image\\\/\"},\"sameAs\":[\"http:\\\/\\\/www.facebook.com\\\/saugbagger\",\"https:\\\/\\\/www.instagram.com\\\/suctionexcavator\",\"https:\\\/\\\/www.linkedin.com\\\/company\\\/reschwitzer-saugbagger-produktions-gmbh-rsp-gmbh-\\\/\",\"http:\\\/\\\/www.youtube.com\\\/user\\\/RSPSuctionExcavator\"],\"description\":\"Die RSP GmbH & Co. KG ist f\u00fchrender Hersteller von Saugbaggern und Spezialfahrzeugen f\u00fcr den Einsatz in der Bau-, Versorgungs- und Kommunalwirtschaft. Mit \u00fcber 30 Jahren Erfahrung, einem internationalen Vertriebsnetz und innovativer Technologie bietet RSP leistungsstarke L\u00f6sungen f\u00fcr sicheres und effizientes Arbeiten \u2013 Made in Germany.\",\"email\":\"info@rsp-germany.com\",\"telephone\":\"+49367157210\",\"legalName\":\"RSP GmbH & Co. KG\",\"foundingDate\":\"1993-04-01\",\"vatID\":\"DE158276339\",\"numberOfEmployees\":{\"@type\":\"QuantitativeValue\",\"minValue\":\"501\",\"maxValue\":\"1000\"}}]}<\/script>\n<!-- \/ Yoast SEO Premium plugin. -->","yoast_head_json":{"title":"Materialbeh\u00e4lter - RSP","robots":{"index":"index","follow":"follow","max-snippet":"max-snippet:-1","max-image-preview":"max-image-preview:large","max-video-preview":"max-video-preview:-1"},"canonical":"https:\/\/www.rsp.com\/de\/technologie\/materialbehaelter\/","og_locale":"de_DE","og_type":"article","og_title":"Materialbeh\u00e4lter","og_description":"Der Materialbeh\u00e4lter PATENTIERTE ABSCHEIDETECHNOLOGIE Mit insgesamt vier Beh\u00e4ltergr\u00f6\u00dfen und der Option, diese mit Edelstahlverschlei\u00dfblechen auszustatten, hat man die perfekten Voraussetzungen, um seinen Job wirklich gut zu machen. Die Beh\u00e4ltergr\u00f6\u00dfe 4 m\u00b3 ist speziell f\u00fcr Zweiachsfahrzeuge mit einer Gesamtbreite von 2,30 m entwickelt. Diese kompakte Gr\u00f6\u00dfe und die Kippachsenh\u00f6he von 2,10 m erm\u00f6glichen eine Beh\u00e4lterentleerung auf [&hellip;]","og_url":"https:\/\/www.rsp.com\/de\/technologie\/materialbehaelter\/","og_site_name":"RSP","article_publisher":"http:\/\/www.facebook.com\/saugbagger","article_modified_time":"2025-04-11T13:13:08+00:00","og_image":[{"url":"https:\/\/www.rsp.com\/wp-content\/uploads\/2025\/03\/Behaelter_800x600.jpg","type":"","width":"","height":""}],"twitter_card":"summary_large_image","twitter_misc":{"Gesch\u00e4tzte Lesezeit":"3 Minuten"},"schema":{"@context":"https:\/\/schema.org","@graph":[{"@type":"WebPage","@id":"https:\/\/www.rsp.com\/de\/technologie\/materialbehaelter\/","url":"https:\/\/www.rsp.com\/de\/technologie\/materialbehaelter\/","name":"Materialbeh\u00e4lter - RSP","isPartOf":{"@id":"https:\/\/www.rsp.com\/de\/#website"},"primaryImageOfPage":{"@id":"https:\/\/www.rsp.com\/de\/technologie\/materialbehaelter\/#primaryimage"},"image":{"@id":"https:\/\/www.rsp.com\/de\/technologie\/materialbehaelter\/#primaryimage"},"thumbnailUrl":"https:\/\/www.rsp.com\/wp-content\/uploads\/2025\/03\/Behaelter_800x600.jpg","datePublished":"2025-03-17T14:36:34+00:00","dateModified":"2025-04-11T13:13:08+00:00","breadcrumb":{"@id":"https:\/\/www.rsp.com\/de\/technologie\/materialbehaelter\/#breadcrumb"},"inLanguage":"de","potentialAction":[{"@type":"ReadAction","target":["https:\/\/www.rsp.com\/de\/technologie\/materialbehaelter\/"]}]},{"@type":"ImageObject","inLanguage":"de","@id":"https:\/\/www.rsp.com\/de\/technologie\/materialbehaelter\/#primaryimage","url":"https:\/\/www.rsp.com\/wp-content\/uploads\/2025\/03\/Behaelter_800x600.jpg","contentUrl":"https:\/\/www.rsp.com\/wp-content\/uploads\/2025\/03\/Behaelter_800x600.jpg"},{"@type":"BreadcrumbList","@id":"https:\/\/www.rsp.com\/de\/technologie\/materialbehaelter\/#breadcrumb","itemListElement":[{"@type":"ListItem","position":1,"name":"Startseite","item":"https:\/\/www.rsp.com\/de\/"},{"@type":"ListItem","position":2,"name":"Technologie","item":"https:\/\/www.rsp.com\/de\/technologie\/"},{"@type":"ListItem","position":3,"name":"Materialbeh\u00e4lter"}]},{"@type":"WebSite","@id":"https:\/\/www.rsp.com\/de\/#website","url":"https:\/\/www.rsp.com\/de\/","name":"RSP Saugbagger - Innovate work","description":"Innovate Work","publisher":{"@id":"https:\/\/www.rsp.com\/de\/#organization"},"potentialAction":[{"@type":"SearchAction","target":{"@type":"EntryPoint","urlTemplate":"https:\/\/www.rsp.com\/de\/?s={search_term_string}"},"query-input":{"@type":"PropertyValueSpecification","valueRequired":true,"valueName":"search_term_string"}}],"inLanguage":"de"},{"@type":"Organization","@id":"https:\/\/www.rsp.com\/de\/#organization","name":"RSP GmbH & Co. KG","alternateName":"RSP","url":"https:\/\/www.rsp.com\/de\/","logo":{"@type":"ImageObject","inLanguage":"de","@id":"https:\/\/www.rsp.com\/de\/#\/schema\/logo\/image\/","url":"https:\/\/www.rsp.com\/wp-content\/uploads\/2025\/03\/RSP_Logo-cross_Color-pos_sRGB.svg","contentUrl":"https:\/\/www.rsp.com\/wp-content\/uploads\/2025\/03\/RSP_Logo-cross_Color-pos_sRGB.svg","width":82,"height":82,"caption":"RSP GmbH & Co. KG"},"image":{"@id":"https:\/\/www.rsp.com\/de\/#\/schema\/logo\/image\/"},"sameAs":["http:\/\/www.facebook.com\/saugbagger","https:\/\/www.instagram.com\/suctionexcavator","https:\/\/www.linkedin.com\/company\/reschwitzer-saugbagger-produktions-gmbh-rsp-gmbh-\/","http:\/\/www.youtube.com\/user\/RSPSuctionExcavator"],"description":"Die RSP GmbH & Co. KG ist f\u00fchrender Hersteller von Saugbaggern und Spezialfahrzeugen f\u00fcr den Einsatz in der Bau-, Versorgungs- und Kommunalwirtschaft. Mit \u00fcber 30 Jahren Erfahrung, einem internationalen Vertriebsnetz und innovativer Technologie bietet RSP leistungsstarke L\u00f6sungen f\u00fcr sicheres und effizientes Arbeiten \u2013 Made in Germany.","email":"info@rsp-germany.com","telephone":"+49367157210","legalName":"RSP GmbH & Co. KG","foundingDate":"1993-04-01","vatID":"DE158276339","numberOfEmployees":{"@type":"QuantitativeValue","minValue":"501","maxValue":"1000"}}]}},"_links":{"self":[{"href":"https:\/\/www.rsp.com\/de\/wp-json\/wp\/v2\/pages\/1641","targetHints":{"allow":["GET"]}}],"collection":[{"href":"https:\/\/www.rsp.com\/de\/wp-json\/wp\/v2\/pages"}],"about":[{"href":"https:\/\/www.rsp.com\/de\/wp-json\/wp\/v2\/types\/page"}],"author":[{"embeddable":true,"href":"https:\/\/www.rsp.com\/de\/wp-json\/wp\/v2\/users\/1"}],"replies":[{"embeddable":true,"href":"https:\/\/www.rsp.com\/de\/wp-json\/wp\/v2\/comments?post=1641"}],"version-history":[{"count":0,"href":"https:\/\/www.rsp.com\/de\/wp-json\/wp\/v2\/pages\/1641\/revisions"}],"up":[{"embeddable":true,"href":"https:\/\/www.rsp.com\/de\/wp-json\/wp\/v2\/pages\/1232"}],"wp:attachment":[{"href":"https:\/\/www.rsp.com\/de\/wp-json\/wp\/v2\/media?parent=1641"}],"curies":[{"name":"wp","href":"https:\/\/api.w.org\/{rel}","templated":true}]}}