{"id":1793,"date":"2025-03-17T15:03:28","date_gmt":"2025-03-17T15:03:28","guid":{"rendered":"https:\/\/rspcom-e1aklfz9e9.live-website.com\/?page_id=1793"},"modified":"2025-04-11T13:41:07","modified_gmt":"2025-04-11T13:41:07","slug":"gasdetektorsystem-fuer-saugbagger-atex","status":"publish","type":"page","link":"https:\/\/www.rsp.com\/de\/technologie\/gasdetektorsystem-fuer-saugbagger-atex\/","title":{"rendered":"Gaswarnsystem f\u00fcr Saugbagger ATEX"},"content":{"rendered":"\t\t<div data-elementor-type=\"wp-page\" data-elementor-id=\"1793\" class=\"elementor elementor-1793\" data-elementor-post-type=\"page\">\n\t\t\t\t<div class=\"elementor-element elementor-element-daa413d e-flex e-con-boxed e-con e-parent\" data-id=\"daa413d\" data-element_type=\"container\" data-e-type=\"container\">\n\t\t\t\t\t<div class=\"e-con-inner\">\n\t\t\t\t<div class=\"elementor-element elementor-element-a39a557 elementor-widget elementor-widget-heading\" data-id=\"a39a557\" data-element_type=\"widget\" data-e-type=\"widget\" data-widget_type=\"heading.default\">\n\t\t\t\t<div class=\"elementor-widget-container\">\n\t\t\t\t\t<h1 class=\"elementor-heading-title elementor-size-default\">Gaswarnsystem<\/h1>\t\t\t\t<\/div>\n\t\t\t\t<\/div>\n\t\t\t\t\t<\/div>\n\t\t\t\t<\/div>\n\t\t<div class=\"elementor-element elementor-element-61dc856 e-flex e-con-boxed e-con e-parent\" data-id=\"61dc856\" data-element_type=\"container\" data-e-type=\"container\">\n\t\t\t\t\t<div class=\"e-con-inner\">\n\t\t<div class=\"elementor-element elementor-element-aacb5f6 e-con-full e-flex elementor-invisible e-con e-child\" data-id=\"aacb5f6\" data-element_type=\"container\" data-e-type=\"container\" data-settings=\"{&quot;animation&quot;:&quot;fadeInLeft&quot;}\">\n\t\t\t\t<div class=\"elementor-element elementor-element-c408a7a elementor-widget elementor-widget-heading\" data-id=\"c408a7a\" data-element_type=\"widget\" data-e-type=\"widget\" data-widget_type=\"heading.default\">\n\t\t\t\t<div class=\"elementor-widget-container\">\n\t\t\t\t\t<h2 class=\"elementor-heading-title elementor-size-default\">Sicher Arbeiten<\/h2>\t\t\t\t<\/div>\n\t\t\t\t<\/div>\n\t\t\t\t<div class=\"elementor-element elementor-element-7aef082 elementor-widget elementor-widget-text-editor\" data-id=\"7aef082\" data-element_type=\"widget\" data-e-type=\"widget\" data-widget_type=\"text-editor.default\">\n\t\t\t\t<div class=\"elementor-widget-container\">\n\t\t\t\t\t\t\t\t\t<p>F\u00fcr noch sichereres Arbeiten vor allem in Bereichen mit hohen Sicherheitsbestimmungen wie Raffinerien, Chemische Anlagen, und Industrieanlagen mit Explosionsrisiken. Mit\u00a0zwei Sensoren wird die Gaskonzentration der Saugluft und der Umgebungsluft permanent gemessen und ausgewertet. Bei Erreichen einer Vorwarnstufe erfolgt eine optische und akustische Signalisierung. Mit Erreichen der Hauptalarmschwelle wird das Fahrzeug komplett abgeschaltet. Ausgewertet werden alle brennbaren Gase und Wasserstoff.\u00a0Zum Lieferumfang geh\u00f6rt weiterhin ein Handmessger\u00e4t inklusive Ladestation.<\/p>\t\t\t\t\t\t\t\t<\/div>\n\t\t\t\t<\/div>\n\t\t\t\t<\/div>\n\t\t\t\t<div class=\"elementor-element elementor-element-bb773b0 elementor-widget__width-initial elementor-invisible elementor-widget elementor-widget-image\" data-id=\"bb773b0\" data-element_type=\"widget\" data-e-type=\"widget\" data-settings=\"{&quot;_animation&quot;:&quot;fadeInRight&quot;}\" data-widget_type=\"image.default\">\n\t\t\t\t<div class=\"elementor-widget-container\">\n\t\t\t\t\t\t\t\t\t\t\t\t\t\t\t<img loading=\"lazy\" decoding=\"async\" width=\"800\" height=\"394\" src=\"https:\/\/www.rsp.com\/wp-content\/uploads\/2025\/03\/Gas-Detektorsystem_800x600.png\" class=\"attachment-large size-large wp-image-1797\" alt=\"\" srcset=\"https:\/\/www.rsp.com\/wp-content\/uploads\/2025\/03\/Gas-Detektorsystem_800x600.png 800w, https:\/\/www.rsp.com\/wp-content\/uploads\/2025\/03\/Gas-Detektorsystem_800x600-300x148.png 300w, https:\/\/www.rsp.com\/wp-content\/uploads\/2025\/03\/Gas-Detektorsystem_800x600-768x378.png 768w\" sizes=\"auto, (max-width: 800px) 100vw, 800px\" \/>\t\t\t\t\t\t\t\t\t\t\t\t\t\t\t<\/div>\n\t\t\t\t<\/div>\n\t\t\t\t\t<\/div>\n\t\t\t\t<\/div>\n\t\t\t\t<\/div>\n\t\t","protected":false},"excerpt":{"rendered":"<p>Gaswarnsystem Sicher Arbeiten F\u00fcr noch sichereres Arbeiten vor allem in Bereichen mit hohen Sicherheitsbestimmungen wie Raffinerien, Chemische Anlagen, und Industrieanlagen mit Explosionsrisiken. Mit\u00a0zwei Sensoren wird die Gaskonzentration der Saugluft und der Umgebungsluft permanent gemessen und ausgewertet. Bei Erreichen einer Vorwarnstufe erfolgt eine optische und akustische Signalisierung. Mit Erreichen der Hauptalarmschwelle wird das Fahrzeug komplett abgeschaltet. [&hellip;]<\/p>\n","protected":false},"author":1,"featured_media":0,"parent":1232,"menu_order":0,"comment_status":"closed","ping_status":"closed","template":"","meta":{"_acf_changed":false,"footnotes":""},"class_list":["post-1793","page","type-page","status-publish","hentry"],"acf":[],"yoast_head":"<!-- This site is optimized with the Yoast SEO Premium plugin v26.9 (Yoast SEO v27.5) - https:\/\/yoast.com\/product\/yoast-seo-premium-wordpress\/ -->\n<title>Gaswarnsystem f\u00fcr Saugbagger ATEX - RSP<\/title>\n<meta name=\"robots\" content=\"index, follow, max-snippet:-1, max-image-preview:large, max-video-preview:-1\" \/>\n<link rel=\"canonical\" href=\"https:\/\/www.rsp.com\/de\/technologie\/gasdetektorsystem-fuer-saugbagger-atex\/\" \/>\n<meta property=\"og:locale\" content=\"de_DE\" \/>\n<meta property=\"og:type\" content=\"article\" \/>\n<meta property=\"og:title\" content=\"Gaswarnsystem f\u00fcr Saugbagger ATEX\" \/>\n<meta property=\"og:description\" content=\"Gaswarnsystem Sicher Arbeiten F\u00fcr noch sichereres Arbeiten vor allem in Bereichen mit hohen Sicherheitsbestimmungen wie Raffinerien, Chemische Anlagen, und Industrieanlagen mit Explosionsrisiken. Mit\u00a0zwei Sensoren wird die Gaskonzentration der Saugluft und der Umgebungsluft permanent gemessen und ausgewertet. Bei Erreichen einer Vorwarnstufe erfolgt eine optische und akustische Signalisierung. Mit Erreichen der Hauptalarmschwelle wird das Fahrzeug komplett abgeschaltet. [&hellip;]\" \/>\n<meta property=\"og:url\" content=\"https:\/\/www.rsp.com\/de\/technologie\/gasdetektorsystem-fuer-saugbagger-atex\/\" \/>\n<meta property=\"og:site_name\" content=\"RSP\" \/>\n<meta property=\"article:publisher\" content=\"http:\/\/www.facebook.com\/saugbagger\" \/>\n<meta property=\"article:modified_time\" content=\"2025-04-11T13:41:07+00:00\" \/>\n<meta property=\"og:image\" content=\"https:\/\/www.rsp.com\/wp-content\/uploads\/2025\/03\/Gas-Detektorsystem_800x600.png\" \/>\n<meta name=\"twitter:card\" content=\"summary_large_image\" \/>\n<meta name=\"twitter:label1\" content=\"Gesch\u00e4tzte Lesezeit\" \/>\n\t<meta name=\"twitter:data1\" content=\"1\u00a0Minute\" \/>\n<script type=\"application\/ld+json\" class=\"yoast-schema-graph\">{\"@context\":\"https:\\\/\\\/schema.org\",\"@graph\":[{\"@type\":\"WebPage\",\"@id\":\"https:\\\/\\\/www.rsp.com\\\/de\\\/technologie\\\/gasdetektorsystem-fuer-saugbagger-atex\\\/\",\"url\":\"https:\\\/\\\/www.rsp.com\\\/de\\\/technologie\\\/gasdetektorsystem-fuer-saugbagger-atex\\\/\",\"name\":\"Gaswarnsystem f\u00fcr Saugbagger ATEX - RSP\",\"isPartOf\":{\"@id\":\"https:\\\/\\\/www.rsp.com\\\/de\\\/#website\"},\"primaryImageOfPage\":{\"@id\":\"https:\\\/\\\/www.rsp.com\\\/de\\\/technologie\\\/gasdetektorsystem-fuer-saugbagger-atex\\\/#primaryimage\"},\"image\":{\"@id\":\"https:\\\/\\\/www.rsp.com\\\/de\\\/technologie\\\/gasdetektorsystem-fuer-saugbagger-atex\\\/#primaryimage\"},\"thumbnailUrl\":\"https:\\\/\\\/www.rsp.com\\\/wp-content\\\/uploads\\\/2025\\\/03\\\/Gas-Detektorsystem_800x600.png\",\"datePublished\":\"2025-03-17T15:03:28+00:00\",\"dateModified\":\"2025-04-11T13:41:07+00:00\",\"breadcrumb\":{\"@id\":\"https:\\\/\\\/www.rsp.com\\\/de\\\/technologie\\\/gasdetektorsystem-fuer-saugbagger-atex\\\/#breadcrumb\"},\"inLanguage\":\"de\",\"potentialAction\":[{\"@type\":\"ReadAction\",\"target\":[\"https:\\\/\\\/www.rsp.com\\\/de\\\/technologie\\\/gasdetektorsystem-fuer-saugbagger-atex\\\/\"]}]},{\"@type\":\"ImageObject\",\"inLanguage\":\"de\",\"@id\":\"https:\\\/\\\/www.rsp.com\\\/de\\\/technologie\\\/gasdetektorsystem-fuer-saugbagger-atex\\\/#primaryimage\",\"url\":\"https:\\\/\\\/www.rsp.com\\\/wp-content\\\/uploads\\\/2025\\\/03\\\/Gas-Detektorsystem_800x600.png\",\"contentUrl\":\"https:\\\/\\\/www.rsp.com\\\/wp-content\\\/uploads\\\/2025\\\/03\\\/Gas-Detektorsystem_800x600.png\"},{\"@type\":\"BreadcrumbList\",\"@id\":\"https:\\\/\\\/www.rsp.com\\\/de\\\/technologie\\\/gasdetektorsystem-fuer-saugbagger-atex\\\/#breadcrumb\",\"itemListElement\":[{\"@type\":\"ListItem\",\"position\":1,\"name\":\"Startseite\",\"item\":\"https:\\\/\\\/www.rsp.com\\\/de\\\/\"},{\"@type\":\"ListItem\",\"position\":2,\"name\":\"Technologie\",\"item\":\"https:\\\/\\\/www.rsp.com\\\/de\\\/technologie\\\/\"},{\"@type\":\"ListItem\",\"position\":3,\"name\":\"Gaswarnsystem f\u00fcr Saugbagger ATEX\"}]},{\"@type\":\"WebSite\",\"@id\":\"https:\\\/\\\/www.rsp.com\\\/de\\\/#website\",\"url\":\"https:\\\/\\\/www.rsp.com\\\/de\\\/\",\"name\":\"RSP Saugbagger - Innovate work\",\"description\":\"Innovate Work\",\"publisher\":{\"@id\":\"https:\\\/\\\/www.rsp.com\\\/de\\\/#organization\"},\"potentialAction\":[{\"@type\":\"SearchAction\",\"target\":{\"@type\":\"EntryPoint\",\"urlTemplate\":\"https:\\\/\\\/www.rsp.com\\\/de\\\/?s={search_term_string}\"},\"query-input\":{\"@type\":\"PropertyValueSpecification\",\"valueRequired\":true,\"valueName\":\"search_term_string\"}}],\"inLanguage\":\"de\"},{\"@type\":\"Organization\",\"@id\":\"https:\\\/\\\/www.rsp.com\\\/de\\\/#organization\",\"name\":\"RSP GmbH & Co. KG\",\"alternateName\":\"RSP\",\"url\":\"https:\\\/\\\/www.rsp.com\\\/de\\\/\",\"logo\":{\"@type\":\"ImageObject\",\"inLanguage\":\"de\",\"@id\":\"https:\\\/\\\/www.rsp.com\\\/de\\\/#\\\/schema\\\/logo\\\/image\\\/\",\"url\":\"https:\\\/\\\/www.rsp.com\\\/wp-content\\\/uploads\\\/2025\\\/03\\\/RSP_Logo-cross_Color-pos_sRGB.svg\",\"contentUrl\":\"https:\\\/\\\/www.rsp.com\\\/wp-content\\\/uploads\\\/2025\\\/03\\\/RSP_Logo-cross_Color-pos_sRGB.svg\",\"width\":82,\"height\":82,\"caption\":\"RSP GmbH & Co. KG\"},\"image\":{\"@id\":\"https:\\\/\\\/www.rsp.com\\\/de\\\/#\\\/schema\\\/logo\\\/image\\\/\"},\"sameAs\":[\"http:\\\/\\\/www.facebook.com\\\/saugbagger\",\"https:\\\/\\\/www.instagram.com\\\/suctionexcavator\",\"https:\\\/\\\/www.linkedin.com\\\/company\\\/reschwitzer-saugbagger-produktions-gmbh-rsp-gmbh-\\\/\",\"http:\\\/\\\/www.youtube.com\\\/user\\\/RSPSuctionExcavator\"],\"description\":\"Die RSP GmbH & Co. KG ist f\u00fchrender Hersteller von Saugbaggern und Spezialfahrzeugen f\u00fcr den Einsatz in der Bau-, Versorgungs- und Kommunalwirtschaft. Mit \u00fcber 30 Jahren Erfahrung, einem internationalen Vertriebsnetz und innovativer Technologie bietet RSP leistungsstarke L\u00f6sungen f\u00fcr sicheres und effizientes Arbeiten \u2013 Made in Germany.\",\"email\":\"info@rsp-germany.com\",\"telephone\":\"+49367157210\",\"legalName\":\"RSP GmbH & Co. KG\",\"foundingDate\":\"1993-04-01\",\"vatID\":\"DE158276339\",\"numberOfEmployees\":{\"@type\":\"QuantitativeValue\",\"minValue\":\"501\",\"maxValue\":\"1000\"}}]}<\/script>\n<!-- \/ Yoast SEO Premium plugin. -->","yoast_head_json":{"title":"Gaswarnsystem f\u00fcr Saugbagger ATEX - RSP","robots":{"index":"index","follow":"follow","max-snippet":"max-snippet:-1","max-image-preview":"max-image-preview:large","max-video-preview":"max-video-preview:-1"},"canonical":"https:\/\/www.rsp.com\/de\/technologie\/gasdetektorsystem-fuer-saugbagger-atex\/","og_locale":"de_DE","og_type":"article","og_title":"Gaswarnsystem f\u00fcr Saugbagger ATEX","og_description":"Gaswarnsystem Sicher Arbeiten F\u00fcr noch sichereres Arbeiten vor allem in Bereichen mit hohen Sicherheitsbestimmungen wie Raffinerien, Chemische Anlagen, und Industrieanlagen mit Explosionsrisiken. Mit\u00a0zwei Sensoren wird die Gaskonzentration der Saugluft und der Umgebungsluft permanent gemessen und ausgewertet. Bei Erreichen einer Vorwarnstufe erfolgt eine optische und akustische Signalisierung. Mit Erreichen der Hauptalarmschwelle wird das Fahrzeug komplett abgeschaltet. [&hellip;]","og_url":"https:\/\/www.rsp.com\/de\/technologie\/gasdetektorsystem-fuer-saugbagger-atex\/","og_site_name":"RSP","article_publisher":"http:\/\/www.facebook.com\/saugbagger","article_modified_time":"2025-04-11T13:41:07+00:00","og_image":[{"url":"https:\/\/www.rsp.com\/wp-content\/uploads\/2025\/03\/Gas-Detektorsystem_800x600.png","type":"","width":"","height":""}],"twitter_card":"summary_large_image","twitter_misc":{"Gesch\u00e4tzte Lesezeit":"1\u00a0Minute"},"schema":{"@context":"https:\/\/schema.org","@graph":[{"@type":"WebPage","@id":"https:\/\/www.rsp.com\/de\/technologie\/gasdetektorsystem-fuer-saugbagger-atex\/","url":"https:\/\/www.rsp.com\/de\/technologie\/gasdetektorsystem-fuer-saugbagger-atex\/","name":"Gaswarnsystem f\u00fcr Saugbagger ATEX - RSP","isPartOf":{"@id":"https:\/\/www.rsp.com\/de\/#website"},"primaryImageOfPage":{"@id":"https:\/\/www.rsp.com\/de\/technologie\/gasdetektorsystem-fuer-saugbagger-atex\/#primaryimage"},"image":{"@id":"https:\/\/www.rsp.com\/de\/technologie\/gasdetektorsystem-fuer-saugbagger-atex\/#primaryimage"},"thumbnailUrl":"https:\/\/www.rsp.com\/wp-content\/uploads\/2025\/03\/Gas-Detektorsystem_800x600.png","datePublished":"2025-03-17T15:03:28+00:00","dateModified":"2025-04-11T13:41:07+00:00","breadcrumb":{"@id":"https:\/\/www.rsp.com\/de\/technologie\/gasdetektorsystem-fuer-saugbagger-atex\/#breadcrumb"},"inLanguage":"de","potentialAction":[{"@type":"ReadAction","target":["https:\/\/www.rsp.com\/de\/technologie\/gasdetektorsystem-fuer-saugbagger-atex\/"]}]},{"@type":"ImageObject","inLanguage":"de","@id":"https:\/\/www.rsp.com\/de\/technologie\/gasdetektorsystem-fuer-saugbagger-atex\/#primaryimage","url":"https:\/\/www.rsp.com\/wp-content\/uploads\/2025\/03\/Gas-Detektorsystem_800x600.png","contentUrl":"https:\/\/www.rsp.com\/wp-content\/uploads\/2025\/03\/Gas-Detektorsystem_800x600.png"},{"@type":"BreadcrumbList","@id":"https:\/\/www.rsp.com\/de\/technologie\/gasdetektorsystem-fuer-saugbagger-atex\/#breadcrumb","itemListElement":[{"@type":"ListItem","position":1,"name":"Startseite","item":"https:\/\/www.rsp.com\/de\/"},{"@type":"ListItem","position":2,"name":"Technologie","item":"https:\/\/www.rsp.com\/de\/technologie\/"},{"@type":"ListItem","position":3,"name":"Gaswarnsystem f\u00fcr Saugbagger ATEX"}]},{"@type":"WebSite","@id":"https:\/\/www.rsp.com\/de\/#website","url":"https:\/\/www.rsp.com\/de\/","name":"RSP Saugbagger - Innovate work","description":"Innovate Work","publisher":{"@id":"https:\/\/www.rsp.com\/de\/#organization"},"potentialAction":[{"@type":"SearchAction","target":{"@type":"EntryPoint","urlTemplate":"https:\/\/www.rsp.com\/de\/?s={search_term_string}"},"query-input":{"@type":"PropertyValueSpecification","valueRequired":true,"valueName":"search_term_string"}}],"inLanguage":"de"},{"@type":"Organization","@id":"https:\/\/www.rsp.com\/de\/#organization","name":"RSP GmbH & Co. KG","alternateName":"RSP","url":"https:\/\/www.rsp.com\/de\/","logo":{"@type":"ImageObject","inLanguage":"de","@id":"https:\/\/www.rsp.com\/de\/#\/schema\/logo\/image\/","url":"https:\/\/www.rsp.com\/wp-content\/uploads\/2025\/03\/RSP_Logo-cross_Color-pos_sRGB.svg","contentUrl":"https:\/\/www.rsp.com\/wp-content\/uploads\/2025\/03\/RSP_Logo-cross_Color-pos_sRGB.svg","width":82,"height":82,"caption":"RSP GmbH & Co. KG"},"image":{"@id":"https:\/\/www.rsp.com\/de\/#\/schema\/logo\/image\/"},"sameAs":["http:\/\/www.facebook.com\/saugbagger","https:\/\/www.instagram.com\/suctionexcavator","https:\/\/www.linkedin.com\/company\/reschwitzer-saugbagger-produktions-gmbh-rsp-gmbh-\/","http:\/\/www.youtube.com\/user\/RSPSuctionExcavator"],"description":"Die RSP GmbH & Co. KG ist f\u00fchrender Hersteller von Saugbaggern und Spezialfahrzeugen f\u00fcr den Einsatz in der Bau-, Versorgungs- und Kommunalwirtschaft. Mit \u00fcber 30 Jahren Erfahrung, einem internationalen Vertriebsnetz und innovativer Technologie bietet RSP leistungsstarke L\u00f6sungen f\u00fcr sicheres und effizientes Arbeiten \u2013 Made in Germany.","email":"info@rsp-germany.com","telephone":"+49367157210","legalName":"RSP GmbH & Co. KG","foundingDate":"1993-04-01","vatID":"DE158276339","numberOfEmployees":{"@type":"QuantitativeValue","minValue":"501","maxValue":"1000"}}]}},"_links":{"self":[{"href":"https:\/\/www.rsp.com\/de\/wp-json\/wp\/v2\/pages\/1793","targetHints":{"allow":["GET"]}}],"collection":[{"href":"https:\/\/www.rsp.com\/de\/wp-json\/wp\/v2\/pages"}],"about":[{"href":"https:\/\/www.rsp.com\/de\/wp-json\/wp\/v2\/types\/page"}],"author":[{"embeddable":true,"href":"https:\/\/www.rsp.com\/de\/wp-json\/wp\/v2\/users\/1"}],"replies":[{"embeddable":true,"href":"https:\/\/www.rsp.com\/de\/wp-json\/wp\/v2\/comments?post=1793"}],"version-history":[{"count":0,"href":"https:\/\/www.rsp.com\/de\/wp-json\/wp\/v2\/pages\/1793\/revisions"}],"up":[{"embeddable":true,"href":"https:\/\/www.rsp.com\/de\/wp-json\/wp\/v2\/pages\/1232"}],"wp:attachment":[{"href":"https:\/\/www.rsp.com\/de\/wp-json\/wp\/v2\/media?parent=1793"}],"curies":[{"name":"wp","href":"https:\/\/api.w.org\/{rel}","templated":true}]}}