{"id":2296,"date":"2025-03-21T10:52:06","date_gmt":"2025-03-21T10:52:06","guid":{"rendered":"https:\/\/www.rsp.com\/?page_id=2296"},"modified":"2025-04-04T07:26:33","modified_gmt":"2025-04-04T07:26:33","slug":"tagebau","status":"publish","type":"page","link":"https:\/\/www.rsp.com\/de\/einsatzgebiete\/tagebau\/","title":{"rendered":"Tagebau"},"content":{"rendered":"\t\t<div data-elementor-type=\"wp-page\" data-elementor-id=\"2296\" class=\"elementor elementor-2296\" data-elementor-post-type=\"page\">\n\t\t\t\t<div class=\"elementor-element elementor-element-5e3869b e-con-full e-flex e-con e-parent\" data-id=\"5e3869b\" data-element_type=\"container\" data-e-type=\"container\">\n\t\t\t\t<div class=\"elementor-element elementor-element-8041913 elementor-widget elementor-widget-image\" data-id=\"8041913\" data-element_type=\"widget\" data-e-type=\"widget\" data-widget_type=\"image.default\">\n\t\t\t\t<div class=\"elementor-widget-container\">\n\t\t\t\t\t\t\t\t\t\t\t\t\t\t\t<img loading=\"lazy\" decoding=\"async\" width=\"800\" height=\"395\" src=\"https:\/\/www.rsp.com\/wp-content\/uploads\/2025\/03\/Tagebau_1370x675-1024x505.png\" class=\"attachment-large size-large wp-image-2298\" alt=\"\" srcset=\"https:\/\/www.rsp.com\/wp-content\/uploads\/2025\/03\/Tagebau_1370x675-1024x505.png 1024w, https:\/\/www.rsp.com\/wp-content\/uploads\/2025\/03\/Tagebau_1370x675-300x148.png 300w, https:\/\/www.rsp.com\/wp-content\/uploads\/2025\/03\/Tagebau_1370x675-768x378.png 768w, https:\/\/www.rsp.com\/wp-content\/uploads\/2025\/03\/Tagebau_1370x675.png 1370w\" sizes=\"auto, (max-width: 800px) 100vw, 800px\" \/>\t\t\t\t\t\t\t\t\t\t\t\t\t\t\t<\/div>\n\t\t\t\t<\/div>\n\t\t<div class=\"elementor-element elementor-element-c6e1e83 e-flex e-con-boxed e-con e-child\" data-id=\"c6e1e83\" data-element_type=\"container\" data-e-type=\"container\" data-settings=\"{&quot;position&quot;:&quot;absolute&quot;}\">\n\t\t\t\t\t<div class=\"e-con-inner\">\n\t\t\t\t<div class=\"elementor-element elementor-element-a1539fc elementor-widget elementor-widget-heading\" data-id=\"a1539fc\" data-element_type=\"widget\" data-e-type=\"widget\" data-widget_type=\"heading.default\">\n\t\t\t\t<div class=\"elementor-widget-container\">\n\t\t\t\t\t<h1 class=\"elementor-heading-title elementor-size-default\">Fl\u00e4chenreinigung im Tagebau<\/h1>\t\t\t\t<\/div>\n\t\t\t\t<\/div>\n\t\t\t\t\t<\/div>\n\t\t\t\t<\/div>\n\t\t\t\t<\/div>\n\t\t<div class=\"elementor-element elementor-element-a99b04d e-flex e-con-boxed e-con e-parent\" data-id=\"a99b04d\" data-element_type=\"container\" data-e-type=\"container\">\n\t\t\t\t\t<div class=\"e-con-inner\">\n\t\t\t\t<div class=\"elementor-element elementor-element-f6eecb9 elementor-widget elementor-widget-text-editor\" data-id=\"f6eecb9\" data-element_type=\"widget\" data-e-type=\"widget\" data-widget_type=\"text-editor.default\">\n\t\t\t\t<div class=\"elementor-widget-container\">\n\t\t\t\t\t\t\t\t\t<p>Ob bei der Reinigung von gro\u00dfen Fl\u00e4chen, Absetzbecken oder bei der Materialabsaugung unter F\u00f6rderb\u00e4ndern - RSP Saugbagger sind variabel und effektiv einsetzbar. Unsere Saugbagger sind so ausgelegt, dass ihnen die t\u00e4gliche Feinstaubbelastung nichts anhaben kann. Im Gegenteil, t\u00e4glich geben sie ihr Bestes, um die Verschmutzung so gering wie m\u00f6glich zu halten.<\/p>\t\t\t\t\t\t\t\t<\/div>\n\t\t\t\t<\/div>\n\t\t\t\t<div class=\"elementor-element elementor-element-fc24627 elementor-skin-carousel elementor-arrows-yes elementor-pagination-type-bullets elementor-pagination-position-outside elementor-widget elementor-widget-media-carousel\" data-id=\"fc24627\" data-element_type=\"widget\" data-e-type=\"widget\" data-settings=\"{&quot;skin&quot;:&quot;carousel&quot;,&quot;effect&quot;:&quot;slide&quot;,&quot;show_arrows&quot;:&quot;yes&quot;,&quot;pagination&quot;:&quot;bullets&quot;,&quot;speed&quot;:500,&quot;autoplay&quot;:&quot;yes&quot;,&quot;autoplay_speed&quot;:5000,&quot;loop&quot;:&quot;yes&quot;,&quot;pause_on_hover&quot;:&quot;yes&quot;,&quot;pause_on_interaction&quot;:&quot;yes&quot;,&quot;space_between&quot;:{&quot;unit&quot;:&quot;px&quot;,&quot;size&quot;:10,&quot;sizes&quot;:[]},&quot;space_between_widescreen&quot;:{&quot;unit&quot;:&quot;px&quot;,&quot;size&quot;:10,&quot;sizes&quot;:[]},&quot;space_between_tablet&quot;:{&quot;unit&quot;:&quot;px&quot;,&quot;size&quot;:10,&quot;sizes&quot;:[]},&quot;space_between_mobile&quot;:{&quot;unit&quot;:&quot;px&quot;,&quot;size&quot;:10,&quot;sizes&quot;:[]}}\" data-widget_type=\"media-carousel.default\">\n\t\t\t\t<div class=\"elementor-widget-container\">\n\t\t\t\t\t\t\t\t\t<div class=\"elementor-swiper\">\n\t\t\t\t\t<div class=\"elementor-main-swiper swiper\" role=\"region\" aria-roledescription=\"carousel\" aria-label=\"Slider\">\n\t\t\t\t<div class=\"swiper-wrapper\">\n\t\t\t\t\t\t\t\t\t\t\t<div class=\"swiper-slide\" role=\"group\" aria-roledescription=\"slide\">\n\t\t\t\t\t\t\t\t\t<div class=\"elementor-carousel-image\" role=\"img\" aria-label=\"Tagebau(2)_1370x675\" style=\"background-image: url(&#039;https:\/\/www.rsp.com\/wp-content\/uploads\/2025\/03\/Tagebau2_1370x675.png&#039;)\">\n\n\t\t\t\n\t\t\t\t\t<\/div>\n\t\t\t\t\t\t\t\t<\/div>\n\t\t\t\t\t\t\t\t\t\t\t<div class=\"swiper-slide\" role=\"group\" aria-roledescription=\"slide\">\n\t\t\t\t\t\t\t\t\t<div class=\"elementor-carousel-image\" role=\"img\" aria-label=\"Tagebau(3)_1370x675\" style=\"background-image: url(&#039;https:\/\/www.rsp.com\/wp-content\/uploads\/2025\/03\/Tagebau3_1370x675.png&#039;)\">\n\n\t\t\t\n\t\t\t\t\t<\/div>\n\t\t\t\t\t\t\t\t<\/div>\n\t\t\t\t\t\t\t\t\t<\/div>\n\t\t\t\t\t\t\t\t\t\t\t\t\t\t\t<div class=\"elementor-swiper-button elementor-swiper-button-prev\" role=\"button\" tabindex=\"0\" aria-label=\"Voriger\">\n\t\t\t\t\t\t\t<svg aria-hidden=\"true\" class=\"e-font-icon-svg e-eicon-chevron-left\" viewBox=\"0 0 1000 1000\" xmlns=\"http:\/\/www.w3.org\/2000\/svg\"><path d=\"M646 125C629 125 613 133 604 142L308 442C296 454 292 471 292 487 292 504 296 521 308 533L604 854C617 867 629 875 646 875 663 875 679 871 692 858 704 846 713 829 713 812 713 796 708 779 692 767L438 487 692 225C700 217 708 204 708 187 708 171 704 154 692 142 675 129 663 125 646 125Z\"><\/path><\/svg>\t\t\t\t\t\t<\/div>\n\t\t\t\t\t\t<div class=\"elementor-swiper-button elementor-swiper-button-next\" role=\"button\" tabindex=\"0\" aria-label=\"N\u00e4chster\">\n\t\t\t\t\t\t\t<svg aria-hidden=\"true\" class=\"e-font-icon-svg e-eicon-chevron-right\" viewBox=\"0 0 1000 1000\" xmlns=\"http:\/\/www.w3.org\/2000\/svg\"><path d=\"M696 533C708 521 713 504 713 487 713 471 708 454 696 446L400 146C388 133 375 125 354 125 338 125 325 129 313 142 300 154 292 171 292 187 292 204 296 221 308 233L563 492 304 771C292 783 288 800 288 817 288 833 296 850 308 863 321 871 338 875 354 875 371 875 388 867 400 854L696 533Z\"><\/path><\/svg>\t\t\t\t\t\t<\/div>\n\t\t\t\t\t\t\t\t\t\t\t\t\t\t\t\t<div class=\"swiper-pagination\"><\/div>\n\t\t\t\t\t\t\t\t\t\t\t\t<\/div>\n\t\t\t\t<\/div>\n\t\t\t\t\t\t\t\t<\/div>\n\t\t\t\t<\/div>\n\t\t\t\t\t<\/div>\n\t\t\t\t<\/div>\n\t\t\t\t<\/div>\n\t\t","protected":false},"excerpt":{"rendered":"<p>Fl\u00e4chenreinigung im Tagebau Ob bei der Reinigung von gro\u00dfen Fl\u00e4chen, Absetzbecken oder bei der Materialabsaugung unter F\u00f6rderb\u00e4ndern - RSP Saugbagger sind variabel und effektiv einsetzbar. Unsere Saugbagger sind so ausgelegt, dass ihnen die t\u00e4gliche Feinstaubbelastung nichts anhaben kann. Im Gegenteil, t\u00e4glich geben sie ihr Bestes, um die Verschmutzung so gering wie m\u00f6glich zu halten.<\/p>\n","protected":false},"author":8,"featured_media":0,"parent":979,"menu_order":0,"comment_status":"closed","ping_status":"closed","template":"elementor_header_footer","meta":{"_acf_changed":false,"footnotes":""},"class_list":["post-2296","page","type-page","status-publish","hentry"],"acf":[],"yoast_head":"<!-- This site is optimized with the Yoast SEO Premium plugin v26.9 (Yoast SEO v27.5) - https:\/\/yoast.com\/product\/yoast-seo-premium-wordpress\/ -->\n<title>Tagebau - RSP<\/title>\n<meta name=\"robots\" content=\"index, follow, max-snippet:-1, max-image-preview:large, max-video-preview:-1\" \/>\n<link rel=\"canonical\" href=\"https:\/\/www.rsp.com\/de\/einsatzgebiete\/tagebau\/\" \/>\n<meta property=\"og:locale\" content=\"de_DE\" \/>\n<meta property=\"og:type\" content=\"article\" \/>\n<meta property=\"og:title\" content=\"Tagebau\" \/>\n<meta property=\"og:description\" content=\"Fl\u00e4chenreinigung im Tagebau Ob bei der Reinigung von gro\u00dfen Fl\u00e4chen, Absetzbecken oder bei der Materialabsaugung unter F\u00f6rderb\u00e4ndern - RSP Saugbagger sind variabel und effektiv einsetzbar. Unsere Saugbagger sind so ausgelegt, dass ihnen die t\u00e4gliche Feinstaubbelastung nichts anhaben kann. Im Gegenteil, t\u00e4glich geben sie ihr Bestes, um die Verschmutzung so gering wie m\u00f6glich zu halten.\" \/>\n<meta property=\"og:url\" content=\"https:\/\/www.rsp.com\/de\/einsatzgebiete\/tagebau\/\" \/>\n<meta property=\"og:site_name\" content=\"RSP\" \/>\n<meta property=\"article:publisher\" content=\"http:\/\/www.facebook.com\/saugbagger\" \/>\n<meta property=\"article:modified_time\" content=\"2025-04-04T07:26:33+00:00\" \/>\n<meta property=\"og:image\" content=\"https:\/\/www.rsp.com\/wp-content\/uploads\/2025\/03\/Tagebau_1370x675-1024x505.png\" \/>\n<meta name=\"twitter:card\" content=\"summary_large_image\" \/>\n<script type=\"application\/ld+json\" class=\"yoast-schema-graph\">{\"@context\":\"https:\\\/\\\/schema.org\",\"@graph\":[{\"@type\":\"WebPage\",\"@id\":\"https:\\\/\\\/www.rsp.com\\\/de\\\/einsatzgebiete\\\/tagebau\\\/\",\"url\":\"https:\\\/\\\/www.rsp.com\\\/de\\\/einsatzgebiete\\\/tagebau\\\/\",\"name\":\"Tagebau - RSP\",\"isPartOf\":{\"@id\":\"https:\\\/\\\/www.rsp.com\\\/de\\\/#website\"},\"primaryImageOfPage\":{\"@id\":\"https:\\\/\\\/www.rsp.com\\\/de\\\/einsatzgebiete\\\/tagebau\\\/#primaryimage\"},\"image\":{\"@id\":\"https:\\\/\\\/www.rsp.com\\\/de\\\/einsatzgebiete\\\/tagebau\\\/#primaryimage\"},\"thumbnailUrl\":\"https:\\\/\\\/www.rsp.com\\\/wp-content\\\/uploads\\\/2025\\\/03\\\/Tagebau_1370x675-1024x505.png\",\"datePublished\":\"2025-03-21T10:52:06+00:00\",\"dateModified\":\"2025-04-04T07:26:33+00:00\",\"breadcrumb\":{\"@id\":\"https:\\\/\\\/www.rsp.com\\\/de\\\/einsatzgebiete\\\/tagebau\\\/#breadcrumb\"},\"inLanguage\":\"de\",\"potentialAction\":[{\"@type\":\"ReadAction\",\"target\":[\"https:\\\/\\\/www.rsp.com\\\/de\\\/einsatzgebiete\\\/tagebau\\\/\"]}]},{\"@type\":\"ImageObject\",\"inLanguage\":\"de\",\"@id\":\"https:\\\/\\\/www.rsp.com\\\/de\\\/einsatzgebiete\\\/tagebau\\\/#primaryimage\",\"url\":\"https:\\\/\\\/www.rsp.com\\\/wp-content\\\/uploads\\\/2025\\\/03\\\/Tagebau_1370x675-1024x505.png\",\"contentUrl\":\"https:\\\/\\\/www.rsp.com\\\/wp-content\\\/uploads\\\/2025\\\/03\\\/Tagebau_1370x675-1024x505.png\"},{\"@type\":\"BreadcrumbList\",\"@id\":\"https:\\\/\\\/www.rsp.com\\\/de\\\/einsatzgebiete\\\/tagebau\\\/#breadcrumb\",\"itemListElement\":[{\"@type\":\"ListItem\",\"position\":1,\"name\":\"Startseite\",\"item\":\"https:\\\/\\\/www.rsp.com\\\/de\\\/\"},{\"@type\":\"ListItem\",\"position\":2,\"name\":\"Einsatzgebiete\",\"item\":\"https:\\\/\\\/www.rsp.com\\\/de\\\/einsatzgebiete\\\/\"},{\"@type\":\"ListItem\",\"position\":3,\"name\":\"Tagebau\"}]},{\"@type\":\"WebSite\",\"@id\":\"https:\\\/\\\/www.rsp.com\\\/de\\\/#website\",\"url\":\"https:\\\/\\\/www.rsp.com\\\/de\\\/\",\"name\":\"RSP Saugbagger - Innovate work\",\"description\":\"Innovate Work\",\"publisher\":{\"@id\":\"https:\\\/\\\/www.rsp.com\\\/de\\\/#organization\"},\"potentialAction\":[{\"@type\":\"SearchAction\",\"target\":{\"@type\":\"EntryPoint\",\"urlTemplate\":\"https:\\\/\\\/www.rsp.com\\\/de\\\/?s={search_term_string}\"},\"query-input\":{\"@type\":\"PropertyValueSpecification\",\"valueRequired\":true,\"valueName\":\"search_term_string\"}}],\"inLanguage\":\"de\"},{\"@type\":\"Organization\",\"@id\":\"https:\\\/\\\/www.rsp.com\\\/de\\\/#organization\",\"name\":\"RSP GmbH & Co. KG\",\"alternateName\":\"RSP\",\"url\":\"https:\\\/\\\/www.rsp.com\\\/de\\\/\",\"logo\":{\"@type\":\"ImageObject\",\"inLanguage\":\"de\",\"@id\":\"https:\\\/\\\/www.rsp.com\\\/de\\\/#\\\/schema\\\/logo\\\/image\\\/\",\"url\":\"https:\\\/\\\/www.rsp.com\\\/wp-content\\\/uploads\\\/2025\\\/03\\\/RSP_Logo-cross_Color-pos_sRGB.svg\",\"contentUrl\":\"https:\\\/\\\/www.rsp.com\\\/wp-content\\\/uploads\\\/2025\\\/03\\\/RSP_Logo-cross_Color-pos_sRGB.svg\",\"width\":82,\"height\":82,\"caption\":\"RSP GmbH & Co. KG\"},\"image\":{\"@id\":\"https:\\\/\\\/www.rsp.com\\\/de\\\/#\\\/schema\\\/logo\\\/image\\\/\"},\"sameAs\":[\"http:\\\/\\\/www.facebook.com\\\/saugbagger\",\"https:\\\/\\\/www.instagram.com\\\/suctionexcavator\",\"https:\\\/\\\/www.linkedin.com\\\/company\\\/reschwitzer-saugbagger-produktions-gmbh-rsp-gmbh-\\\/\",\"http:\\\/\\\/www.youtube.com\\\/user\\\/RSPSuctionExcavator\"],\"description\":\"Die RSP GmbH & Co. KG ist f\u00fchrender Hersteller von Saugbaggern und Spezialfahrzeugen f\u00fcr den Einsatz in der Bau-, Versorgungs- und Kommunalwirtschaft. Mit \u00fcber 30 Jahren Erfahrung, einem internationalen Vertriebsnetz und innovativer Technologie bietet RSP leistungsstarke L\u00f6sungen f\u00fcr sicheres und effizientes Arbeiten \u2013 Made in Germany.\",\"email\":\"info@rsp-germany.com\",\"telephone\":\"+49367157210\",\"legalName\":\"RSP GmbH & Co. KG\",\"foundingDate\":\"1993-04-01\",\"vatID\":\"DE158276339\",\"numberOfEmployees\":{\"@type\":\"QuantitativeValue\",\"minValue\":\"501\",\"maxValue\":\"1000\"}}]}<\/script>\n<!-- \/ Yoast SEO Premium plugin. -->","yoast_head_json":{"title":"Tagebau - RSP","robots":{"index":"index","follow":"follow","max-snippet":"max-snippet:-1","max-image-preview":"max-image-preview:large","max-video-preview":"max-video-preview:-1"},"canonical":"https:\/\/www.rsp.com\/de\/einsatzgebiete\/tagebau\/","og_locale":"de_DE","og_type":"article","og_title":"Tagebau","og_description":"Fl\u00e4chenreinigung im Tagebau Ob bei der Reinigung von gro\u00dfen Fl\u00e4chen, Absetzbecken oder bei der Materialabsaugung unter F\u00f6rderb\u00e4ndern - RSP Saugbagger sind variabel und effektiv einsetzbar. Unsere Saugbagger sind so ausgelegt, dass ihnen die t\u00e4gliche Feinstaubbelastung nichts anhaben kann. Im Gegenteil, t\u00e4glich geben sie ihr Bestes, um die Verschmutzung so gering wie m\u00f6glich zu halten.","og_url":"https:\/\/www.rsp.com\/de\/einsatzgebiete\/tagebau\/","og_site_name":"RSP","article_publisher":"http:\/\/www.facebook.com\/saugbagger","article_modified_time":"2025-04-04T07:26:33+00:00","og_image":[{"url":"https:\/\/www.rsp.com\/wp-content\/uploads\/2025\/03\/Tagebau_1370x675-1024x505.png","type":"","width":"","height":""}],"twitter_card":"summary_large_image","schema":{"@context":"https:\/\/schema.org","@graph":[{"@type":"WebPage","@id":"https:\/\/www.rsp.com\/de\/einsatzgebiete\/tagebau\/","url":"https:\/\/www.rsp.com\/de\/einsatzgebiete\/tagebau\/","name":"Tagebau - RSP","isPartOf":{"@id":"https:\/\/www.rsp.com\/de\/#website"},"primaryImageOfPage":{"@id":"https:\/\/www.rsp.com\/de\/einsatzgebiete\/tagebau\/#primaryimage"},"image":{"@id":"https:\/\/www.rsp.com\/de\/einsatzgebiete\/tagebau\/#primaryimage"},"thumbnailUrl":"https:\/\/www.rsp.com\/wp-content\/uploads\/2025\/03\/Tagebau_1370x675-1024x505.png","datePublished":"2025-03-21T10:52:06+00:00","dateModified":"2025-04-04T07:26:33+00:00","breadcrumb":{"@id":"https:\/\/www.rsp.com\/de\/einsatzgebiete\/tagebau\/#breadcrumb"},"inLanguage":"de","potentialAction":[{"@type":"ReadAction","target":["https:\/\/www.rsp.com\/de\/einsatzgebiete\/tagebau\/"]}]},{"@type":"ImageObject","inLanguage":"de","@id":"https:\/\/www.rsp.com\/de\/einsatzgebiete\/tagebau\/#primaryimage","url":"https:\/\/www.rsp.com\/wp-content\/uploads\/2025\/03\/Tagebau_1370x675-1024x505.png","contentUrl":"https:\/\/www.rsp.com\/wp-content\/uploads\/2025\/03\/Tagebau_1370x675-1024x505.png"},{"@type":"BreadcrumbList","@id":"https:\/\/www.rsp.com\/de\/einsatzgebiete\/tagebau\/#breadcrumb","itemListElement":[{"@type":"ListItem","position":1,"name":"Startseite","item":"https:\/\/www.rsp.com\/de\/"},{"@type":"ListItem","position":2,"name":"Einsatzgebiete","item":"https:\/\/www.rsp.com\/de\/einsatzgebiete\/"},{"@type":"ListItem","position":3,"name":"Tagebau"}]},{"@type":"WebSite","@id":"https:\/\/www.rsp.com\/de\/#website","url":"https:\/\/www.rsp.com\/de\/","name":"RSP Saugbagger - Innovate work","description":"Innovate Work","publisher":{"@id":"https:\/\/www.rsp.com\/de\/#organization"},"potentialAction":[{"@type":"SearchAction","target":{"@type":"EntryPoint","urlTemplate":"https:\/\/www.rsp.com\/de\/?s={search_term_string}"},"query-input":{"@type":"PropertyValueSpecification","valueRequired":true,"valueName":"search_term_string"}}],"inLanguage":"de"},{"@type":"Organization","@id":"https:\/\/www.rsp.com\/de\/#organization","name":"RSP GmbH & Co. KG","alternateName":"RSP","url":"https:\/\/www.rsp.com\/de\/","logo":{"@type":"ImageObject","inLanguage":"de","@id":"https:\/\/www.rsp.com\/de\/#\/schema\/logo\/image\/","url":"https:\/\/www.rsp.com\/wp-content\/uploads\/2025\/03\/RSP_Logo-cross_Color-pos_sRGB.svg","contentUrl":"https:\/\/www.rsp.com\/wp-content\/uploads\/2025\/03\/RSP_Logo-cross_Color-pos_sRGB.svg","width":82,"height":82,"caption":"RSP GmbH & Co. KG"},"image":{"@id":"https:\/\/www.rsp.com\/de\/#\/schema\/logo\/image\/"},"sameAs":["http:\/\/www.facebook.com\/saugbagger","https:\/\/www.instagram.com\/suctionexcavator","https:\/\/www.linkedin.com\/company\/reschwitzer-saugbagger-produktions-gmbh-rsp-gmbh-\/","http:\/\/www.youtube.com\/user\/RSPSuctionExcavator"],"description":"Die RSP GmbH & Co. KG ist f\u00fchrender Hersteller von Saugbaggern und Spezialfahrzeugen f\u00fcr den Einsatz in der Bau-, Versorgungs- und Kommunalwirtschaft. Mit \u00fcber 30 Jahren Erfahrung, einem internationalen Vertriebsnetz und innovativer Technologie bietet RSP leistungsstarke L\u00f6sungen f\u00fcr sicheres und effizientes Arbeiten \u2013 Made in Germany.","email":"info@rsp-germany.com","telephone":"+49367157210","legalName":"RSP GmbH & Co. KG","foundingDate":"1993-04-01","vatID":"DE158276339","numberOfEmployees":{"@type":"QuantitativeValue","minValue":"501","maxValue":"1000"}}]}},"_links":{"self":[{"href":"https:\/\/www.rsp.com\/de\/wp-json\/wp\/v2\/pages\/2296","targetHints":{"allow":["GET"]}}],"collection":[{"href":"https:\/\/www.rsp.com\/de\/wp-json\/wp\/v2\/pages"}],"about":[{"href":"https:\/\/www.rsp.com\/de\/wp-json\/wp\/v2\/types\/page"}],"author":[{"embeddable":true,"href":"https:\/\/www.rsp.com\/de\/wp-json\/wp\/v2\/users\/8"}],"replies":[{"embeddable":true,"href":"https:\/\/www.rsp.com\/de\/wp-json\/wp\/v2\/comments?post=2296"}],"version-history":[{"count":0,"href":"https:\/\/www.rsp.com\/de\/wp-json\/wp\/v2\/pages\/2296\/revisions"}],"up":[{"embeddable":true,"href":"https:\/\/www.rsp.com\/de\/wp-json\/wp\/v2\/pages\/979"}],"wp:attachment":[{"href":"https:\/\/www.rsp.com\/de\/wp-json\/wp\/v2\/media?parent=2296"}],"curies":[{"name":"wp","href":"https:\/\/api.w.org\/{rel}","templated":true}]}}