{"id":4641,"date":"2025-03-24T10:57:57","date_gmt":"2025-03-24T10:57:57","guid":{"rendered":"https:\/\/www.rsp.com\/?page_id=4641"},"modified":"2026-03-31T11:52:42","modified_gmt":"2026-03-31T11:52:42","slug":"ansprechpartner","status":"publish","type":"page","link":"https:\/\/www.rsp.com\/de\/ansprechpartner\/","title":{"rendered":"Ansprechpartner"},"content":{"rendered":"\t\t<div data-elementor-type=\"wp-page\" data-elementor-id=\"4641\" class=\"elementor elementor-4641\" data-elementor-post-type=\"page\">\n\t\t\t\t<div class=\"elementor-element elementor-element-92e3242 e-flex e-con-boxed e-con e-parent\" data-id=\"92e3242\" data-element_type=\"container\" data-e-type=\"container\">\n\t\t\t\t\t<div class=\"e-con-inner\">\n\t\t\t\t<div class=\"elementor-element elementor-element-9b071b6 elementor-widget elementor-widget-heading\" data-id=\"9b071b6\" data-element_type=\"widget\" data-e-type=\"widget\" data-widget_type=\"heading.default\">\n\t\t\t\t<div class=\"elementor-widget-container\">\n\t\t\t\t\t<h1 class=\"elementor-heading-title elementor-size-default\">Ansprechpartner<\/h1>\t\t\t\t<\/div>\n\t\t\t\t<\/div>\n\t\t\t\t<div class=\"elementor-element elementor-element-f527f7f elementor-widget elementor-widget-text-editor\" data-id=\"f527f7f\" data-element_type=\"widget\" data-e-type=\"widget\" data-widget_type=\"text-editor.default\">\n\t\t\t\t<div class=\"elementor-widget-container\">\n\t\t\t\t\t\t\t\t\t<p>Sie m\u00f6chten mit RSP in Kontakt treten? Hier finden Sie die passenden Ansprechpartner f\u00fcr Ihre Anfrage. Um eine schnelle und zielgerichtete Bearbeitung zu gew\u00e4hrleisten, w\u00e4hlen Sie bitte den f\u00fcr Ihr Anliegen passenden Bereich.<\/p>\t\t\t\t\t\t\t\t<\/div>\n\t\t\t\t<\/div>\n\t\t\t\t<div class=\"elementor-element elementor-element-dee251e elementor-widget elementor-widget-heading\" data-id=\"dee251e\" data-element_type=\"widget\" data-e-type=\"widget\" data-widget_type=\"heading.default\">\n\t\t\t\t<div class=\"elementor-widget-container\">\n\t\t\t\t\t<h2 class=\"elementor-heading-title elementor-size-default\">Schreiben Sie uns eine Nachricht<\/h2>\t\t\t\t<\/div>\n\t\t\t\t<\/div>\n\t\t\t\t<div class=\"elementor-element elementor-element-f546395 elementor-widget elementor-widget-shortcode\" data-id=\"f546395\" data-element_type=\"widget\" data-e-type=\"widget\" data-widget_type=\"shortcode.default\">\n\t\t\t\t<div class=\"elementor-widget-container\">\n\t\t\t\t\t\t\t<div class=\"elementor-shortcode\">\t\t<div class=\"rsp-web2lead-form-wrapper\">\n\t\t\t\t\t\t\n\t\t\t\t<form action=\"https:\/\/www.rsp.com\/wp-admin\/admin-post.php\" method=\"post\" class=\"rsp-web2lead-form\" id=\"rsp-form-1\" accept-charset=\"UTF-8\">\n\t\t\t\t\t<input type=\"hidden\" name=\"action\" value=\"rspn_web2lead_submit\">\n\t\t\t\t\t<input type=\"hidden\" name=\"rspn_locale\" value=\"de\">\n\t\t\t\t\t<input type=\"hidden\" name=\"rspn_return_url\" value=\"https:\/\/www.rsp.com\/de\/wp-json\/wp\/v2\/pages\/4641\">\n\t\t\t\t\t<input type=\"hidden\" name=\"rspn_form_anchor\" value=\"rsp-form-1\">\n\t\t\t\t\t<input type=\"hidden\" name=\"rspn_inquiry_mode\" value=\"select\">\n\t\t\t\t\t\t\t\t\t\t<input type=\"hidden\" id=\"rspn_web2lead_nonce\" name=\"rspn_web2lead_nonce\" value=\"7542f208f7\" \/><input type=\"hidden\" name=\"_wp_http_referer\" value=\"\/de\/wp-json\/wp\/v2\/pages\/4641\" \/>\n\t\t\t\t\t<div class=\"rsp-form-grid\">\n\t\t\t\t\t\t\t\t\t\t\t\t\t<div class=\"rsp-form-group rsp-form-group-full\">\n\t\t\t\t\t\t\t\t<label for=\"rsp-web2lead-1-inquiry-topic\">Ich habe eine Anfrage zu<\/label>\n\t\t\t\t\t\t\t\t<select name=\"rspn_inquiry_topic\" id=\"rsp-web2lead-1-inquiry-topic\" data-rsp-inquiry-select required>\n\t\t\t\t\t\t\t\t\t\t\t\t\t\t\t\t\t\t\t<option value=\"sales\" selected='selected'>Vertrieb<\/option>\n\t\t\t\t\t\t\t\t\t\t\t\t\t\t\t\t\t\t\t<option value=\"service\">Service<\/option>\n\t\t\t\t\t\t\t\t\t\t\t\t\t\t\t\t\t\t\t<option value=\"training\">Schulungen<\/option>\n\t\t\t\t\t\t\t\t\t\t\t\t\t\t\t\t\t\t\t<option value=\"used_machines\">Gebrauchtmaschinen<\/option>\n\t\t\t\t\t\t\t\t\t\t\t\t\t\t\t\t\t\t\t<option value=\"spare_parts_accessories\">Ersatzteile \/ Zubeh\u00f6r<\/option>\n\t\t\t\t\t\t\t\t\t\t\t\t\t\t\t\t\t\t\t<option value=\"marketing_press\">Marketing \/ Presse<\/option>\n\t\t\t\t\t\t\t\t\t\t\t\t\t\t\t\t\t\t\t<option value=\"career\">Karriere<\/option>\n\t\t\t\t\t\t\t\t\t\t\t\t\t\t\t\t\t\t\t<option value=\"purchasing\">Einkauf<\/option>\n\t\t\t\t\t\t\t\t\t\t\t\t\t\t\t\t\t\t\t<option value=\"general\">Allgemein<\/option>\n\t\t\t\t\t\t\t\t\t\t\t\t\t\t\t\t\t<\/select>\n\t\t\t\t\t\t\t<\/div>\n\t\t\t\t\t\t\n\t\t\t\t\t<div class=\"rsp-form-group\">\n\t\t\t\t\t\t<label for=\"rsp-web2lead-1-salutation\">Anrede<\/label>\n\t\t\t\t\t\t<select name=\"salutation\" id=\"rsp-web2lead-1-salutation\" required>\n\t\t\t\t\t\t\t\t\t\t\t\t\t\t\t<option value=\"Herr\" selected='selected'>Herr<\/option>\n\t\t\t\t\t\t\t\t\t\t\t\t\t\t\t<option value=\"Frau\">Frau<\/option>\n\t\t\t\t\t\t\t\t\t\t\t\t\t\t\t<option value=\"Dr.\">Dr.<\/option>\n\t\t\t\t\t\t\t\t\t\t\t\t\t\t\t<option value=\"Prof.\">Prof.<\/option>\n\t\t\t\t\t\t\t\t\t\t\t\t\t\t\t<option value=\"Mr.\">Mr.<\/option>\n\t\t\t\t\t\t\t\t\t\t\t\t\t\t\t<option value=\"Ms.\">Ms.<\/option>\n\t\t\t\t\t\t\t\t\t\t\t\t\t\t\t<option value=\"Mrs.\">Mrs.<\/option>\n\t\t\t\t\t\t\t\t\t\t\t\t\t\t\t<option value=\"Monsieur\">Monsieur<\/option>\n\t\t\t\t\t\t\t\t\t\t\t\t\t\t\t<option value=\"Madame\">Madame<\/option>\n\t\t\t\t\t\t\t\t\t\t\t\t\t<\/select>\n\t\t\t\t\t<\/div>\n\n\t\t\t\t\t<div class=\"rsp-form-group\">\n\t\t\t\t\t\t<label for=\"rsp-web2lead-1-first-name\">Vorname<\/label>\n\t\t\t\t\t\t<input type=\"text\" name=\"first_name\" id=\"rsp-web2lead-1-first-name\" required>\n\t\t\t\t\t<\/div>\n\n\t\t\t\t\t<div class=\"rsp-form-group\">\n\t\t\t\t\t\t<label for=\"rsp-web2lead-1-last-name\">Nachname<\/label>\n\t\t\t\t\t\t<input type=\"text\" name=\"last_name\" id=\"rsp-web2lead-1-last-name\" required>\n\t\t\t\t\t<\/div>\n\n\t\t\t\t\t<div class=\"rsp-form-group\">\n\t\t\t\t\t\t<label for=\"rsp-web2lead-1-company\">Firma<\/label>\n\t\t\t\t\t\t<input type=\"text\" name=\"company\" id=\"rsp-web2lead-1-company\" required>\n\t\t\t\t\t<\/div>\n\n\t\t\t\t\t<div class=\"rsp-form-group\">\n\t\t\t\t\t\t<label for=\"rsp-web2lead-1-country\">Land<\/label>\n\t\t\t\t\t\t<select name=\"country\" id=\"rsp-web2lead-1-country\" required>\n\t\t\t\t\t\t\t\t\t\t\t\t\t\t\t<option value=\"ET\">\u00c4thiopien<\/option>\n\t\t\t\t\t\t\t\t\t\t\t\t\t\t\t<option value=\"AU\">Australien<\/option>\n\t\t\t\t\t\t\t\t\t\t\t\t\t\t\t<option value=\"BH\">Bahrain<\/option>\n\t\t\t\t\t\t\t\t\t\t\t\t\t\t\t<option value=\"BD\">Bangladesch<\/option>\n\t\t\t\t\t\t\t\t\t\t\t\t\t\t\t<option value=\"BY\">Belarus<\/option>\n\t\t\t\t\t\t\t\t\t\t\t\t\t\t\t<option value=\"BE\">Belgien<\/option>\n\t\t\t\t\t\t\t\t\t\t\t\t\t\t\t<option value=\"BR\">Brasilien<\/option>\n\t\t\t\t\t\t\t\t\t\t\t\t\t\t\t<option value=\"BG\">Bulgarien<\/option>\n\t\t\t\t\t\t\t\t\t\t\t\t\t\t\t<option value=\"CN\">China<\/option>\n\t\t\t\t\t\t\t\t\t\t\t\t\t\t\t<option value=\"DK\">D\u00e4nemark<\/option>\n\t\t\t\t\t\t\t\t\t\t\t\t\t\t\t<option value=\"DE\" selected='selected'>Deutschland<\/option>\n\t\t\t\t\t\t\t\t\t\t\t\t\t\t\t<option value=\"FR\">Frankreich<\/option>\n\t\t\t\t\t\t\t\t\t\t\t\t\t\t\t<option value=\"GR\">Griechenland<\/option>\n\t\t\t\t\t\t\t\t\t\t\t\t\t\t\t<option value=\"HK\">Hongkong<\/option>\n\t\t\t\t\t\t\t\t\t\t\t\t\t\t\t<option value=\"IN\">Indien<\/option>\n\t\t\t\t\t\t\t\t\t\t\t\t\t\t\t<option value=\"IE\">Irland<\/option>\n\t\t\t\t\t\t\t\t\t\t\t\t\t\t\t<option value=\"IS\">Island<\/option>\n\t\t\t\t\t\t\t\t\t\t\t\t\t\t\t<option value=\"IL\">Israel<\/option>\n\t\t\t\t\t\t\t\t\t\t\t\t\t\t\t<option value=\"IT\">Italien<\/option>\n\t\t\t\t\t\t\t\t\t\t\t\t\t\t\t<option value=\"JP\">Japan<\/option>\n\t\t\t\t\t\t\t\t\t\t\t\t\t\t\t<option value=\"CA\">Kanada<\/option>\n\t\t\t\t\t\t\t\t\t\t\t\t\t\t\t<option value=\"KZ\">Kasachstan<\/option>\n\t\t\t\t\t\t\t\t\t\t\t\t\t\t\t<option value=\"QA\">Katar<\/option>\n\t\t\t\t\t\t\t\t\t\t\t\t\t\t\t<option value=\"KW\">Kuwait<\/option>\n\t\t\t\t\t\t\t\t\t\t\t\t\t\t\t<option value=\"LU\">Luxemburg<\/option>\n\t\t\t\t\t\t\t\t\t\t\t\t\t\t\t<option value=\"MY\">Malaysia<\/option>\n\t\t\t\t\t\t\t\t\t\t\t\t\t\t\t<option value=\"MA\">Marokko<\/option>\n\t\t\t\t\t\t\t\t\t\t\t\t\t\t\t<option value=\"NZ\">Neuseeland<\/option>\n\t\t\t\t\t\t\t\t\t\t\t\t\t\t\t<option value=\"NL\">Niederlande<\/option>\n\t\t\t\t\t\t\t\t\t\t\t\t\t\t\t<option value=\"NO\">Norwegen<\/option>\n\t\t\t\t\t\t\t\t\t\t\t\t\t\t\t<option value=\"OM\">Oman<\/option>\n\t\t\t\t\t\t\t\t\t\t\t\t\t\t\t<option value=\"AT\">\u00d6sterreich<\/option>\n\t\t\t\t\t\t\t\t\t\t\t\t\t\t\t<option value=\"PL\">Polen<\/option>\n\t\t\t\t\t\t\t\t\t\t\t\t\t\t\t<option value=\"PT\">Portugal<\/option>\n\t\t\t\t\t\t\t\t\t\t\t\t\t\t\t<option value=\"RO\">Rum\u00e4nien<\/option>\n\t\t\t\t\t\t\t\t\t\t\t\t\t\t\t<option value=\"SA\">Saudi-Arabien<\/option>\n\t\t\t\t\t\t\t\t\t\t\t\t\t\t\t<option value=\"SE\">Schweden<\/option>\n\t\t\t\t\t\t\t\t\t\t\t\t\t\t\t<option value=\"CH\">Schweiz<\/option>\n\t\t\t\t\t\t\t\t\t\t\t\t\t\t\t<option value=\"RS\">Serbien<\/option>\n\t\t\t\t\t\t\t\t\t\t\t\t\t\t\t<option value=\"SG\">Singapur<\/option>\n\t\t\t\t\t\t\t\t\t\t\t\t\t\t\t<option value=\"ES\">Spanien<\/option>\n\t\t\t\t\t\t\t\t\t\t\t\t\t\t\t<option value=\"KOR\">S\u00fcdkorea<\/option>\n\t\t\t\t\t\t\t\t\t\t\t\t\t\t\t<option value=\"CZ\">Tschechien<\/option>\n\t\t\t\t\t\t\t\t\t\t\t\t\t\t\t<option value=\"TR\">T\u00fcrkei<\/option>\n\t\t\t\t\t\t\t\t\t\t\t\t\t\t\t<option value=\"US\">USA<\/option>\n\t\t\t\t\t\t\t\t\t\t\t\t\t\t\t<option value=\"AE\">Vereinigte Arabische Emirate<\/option>\n\t\t\t\t\t\t\t\t\t\t\t\t\t\t\t<option value=\"GB\">Vereinigtes K\u00f6nigreich<\/option>\n\t\t\t\t\t\t\t\t\t\t\t\t\t\t\t<option value=\"CY\">Zypern<\/option>\n\t\t\t\t\t\t\t\t\t\t\t\t\t<\/select>\n\t\t\t\t\t<\/div>\n\n\t\t\t\t\t<div class=\"rsp-form-group\">\n\t\t\t\t\t\t<label for=\"rsp-web2lead-1-phone\">Telefon<\/label>\n\t\t\t\t\t\t<input type=\"tel\" name=\"phone\" id=\"rsp-web2lead-1-phone\" pattern=\"[0-9()#&+*\\-=.]+\" required>\n\t\t\t\t\t<\/div>\n\n\t\t\t\t\t<div class=\"rsp-form-group\">\n\t\t\t\t\t\t<label for=\"rsp-web2lead-1-email\">E-Mail<\/label>\n\t\t\t\t\t\t<input type=\"email\" name=\"email\" id=\"rsp-web2lead-1-email\" required>\n\t\t\t\t\t<\/div>\n\n\t\t\t\t\t\t\t\t\t\t\t\t\t<div class=\"rsp-form-group rsp-form-machine\" data-rsp-machine-wrapper>\n\t\t\t\t\t\t\t\t<label for=\"rsp-web2lead-1-machine-type\">Maschinentyp<\/label>\n\t\t\t\t\t\t\t\t<select name=\"00Naa000001EoSf\" id=\"rsp-web2lead-1-machine-type\" data-rsp-machine-field required>\n\t\t\t\t\t\t\t\t\t\t\t\t\t\t\t\t\t<option value=\"ESE 4\">ESE 4<\/option>\n\t\t\t\t\t\t\t\t\t\t\t\t\t\t\t\t\t<option value=\"ESE 6\">ESE 6 - &quot;Classic&quot;<\/option>\n\t\t\t\t\t\t\t\t\t\t\t\t\t\t\t\t\t<option value=\"ESE 6F1\">ESE 6 - &quot;Neu&quot;<\/option>\n\t\t\t\t\t\t\t\t\t\t\t\t\t\t\t\t\t<option value=\"ESE E\">ESE E<\/option>\n\t\t\t\t\t\t\t\t\t\t\t\t\t\t\t\t\t<option value=\"ESE S\">ESE S<\/option>\n\t\t\t\t\t\t\t\t\t\t\t\t\t\t\t\t\t<option value=\"Vortex\">Vortex<\/option>\n\t\t\t\t\t\t\t\t\t\t\t\t\t\t\t\t\t<option value=\"V-Force\">V-Force<\/option>\n\t\t\t\t\t\t\t\t\t\t\t\t\t\t\t\t\t<option value=\"Horizontal tank\">P-Serie<\/option>\n\t\t\t\t\t\t\t\t\t\t\t\t\t\t\t\t\t<option value=\"Others\" selected='selected'>Sonstige<\/option>\n\t\t\t\t\t\t\t\t\t\t\t\t\t\t\t<\/select>\n\t\t\t\t\t\t<\/div>\n\t\t\t\t\t\n\t\t\t\t\t<div class=\"rsp-form-group rsp-form-group-full\">\n\t\t\t\t\t\t<label for=\"rsp-web2lead-1-description\">Nachricht<\/label>\n\t\t\t\t\t\t<textarea name=\"description\" id=\"rsp-web2lead-1-description\" rows=\"5\" placeholder=\"Nachricht\" required><\/textarea>\n\t\t\t\t\t<\/div>\n\t\t\t\t<\/div>\n\n\t\t\t\t<input name=\"lead_source\" type=\"hidden\" value=\"Website\">\n\t\t\t\t<input type=\"hidden\" name=\"oid\" value=\"00D680000028lRm\">\n\t\t\t\t<input type=\"hidden\" name=\"retURL\" value=\"https:\/\/www.rsp.com\/de\/wp-json\/wp\/v2\/pages\/4641\">\n\n\t\t\t\t\t\n\t\t\t\t\t\t\t\t\t<div class=\"rsp-form-captcha\">\n\t\t\t\t\t\t<div class=\"frc-captcha\" data-sitekey=\"FCMKB2A3PS124I0O\"><\/div>\n\t\t\t\t\t<\/div>\n\t\t\t\t\n\t\t\t\t<div class=\"rsp-form-consent\">\n\t\t\t\t\t<label for=\"rsp-web2lead-1-privacy-consent\" class=\"rsp-form-consent-label\">\n\t\t\t\t\t\t<input type=\"checkbox\" name=\"rspn_privacy_consent\" id=\"rsp-web2lead-1-privacy-consent\" value=\"1\" required>\n\t\t\t\t\t\t<span>\n\t\t\t\t\t\t\tIch akzeptiere die \t\t\t\t\t\t\t<a href=\"https:\/\/www.rsp.com\/de\/datenschutzerklaerung-fuer-webseite\/\" target=\"_blank\" rel=\"noopener noreferrer\">Datenschutzerkl\u00e4rung<\/a>.\t\t\t\t\t\t<\/span>\n\t\t\t\t\t<\/label>\n\t\t\t\t<\/div>\n\n\t\t\t\t<div class=\"rsp-form-actions\">\n\t\t\t\t\t<button type=\"submit\" class=\"rsp-submit-btn\">\n\t\t\t\t\t\t<span>Senden<\/span>\n\t\t\t\t\t<\/button>\n\t\t\t\t<\/div>\n\t\t\t<\/form>\n\t\t<\/div>\n\t\t<\/div>\n\t\t\t\t\t\t<\/div>\n\t\t\t\t<\/div>\n\t\t\t\t\t<\/div>\n\t\t\t\t<\/div>\n\t\t\t\t<\/div>\n\t\t","protected":false},"excerpt":{"rendered":"<p>Ansprechpartner Sie m\u00f6chten mit RSP in Kontakt treten? Hier finden Sie die passenden Ansprechpartner f\u00fcr Ihre Anfrage. Um eine schnelle und zielgerichtete Bearbeitung zu gew\u00e4hrleisten, w\u00e4hlen Sie bitte den f\u00fcr Ihr Anliegen passenden Bereich. Schreiben Sie uns eine Nachricht<\/p>\n","protected":false},"author":1,"featured_media":0,"parent":0,"menu_order":0,"comment_status":"closed","ping_status":"closed","template":"","meta":{"_acf_changed":false,"footnotes":""},"class_list":["post-4641","page","type-page","status-publish","hentry"],"acf":[],"yoast_head":"<!-- This site is optimized with the Yoast SEO Premium plugin v26.9 (Yoast SEO v27.4) - https:\/\/yoast.com\/product\/yoast-seo-premium-wordpress\/ -->\n<title>Ansprechpartner - RSP<\/title>\n<meta name=\"robots\" content=\"index, follow, max-snippet:-1, max-image-preview:large, max-video-preview:-1\" \/>\n<link rel=\"canonical\" href=\"https:\/\/www.rsp.com\/de\/ansprechpartner\/\" \/>\n<meta property=\"og:locale\" content=\"de_DE\" \/>\n<meta property=\"og:type\" content=\"article\" \/>\n<meta property=\"og:title\" content=\"Ansprechpartner\" \/>\n<meta property=\"og:description\" content=\"Ansprechpartner Sie m\u00f6chten mit RSP in Kontakt treten? Hier finden Sie die passenden Ansprechpartner f\u00fcr Ihre Anfrage. Um eine schnelle und zielgerichtete Bearbeitung zu gew\u00e4hrleisten, w\u00e4hlen Sie bitte den f\u00fcr Ihr Anliegen passenden Bereich. Schreiben Sie uns eine Nachricht\" \/>\n<meta property=\"og:url\" content=\"https:\/\/www.rsp.com\/de\/ansprechpartner\/\" \/>\n<meta property=\"og:site_name\" content=\"RSP\" \/>\n<meta property=\"article:publisher\" content=\"http:\/\/www.facebook.com\/saugbagger\" \/>\n<meta property=\"article:modified_time\" content=\"2026-03-31T11:52:42+00:00\" \/>\n<meta name=\"twitter:card\" content=\"summary_large_image\" \/>\n<meta name=\"twitter:label1\" content=\"Gesch\u00e4tzte Lesezeit\" \/>\n\t<meta name=\"twitter:data1\" content=\"1\u00a0Minute\" \/>\n<script type=\"application\/ld+json\" class=\"yoast-schema-graph\">{\"@context\":\"https:\\\/\\\/schema.org\",\"@graph\":[{\"@type\":\"WebPage\",\"@id\":\"https:\\\/\\\/www.rsp.com\\\/de\\\/ansprechpartner\\\/\",\"url\":\"https:\\\/\\\/www.rsp.com\\\/de\\\/ansprechpartner\\\/\",\"name\":\"Ansprechpartner - RSP\",\"isPartOf\":{\"@id\":\"https:\\\/\\\/www.rsp.com\\\/de\\\/#website\"},\"datePublished\":\"2025-03-24T10:57:57+00:00\",\"dateModified\":\"2026-03-31T11:52:42+00:00\",\"breadcrumb\":{\"@id\":\"https:\\\/\\\/www.rsp.com\\\/de\\\/ansprechpartner\\\/#breadcrumb\"},\"inLanguage\":\"de\",\"potentialAction\":[{\"@type\":\"ReadAction\",\"target\":[\"https:\\\/\\\/www.rsp.com\\\/de\\\/ansprechpartner\\\/\"]}]},{\"@type\":\"BreadcrumbList\",\"@id\":\"https:\\\/\\\/www.rsp.com\\\/de\\\/ansprechpartner\\\/#breadcrumb\",\"itemListElement\":[{\"@type\":\"ListItem\",\"position\":1,\"name\":\"Startseite\",\"item\":\"https:\\\/\\\/www.rsp.com\\\/de\\\/\"},{\"@type\":\"ListItem\",\"position\":2,\"name\":\"Ansprechpartner\"}]},{\"@type\":\"WebSite\",\"@id\":\"https:\\\/\\\/www.rsp.com\\\/de\\\/#website\",\"url\":\"https:\\\/\\\/www.rsp.com\\\/de\\\/\",\"name\":\"RSP Saugbagger - Innovate work\",\"description\":\"Innovate Work\",\"publisher\":{\"@id\":\"https:\\\/\\\/www.rsp.com\\\/de\\\/#organization\"},\"potentialAction\":[{\"@type\":\"SearchAction\",\"target\":{\"@type\":\"EntryPoint\",\"urlTemplate\":\"https:\\\/\\\/www.rsp.com\\\/de\\\/?s={search_term_string}\"},\"query-input\":{\"@type\":\"PropertyValueSpecification\",\"valueRequired\":true,\"valueName\":\"search_term_string\"}}],\"inLanguage\":\"de\"},{\"@type\":\"Organization\",\"@id\":\"https:\\\/\\\/www.rsp.com\\\/de\\\/#organization\",\"name\":\"RSP GmbH & Co. KG\",\"alternateName\":\"RSP\",\"url\":\"https:\\\/\\\/www.rsp.com\\\/de\\\/\",\"logo\":{\"@type\":\"ImageObject\",\"inLanguage\":\"de\",\"@id\":\"https:\\\/\\\/www.rsp.com\\\/de\\\/#\\\/schema\\\/logo\\\/image\\\/\",\"url\":\"https:\\\/\\\/www.rsp.com\\\/wp-content\\\/uploads\\\/2025\\\/03\\\/RSP_Logo-cross_Color-pos_sRGB.svg\",\"contentUrl\":\"https:\\\/\\\/www.rsp.com\\\/wp-content\\\/uploads\\\/2025\\\/03\\\/RSP_Logo-cross_Color-pos_sRGB.svg\",\"width\":82,\"height\":82,\"caption\":\"RSP GmbH & Co. KG\"},\"image\":{\"@id\":\"https:\\\/\\\/www.rsp.com\\\/de\\\/#\\\/schema\\\/logo\\\/image\\\/\"},\"sameAs\":[\"http:\\\/\\\/www.facebook.com\\\/saugbagger\",\"https:\\\/\\\/www.instagram.com\\\/suctionexcavator\",\"https:\\\/\\\/www.linkedin.com\\\/company\\\/reschwitzer-saugbagger-produktions-gmbh-rsp-gmbh-\\\/\",\"http:\\\/\\\/www.youtube.com\\\/user\\\/RSPSuctionExcavator\"],\"description\":\"Die RSP GmbH & Co. KG ist f\u00fchrender Hersteller von Saugbaggern und Spezialfahrzeugen f\u00fcr den Einsatz in der Bau-, Versorgungs- und Kommunalwirtschaft. Mit \u00fcber 30 Jahren Erfahrung, einem internationalen Vertriebsnetz und innovativer Technologie bietet RSP leistungsstarke L\u00f6sungen f\u00fcr sicheres und effizientes Arbeiten \u2013 Made in Germany.\",\"email\":\"info@rsp-germany.com\",\"telephone\":\"+49367157210\",\"legalName\":\"RSP GmbH & Co. KG\",\"foundingDate\":\"1993-04-01\",\"vatID\":\"DE158276339\",\"numberOfEmployees\":{\"@type\":\"QuantitativeValue\",\"minValue\":\"501\",\"maxValue\":\"1000\"}}]}<\/script>\n<!-- \/ Yoast SEO Premium plugin. -->","yoast_head_json":{"title":"Ansprechpartner - RSP","robots":{"index":"index","follow":"follow","max-snippet":"max-snippet:-1","max-image-preview":"max-image-preview:large","max-video-preview":"max-video-preview:-1"},"canonical":"https:\/\/www.rsp.com\/de\/ansprechpartner\/","og_locale":"de_DE","og_type":"article","og_title":"Ansprechpartner","og_description":"Ansprechpartner Sie m\u00f6chten mit RSP in Kontakt treten? Hier finden Sie die passenden Ansprechpartner f\u00fcr Ihre Anfrage. Um eine schnelle und zielgerichtete Bearbeitung zu gew\u00e4hrleisten, w\u00e4hlen Sie bitte den f\u00fcr Ihr Anliegen passenden Bereich. Schreiben Sie uns eine Nachricht","og_url":"https:\/\/www.rsp.com\/de\/ansprechpartner\/","og_site_name":"RSP","article_publisher":"http:\/\/www.facebook.com\/saugbagger","article_modified_time":"2026-03-31T11:52:42+00:00","twitter_card":"summary_large_image","twitter_misc":{"Gesch\u00e4tzte Lesezeit":"1\u00a0Minute"},"schema":{"@context":"https:\/\/schema.org","@graph":[{"@type":"WebPage","@id":"https:\/\/www.rsp.com\/de\/ansprechpartner\/","url":"https:\/\/www.rsp.com\/de\/ansprechpartner\/","name":"Ansprechpartner - RSP","isPartOf":{"@id":"https:\/\/www.rsp.com\/de\/#website"},"datePublished":"2025-03-24T10:57:57+00:00","dateModified":"2026-03-31T11:52:42+00:00","breadcrumb":{"@id":"https:\/\/www.rsp.com\/de\/ansprechpartner\/#breadcrumb"},"inLanguage":"de","potentialAction":[{"@type":"ReadAction","target":["https:\/\/www.rsp.com\/de\/ansprechpartner\/"]}]},{"@type":"BreadcrumbList","@id":"https:\/\/www.rsp.com\/de\/ansprechpartner\/#breadcrumb","itemListElement":[{"@type":"ListItem","position":1,"name":"Startseite","item":"https:\/\/www.rsp.com\/de\/"},{"@type":"ListItem","position":2,"name":"Ansprechpartner"}]},{"@type":"WebSite","@id":"https:\/\/www.rsp.com\/de\/#website","url":"https:\/\/www.rsp.com\/de\/","name":"RSP Saugbagger - Innovate work","description":"Innovate Work","publisher":{"@id":"https:\/\/www.rsp.com\/de\/#organization"},"potentialAction":[{"@type":"SearchAction","target":{"@type":"EntryPoint","urlTemplate":"https:\/\/www.rsp.com\/de\/?s={search_term_string}"},"query-input":{"@type":"PropertyValueSpecification","valueRequired":true,"valueName":"search_term_string"}}],"inLanguage":"de"},{"@type":"Organization","@id":"https:\/\/www.rsp.com\/de\/#organization","name":"RSP GmbH & Co. KG","alternateName":"RSP","url":"https:\/\/www.rsp.com\/de\/","logo":{"@type":"ImageObject","inLanguage":"de","@id":"https:\/\/www.rsp.com\/de\/#\/schema\/logo\/image\/","url":"https:\/\/www.rsp.com\/wp-content\/uploads\/2025\/03\/RSP_Logo-cross_Color-pos_sRGB.svg","contentUrl":"https:\/\/www.rsp.com\/wp-content\/uploads\/2025\/03\/RSP_Logo-cross_Color-pos_sRGB.svg","width":82,"height":82,"caption":"RSP GmbH & Co. KG"},"image":{"@id":"https:\/\/www.rsp.com\/de\/#\/schema\/logo\/image\/"},"sameAs":["http:\/\/www.facebook.com\/saugbagger","https:\/\/www.instagram.com\/suctionexcavator","https:\/\/www.linkedin.com\/company\/reschwitzer-saugbagger-produktions-gmbh-rsp-gmbh-\/","http:\/\/www.youtube.com\/user\/RSPSuctionExcavator"],"description":"Die RSP GmbH & Co. KG ist f\u00fchrender Hersteller von Saugbaggern und Spezialfahrzeugen f\u00fcr den Einsatz in der Bau-, Versorgungs- und Kommunalwirtschaft. Mit \u00fcber 30 Jahren Erfahrung, einem internationalen Vertriebsnetz und innovativer Technologie bietet RSP leistungsstarke L\u00f6sungen f\u00fcr sicheres und effizientes Arbeiten \u2013 Made in Germany.","email":"info@rsp-germany.com","telephone":"+49367157210","legalName":"RSP GmbH & Co. KG","foundingDate":"1993-04-01","vatID":"DE158276339","numberOfEmployees":{"@type":"QuantitativeValue","minValue":"501","maxValue":"1000"}}]}},"_links":{"self":[{"href":"https:\/\/www.rsp.com\/de\/wp-json\/wp\/v2\/pages\/4641","targetHints":{"allow":["GET"]}}],"collection":[{"href":"https:\/\/www.rsp.com\/de\/wp-json\/wp\/v2\/pages"}],"about":[{"href":"https:\/\/www.rsp.com\/de\/wp-json\/wp\/v2\/types\/page"}],"author":[{"embeddable":true,"href":"https:\/\/www.rsp.com\/de\/wp-json\/wp\/v2\/users\/1"}],"replies":[{"embeddable":true,"href":"https:\/\/www.rsp.com\/de\/wp-json\/wp\/v2\/comments?post=4641"}],"version-history":[{"count":39,"href":"https:\/\/www.rsp.com\/de\/wp-json\/wp\/v2\/pages\/4641\/revisions"}],"predecessor-version":[{"id":17672,"href":"https:\/\/www.rsp.com\/de\/wp-json\/wp\/v2\/pages\/4641\/revisions\/17672"}],"wp:attachment":[{"href":"https:\/\/www.rsp.com\/de\/wp-json\/wp\/v2\/media?parent=4641"}],"curies":[{"name":"wp","href":"https:\/\/api.w.org\/{rel}","templated":true}]}}