{"id":6149,"date":"2025-03-27T13:48:15","date_gmt":"2025-03-27T13:48:15","guid":{"rendered":"https:\/\/www.rsp.com\/?page_id=6149"},"modified":"2025-04-08T07:36:17","modified_gmt":"2025-04-08T07:36:17","slug":"academy","status":"publish","type":"page","link":"https:\/\/www.rsp.com\/de\/service\/academy\/","title":{"rendered":"Academy"},"content":{"rendered":"\t\t<div data-elementor-type=\"wp-page\" data-elementor-id=\"6149\" class=\"elementor elementor-6149\" data-elementor-post-type=\"page\">\n\t\t\t\t<div class=\"elementor-element elementor-element-c356662 e-flex e-con-boxed e-con e-parent\" data-id=\"c356662\" data-element_type=\"container\" data-e-type=\"container\">\n\t\t\t\t\t<div class=\"e-con-inner\">\n\t\t\t\t<div class=\"elementor-element elementor-element-7327ecb elementor-widget elementor-widget-heading\" data-id=\"7327ecb\" data-element_type=\"widget\" data-e-type=\"widget\" data-widget_type=\"heading.default\">\n\t\t\t\t<div class=\"elementor-widget-container\">\n\t\t\t\t\t<h1 class=\"elementor-heading-title elementor-size-default\">Willkommen zur RSP Academy<\/h1>\t\t\t\t<\/div>\n\t\t\t\t<\/div>\n\t\t<div class=\"elementor-element elementor-element-ab78a76 e-con-full e-flex e-con e-child\" data-id=\"ab78a76\" data-element_type=\"container\" data-e-type=\"container\">\n\t\t\t\t<div class=\"elementor-element elementor-element-dd830f4 elementor-widget elementor-widget-image\" data-id=\"dd830f4\" data-element_type=\"widget\" data-e-type=\"widget\" data-widget_type=\"image.default\">\n\t\t\t\t<div class=\"elementor-widget-container\">\n\t\t\t\t\t\t\t\t\t\t\t\t\t\t\t<img loading=\"lazy\" decoding=\"async\" width=\"800\" height=\"450\" src=\"https:\/\/www.rsp.com\/wp-content\/uploads\/2025\/03\/teaser_01.jpg\" class=\"attachment-large size-large wp-image-6151\" alt=\"\" \/>\t\t\t\t\t\t\t\t\t\t\t\t\t\t\t<\/div>\n\t\t\t\t<\/div>\n\t\t\t\t<div class=\"elementor-element elementor-element-25edddd elementor-widget elementor-widget-text-editor\" data-id=\"25edddd\" data-element_type=\"widget\" data-e-type=\"widget\" data-widget_type=\"text-editor.default\">\n\t\t\t\t<div class=\"elementor-widget-container\">\n\t\t\t\t\t\t\t\t\t<p>Der technologische Fortschritt ver\u00e4ndert stetig die Arbeitswelt und stellt neue Anforderungen an Bediener und Techniker. Mit der\u00a0<strong>RSP Academy<\/strong>\u00a0bleiben Sie und Ihr Team stets auf dem neuesten Stand der Saugbaggertechnik. Unser umfassendes Schulungsprogramm vermittelt praxisnahes Wissen, das Ihnen einen klaren Wettbewerbsvorteil sichert. Die Trainings sind darauf ausgerichtet, Ihre Arbeitsabl\u00e4ufe zu optimieren, Ausfallzeiten zu reduzieren und die Lebensdauer Ihrer Saugbagger zu maximieren.<\/p>\t\t\t\t\t\t\t\t<\/div>\n\t\t\t\t<\/div>\n\t\t\t\t<\/div>\n\t\t<div class=\"elementor-element elementor-element-314aa81 e-con-full e-flex e-con e-child\" data-id=\"314aa81\" data-element_type=\"container\" data-e-type=\"container\">\n\t\t<div class=\"elementor-element elementor-element-c3d7f40 e-con-full e-flex e-con e-child\" data-id=\"c3d7f40\" data-element_type=\"container\" data-e-type=\"container\">\n\t\t\t\t<div class=\"elementor-element elementor-element-458bae0 elementor-widget elementor-widget-heading\" data-id=\"458bae0\" data-element_type=\"widget\" data-e-type=\"widget\" data-widget_type=\"heading.default\">\n\t\t\t\t<div class=\"elementor-widget-container\">\n\t\t\t\t\t<h2 class=\"elementor-heading-title elementor-size-default\">Individuelles Training<\/h2>\t\t\t\t<\/div>\n\t\t\t\t<\/div>\n\t\t\t\t<div class=\"elementor-element elementor-element-07da548 elementor-widget elementor-widget-text-editor\" data-id=\"07da548\" data-element_type=\"widget\" data-e-type=\"widget\" data-widget_type=\"text-editor.default\">\n\t\t\t\t<div class=\"elementor-widget-container\">\n\t\t\t\t\t\t\t\t\t<p>Die\u00a0<strong>RSP Academy<\/strong>\u00a0bietet individuell auf Ihr Unternehmen zugeschnittene Trainingsformate. Unser\u00a0<strong>Bedienertraining<\/strong>\u00a0richtet sich an alle, die Saugbagger sicher und effizient bedienen m\u00fcssen. Der fachgerechte Umgang mit der Maschine steht im Vordergrund, um Verschlei\u00df zu minimieren und den Einsatz wirtschaftlicher zu gestalten. Von der klassischen Leitungsfreilegung bis hin zur sensiblen Baumwurzelsanierung erwerben Bediener alle wesentlichen Kompetenzen, um das volle Potenzial des Saugbaggers auszusch\u00f6pfen.<\/p>\t\t\t\t\t\t\t\t<\/div>\n\t\t\t\t<\/div>\n\t\t\t\t<\/div>\n\t\t\t\t<div class=\"elementor-element elementor-element-ef5841b elementor-widget elementor-widget-image\" data-id=\"ef5841b\" data-element_type=\"widget\" data-e-type=\"widget\" data-widget_type=\"image.default\">\n\t\t\t\t<div class=\"elementor-widget-container\">\n\t\t\t\t\t\t\t\t\t\t\t\t\t\t\t<img loading=\"lazy\" decoding=\"async\" width=\"800\" height=\"450\" src=\"https:\/\/www.rsp.com\/wp-content\/uploads\/2025\/03\/teaser_02.jpg\" class=\"attachment-large size-large wp-image-6154\" alt=\"\" \/>\t\t\t\t\t\t\t\t\t\t\t\t\t\t\t<\/div>\n\t\t\t\t<\/div>\n\t\t\t\t<\/div>\n\t\t<div class=\"elementor-element elementor-element-c539297 e-con-full e-flex e-con e-child\" data-id=\"c539297\" data-element_type=\"container\" data-e-type=\"container\">\n\t\t\t\t<div class=\"elementor-element elementor-element-9c24ec6 elementor-widget elementor-widget-image\" data-id=\"9c24ec6\" data-element_type=\"widget\" data-e-type=\"widget\" data-widget_type=\"image.default\">\n\t\t\t\t<div class=\"elementor-widget-container\">\n\t\t\t\t\t\t\t\t\t\t\t\t\t\t\t<img loading=\"lazy\" decoding=\"async\" width=\"800\" height=\"450\" src=\"https:\/\/www.rsp.com\/wp-content\/uploads\/2025\/03\/teaser_03-1024x576.jpg\" class=\"attachment-large size-large wp-image-6157\" alt=\"\" srcset=\"https:\/\/www.rsp.com\/wp-content\/uploads\/2025\/03\/teaser_03-1024x576.jpg 1024w, https:\/\/www.rsp.com\/wp-content\/uploads\/2025\/03\/teaser_03-300x169.jpg 300w, https:\/\/www.rsp.com\/wp-content\/uploads\/2025\/03\/teaser_03-768x432.jpg 768w, https:\/\/www.rsp.com\/wp-content\/uploads\/2025\/03\/teaser_03-1536x864.jpg 1536w, https:\/\/www.rsp.com\/wp-content\/uploads\/2025\/03\/teaser_03.jpg 1920w\" sizes=\"auto, (max-width: 800px) 100vw, 800px\" \/>\t\t\t\t\t\t\t\t\t\t\t\t\t\t\t<\/div>\n\t\t\t\t<\/div>\n\t\t<div class=\"elementor-element elementor-element-12a5404 e-con-full e-flex e-con e-child\" data-id=\"12a5404\" data-element_type=\"container\" data-e-type=\"container\">\n\t\t\t\t<div class=\"elementor-element elementor-element-11ae6d5 elementor-widget elementor-widget-heading\" data-id=\"11ae6d5\" data-element_type=\"widget\" data-e-type=\"widget\" data-widget_type=\"heading.default\">\n\t\t\t\t<div class=\"elementor-widget-container\">\n\t\t\t\t\t<h2 class=\"elementor-heading-title elementor-size-default\">Technikertraining<\/h2>\t\t\t\t<\/div>\n\t\t\t\t<\/div>\n\t\t\t\t<div class=\"elementor-element elementor-element-48e89c7 elementor-widget elementor-widget-text-editor\" data-id=\"48e89c7\" data-element_type=\"widget\" data-e-type=\"widget\" data-widget_type=\"text-editor.default\">\n\t\t\t\t<div class=\"elementor-widget-container\">\n\t\t\t\t\t\t\t\t\t<p>F\u00fcr technisch versierte Teilnehmer bieten wir das\u00a0<strong>Technikertraining<\/strong>\u00a0an. Es vermittelt vertieftes Wissen \u00fcber die pneumatischen, hydraulischen und elektrischen Systeme des Saugbaggers. Die Teilnehmer erlernen, Reparaturen eigenst\u00e4ndig durchzuf\u00fchren, Wartungen vorzunehmen und technische Probleme effizient zu l\u00f6sen \u2013 ein entscheidender Beitrag zur langfristigen Einsatzbereitschaft der Maschinen.<\/p>\t\t\t\t\t\t\t\t<\/div>\n\t\t\t\t<\/div>\n\t\t\t\t<\/div>\n\t\t\t\t<\/div>\n\t\t<div class=\"elementor-element elementor-element-ea2d20d e-con-full e-flex e-con e-child\" data-id=\"ea2d20d\" data-element_type=\"container\" data-e-type=\"container\">\n\t\t<div class=\"elementor-element elementor-element-d83d5d7 e-con-full e-flex e-con e-child\" data-id=\"d83d5d7\" data-element_type=\"container\" data-e-type=\"container\">\n\t\t\t\t<div class=\"elementor-element elementor-element-8880234 elementor-widget elementor-widget-heading\" data-id=\"8880234\" data-element_type=\"widget\" data-e-type=\"widget\" data-widget_type=\"heading.default\">\n\t\t\t\t<div class=\"elementor-widget-container\">\n\t\t\t\t\t<h2 class=\"elementor-heading-title elementor-size-default\">Digitale Schulungen<\/h2>\t\t\t\t<\/div>\n\t\t\t\t<\/div>\n\t\t\t\t<div class=\"elementor-element elementor-element-7ab0a5e elementor-widget elementor-widget-text-editor\" data-id=\"7ab0a5e\" data-element_type=\"widget\" data-e-type=\"widget\" data-widget_type=\"text-editor.default\">\n\t\t\t\t<div class=\"elementor-widget-container\">\n\t\t\t\t\t\t\t\t\t<p>Dar\u00fcber hinaus erweitern unsere\u00a0<strong>Webinare<\/strong>\u00a0das Schulungsangebot der\u00a0<strong>RSP Academy<\/strong>. Diese Online-Seminare richten sich an Fach- und F\u00fchrungskr\u00e4fte, die sich schnell und ortsunabh\u00e4ngig mit den neuesten Entwicklungen der Saugbaggertechnik vertraut machen m\u00f6chten. Die Webinare bieten intensive Einblicke in unsere Softwarel\u00f6sungen sowie praxisnahe Anwendungsf\u00e4lle, die den Mehrwert f\u00fcr Ihre Saugbaggerflotte steigern.<\/p><p>Ob in unseren modernen Schulungsr\u00e4umen, direkt an der Maschine oder im virtuellen Klassenzimmer \u2013 jede Schulung bei der\u00a0<strong>RSP Academy<\/strong>\u00a0ist praxisorientiert, effektiv und auf nachhaltigen Wissenstransfer ausgerichtet. Unser Trainingsprogramm erm\u00f6glicht es Ihrem Team, neue T\u00e4tigkeitsfelder zu erschlie\u00dfen und sich langfristig an Ihr Unternehmen zu binden.<\/p>\t\t\t\t\t\t\t\t<\/div>\n\t\t\t\t<\/div>\n\t\t\t\t<\/div>\n\t\t\t\t<div class=\"elementor-element elementor-element-bc30439 elementor-widget elementor-widget-image\" data-id=\"bc30439\" data-element_type=\"widget\" data-e-type=\"widget\" data-widget_type=\"image.default\">\n\t\t\t\t<div class=\"elementor-widget-container\">\n\t\t\t\t\t\t\t\t\t\t\t\t\t\t\t<img loading=\"lazy\" decoding=\"async\" width=\"800\" height=\"450\" src=\"https:\/\/www.rsp.com\/wp-content\/uploads\/2025\/03\/teaser_04.jpg\" class=\"attachment-large size-large wp-image-6160\" alt=\"\" \/>\t\t\t\t\t\t\t\t\t\t\t\t\t\t\t<\/div>\n\t\t\t\t<\/div>\n\t\t\t\t<\/div>\n\t\t<div class=\"elementor-element elementor-element-398b176 e-con-full e-flex e-con e-child\" data-id=\"398b176\" data-element_type=\"container\" data-e-type=\"container\">\n\t\t\t\t<div class=\"elementor-element elementor-element-a902c68 elementor-widget elementor-widget-image\" data-id=\"a902c68\" data-element_type=\"widget\" data-e-type=\"widget\" data-widget_type=\"image.default\">\n\t\t\t\t<div class=\"elementor-widget-container\">\n\t\t\t\t\t\t\t\t\t\t\t\t\t\t\t<img loading=\"lazy\" decoding=\"async\" width=\"800\" height=\"450\" src=\"https:\/\/www.rsp.com\/wp-content\/uploads\/2025\/03\/teaser_07-1024x576.jpg\" class=\"attachment-large size-large wp-image-6163\" alt=\"\" srcset=\"https:\/\/www.rsp.com\/wp-content\/uploads\/2025\/03\/teaser_07-1024x576.jpg 1024w, https:\/\/www.rsp.com\/wp-content\/uploads\/2025\/03\/teaser_07-300x169.jpg 300w, https:\/\/www.rsp.com\/wp-content\/uploads\/2025\/03\/teaser_07-768x432.jpg 768w, https:\/\/www.rsp.com\/wp-content\/uploads\/2025\/03\/teaser_07-1536x864.jpg 1536w, https:\/\/www.rsp.com\/wp-content\/uploads\/2025\/03\/teaser_07.jpg 1920w\" sizes=\"auto, (max-width: 800px) 100vw, 800px\" \/>\t\t\t\t\t\t\t\t\t\t\t\t\t\t\t<\/div>\n\t\t\t\t<\/div>\n\t\t<div class=\"elementor-element elementor-element-0e091aa e-con-full e-flex e-con e-child\" data-id=\"0e091aa\" data-element_type=\"container\" data-e-type=\"container\">\n\t\t\t\t<div class=\"elementor-element elementor-element-06a4622 elementor-widget elementor-widget-heading\" data-id=\"06a4622\" data-element_type=\"widget\" data-e-type=\"widget\" data-widget_type=\"heading.default\">\n\t\t\t\t<div class=\"elementor-widget-container\">\n\t\t\t\t\t<h2 class=\"elementor-heading-title elementor-size-default\">Kundentraining<\/h2>\t\t\t\t<\/div>\n\t\t\t\t<\/div>\n\t\t\t\t<div class=\"elementor-element elementor-element-aa766b9 elementor-widget elementor-widget-text-editor\" data-id=\"aa766b9\" data-element_type=\"widget\" data-e-type=\"widget\" data-widget_type=\"text-editor.default\">\n\t\t\t\t<div class=\"elementor-widget-container\">\n\t\t\t\t\t\t\t\t\t<ul><li>Allgemeine Saugbagger-Einweisung<\/li><li>Bodenlockerungswerkzeuge<\/li><li>Saugbaggerpflege<\/li><li>Gaswarn- und Erdungssystemen nutzen und pflegen<\/li><li>Einsatzm\u00f6glichkeiten\u00a0des Saugbaggers<\/li><li>Softwareanwendungen f\u00fcr RSP Saugbagger<\/li><li>Saugbagger-Einweisung vRSP<\/li><li>Baumwurzelsanierung<\/li><li>Flachdachsanierung<\/li><li>Service- und Wartungsarbeiten am Saugbagger (Basic)<\/li><li>ExTox Gaswarnsystem Funktionstest<\/li><li>Einsatzm\u00f6glichkeiten des Saugbaggers<\/li><li>Technisches Verst\u00e4ndnis des Saugbaggers<\/li><\/ul>\t\t\t\t\t\t\t\t<\/div>\n\t\t\t\t<\/div>\n\t\t\t\t<\/div>\n\t\t\t\t<\/div>\n\t\t<div class=\"elementor-element elementor-element-1eabf9f e-con-full e-flex e-con e-child\" data-id=\"1eabf9f\" data-element_type=\"container\" data-e-type=\"container\">\n\t\t<div class=\"elementor-element elementor-element-937fe50 e-con-full e-flex e-con e-child\" data-id=\"937fe50\" data-element_type=\"container\" data-e-type=\"container\">\n\t\t\t\t<div class=\"elementor-element elementor-element-360acf4 elementor-widget elementor-widget-heading\" data-id=\"360acf4\" data-element_type=\"widget\" data-e-type=\"widget\" data-widget_type=\"heading.default\">\n\t\t\t\t<div class=\"elementor-widget-container\">\n\t\t\t\t\t<h2 class=\"elementor-heading-title elementor-size-default\">Partnertraining<\/h2>\t\t\t\t<\/div>\n\t\t\t\t<\/div>\n\t\t\t\t<div class=\"elementor-element elementor-element-9a34a21 elementor-widget elementor-widget-text-editor\" data-id=\"9a34a21\" data-element_type=\"widget\" data-e-type=\"widget\" data-widget_type=\"text-editor.default\">\n\t\t\t\t<div class=\"elementor-widget-container\">\n\t\t\t\t\t\t\t\t\t<ul><li>Partnertraining Basic<\/li><\/ul><ul><li>Ventilator Basic<\/li><li>Ventilator Advanced<\/li><li>Ventilator Expert<\/li><\/ul><ul><li>Kompressor Basic<\/li><li>Kompressor Advanced<\/li><li>Kompressor Expert<\/li><\/ul><ul><li>UVV - Saugbaggerspezifisch<\/li><li>Softwareanwendungen<\/li><li>Hetronic<\/li><\/ul>\t\t\t\t\t\t\t\t<\/div>\n\t\t\t\t<\/div>\n\t\t\t\t<\/div>\n\t\t\t\t<div class=\"elementor-element elementor-element-b54b8fb elementor-widget elementor-widget-image\" data-id=\"b54b8fb\" data-element_type=\"widget\" data-e-type=\"widget\" data-widget_type=\"image.default\">\n\t\t\t\t<div class=\"elementor-widget-container\">\n\t\t\t\t\t\t\t\t\t\t\t\t\t\t\t<img loading=\"lazy\" decoding=\"async\" width=\"800\" height=\"450\" src=\"https:\/\/www.rsp.com\/wp-content\/uploads\/2025\/03\/teaser_06-1024x576.jpg\" class=\"attachment-large size-large wp-image-6166\" alt=\"\" srcset=\"https:\/\/www.rsp.com\/wp-content\/uploads\/2025\/03\/teaser_06-1024x576.jpg 1024w, https:\/\/www.rsp.com\/wp-content\/uploads\/2025\/03\/teaser_06-300x169.jpg 300w, https:\/\/www.rsp.com\/wp-content\/uploads\/2025\/03\/teaser_06-768x432.jpg 768w, https:\/\/www.rsp.com\/wp-content\/uploads\/2025\/03\/teaser_06-1536x864.jpg 1536w, https:\/\/www.rsp.com\/wp-content\/uploads\/2025\/03\/teaser_06.jpg 1920w\" sizes=\"auto, (max-width: 800px) 100vw, 800px\" \/>\t\t\t\t\t\t\t\t\t\t\t\t\t\t\t<\/div>\n\t\t\t\t<\/div>\n\t\t\t\t<\/div>\n\t\t\t\t\t<\/div>\n\t\t\t\t<\/div>\n\t\t\t\t<\/div>\n\t\t","protected":false},"excerpt":{"rendered":"<p>Willkommen zur RSP Academy Der technologische Fortschritt ver\u00e4ndert stetig die Arbeitswelt und stellt neue Anforderungen an Bediener und Techniker. Mit der\u00a0RSP Academy\u00a0bleiben Sie und Ihr Team stets auf dem neuesten Stand der Saugbaggertechnik. Unser umfassendes Schulungsprogramm vermittelt praxisnahes Wissen, das Ihnen einen klaren Wettbewerbsvorteil sichert. Die Trainings sind darauf ausgerichtet, Ihre Arbeitsabl\u00e4ufe zu optimieren, Ausfallzeiten [&hellip;]<\/p>\n","protected":false},"author":1,"featured_media":0,"parent":4093,"menu_order":0,"comment_status":"closed","ping_status":"closed","template":"","meta":{"_acf_changed":false,"footnotes":""},"class_list":["post-6149","page","type-page","status-publish","hentry"],"acf":[],"yoast_head":"<!-- This site is optimized with the Yoast SEO Premium plugin v26.9 (Yoast SEO v27.5) - https:\/\/yoast.com\/product\/yoast-seo-premium-wordpress\/ -->\n<title>Academy - RSP<\/title>\n<meta name=\"robots\" content=\"index, follow, max-snippet:-1, max-image-preview:large, max-video-preview:-1\" \/>\n<link rel=\"canonical\" href=\"https:\/\/www.rsp.com\/de\/service\/academy\/\" \/>\n<meta property=\"og:locale\" content=\"de_DE\" \/>\n<meta property=\"og:type\" content=\"article\" \/>\n<meta property=\"og:title\" content=\"Academy\" \/>\n<meta property=\"og:description\" content=\"Willkommen zur RSP Academy Der technologische Fortschritt ver\u00e4ndert stetig die Arbeitswelt und stellt neue Anforderungen an Bediener und Techniker. Mit der\u00a0RSP Academy\u00a0bleiben Sie und Ihr Team stets auf dem neuesten Stand der Saugbaggertechnik. Unser umfassendes Schulungsprogramm vermittelt praxisnahes Wissen, das Ihnen einen klaren Wettbewerbsvorteil sichert. Die Trainings sind darauf ausgerichtet, Ihre Arbeitsabl\u00e4ufe zu optimieren, Ausfallzeiten [&hellip;]\" \/>\n<meta property=\"og:url\" content=\"https:\/\/www.rsp.com\/de\/service\/academy\/\" \/>\n<meta property=\"og:site_name\" content=\"RSP\" \/>\n<meta property=\"article:publisher\" content=\"http:\/\/www.facebook.com\/saugbagger\" \/>\n<meta property=\"article:modified_time\" content=\"2025-04-08T07:36:17+00:00\" \/>\n<meta property=\"og:image\" content=\"https:\/\/www.rsp.com\/wp-content\/uploads\/2025\/03\/teaser_01.jpg\" \/>\n<meta name=\"twitter:card\" content=\"summary_large_image\" \/>\n<meta name=\"twitter:label1\" content=\"Gesch\u00e4tzte Lesezeit\" \/>\n\t<meta name=\"twitter:data1\" content=\"4 Minuten\" \/>\n<script type=\"application\/ld+json\" class=\"yoast-schema-graph\">{\"@context\":\"https:\\\/\\\/schema.org\",\"@graph\":[{\"@type\":\"WebPage\",\"@id\":\"https:\\\/\\\/www.rsp.com\\\/de\\\/service\\\/academy\\\/\",\"url\":\"https:\\\/\\\/www.rsp.com\\\/de\\\/service\\\/academy\\\/\",\"name\":\"Academy - RSP\",\"isPartOf\":{\"@id\":\"https:\\\/\\\/www.rsp.com\\\/de\\\/#website\"},\"primaryImageOfPage\":{\"@id\":\"https:\\\/\\\/www.rsp.com\\\/de\\\/service\\\/academy\\\/#primaryimage\"},\"image\":{\"@id\":\"https:\\\/\\\/www.rsp.com\\\/de\\\/service\\\/academy\\\/#primaryimage\"},\"thumbnailUrl\":\"https:\\\/\\\/www.rsp.com\\\/wp-content\\\/uploads\\\/2025\\\/03\\\/teaser_01.jpg\",\"datePublished\":\"2025-03-27T13:48:15+00:00\",\"dateModified\":\"2025-04-08T07:36:17+00:00\",\"breadcrumb\":{\"@id\":\"https:\\\/\\\/www.rsp.com\\\/de\\\/service\\\/academy\\\/#breadcrumb\"},\"inLanguage\":\"de\",\"potentialAction\":[{\"@type\":\"ReadAction\",\"target\":[\"https:\\\/\\\/www.rsp.com\\\/de\\\/service\\\/academy\\\/\"]}]},{\"@type\":\"ImageObject\",\"inLanguage\":\"de\",\"@id\":\"https:\\\/\\\/www.rsp.com\\\/de\\\/service\\\/academy\\\/#primaryimage\",\"url\":\"https:\\\/\\\/www.rsp.com\\\/wp-content\\\/uploads\\\/2025\\\/03\\\/teaser_01.jpg\",\"contentUrl\":\"https:\\\/\\\/www.rsp.com\\\/wp-content\\\/uploads\\\/2025\\\/03\\\/teaser_01.jpg\"},{\"@type\":\"BreadcrumbList\",\"@id\":\"https:\\\/\\\/www.rsp.com\\\/de\\\/service\\\/academy\\\/#breadcrumb\",\"itemListElement\":[{\"@type\":\"ListItem\",\"position\":1,\"name\":\"Startseite\",\"item\":\"https:\\\/\\\/www.rsp.com\\\/de\\\/\"},{\"@type\":\"ListItem\",\"position\":2,\"name\":\"Service\",\"item\":\"https:\\\/\\\/www.rsp.com\\\/de\\\/service\\\/\"},{\"@type\":\"ListItem\",\"position\":3,\"name\":\"Academy\"}]},{\"@type\":\"WebSite\",\"@id\":\"https:\\\/\\\/www.rsp.com\\\/de\\\/#website\",\"url\":\"https:\\\/\\\/www.rsp.com\\\/de\\\/\",\"name\":\"RSP Saugbagger - Innovate work\",\"description\":\"Innovate Work\",\"publisher\":{\"@id\":\"https:\\\/\\\/www.rsp.com\\\/de\\\/#organization\"},\"potentialAction\":[{\"@type\":\"SearchAction\",\"target\":{\"@type\":\"EntryPoint\",\"urlTemplate\":\"https:\\\/\\\/www.rsp.com\\\/de\\\/?s={search_term_string}\"},\"query-input\":{\"@type\":\"PropertyValueSpecification\",\"valueRequired\":true,\"valueName\":\"search_term_string\"}}],\"inLanguage\":\"de\"},{\"@type\":\"Organization\",\"@id\":\"https:\\\/\\\/www.rsp.com\\\/de\\\/#organization\",\"name\":\"RSP GmbH & Co. KG\",\"alternateName\":\"RSP\",\"url\":\"https:\\\/\\\/www.rsp.com\\\/de\\\/\",\"logo\":{\"@type\":\"ImageObject\",\"inLanguage\":\"de\",\"@id\":\"https:\\\/\\\/www.rsp.com\\\/de\\\/#\\\/schema\\\/logo\\\/image\\\/\",\"url\":\"https:\\\/\\\/www.rsp.com\\\/wp-content\\\/uploads\\\/2025\\\/03\\\/RSP_Logo-cross_Color-pos_sRGB.svg\",\"contentUrl\":\"https:\\\/\\\/www.rsp.com\\\/wp-content\\\/uploads\\\/2025\\\/03\\\/RSP_Logo-cross_Color-pos_sRGB.svg\",\"width\":82,\"height\":82,\"caption\":\"RSP GmbH & Co. KG\"},\"image\":{\"@id\":\"https:\\\/\\\/www.rsp.com\\\/de\\\/#\\\/schema\\\/logo\\\/image\\\/\"},\"sameAs\":[\"http:\\\/\\\/www.facebook.com\\\/saugbagger\",\"https:\\\/\\\/www.instagram.com\\\/suctionexcavator\",\"https:\\\/\\\/www.linkedin.com\\\/company\\\/reschwitzer-saugbagger-produktions-gmbh-rsp-gmbh-\\\/\",\"http:\\\/\\\/www.youtube.com\\\/user\\\/RSPSuctionExcavator\"],\"description\":\"Die RSP GmbH & Co. KG ist f\u00fchrender Hersteller von Saugbaggern und Spezialfahrzeugen f\u00fcr den Einsatz in der Bau-, Versorgungs- und Kommunalwirtschaft. Mit \u00fcber 30 Jahren Erfahrung, einem internationalen Vertriebsnetz und innovativer Technologie bietet RSP leistungsstarke L\u00f6sungen f\u00fcr sicheres und effizientes Arbeiten \u2013 Made in Germany.\",\"email\":\"info@rsp-germany.com\",\"telephone\":\"+49367157210\",\"legalName\":\"RSP GmbH & Co. KG\",\"foundingDate\":\"1993-04-01\",\"vatID\":\"DE158276339\",\"numberOfEmployees\":{\"@type\":\"QuantitativeValue\",\"minValue\":\"501\",\"maxValue\":\"1000\"}}]}<\/script>\n<!-- \/ Yoast SEO Premium plugin. -->","yoast_head_json":{"title":"Academy - RSP","robots":{"index":"index","follow":"follow","max-snippet":"max-snippet:-1","max-image-preview":"max-image-preview:large","max-video-preview":"max-video-preview:-1"},"canonical":"https:\/\/www.rsp.com\/de\/service\/academy\/","og_locale":"de_DE","og_type":"article","og_title":"Academy","og_description":"Willkommen zur RSP Academy Der technologische Fortschritt ver\u00e4ndert stetig die Arbeitswelt und stellt neue Anforderungen an Bediener und Techniker. Mit der\u00a0RSP Academy\u00a0bleiben Sie und Ihr Team stets auf dem neuesten Stand der Saugbaggertechnik. Unser umfassendes Schulungsprogramm vermittelt praxisnahes Wissen, das Ihnen einen klaren Wettbewerbsvorteil sichert. Die Trainings sind darauf ausgerichtet, Ihre Arbeitsabl\u00e4ufe zu optimieren, Ausfallzeiten [&hellip;]","og_url":"https:\/\/www.rsp.com\/de\/service\/academy\/","og_site_name":"RSP","article_publisher":"http:\/\/www.facebook.com\/saugbagger","article_modified_time":"2025-04-08T07:36:17+00:00","og_image":[{"url":"https:\/\/www.rsp.com\/wp-content\/uploads\/2025\/03\/teaser_01.jpg","type":"","width":"","height":""}],"twitter_card":"summary_large_image","twitter_misc":{"Gesch\u00e4tzte Lesezeit":"4 Minuten"},"schema":{"@context":"https:\/\/schema.org","@graph":[{"@type":"WebPage","@id":"https:\/\/www.rsp.com\/de\/service\/academy\/","url":"https:\/\/www.rsp.com\/de\/service\/academy\/","name":"Academy - RSP","isPartOf":{"@id":"https:\/\/www.rsp.com\/de\/#website"},"primaryImageOfPage":{"@id":"https:\/\/www.rsp.com\/de\/service\/academy\/#primaryimage"},"image":{"@id":"https:\/\/www.rsp.com\/de\/service\/academy\/#primaryimage"},"thumbnailUrl":"https:\/\/www.rsp.com\/wp-content\/uploads\/2025\/03\/teaser_01.jpg","datePublished":"2025-03-27T13:48:15+00:00","dateModified":"2025-04-08T07:36:17+00:00","breadcrumb":{"@id":"https:\/\/www.rsp.com\/de\/service\/academy\/#breadcrumb"},"inLanguage":"de","potentialAction":[{"@type":"ReadAction","target":["https:\/\/www.rsp.com\/de\/service\/academy\/"]}]},{"@type":"ImageObject","inLanguage":"de","@id":"https:\/\/www.rsp.com\/de\/service\/academy\/#primaryimage","url":"https:\/\/www.rsp.com\/wp-content\/uploads\/2025\/03\/teaser_01.jpg","contentUrl":"https:\/\/www.rsp.com\/wp-content\/uploads\/2025\/03\/teaser_01.jpg"},{"@type":"BreadcrumbList","@id":"https:\/\/www.rsp.com\/de\/service\/academy\/#breadcrumb","itemListElement":[{"@type":"ListItem","position":1,"name":"Startseite","item":"https:\/\/www.rsp.com\/de\/"},{"@type":"ListItem","position":2,"name":"Service","item":"https:\/\/www.rsp.com\/de\/service\/"},{"@type":"ListItem","position":3,"name":"Academy"}]},{"@type":"WebSite","@id":"https:\/\/www.rsp.com\/de\/#website","url":"https:\/\/www.rsp.com\/de\/","name":"RSP Saugbagger - Innovate work","description":"Innovate Work","publisher":{"@id":"https:\/\/www.rsp.com\/de\/#organization"},"potentialAction":[{"@type":"SearchAction","target":{"@type":"EntryPoint","urlTemplate":"https:\/\/www.rsp.com\/de\/?s={search_term_string}"},"query-input":{"@type":"PropertyValueSpecification","valueRequired":true,"valueName":"search_term_string"}}],"inLanguage":"de"},{"@type":"Organization","@id":"https:\/\/www.rsp.com\/de\/#organization","name":"RSP GmbH & Co. KG","alternateName":"RSP","url":"https:\/\/www.rsp.com\/de\/","logo":{"@type":"ImageObject","inLanguage":"de","@id":"https:\/\/www.rsp.com\/de\/#\/schema\/logo\/image\/","url":"https:\/\/www.rsp.com\/wp-content\/uploads\/2025\/03\/RSP_Logo-cross_Color-pos_sRGB.svg","contentUrl":"https:\/\/www.rsp.com\/wp-content\/uploads\/2025\/03\/RSP_Logo-cross_Color-pos_sRGB.svg","width":82,"height":82,"caption":"RSP GmbH & Co. KG"},"image":{"@id":"https:\/\/www.rsp.com\/de\/#\/schema\/logo\/image\/"},"sameAs":["http:\/\/www.facebook.com\/saugbagger","https:\/\/www.instagram.com\/suctionexcavator","https:\/\/www.linkedin.com\/company\/reschwitzer-saugbagger-produktions-gmbh-rsp-gmbh-\/","http:\/\/www.youtube.com\/user\/RSPSuctionExcavator"],"description":"Die RSP GmbH & Co. KG ist f\u00fchrender Hersteller von Saugbaggern und Spezialfahrzeugen f\u00fcr den Einsatz in der Bau-, Versorgungs- und Kommunalwirtschaft. Mit \u00fcber 30 Jahren Erfahrung, einem internationalen Vertriebsnetz und innovativer Technologie bietet RSP leistungsstarke L\u00f6sungen f\u00fcr sicheres und effizientes Arbeiten \u2013 Made in Germany.","email":"info@rsp-germany.com","telephone":"+49367157210","legalName":"RSP GmbH & Co. KG","foundingDate":"1993-04-01","vatID":"DE158276339","numberOfEmployees":{"@type":"QuantitativeValue","minValue":"501","maxValue":"1000"}}]}},"_links":{"self":[{"href":"https:\/\/www.rsp.com\/de\/wp-json\/wp\/v2\/pages\/6149","targetHints":{"allow":["GET"]}}],"collection":[{"href":"https:\/\/www.rsp.com\/de\/wp-json\/wp\/v2\/pages"}],"about":[{"href":"https:\/\/www.rsp.com\/de\/wp-json\/wp\/v2\/types\/page"}],"author":[{"embeddable":true,"href":"https:\/\/www.rsp.com\/de\/wp-json\/wp\/v2\/users\/1"}],"replies":[{"embeddable":true,"href":"https:\/\/www.rsp.com\/de\/wp-json\/wp\/v2\/comments?post=6149"}],"version-history":[{"count":0,"href":"https:\/\/www.rsp.com\/de\/wp-json\/wp\/v2\/pages\/6149\/revisions"}],"up":[{"embeddable":true,"href":"https:\/\/www.rsp.com\/de\/wp-json\/wp\/v2\/pages\/4093"}],"wp:attachment":[{"href":"https:\/\/www.rsp.com\/de\/wp-json\/wp\/v2\/media?parent=6149"}],"curies":[{"name":"wp","href":"https:\/\/api.w.org\/{rel}","templated":true}]}}