{"id":6199,"date":"2025-03-27T14:06:42","date_gmt":"2025-03-27T14:06:42","guid":{"rendered":"https:\/\/www.rsp.com\/?page_id=6199"},"modified":"2025-04-24T10:46:12","modified_gmt":"2025-04-24T10:46:12","slug":"original-zubehoer","status":"publish","type":"page","link":"https:\/\/www.rsp.com\/de\/service\/original-zubehoer\/","title":{"rendered":"Original Zubeh\u00f6r"},"content":{"rendered":"\t\t<div data-elementor-type=\"wp-page\" data-elementor-id=\"6199\" class=\"elementor elementor-6199\" data-elementor-post-type=\"page\">\n\t\t\t\t<div class=\"elementor-element elementor-element-f8d788a e-flex e-con-boxed e-con e-parent\" data-id=\"f8d788a\" data-element_type=\"container\" data-e-type=\"container\">\n\t\t\t\t\t<div class=\"e-con-inner\">\n\t\t\t\t<div class=\"elementor-element elementor-element-e64c01a elementor-widget elementor-widget-heading\" data-id=\"e64c01a\" data-element_type=\"widget\" data-e-type=\"widget\" data-widget_type=\"heading.default\">\n\t\t\t\t<div class=\"elementor-widget-container\">\n\t\t\t\t\t<h1 class=\"elementor-heading-title elementor-size-default\">Original Zubeh\u00f6r<\/h1>\t\t\t\t<\/div>\n\t\t\t\t<\/div>\n\t\t<div class=\"elementor-element elementor-element-bb02a5f e-grid e-con-full e-con e-child\" data-id=\"bb02a5f\" data-element_type=\"container\" data-e-type=\"container\">\n\t\t<div class=\"elementor-element elementor-element-a715b56 e-con-full e-flex e-con e-child\" data-id=\"a715b56\" data-element_type=\"container\" data-e-type=\"container\">\n\t\t\t\t<div class=\"elementor-element elementor-element-1c09140 elementor-widget elementor-widget-image\" data-id=\"1c09140\" data-element_type=\"widget\" data-e-type=\"widget\" data-widget_type=\"image.default\">\n\t\t\t\t<div class=\"elementor-widget-container\">\n\t\t\t\t\t\t\t\t\t\t\t\t\t\t\t<img loading=\"lazy\" decoding=\"async\" width=\"800\" height=\"800\" src=\"https:\/\/www.rsp.com\/wp-content\/uploads\/2025\/04\/pneumatic_spade.1200x0-1024x1024.png\" class=\"attachment-large size-large wp-image-7114\" alt=\"\" srcset=\"https:\/\/www.rsp.com\/wp-content\/uploads\/2025\/04\/pneumatic_spade.1200x0-1024x1024.png 1024w, https:\/\/www.rsp.com\/wp-content\/uploads\/2025\/04\/pneumatic_spade.1200x0-300x300.png 300w, https:\/\/www.rsp.com\/wp-content\/uploads\/2025\/04\/pneumatic_spade.1200x0-150x150.png 150w, https:\/\/www.rsp.com\/wp-content\/uploads\/2025\/04\/pneumatic_spade.1200x0-768x768.png 768w, https:\/\/www.rsp.com\/wp-content\/uploads\/2025\/04\/pneumatic_spade.1200x0.png 1200w\" sizes=\"auto, (max-width: 800px) 100vw, 800px\" \/>\t\t\t\t\t\t\t\t\t\t\t\t\t\t\t<\/div>\n\t\t\t\t<\/div>\n\t\t\t\t<div class=\"elementor-element elementor-element-8fd80a6 elementor-widget elementor-widget-heading\" data-id=\"8fd80a6\" data-element_type=\"widget\" data-e-type=\"widget\" data-widget_type=\"heading.default\">\n\t\t\t\t<div class=\"elementor-widget-container\">\n\t\t\t\t\t<h2 class=\"elementor-heading-title elementor-size-default\">RSP-Druckluftspaten mit T-Griff<\/h2>\t\t\t\t<\/div>\n\t\t\t\t<\/div>\n\t\t\t\t<div class=\"elementor-element elementor-element-58f016f elementor-widget elementor-widget-text-editor\" data-id=\"58f016f\" data-element_type=\"widget\" data-e-type=\"widget\" data-widget_type=\"text-editor.default\">\n\t\t\t\t<div class=\"elementor-widget-container\">\n\t\t\t\t\t\t\t\t\t<p>Inklusive 10 m Druckluftschlauch, Grabspatenblatt 140 x 200 mm, Flachmei\u00dfel 50 mm und Adapter<\/p><p><strong>Anwendung<\/strong><\/p><ul><li>Pneumatischer Spaten mit niedriger Schlagfrequenz<\/li><li>Hohe Schlagkraft und robuste 18 mm Mei\u00dfelaufnahme<\/li><li>besonders f\u00fcr horizontale Arbeiten geeignet bspw. zum Graben, Aufbrechen, Verdichten und Rammen<\/li><li>D-f\u00f6rmiger Bet\u00e4tigungsk\u00f6rper und seitlicher Griff (verstellbar)<\/li><li>Anti-Vibrationssystem<\/li><\/ul>\t\t\t\t\t\t\t\t<\/div>\n\t\t\t\t<\/div>\n\t\t\t\t<\/div>\n\t\t<div class=\"elementor-element elementor-element-0b4b645 e-con-full e-flex e-con e-child\" data-id=\"0b4b645\" data-element_type=\"container\" data-e-type=\"container\">\n\t\t\t\t<div class=\"elementor-element elementor-element-21f4a59 elementor-widget elementor-widget-image\" data-id=\"21f4a59\" data-element_type=\"widget\" data-e-type=\"widget\" data-widget_type=\"image.default\">\n\t\t\t\t<div class=\"elementor-widget-container\">\n\t\t\t\t\t\t\t\t\t\t\t\t\t\t\t<img loading=\"lazy\" decoding=\"async\" width=\"800\" height=\"800\" src=\"https:\/\/www.rsp.com\/wp-content\/uploads\/2025\/04\/manual_rsp_flat_suction_device.1200x0-1024x1024.png\" class=\"attachment-large size-large wp-image-7111\" alt=\"\" srcset=\"https:\/\/www.rsp.com\/wp-content\/uploads\/2025\/04\/manual_rsp_flat_suction_device.1200x0-1024x1024.png 1024w, https:\/\/www.rsp.com\/wp-content\/uploads\/2025\/04\/manual_rsp_flat_suction_device.1200x0-300x300.png 300w, https:\/\/www.rsp.com\/wp-content\/uploads\/2025\/04\/manual_rsp_flat_suction_device.1200x0-150x150.png 150w, https:\/\/www.rsp.com\/wp-content\/uploads\/2025\/04\/manual_rsp_flat_suction_device.1200x0-768x768.png 768w, https:\/\/www.rsp.com\/wp-content\/uploads\/2025\/04\/manual_rsp_flat_suction_device.1200x0.png 1200w\" sizes=\"auto, (max-width: 800px) 100vw, 800px\" \/>\t\t\t\t\t\t\t\t\t\t\t\t\t\t\t<\/div>\n\t\t\t\t<\/div>\n\t\t\t\t<div class=\"elementor-element elementor-element-eea59b8 elementor-widget elementor-widget-heading\" data-id=\"eea59b8\" data-element_type=\"widget\" data-e-type=\"widget\" data-widget_type=\"heading.default\">\n\t\t\t\t<div class=\"elementor-widget-container\">\n\t\t\t\t\t<h2 class=\"elementor-heading-title elementor-size-default\">Manuelle RSP Flachsaugevorrichtung<\/h2>\t\t\t\t<\/div>\n\t\t\t\t<\/div>\n\t\t\t\t<div class=\"elementor-element elementor-element-8086189 elementor-widget elementor-widget-text-editor\" data-id=\"8086189\" data-element_type=\"widget\" data-e-type=\"widget\" data-widget_type=\"text-editor.default\">\n\t\t\t\t<div class=\"elementor-widget-container\">\n\t\t\t\t\t\t\t\t\t<p>Saugeingang und Griff verstellbar.<\/p><p><strong>Anwendung<\/strong><\/p><ul><li>f\u00fcr ebene Sauganwendungen wie bspw. Flachdachsanierung<\/li><li>f\u00fcr enge oder schwer zug\u00e4ngliche, ebene Fl\u00e4chen<\/li><li>ebene Fl\u00e4chen mit gel\u00f6stem Material wie bspw. Sand und Rundkies<\/li><\/ul>\t\t\t\t\t\t\t\t<\/div>\n\t\t\t\t<\/div>\n\t\t\t\t<\/div>\n\t\t<div class=\"elementor-element elementor-element-89a8ba6 e-con-full e-flex e-con e-child\" data-id=\"89a8ba6\" data-element_type=\"container\" data-e-type=\"container\">\n\t\t\t\t<div class=\"elementor-element elementor-element-63d513a elementor-widget elementor-widget-image\" data-id=\"63d513a\" data-element_type=\"widget\" data-e-type=\"widget\" data-widget_type=\"image.default\">\n\t\t\t\t<div class=\"elementor-widget-container\">\n\t\t\t\t\t\t\t\t\t\t\t\t\t\t\t<img loading=\"lazy\" decoding=\"async\" width=\"800\" height=\"800\" src=\"https:\/\/www.rsp.com\/wp-content\/uploads\/2025\/04\/gummi.1200x0-1024x1024.png\" class=\"attachment-large size-large wp-image-7108\" alt=\"\" srcset=\"https:\/\/www.rsp.com\/wp-content\/uploads\/2025\/04\/gummi.1200x0-1024x1024.png 1024w, https:\/\/www.rsp.com\/wp-content\/uploads\/2025\/04\/gummi.1200x0-300x300.png 300w, https:\/\/www.rsp.com\/wp-content\/uploads\/2025\/04\/gummi.1200x0-150x150.png 150w, https:\/\/www.rsp.com\/wp-content\/uploads\/2025\/04\/gummi.1200x0-768x768.png 768w, https:\/\/www.rsp.com\/wp-content\/uploads\/2025\/04\/gummi.1200x0.png 1200w\" sizes=\"auto, (max-width: 800px) 100vw, 800px\" \/>\t\t\t\t\t\t\t\t\t\t\t\t\t\t\t<\/div>\n\t\t\t\t<\/div>\n\t\t\t\t<div class=\"elementor-element elementor-element-716d893 elementor-widget elementor-widget-heading\" data-id=\"716d893\" data-element_type=\"widget\" data-e-type=\"widget\" data-widget_type=\"heading.default\">\n\t\t\t\t<div class=\"elementor-widget-container\">\n\t\t\t\t\t<h2 class=\"elementor-heading-title elementor-size-default\">RSP Gummistutzen<\/h2>\t\t\t\t<\/div>\n\t\t\t\t<\/div>\n\t\t\t\t<div class=\"elementor-element elementor-element-14b5020 elementor-widget elementor-widget-text-editor\" data-id=\"14b5020\" data-element_type=\"widget\" data-e-type=\"widget\" data-widget_type=\"text-editor.default\">\n\t\t\t\t<div class=\"elementor-widget-container\">\n\t\t\t\t\t\t\t\t\t<p>Inklusive 10 m Druckluftschlauch, Grabspatenblatt 140 x 200 mm, Flachmei\u00dfel 50 mm und Adapter<\/p><p><strong>Anwendung<\/strong><\/p><ul><li>Pneumatischer Spaten mit niedriger Schlagfrequenz<\/li><li>Hohe Schlagkraft und robuste 18 mm Mei\u00dfelaufnahme<\/li><li>besonders f\u00fcr horizontale Arbeiten geeignet bspw. zum Graben, Aufbrechen, Verdichten und Rammen<\/li><li>D-f\u00f6rmiger Bet\u00e4tigungsk\u00f6rper und seitlicher Griff (verstellbar)<\/li><li>Anti-Vibrationssystem<\/li><\/ul>\t\t\t\t\t\t\t\t<\/div>\n\t\t\t\t<\/div>\n\t\t\t\t<\/div>\n\t\t\t\t<\/div>\n\t\t\t\t<div class=\"elementor-element elementor-element-6151343 elementor-widget elementor-widget-text-editor\" data-id=\"6151343\" data-element_type=\"widget\" data-e-type=\"widget\" data-widget_type=\"text-editor.default\">\n\t\t\t\t<div class=\"elementor-widget-container\">\n\t\t\t\t\t\t\t\t\t<p>In unserem neuen Online Shop finden Sie eine Vielzahl an Original Zubeh\u00f6r und Ersatzteilen.<\/p>\t\t\t\t\t\t\t\t<\/div>\n\t\t\t\t<\/div>\n\t\t\t\t<div class=\"elementor-element elementor-element-6fadb2e rsp-button rsp-button-right-invert elementor-widget__width-auto elementor-widget elementor-widget-global elementor-global-7124 elementor-widget-button\" data-id=\"6fadb2e\" data-element_type=\"widget\" data-e-type=\"widget\" data-widget_type=\"button.default\">\n\t\t\t\t<div class=\"elementor-widget-container\">\n\t\t\t\t\t\t\t\t\t<div class=\"elementor-button-wrapper\">\n\t\t\t\t\t<a class=\"elementor-button elementor-button-link elementor-size-sm\" href=\"http:\/\/shop.rsp.com\/\">\n\t\t\t\t\t\t<span class=\"elementor-button-content-wrapper\">\n\t\t\t\t\t\t\t\t\t<span class=\"elementor-button-text\">Zum Shop<\/span>\n\t\t\t\t\t<\/span>\n\t\t\t\t\t<\/a>\n\t\t\t\t<\/div>\n\t\t\t\t\t\t\t\t<\/div>\n\t\t\t\t<\/div>\n\t\t\t\t\t<\/div>\n\t\t\t\t<\/div>\n\t\t\t\t<\/div>\n\t\t","protected":false},"excerpt":{"rendered":"<p>Original Zubeh\u00f6r RSP-Druckluftspaten mit T-Griff Inklusive 10 m Druckluftschlauch, Grabspatenblatt 140 x 200 mm, Flachmei\u00dfel 50 mm und Adapter Anwendung Pneumatischer Spaten mit niedriger Schlagfrequenz Hohe Schlagkraft und robuste 18 mm Mei\u00dfelaufnahme besonders f\u00fcr horizontale Arbeiten geeignet bspw. zum Graben, Aufbrechen, Verdichten und Rammen D-f\u00f6rmiger Bet\u00e4tigungsk\u00f6rper und seitlicher Griff (verstellbar) Anti-Vibrationssystem Manuelle RSP Flachsaugevorrichtung Saugeingang [&hellip;]<\/p>\n","protected":false},"author":1,"featured_media":0,"parent":4093,"menu_order":0,"comment_status":"closed","ping_status":"closed","template":"","meta":{"_acf_changed":false,"footnotes":""},"class_list":["post-6199","page","type-page","status-publish","hentry"],"acf":[],"yoast_head":"<!-- This site is optimized with the Yoast SEO Premium plugin v26.9 (Yoast SEO v27.5) - https:\/\/yoast.com\/product\/yoast-seo-premium-wordpress\/ -->\n<title>Original Zubeh\u00f6r - RSP<\/title>\n<meta name=\"robots\" content=\"index, follow, max-snippet:-1, max-image-preview:large, max-video-preview:-1\" \/>\n<link rel=\"canonical\" href=\"https:\/\/www.rsp.com\/de\/service\/original-zubehoer\/\" \/>\n<meta property=\"og:locale\" content=\"de_DE\" \/>\n<meta property=\"og:type\" content=\"article\" \/>\n<meta property=\"og:title\" content=\"Original Zubeh\u00f6r\" \/>\n<meta property=\"og:description\" content=\"Original Zubeh\u00f6r RSP-Druckluftspaten mit T-Griff Inklusive 10 m Druckluftschlauch, Grabspatenblatt 140 x 200 mm, Flachmei\u00dfel 50 mm und Adapter Anwendung Pneumatischer Spaten mit niedriger Schlagfrequenz Hohe Schlagkraft und robuste 18 mm Mei\u00dfelaufnahme besonders f\u00fcr horizontale Arbeiten geeignet bspw. zum Graben, Aufbrechen, Verdichten und Rammen D-f\u00f6rmiger Bet\u00e4tigungsk\u00f6rper und seitlicher Griff (verstellbar) Anti-Vibrationssystem Manuelle RSP Flachsaugevorrichtung Saugeingang [&hellip;]\" \/>\n<meta property=\"og:url\" content=\"https:\/\/www.rsp.com\/de\/service\/original-zubehoer\/\" \/>\n<meta property=\"og:site_name\" content=\"RSP\" \/>\n<meta property=\"article:publisher\" content=\"http:\/\/www.facebook.com\/saugbagger\" \/>\n<meta property=\"article:modified_time\" content=\"2025-04-24T10:46:12+00:00\" \/>\n<meta property=\"og:image\" content=\"https:\/\/www.rsp.com\/wp-content\/uploads\/2025\/04\/pneumatic_spade.1200x0-1024x1024.png\" \/>\n<meta name=\"twitter:card\" content=\"summary_large_image\" \/>\n<meta name=\"twitter:label1\" content=\"Gesch\u00e4tzte Lesezeit\" \/>\n\t<meta name=\"twitter:data1\" content=\"2 Minuten\" \/>\n<script type=\"application\/ld+json\" class=\"yoast-schema-graph\">{\"@context\":\"https:\\\/\\\/schema.org\",\"@graph\":[{\"@type\":\"WebPage\",\"@id\":\"https:\\\/\\\/www.rsp.com\\\/de\\\/service\\\/original-zubehoer\\\/\",\"url\":\"https:\\\/\\\/www.rsp.com\\\/de\\\/service\\\/original-zubehoer\\\/\",\"name\":\"Original Zubeh\u00f6r - RSP\",\"isPartOf\":{\"@id\":\"https:\\\/\\\/www.rsp.com\\\/de\\\/#website\"},\"primaryImageOfPage\":{\"@id\":\"https:\\\/\\\/www.rsp.com\\\/de\\\/service\\\/original-zubehoer\\\/#primaryimage\"},\"image\":{\"@id\":\"https:\\\/\\\/www.rsp.com\\\/de\\\/service\\\/original-zubehoer\\\/#primaryimage\"},\"thumbnailUrl\":\"https:\\\/\\\/www.rsp.com\\\/wp-content\\\/uploads\\\/2025\\\/04\\\/pneumatic_spade.1200x0-1024x1024.png\",\"datePublished\":\"2025-03-27T14:06:42+00:00\",\"dateModified\":\"2025-04-24T10:46:12+00:00\",\"breadcrumb\":{\"@id\":\"https:\\\/\\\/www.rsp.com\\\/de\\\/service\\\/original-zubehoer\\\/#breadcrumb\"},\"inLanguage\":\"de\",\"potentialAction\":[{\"@type\":\"ReadAction\",\"target\":[\"https:\\\/\\\/www.rsp.com\\\/de\\\/service\\\/original-zubehoer\\\/\"]}]},{\"@type\":\"ImageObject\",\"inLanguage\":\"de\",\"@id\":\"https:\\\/\\\/www.rsp.com\\\/de\\\/service\\\/original-zubehoer\\\/#primaryimage\",\"url\":\"https:\\\/\\\/www.rsp.com\\\/wp-content\\\/uploads\\\/2025\\\/04\\\/pneumatic_spade.1200x0-1024x1024.png\",\"contentUrl\":\"https:\\\/\\\/www.rsp.com\\\/wp-content\\\/uploads\\\/2025\\\/04\\\/pneumatic_spade.1200x0-1024x1024.png\"},{\"@type\":\"BreadcrumbList\",\"@id\":\"https:\\\/\\\/www.rsp.com\\\/de\\\/service\\\/original-zubehoer\\\/#breadcrumb\",\"itemListElement\":[{\"@type\":\"ListItem\",\"position\":1,\"name\":\"Startseite\",\"item\":\"https:\\\/\\\/www.rsp.com\\\/de\\\/\"},{\"@type\":\"ListItem\",\"position\":2,\"name\":\"Service\",\"item\":\"https:\\\/\\\/www.rsp.com\\\/de\\\/service\\\/\"},{\"@type\":\"ListItem\",\"position\":3,\"name\":\"Original Zubeh\u00f6r\"}]},{\"@type\":\"WebSite\",\"@id\":\"https:\\\/\\\/www.rsp.com\\\/de\\\/#website\",\"url\":\"https:\\\/\\\/www.rsp.com\\\/de\\\/\",\"name\":\"RSP Saugbagger - Innovate work\",\"description\":\"Innovate Work\",\"publisher\":{\"@id\":\"https:\\\/\\\/www.rsp.com\\\/de\\\/#organization\"},\"potentialAction\":[{\"@type\":\"SearchAction\",\"target\":{\"@type\":\"EntryPoint\",\"urlTemplate\":\"https:\\\/\\\/www.rsp.com\\\/de\\\/?s={search_term_string}\"},\"query-input\":{\"@type\":\"PropertyValueSpecification\",\"valueRequired\":true,\"valueName\":\"search_term_string\"}}],\"inLanguage\":\"de\"},{\"@type\":\"Organization\",\"@id\":\"https:\\\/\\\/www.rsp.com\\\/de\\\/#organization\",\"name\":\"RSP GmbH & Co. KG\",\"alternateName\":\"RSP\",\"url\":\"https:\\\/\\\/www.rsp.com\\\/de\\\/\",\"logo\":{\"@type\":\"ImageObject\",\"inLanguage\":\"de\",\"@id\":\"https:\\\/\\\/www.rsp.com\\\/de\\\/#\\\/schema\\\/logo\\\/image\\\/\",\"url\":\"https:\\\/\\\/www.rsp.com\\\/wp-content\\\/uploads\\\/2025\\\/03\\\/RSP_Logo-cross_Color-pos_sRGB.svg\",\"contentUrl\":\"https:\\\/\\\/www.rsp.com\\\/wp-content\\\/uploads\\\/2025\\\/03\\\/RSP_Logo-cross_Color-pos_sRGB.svg\",\"width\":82,\"height\":82,\"caption\":\"RSP GmbH & Co. KG\"},\"image\":{\"@id\":\"https:\\\/\\\/www.rsp.com\\\/de\\\/#\\\/schema\\\/logo\\\/image\\\/\"},\"sameAs\":[\"http:\\\/\\\/www.facebook.com\\\/saugbagger\",\"https:\\\/\\\/www.instagram.com\\\/suctionexcavator\",\"https:\\\/\\\/www.linkedin.com\\\/company\\\/reschwitzer-saugbagger-produktions-gmbh-rsp-gmbh-\\\/\",\"http:\\\/\\\/www.youtube.com\\\/user\\\/RSPSuctionExcavator\"],\"description\":\"Die RSP GmbH & Co. KG ist f\u00fchrender Hersteller von Saugbaggern und Spezialfahrzeugen f\u00fcr den Einsatz in der Bau-, Versorgungs- und Kommunalwirtschaft. Mit \u00fcber 30 Jahren Erfahrung, einem internationalen Vertriebsnetz und innovativer Technologie bietet RSP leistungsstarke L\u00f6sungen f\u00fcr sicheres und effizientes Arbeiten \u2013 Made in Germany.\",\"email\":\"info@rsp-germany.com\",\"telephone\":\"+49367157210\",\"legalName\":\"RSP GmbH & Co. KG\",\"foundingDate\":\"1993-04-01\",\"vatID\":\"DE158276339\",\"numberOfEmployees\":{\"@type\":\"QuantitativeValue\",\"minValue\":\"501\",\"maxValue\":\"1000\"}}]}<\/script>\n<!-- \/ Yoast SEO Premium plugin. -->","yoast_head_json":{"title":"Original Zubeh\u00f6r - RSP","robots":{"index":"index","follow":"follow","max-snippet":"max-snippet:-1","max-image-preview":"max-image-preview:large","max-video-preview":"max-video-preview:-1"},"canonical":"https:\/\/www.rsp.com\/de\/service\/original-zubehoer\/","og_locale":"de_DE","og_type":"article","og_title":"Original Zubeh\u00f6r","og_description":"Original Zubeh\u00f6r RSP-Druckluftspaten mit T-Griff Inklusive 10 m Druckluftschlauch, Grabspatenblatt 140 x 200 mm, Flachmei\u00dfel 50 mm und Adapter Anwendung Pneumatischer Spaten mit niedriger Schlagfrequenz Hohe Schlagkraft und robuste 18 mm Mei\u00dfelaufnahme besonders f\u00fcr horizontale Arbeiten geeignet bspw. zum Graben, Aufbrechen, Verdichten und Rammen D-f\u00f6rmiger Bet\u00e4tigungsk\u00f6rper und seitlicher Griff (verstellbar) Anti-Vibrationssystem Manuelle RSP Flachsaugevorrichtung Saugeingang [&hellip;]","og_url":"https:\/\/www.rsp.com\/de\/service\/original-zubehoer\/","og_site_name":"RSP","article_publisher":"http:\/\/www.facebook.com\/saugbagger","article_modified_time":"2025-04-24T10:46:12+00:00","og_image":[{"url":"https:\/\/www.rsp.com\/wp-content\/uploads\/2025\/04\/pneumatic_spade.1200x0-1024x1024.png","type":"","width":"","height":""}],"twitter_card":"summary_large_image","twitter_misc":{"Gesch\u00e4tzte Lesezeit":"2 Minuten"},"schema":{"@context":"https:\/\/schema.org","@graph":[{"@type":"WebPage","@id":"https:\/\/www.rsp.com\/de\/service\/original-zubehoer\/","url":"https:\/\/www.rsp.com\/de\/service\/original-zubehoer\/","name":"Original Zubeh\u00f6r - RSP","isPartOf":{"@id":"https:\/\/www.rsp.com\/de\/#website"},"primaryImageOfPage":{"@id":"https:\/\/www.rsp.com\/de\/service\/original-zubehoer\/#primaryimage"},"image":{"@id":"https:\/\/www.rsp.com\/de\/service\/original-zubehoer\/#primaryimage"},"thumbnailUrl":"https:\/\/www.rsp.com\/wp-content\/uploads\/2025\/04\/pneumatic_spade.1200x0-1024x1024.png","datePublished":"2025-03-27T14:06:42+00:00","dateModified":"2025-04-24T10:46:12+00:00","breadcrumb":{"@id":"https:\/\/www.rsp.com\/de\/service\/original-zubehoer\/#breadcrumb"},"inLanguage":"de","potentialAction":[{"@type":"ReadAction","target":["https:\/\/www.rsp.com\/de\/service\/original-zubehoer\/"]}]},{"@type":"ImageObject","inLanguage":"de","@id":"https:\/\/www.rsp.com\/de\/service\/original-zubehoer\/#primaryimage","url":"https:\/\/www.rsp.com\/wp-content\/uploads\/2025\/04\/pneumatic_spade.1200x0-1024x1024.png","contentUrl":"https:\/\/www.rsp.com\/wp-content\/uploads\/2025\/04\/pneumatic_spade.1200x0-1024x1024.png"},{"@type":"BreadcrumbList","@id":"https:\/\/www.rsp.com\/de\/service\/original-zubehoer\/#breadcrumb","itemListElement":[{"@type":"ListItem","position":1,"name":"Startseite","item":"https:\/\/www.rsp.com\/de\/"},{"@type":"ListItem","position":2,"name":"Service","item":"https:\/\/www.rsp.com\/de\/service\/"},{"@type":"ListItem","position":3,"name":"Original Zubeh\u00f6r"}]},{"@type":"WebSite","@id":"https:\/\/www.rsp.com\/de\/#website","url":"https:\/\/www.rsp.com\/de\/","name":"RSP Saugbagger - Innovate work","description":"Innovate Work","publisher":{"@id":"https:\/\/www.rsp.com\/de\/#organization"},"potentialAction":[{"@type":"SearchAction","target":{"@type":"EntryPoint","urlTemplate":"https:\/\/www.rsp.com\/de\/?s={search_term_string}"},"query-input":{"@type":"PropertyValueSpecification","valueRequired":true,"valueName":"search_term_string"}}],"inLanguage":"de"},{"@type":"Organization","@id":"https:\/\/www.rsp.com\/de\/#organization","name":"RSP GmbH & Co. KG","alternateName":"RSP","url":"https:\/\/www.rsp.com\/de\/","logo":{"@type":"ImageObject","inLanguage":"de","@id":"https:\/\/www.rsp.com\/de\/#\/schema\/logo\/image\/","url":"https:\/\/www.rsp.com\/wp-content\/uploads\/2025\/03\/RSP_Logo-cross_Color-pos_sRGB.svg","contentUrl":"https:\/\/www.rsp.com\/wp-content\/uploads\/2025\/03\/RSP_Logo-cross_Color-pos_sRGB.svg","width":82,"height":82,"caption":"RSP GmbH & Co. KG"},"image":{"@id":"https:\/\/www.rsp.com\/de\/#\/schema\/logo\/image\/"},"sameAs":["http:\/\/www.facebook.com\/saugbagger","https:\/\/www.instagram.com\/suctionexcavator","https:\/\/www.linkedin.com\/company\/reschwitzer-saugbagger-produktions-gmbh-rsp-gmbh-\/","http:\/\/www.youtube.com\/user\/RSPSuctionExcavator"],"description":"Die RSP GmbH & Co. KG ist f\u00fchrender Hersteller von Saugbaggern und Spezialfahrzeugen f\u00fcr den Einsatz in der Bau-, Versorgungs- und Kommunalwirtschaft. Mit \u00fcber 30 Jahren Erfahrung, einem internationalen Vertriebsnetz und innovativer Technologie bietet RSP leistungsstarke L\u00f6sungen f\u00fcr sicheres und effizientes Arbeiten \u2013 Made in Germany.","email":"info@rsp-germany.com","telephone":"+49367157210","legalName":"RSP GmbH & Co. KG","foundingDate":"1993-04-01","vatID":"DE158276339","numberOfEmployees":{"@type":"QuantitativeValue","minValue":"501","maxValue":"1000"}}]}},"_links":{"self":[{"href":"https:\/\/www.rsp.com\/de\/wp-json\/wp\/v2\/pages\/6199","targetHints":{"allow":["GET"]}}],"collection":[{"href":"https:\/\/www.rsp.com\/de\/wp-json\/wp\/v2\/pages"}],"about":[{"href":"https:\/\/www.rsp.com\/de\/wp-json\/wp\/v2\/types\/page"}],"author":[{"embeddable":true,"href":"https:\/\/www.rsp.com\/de\/wp-json\/wp\/v2\/users\/1"}],"replies":[{"embeddable":true,"href":"https:\/\/www.rsp.com\/de\/wp-json\/wp\/v2\/comments?post=6199"}],"version-history":[{"count":0,"href":"https:\/\/www.rsp.com\/de\/wp-json\/wp\/v2\/pages\/6199\/revisions"}],"up":[{"embeddable":true,"href":"https:\/\/www.rsp.com\/de\/wp-json\/wp\/v2\/pages\/4093"}],"wp:attachment":[{"href":"https:\/\/www.rsp.com\/de\/wp-json\/wp\/v2\/media?parent=6199"}],"curies":[{"name":"wp","href":"https:\/\/api.w.org\/{rel}","templated":true}]}}