{"id":7157,"date":"2025-04-02T18:24:58","date_gmt":"2025-04-02T18:24:58","guid":{"rendered":"https:\/\/www.rsp.com\/?page_id=7157"},"modified":"2026-03-30T09:51:08","modified_gmt":"2026-03-30T09:51:08","slug":"connect","status":"publish","type":"page","link":"https:\/\/www.rsp.com\/de\/service\/connect\/","title":{"rendered":"Connect"},"content":{"rendered":"\t\t<div data-elementor-type=\"wp-page\" data-elementor-id=\"7157\" class=\"elementor elementor-7157\" data-elementor-post-type=\"page\">\n\t\t\t\t<div class=\"elementor-element elementor-element-1d2ca17 e-flex e-con-boxed e-con e-parent\" data-id=\"1d2ca17\" data-element_type=\"container\" data-e-type=\"container\">\n\t\t\t\t\t<div class=\"e-con-inner\">\n\t\t\t\t<div class=\"elementor-element elementor-element-d14913b elementor-widget elementor-widget-heading\" data-id=\"d14913b\" data-element_type=\"widget\" data-e-type=\"widget\" data-widget_type=\"heading.default\">\n\t\t\t\t<div class=\"elementor-widget-container\">\n\t\t\t\t\t<h1 class=\"elementor-heading-title elementor-size-default\">RSP Connect<\/h1>\t\t\t\t<\/div>\n\t\t\t\t<\/div>\n\t\t\t\t\t<\/div>\n\t\t\t\t<\/div>\n\t\t<div class=\"elementor-element elementor-element-b21d498 e-grid e-con-boxed e-con e-parent\" data-id=\"b21d498\" data-element_type=\"container\" data-e-type=\"container\">\n\t\t\t\t\t<div class=\"e-con-inner\">\n\t\t\t\t\t\t\t\n\t\t<img class=\"e-image-base \" \n\t\t\t\t\tdata-interaction-id=\"788c903\" \n\t\t \n\t\t data-e-type=\"widget\" data-id=\"788c903\"\n\t\t\t\t\t\t\t\t\tid=\"7159\"\n\t\t\t\t\t\t\t\t\t\t\t\tsrc=\"https:\/\/www.rsp.com\/wp-content\/uploads\/2025\/04\/connect-1.png\"\n\t\t\t\t\t\t\t\t\t\t\t\twidth=\"768\"\n\t\t\t\t\t\t\t\t\t\t\t\theight=\"432\"\n\t\t\t\t\t\t\t\t\t\t\t\tsrcset=\"\"\n\t\t\t\t\t\t\t\t\t\t\t\talt=\"\"\n\t\t\t\t\t\t\/>\n\t\t\t<div class=\"elementor-element elementor-element-1fe3522 e-con-full e-flex e-con e-child\" data-id=\"1fe3522\" data-element_type=\"container\" data-e-type=\"container\">\n\t\t\t\t<div class=\"elementor-element elementor-element-12c2bb6 elementor-widget elementor-widget-heading\" data-id=\"12c2bb6\" data-element_type=\"widget\" data-e-type=\"widget\" data-widget_type=\"heading.default\">\n\t\t\t\t<div class=\"elementor-widget-container\">\n\t\t\t\t\t<h2 class=\"elementor-heading-title elementor-size-default\">Unser leistungsstarkes Telematiksystem<\/h2>\t\t\t\t<\/div>\n\t\t\t\t<\/div>\n\t\t\t\t<div class=\"elementor-element elementor-element-f49669f elementor-widget elementor-widget-text-editor\" data-id=\"f49669f\" data-element_type=\"widget\" data-e-type=\"widget\" data-widget_type=\"text-editor.default\">\n\t\t\t\t<div class=\"elementor-widget-container\">\n\t\t\t\t\t\t\t\t\t<p>Mit\u00a0<strong>RSP CONNECT<\/strong>, unserem\u00a0<strong>innovativen Telematik-System<\/strong>, behalten Sie jederzeit den \u00dcberblick \u00fcber den\u00a0<strong>Zustand und Standort<\/strong>\u00a0Ihrer\u00a0<strong>Saugbaggerflotte<\/strong>. Die\u00a0<strong>digitale L\u00f6sung<\/strong>\u00a0erm\u00f6glicht eine umfassende\u00a0<strong>\u00dcberwachung s\u00e4mtlicher Maschinenfunktionen<\/strong>\u00a0\u2013 ob am\u00a0<strong>PC oder per App<\/strong>.<\/p><p><strong>RSP CONNECT<\/strong>\u00a0bietet Ihnen nicht nur\u00a0<strong>Kontrolle<\/strong>, sondern auch\u00a0<strong>volle Transparenz \u00fcber s\u00e4mtliche Betriebsdaten<\/strong>. Sie erhalten\u00a0<strong>detaillierte Informationen zu Betriebsstunden<\/strong>, die wertvolle Einblicke in die\u00a0<strong>Nutzung und Auslastung<\/strong>\u00a0der Maschine geben. So l\u00e4sst sich auf einen Blick erkennen,\u00a0<strong>wie effizient Ihre Saugbagger im Einsatz sind<\/strong>\u00a0und wo\u00a0<strong>m\u00f6gliche Optimierungen<\/strong>\u00a0angesetzt werden k\u00f6nnen.\u00a0<strong>Intelligente Alarmfunktionen<\/strong>\u00a0informieren Sie\u00a0<strong>per E-Mail<\/strong>\u00a0\u00fcber\u00a0<strong>notwendige Wartungen oder sicherheitsrelevante Ereignisse<\/strong>\u00a0\u2013 so bleiben Ihre Maschinen\u00a0<strong>stets einsatzbereit<\/strong>.<\/p>\t\t\t\t\t\t\t\t<\/div>\n\t\t\t\t<\/div>\n\t\t\t\t<\/div>\n\t\t<div class=\"elementor-element elementor-element-ae90d1b e-con-full e-flex e-con e-child\" data-id=\"ae90d1b\" data-element_type=\"container\" data-e-type=\"container\">\n\t\t\t\t<div class=\"elementor-element elementor-element-a07c9e7 elementor-widget elementor-widget-heading\" data-id=\"a07c9e7\" data-element_type=\"widget\" data-e-type=\"widget\" data-widget_type=\"heading.default\">\n\t\t\t\t<div class=\"elementor-widget-container\">\n\t\t\t\t\t<h2 class=\"elementor-heading-title elementor-size-default\">Flottenmanagement leicht gemacht<\/h2>\t\t\t\t<\/div>\n\t\t\t\t<\/div>\n\t\t\t\t<div class=\"elementor-element elementor-element-75e00cf elementor-widget elementor-widget-text-editor\" data-id=\"75e00cf\" data-element_type=\"widget\" data-e-type=\"widget\" data-widget_type=\"text-editor.default\">\n\t\t\t\t<div class=\"elementor-widget-container\">\n\t\t\t\t\t\t\t\t\t<p>Neben der\u00a0<strong>genauen Zustands\u00fcberwachung<\/strong>\u00a0erm\u00f6glicht\u00a0<strong>RSP CONNECT<\/strong>\u00a0auch die\u00a0<strong>Standortverfolgung Ihrer gesamten Flotte<\/strong>. Durch die\u00a0<strong>\u00fcbersichtliche Darstellung aller Maschinenpositionen<\/strong>\u00a0k\u00f6nnen\u00a0<strong>Eins\u00e4tze optimal koordiniert<\/strong>\u00a0und\u00a0<strong>Arbeitsprozesse effizienter gestaltet<\/strong>\u00a0werden.\u00a0<strong>Die Daten\u00fcbertragung erfolgt sicher und kontrolliert<\/strong>, um\u00a0<strong>maximale Datensicherheit<\/strong>\u00a0zu gew\u00e4hrleisten.<\/p><p>Die\u00a0<strong>mobile Version von RSP CONNECT<\/strong>, verf\u00fcgbar \u00fcber die\u00a0<strong>RSP CONNECT mobile App<\/strong>, erlaubt Ihnen zudem den\u00a0<strong>Zugriff auf alle wesentlichen Informationen jederzeit und \u00fcberall<\/strong>. Egal, ob\u00a0<strong>unterwegs auf der Baustelle oder im B\u00fcro<\/strong>\u00a0\u2013 Sie behalten\u00a0<strong>stets die Kontrolle<\/strong>. Dies\u00a0<strong>spart nicht nur Zeit und Kosten, sondern erm\u00f6glicht auch eine flexible Einsatzplanung<\/strong>.<\/p>\t\t\t\t\t\t\t\t<\/div>\n\t\t\t\t<\/div>\n\t\t\t\t<\/div>\n\t\t\t\t<div class=\"elementor-element elementor-element-3484795 elementor-invisible elementor-widget elementor-widget-image\" data-id=\"3484795\" data-element_type=\"widget\" data-e-type=\"widget\" data-settings=\"{&quot;motion_fx_motion_fx_scrolling&quot;:&quot;yes&quot;,&quot;_animation&quot;:&quot;slideInRight&quot;,&quot;_animation_delay&quot;:300,&quot;motion_fx_devices&quot;:[&quot;widescreen&quot;,&quot;desktop&quot;,&quot;tablet&quot;,&quot;mobile&quot;]}\" data-widget_type=\"image.default\">\n\t\t\t\t<div class=\"elementor-widget-container\">\n\t\t\t\t\t\t\t\t\t\t\t\t\t\t\t<img loading=\"lazy\" decoding=\"async\" width=\"800\" height=\"450\" src=\"https:\/\/www.rsp.com\/wp-content\/uploads\/2025\/04\/connect-2-1024x576.png\" class=\"attachment-large size-large wp-image-7162\" alt=\"\" srcset=\"https:\/\/www.rsp.com\/wp-content\/uploads\/2025\/04\/connect-2-1024x576.png 1024w, https:\/\/www.rsp.com\/wp-content\/uploads\/2025\/04\/connect-2-300x169.png 300w, https:\/\/www.rsp.com\/wp-content\/uploads\/2025\/04\/connect-2-768x432.png 768w, https:\/\/www.rsp.com\/wp-content\/uploads\/2025\/04\/connect-2-1536x864.png 1536w, https:\/\/www.rsp.com\/wp-content\/uploads\/2025\/04\/connect-2.png 1920w\" sizes=\"auto, (max-width: 800px) 100vw, 800px\" \/>\t\t\t\t\t\t\t\t\t\t\t\t\t\t\t<\/div>\n\t\t\t\t<\/div>\n\t\t\t\t<div class=\"elementor-element elementor-element-f8af934 elementor-invisible elementor-widget elementor-widget-image\" data-id=\"f8af934\" data-element_type=\"widget\" data-e-type=\"widget\" data-settings=\"{&quot;_animation&quot;:&quot;slideInLeft&quot;,&quot;_animation_delay&quot;:300}\" data-widget_type=\"image.default\">\n\t\t\t\t<div class=\"elementor-widget-container\">\n\t\t\t\t\t\t\t\t\t\t\t\t\t\t\t<img loading=\"lazy\" decoding=\"async\" width=\"800\" height=\"450\" src=\"https:\/\/www.rsp.com\/wp-content\/uploads\/2025\/04\/connect-3.png\" class=\"attachment-large size-large wp-image-7165\" alt=\"\" \/>\t\t\t\t\t\t\t\t\t\t\t\t\t\t\t<\/div>\n\t\t\t\t<\/div>\n\t\t<div class=\"elementor-element elementor-element-28b0e08 e-con-full e-flex e-con e-child\" data-id=\"28b0e08\" data-element_type=\"container\" data-e-type=\"container\">\n\t\t\t\t<div class=\"elementor-element elementor-element-dc0b4cf elementor-widget elementor-widget-heading\" data-id=\"dc0b4cf\" data-element_type=\"widget\" data-e-type=\"widget\" data-widget_type=\"heading.default\">\n\t\t\t\t<div class=\"elementor-widget-container\">\n\t\t\t\t\t<h2 class=\"elementor-heading-title elementor-size-default\">Volle Transparenz \u00fcber Betriebsdaten Ihres Saugbaggers<\/h2>\t\t\t\t<\/div>\n\t\t\t\t<\/div>\n\t\t\t\t<div class=\"elementor-element elementor-element-97d8b0c elementor-widget elementor-widget-text-editor\" data-id=\"97d8b0c\" data-element_type=\"widget\" data-e-type=\"widget\" data-widget_type=\"text-editor.default\">\n\t\t\t\t<div class=\"elementor-widget-container\">\n\t\t\t\t\t\t\t\t\t<p>Mit\u00a0<strong>RSP CONNECT<\/strong>\u00a0profitieren Sie von einem\u00a0<strong>leistungsstarken Telematik-System<\/strong>, das\u00a0<strong>Kontrolle, Effizienz und Transparenz<\/strong>\u00a0in den\u00a0<strong>t\u00e4glichen Einsatz Ihrer Saugbagger<\/strong>\u00a0bringt \u2013 f\u00fcr\u00a0<strong>einen reibungslosen Betrieb, reduzierte Ausfallzeiten und maximale Produktivit\u00e4t<\/strong>.<\/p>\t\t\t\t\t\t\t\t<\/div>\n\t\t\t\t<\/div>\n\t\t\t\t<\/div>\n\t\t\t\t\t<\/div>\n\t\t\t\t<\/div>\n\t\t<div class=\"elementor-element elementor-element-a4f5099 e-flex e-con-boxed e-con e-parent\" data-id=\"a4f5099\" data-element_type=\"container\" data-e-type=\"container\">\n\t\t\t\t\t<div class=\"e-con-inner\">\n\t\t\t\t<div class=\"elementor-element elementor-element-f0faf14 elementor-widget__width-inherit elementor-widget elementor-widget-heading\" data-id=\"f0faf14\" data-element_type=\"widget\" data-e-type=\"widget\" data-widget_type=\"heading.default\">\n\t\t\t\t<div class=\"elementor-widget-container\">\n\t\t\t\t\t<h2 class=\"elementor-heading-title elementor-size-default\">Jetzt herunterladen<\/h2>\t\t\t\t<\/div>\n\t\t\t\t<\/div>\n\t\t\t\t<div class=\"elementor-element elementor-element-29db851 elementor-widget elementor-widget-image\" data-id=\"29db851\" data-element_type=\"widget\" data-e-type=\"widget\" data-widget_type=\"image.default\">\n\t\t\t\t<div class=\"elementor-widget-container\">\n\t\t\t\t\t\t\t\t\t\t\t\t\t\t\t\t<a href=\"https:\/\/play.google.com\/store\/apps\/details?id=com.proemion.machinecompanion.rsp\" target=\"_blank\">\n\t\t\t\t\t\t\t<img decoding=\"async\" src=\"https:\/\/www.rsp.com\/wp-content\/uploads\/elementor\/thumbs\/GetItOnGooglePlay_Badge_Web_color_German-rblsd6bvkvzkcr97jripxo9dq38uhimkiovbdgh3i8.png\" title=\"GetItOnGooglePlay_Badge_Web_color_German\" alt=\"GetItOnGooglePlay_Badge_Web_color_German\" loading=\"lazy\" \/>\t\t\t\t\t\t\t\t<\/a>\n\t\t\t\t\t\t\t\t\t\t\t\t\t\t\t<\/div>\n\t\t\t\t<\/div>\n\t\t\t\t<div class=\"elementor-element elementor-element-31514be elementor-widget elementor-widget-image\" data-id=\"31514be\" data-element_type=\"widget\" data-e-type=\"widget\" data-widget_type=\"image.default\">\n\t\t\t\t<div class=\"elementor-widget-container\">\n\t\t\t\t\t\t\t\t\t\t\t\t\t\t\t\t<a href=\"https:\/\/apps.apple.com\/de\/app\/rsp-connect-mobile\/id6739540641\" target=\"_blank\">\n\t\t\t\t\t\t\t<img decoding=\"async\" src=\"https:\/\/www.rsp.com\/wp-content\/uploads\/elementor\/thumbs\/appstore-de-rblskep65zvzoqr0be2dmck29tlipoc7uhktb3r1mo.png\" title=\"appstore-de\" alt=\"appstore-de\" loading=\"lazy\" \/>\t\t\t\t\t\t\t\t<\/a>\n\t\t\t\t\t\t\t\t\t\t\t\t\t\t\t<\/div>\n\t\t\t\t<\/div>\n\t\t\t\t\t<\/div>\n\t\t\t\t<\/div>\n\t\t\t\t<\/div>\n\t\t","protected":false},"excerpt":{"rendered":"<p>RSP Connect Unser leistungsstarkes Telematiksystem Mit\u00a0RSP CONNECT, unserem\u00a0innovativen Telematik-System, behalten Sie jederzeit den \u00dcberblick \u00fcber den\u00a0Zustand und Standort\u00a0Ihrer\u00a0Saugbaggerflotte. Die\u00a0digitale L\u00f6sung\u00a0erm\u00f6glicht eine umfassende\u00a0\u00dcberwachung s\u00e4mtlicher Maschinenfunktionen\u00a0\u2013 ob am\u00a0PC oder per App. RSP CONNECT\u00a0bietet Ihnen nicht nur\u00a0Kontrolle, sondern auch\u00a0volle Transparenz \u00fcber s\u00e4mtliche Betriebsdaten. Sie erhalten\u00a0detaillierte Informationen zu Betriebsstunden, die wertvolle Einblicke in die\u00a0Nutzung und Auslastung\u00a0der Maschine geben. So [&hellip;]<\/p>\n","protected":false},"author":1,"featured_media":0,"parent":4093,"menu_order":0,"comment_status":"closed","ping_status":"closed","template":"","meta":{"_acf_changed":false,"footnotes":""},"class_list":["post-7157","page","type-page","status-publish","hentry"],"acf":[],"yoast_head":"<!-- This site is optimized with the Yoast SEO Premium plugin v26.9 (Yoast SEO v27.4) - https:\/\/yoast.com\/product\/yoast-seo-premium-wordpress\/ -->\n<title>Connect - RSP<\/title>\n<meta name=\"robots\" content=\"index, follow, max-snippet:-1, max-image-preview:large, max-video-preview:-1\" \/>\n<link rel=\"canonical\" href=\"https:\/\/www.rsp.com\/de\/service\/connect\/\" \/>\n<meta property=\"og:locale\" content=\"de_DE\" \/>\n<meta property=\"og:type\" content=\"article\" \/>\n<meta property=\"og:title\" content=\"Connect\" \/>\n<meta property=\"og:description\" content=\"RSP Connect Unser leistungsstarkes Telematiksystem Mit\u00a0RSP CONNECT, unserem\u00a0innovativen Telematik-System, behalten Sie jederzeit den \u00dcberblick \u00fcber den\u00a0Zustand und Standort\u00a0Ihrer\u00a0Saugbaggerflotte. Die\u00a0digitale L\u00f6sung\u00a0erm\u00f6glicht eine umfassende\u00a0\u00dcberwachung s\u00e4mtlicher Maschinenfunktionen\u00a0\u2013 ob am\u00a0PC oder per App. RSP CONNECT\u00a0bietet Ihnen nicht nur\u00a0Kontrolle, sondern auch\u00a0volle Transparenz \u00fcber s\u00e4mtliche Betriebsdaten. Sie erhalten\u00a0detaillierte Informationen zu Betriebsstunden, die wertvolle Einblicke in die\u00a0Nutzung und Auslastung\u00a0der Maschine geben. So [&hellip;]\" \/>\n<meta property=\"og:url\" content=\"https:\/\/www.rsp.com\/de\/service\/connect\/\" \/>\n<meta property=\"og:site_name\" content=\"RSP\" \/>\n<meta property=\"article:publisher\" content=\"http:\/\/www.facebook.com\/saugbagger\" \/>\n<meta property=\"article:modified_time\" content=\"2026-03-30T09:51:08+00:00\" \/>\n<meta property=\"og:image\" content=\"https:\/\/www.rsp.com\/wp-content\/uploads\/2025\/04\/connect-1.png\" \/>\n<meta name=\"twitter:card\" content=\"summary_large_image\" \/>\n<meta name=\"twitter:label1\" content=\"Gesch\u00e4tzte Lesezeit\" \/>\n\t<meta name=\"twitter:data1\" content=\"4 Minuten\" \/>\n<script type=\"application\/ld+json\" class=\"yoast-schema-graph\">{\"@context\":\"https:\\\/\\\/schema.org\",\"@graph\":[{\"@type\":\"WebPage\",\"@id\":\"https:\\\/\\\/www.rsp.com\\\/de\\\/service\\\/connect\\\/\",\"url\":\"https:\\\/\\\/www.rsp.com\\\/de\\\/service\\\/connect\\\/\",\"name\":\"Connect - RSP\",\"isPartOf\":{\"@id\":\"https:\\\/\\\/www.rsp.com\\\/de\\\/#website\"},\"primaryImageOfPage\":{\"@id\":\"https:\\\/\\\/www.rsp.com\\\/de\\\/service\\\/connect\\\/#primaryimage\"},\"image\":{\"@id\":\"https:\\\/\\\/www.rsp.com\\\/de\\\/service\\\/connect\\\/#primaryimage\"},\"thumbnailUrl\":\"https:\\\/\\\/www.rsp.com\\\/wp-content\\\/uploads\\\/2025\\\/04\\\/connect-1.png\",\"datePublished\":\"2025-04-02T18:24:58+00:00\",\"dateModified\":\"2026-03-30T09:51:08+00:00\",\"breadcrumb\":{\"@id\":\"https:\\\/\\\/www.rsp.com\\\/de\\\/service\\\/connect\\\/#breadcrumb\"},\"inLanguage\":\"de\",\"potentialAction\":[{\"@type\":\"ReadAction\",\"target\":[\"https:\\\/\\\/www.rsp.com\\\/de\\\/service\\\/connect\\\/\"]}]},{\"@type\":\"ImageObject\",\"inLanguage\":\"de\",\"@id\":\"https:\\\/\\\/www.rsp.com\\\/de\\\/service\\\/connect\\\/#primaryimage\",\"url\":\"https:\\\/\\\/www.rsp.com\\\/wp-content\\\/uploads\\\/2025\\\/04\\\/connect-1.png\",\"contentUrl\":\"https:\\\/\\\/www.rsp.com\\\/wp-content\\\/uploads\\\/2025\\\/04\\\/connect-1.png\"},{\"@type\":\"BreadcrumbList\",\"@id\":\"https:\\\/\\\/www.rsp.com\\\/de\\\/service\\\/connect\\\/#breadcrumb\",\"itemListElement\":[{\"@type\":\"ListItem\",\"position\":1,\"name\":\"Startseite\",\"item\":\"https:\\\/\\\/www.rsp.com\\\/de\\\/\"},{\"@type\":\"ListItem\",\"position\":2,\"name\":\"Service\",\"item\":\"https:\\\/\\\/www.rsp.com\\\/de\\\/service\\\/\"},{\"@type\":\"ListItem\",\"position\":3,\"name\":\"Connect\"}]},{\"@type\":\"WebSite\",\"@id\":\"https:\\\/\\\/www.rsp.com\\\/de\\\/#website\",\"url\":\"https:\\\/\\\/www.rsp.com\\\/de\\\/\",\"name\":\"RSP Saugbagger - Innovate work\",\"description\":\"Innovate Work\",\"publisher\":{\"@id\":\"https:\\\/\\\/www.rsp.com\\\/de\\\/#organization\"},\"potentialAction\":[{\"@type\":\"SearchAction\",\"target\":{\"@type\":\"EntryPoint\",\"urlTemplate\":\"https:\\\/\\\/www.rsp.com\\\/de\\\/?s={search_term_string}\"},\"query-input\":{\"@type\":\"PropertyValueSpecification\",\"valueRequired\":true,\"valueName\":\"search_term_string\"}}],\"inLanguage\":\"de\"},{\"@type\":\"Organization\",\"@id\":\"https:\\\/\\\/www.rsp.com\\\/de\\\/#organization\",\"name\":\"RSP GmbH & Co. KG\",\"alternateName\":\"RSP\",\"url\":\"https:\\\/\\\/www.rsp.com\\\/de\\\/\",\"logo\":{\"@type\":\"ImageObject\",\"inLanguage\":\"de\",\"@id\":\"https:\\\/\\\/www.rsp.com\\\/de\\\/#\\\/schema\\\/logo\\\/image\\\/\",\"url\":\"https:\\\/\\\/www.rsp.com\\\/wp-content\\\/uploads\\\/2025\\\/03\\\/RSP_Logo-cross_Color-pos_sRGB.svg\",\"contentUrl\":\"https:\\\/\\\/www.rsp.com\\\/wp-content\\\/uploads\\\/2025\\\/03\\\/RSP_Logo-cross_Color-pos_sRGB.svg\",\"width\":82,\"height\":82,\"caption\":\"RSP GmbH & Co. KG\"},\"image\":{\"@id\":\"https:\\\/\\\/www.rsp.com\\\/de\\\/#\\\/schema\\\/logo\\\/image\\\/\"},\"sameAs\":[\"http:\\\/\\\/www.facebook.com\\\/saugbagger\",\"https:\\\/\\\/www.instagram.com\\\/suctionexcavator\",\"https:\\\/\\\/www.linkedin.com\\\/company\\\/reschwitzer-saugbagger-produktions-gmbh-rsp-gmbh-\\\/\",\"http:\\\/\\\/www.youtube.com\\\/user\\\/RSPSuctionExcavator\"],\"description\":\"Die RSP GmbH & Co. KG ist f\u00fchrender Hersteller von Saugbaggern und Spezialfahrzeugen f\u00fcr den Einsatz in der Bau-, Versorgungs- und Kommunalwirtschaft. Mit \u00fcber 30 Jahren Erfahrung, einem internationalen Vertriebsnetz und innovativer Technologie bietet RSP leistungsstarke L\u00f6sungen f\u00fcr sicheres und effizientes Arbeiten \u2013 Made in Germany.\",\"email\":\"info@rsp-germany.com\",\"telephone\":\"+49367157210\",\"legalName\":\"RSP GmbH & Co. KG\",\"foundingDate\":\"1993-04-01\",\"vatID\":\"DE158276339\",\"numberOfEmployees\":{\"@type\":\"QuantitativeValue\",\"minValue\":\"501\",\"maxValue\":\"1000\"}}]}<\/script>\n<!-- \/ Yoast SEO Premium plugin. -->","yoast_head_json":{"title":"Connect - RSP","robots":{"index":"index","follow":"follow","max-snippet":"max-snippet:-1","max-image-preview":"max-image-preview:large","max-video-preview":"max-video-preview:-1"},"canonical":"https:\/\/www.rsp.com\/de\/service\/connect\/","og_locale":"de_DE","og_type":"article","og_title":"Connect","og_description":"RSP Connect Unser leistungsstarkes Telematiksystem Mit\u00a0RSP CONNECT, unserem\u00a0innovativen Telematik-System, behalten Sie jederzeit den \u00dcberblick \u00fcber den\u00a0Zustand und Standort\u00a0Ihrer\u00a0Saugbaggerflotte. Die\u00a0digitale L\u00f6sung\u00a0erm\u00f6glicht eine umfassende\u00a0\u00dcberwachung s\u00e4mtlicher Maschinenfunktionen\u00a0\u2013 ob am\u00a0PC oder per App. RSP CONNECT\u00a0bietet Ihnen nicht nur\u00a0Kontrolle, sondern auch\u00a0volle Transparenz \u00fcber s\u00e4mtliche Betriebsdaten. Sie erhalten\u00a0detaillierte Informationen zu Betriebsstunden, die wertvolle Einblicke in die\u00a0Nutzung und Auslastung\u00a0der Maschine geben. So [&hellip;]","og_url":"https:\/\/www.rsp.com\/de\/service\/connect\/","og_site_name":"RSP","article_publisher":"http:\/\/www.facebook.com\/saugbagger","article_modified_time":"2026-03-30T09:51:08+00:00","og_image":[{"url":"https:\/\/www.rsp.com\/wp-content\/uploads\/2025\/04\/connect-1.png","type":"","width":"","height":""}],"twitter_card":"summary_large_image","twitter_misc":{"Gesch\u00e4tzte Lesezeit":"4 Minuten"},"schema":{"@context":"https:\/\/schema.org","@graph":[{"@type":"WebPage","@id":"https:\/\/www.rsp.com\/de\/service\/connect\/","url":"https:\/\/www.rsp.com\/de\/service\/connect\/","name":"Connect - RSP","isPartOf":{"@id":"https:\/\/www.rsp.com\/de\/#website"},"primaryImageOfPage":{"@id":"https:\/\/www.rsp.com\/de\/service\/connect\/#primaryimage"},"image":{"@id":"https:\/\/www.rsp.com\/de\/service\/connect\/#primaryimage"},"thumbnailUrl":"https:\/\/www.rsp.com\/wp-content\/uploads\/2025\/04\/connect-1.png","datePublished":"2025-04-02T18:24:58+00:00","dateModified":"2026-03-30T09:51:08+00:00","breadcrumb":{"@id":"https:\/\/www.rsp.com\/de\/service\/connect\/#breadcrumb"},"inLanguage":"de","potentialAction":[{"@type":"ReadAction","target":["https:\/\/www.rsp.com\/de\/service\/connect\/"]}]},{"@type":"ImageObject","inLanguage":"de","@id":"https:\/\/www.rsp.com\/de\/service\/connect\/#primaryimage","url":"https:\/\/www.rsp.com\/wp-content\/uploads\/2025\/04\/connect-1.png","contentUrl":"https:\/\/www.rsp.com\/wp-content\/uploads\/2025\/04\/connect-1.png"},{"@type":"BreadcrumbList","@id":"https:\/\/www.rsp.com\/de\/service\/connect\/#breadcrumb","itemListElement":[{"@type":"ListItem","position":1,"name":"Startseite","item":"https:\/\/www.rsp.com\/de\/"},{"@type":"ListItem","position":2,"name":"Service","item":"https:\/\/www.rsp.com\/de\/service\/"},{"@type":"ListItem","position":3,"name":"Connect"}]},{"@type":"WebSite","@id":"https:\/\/www.rsp.com\/de\/#website","url":"https:\/\/www.rsp.com\/de\/","name":"RSP Saugbagger - Innovate work","description":"Innovate Work","publisher":{"@id":"https:\/\/www.rsp.com\/de\/#organization"},"potentialAction":[{"@type":"SearchAction","target":{"@type":"EntryPoint","urlTemplate":"https:\/\/www.rsp.com\/de\/?s={search_term_string}"},"query-input":{"@type":"PropertyValueSpecification","valueRequired":true,"valueName":"search_term_string"}}],"inLanguage":"de"},{"@type":"Organization","@id":"https:\/\/www.rsp.com\/de\/#organization","name":"RSP GmbH & Co. KG","alternateName":"RSP","url":"https:\/\/www.rsp.com\/de\/","logo":{"@type":"ImageObject","inLanguage":"de","@id":"https:\/\/www.rsp.com\/de\/#\/schema\/logo\/image\/","url":"https:\/\/www.rsp.com\/wp-content\/uploads\/2025\/03\/RSP_Logo-cross_Color-pos_sRGB.svg","contentUrl":"https:\/\/www.rsp.com\/wp-content\/uploads\/2025\/03\/RSP_Logo-cross_Color-pos_sRGB.svg","width":82,"height":82,"caption":"RSP GmbH & Co. KG"},"image":{"@id":"https:\/\/www.rsp.com\/de\/#\/schema\/logo\/image\/"},"sameAs":["http:\/\/www.facebook.com\/saugbagger","https:\/\/www.instagram.com\/suctionexcavator","https:\/\/www.linkedin.com\/company\/reschwitzer-saugbagger-produktions-gmbh-rsp-gmbh-\/","http:\/\/www.youtube.com\/user\/RSPSuctionExcavator"],"description":"Die RSP GmbH & Co. KG ist f\u00fchrender Hersteller von Saugbaggern und Spezialfahrzeugen f\u00fcr den Einsatz in der Bau-, Versorgungs- und Kommunalwirtschaft. Mit \u00fcber 30 Jahren Erfahrung, einem internationalen Vertriebsnetz und innovativer Technologie bietet RSP leistungsstarke L\u00f6sungen f\u00fcr sicheres und effizientes Arbeiten \u2013 Made in Germany.","email":"info@rsp-germany.com","telephone":"+49367157210","legalName":"RSP GmbH & Co. KG","foundingDate":"1993-04-01","vatID":"DE158276339","numberOfEmployees":{"@type":"QuantitativeValue","minValue":"501","maxValue":"1000"}}]}},"_links":{"self":[{"href":"https:\/\/www.rsp.com\/de\/wp-json\/wp\/v2\/pages\/7157","targetHints":{"allow":["GET"]}}],"collection":[{"href":"https:\/\/www.rsp.com\/de\/wp-json\/wp\/v2\/pages"}],"about":[{"href":"https:\/\/www.rsp.com\/de\/wp-json\/wp\/v2\/types\/page"}],"author":[{"embeddable":true,"href":"https:\/\/www.rsp.com\/de\/wp-json\/wp\/v2\/users\/1"}],"replies":[{"embeddable":true,"href":"https:\/\/www.rsp.com\/de\/wp-json\/wp\/v2\/comments?post=7157"}],"version-history":[{"count":42,"href":"https:\/\/www.rsp.com\/de\/wp-json\/wp\/v2\/pages\/7157\/revisions"}],"predecessor-version":[{"id":17604,"href":"https:\/\/www.rsp.com\/de\/wp-json\/wp\/v2\/pages\/7157\/revisions\/17604"}],"up":[{"embeddable":true,"href":"https:\/\/www.rsp.com\/de\/wp-json\/wp\/v2\/pages\/4093"}],"wp:attachment":[{"href":"https:\/\/www.rsp.com\/de\/wp-json\/wp\/v2\/media?parent=7157"}],"curies":[{"name":"wp","href":"https:\/\/api.w.org\/{rel}","templated":true}]}}