{"id":9298,"date":"2025-05-21T06:27:50","date_gmt":"2025-05-21T06:27:50","guid":{"rendered":"https:\/\/www.rsp.com\/?page_id=9298"},"modified":"2025-05-21T07:39:12","modified_gmt":"2025-05-21T07:39:12","slug":"salesforce-test","status":"publish","type":"page","link":"https:\/\/www.rsp.com\/de\/salesforce-test\/","title":{"rendered":"Salesforce Test"},"content":{"rendered":"\t\t<div data-elementor-type=\"wp-page\" data-elementor-id=\"9298\" class=\"elementor elementor-9298\" data-elementor-post-type=\"page\">\n\t\t\t\t<div class=\"elementor-element elementor-element-83d1a23 e-flex e-con-boxed e-con e-parent\" data-id=\"83d1a23\" data-element_type=\"container\" data-e-type=\"container\">\n\t\t\t\t\t<div class=\"e-con-inner\">\n\t\t\t\t<div class=\"elementor-element elementor-element-2ef23b7 elementor-widget elementor-widget-html\" data-id=\"2ef23b7\" data-element_type=\"widget\" data-e-type=\"widget\" data-widget_type=\"html.default\">\n\t\t\t\t<div class=\"elementor-widget-container\">\n\t\t\t\t\t<!--  ----------------------------------------------------------------------  -->\r\n<!--  NOTE: Please add the following <META> element to your page <HEAD>.      -->\r\n<!--  If necessary, please modify the charset parameter to specify the        -->\r\n<!--  character set of your HTML page.                                        -->\r\n<!--  ----------------------------------------------------------------------  -->\r\n\r\n<META HTTP-EQUIV=\"Content-type\" CONTENT=\"text\/html; charset=UTF-8\">\r\n\r\n<!--  ----------------------------------------------------------------------  -->\r\n<!--  NOTE: Please add the following <FORM> element to your page.             -->\r\n<!--  ----------------------------------------------------------------------  -->\r\n\r\n<form action=\"https:\/\/webto.salesforce.com\/servlet\/servlet.WebToLead?encoding=UTF-8&orgId=00D680000028lRm\" method=\"POST\">\r\n\r\n<input type=hidden name=\"oid\" value=\"00D680000028lRm\">\r\n<input type=hidden name=\"retURL\" value=\"http:\/\/www.rsp.com\">\r\n\r\n<!--  ----------------------------------------------------------------------  -->\r\n<!--  NOTE: These fields are optional debugging elements. Please uncomment    -->\r\n<!--  these lines if you wish to test in debug mode.                          -->\r\n<!--  <input type=\"hidden\" name=\"debug\" value=1>                              -->\r\n<!--  <input type=\"hidden\" name=\"debugEmail\"                                  -->\r\n<!--  value=\"wilhelm.wust@rsp-germany.com\">                                   -->\r\n<!--  ----------------------------------------------------------------------  -->\r\n\r\n<label for=\"first_name\">First Name<\/label><input  id=\"first_name\" maxlength=\"40\" name=\"first_name\" size=\"20\" type=\"text\" \/><br>\r\n\r\n<label for=\"last_name\">Last Name<\/label><input  id=\"last_name\" maxlength=\"80\" name=\"last_name\" size=\"20\" type=\"text\" \/><br>\r\n\r\n<label for=\"email\">Email<\/label><input  id=\"email\" maxlength=\"80\" name=\"email\" size=\"20\" type=\"text\" \/><br>\r\n\r\n<label for=\"company\">Company<\/label><input  id=\"company\" maxlength=\"40\" name=\"company\" size=\"20\" type=\"text\" \/><br>\r\n\r\n<label for=\"city\">City<\/label><input  id=\"city\" maxlength=\"40\" name=\"city\" size=\"20\" type=\"text\" \/><br>\r\n\r\n<label for=\"description\">Description<\/label><textarea name=\"description\"><\/textarea><br>\r\n\r\n<label for=\"state\">State\/Province<\/label><input  id=\"state\" maxlength=\"20\" name=\"state\" size=\"20\" type=\"text\" \/><br>\r\n\r\n<input type=\"submit\" name=\"submit\">\r\n\r\n<\/form>\r\n<br>\r\n<hr>\r\n\r\n<!--  ----------------------------------------------------------------------  -->\r\n<!--  NOTE: Please add the following <META> element to your page <HEAD>.      -->\r\n<!--  If necessary, please modify the charset parameter to specify the        -->\r\n<!--  character set of your HTML page.                                        -->\r\n<!--  ----------------------------------------------------------------------  -->\r\n\r\n<META HTTP-EQUIV=\"Content-type\" CONTENT=\"text\/html; charset=UTF-8\">\r\n\r\n<!--  ----------------------------------------------------------------------  -->\r\n<!--  NOTE: Please add the following <FORM> element to your page.             -->\r\n<!--  ----------------------------------------------------------------------  -->\r\n\r\n<form action=\"https:\/\/webto.salesforce.com\/servlet\/servlet.WebToLead?encoding=UTF-8&orgId=00D680000028lRm\" method=\"POST\">\r\n\r\n<input type=hidden name=\"oid\" value=\"00D680000028lRm\">\r\n<input type=hidden name=\"retURL\" value=\"http:\/\/\">\r\n\r\n<!--  ----------------------------------------------------------------------  -->\r\n<!--  NOTE: These fields are optional debugging elements. Please uncomment    -->\r\n<!--  these lines if you wish to test in debug mode.                          -->\r\n<!--  <input type=\"hidden\" name=\"debug\" value=1>                              -->\r\n<!--  <input type=\"hidden\" name=\"debugEmail\"                                  -->\r\n<!--  value=\"wilhelm.wust@rsp-germany.com\">                                   -->\r\n<!--  ----------------------------------------------------------------------  -->\r\n\r\n<label for=\"salutation\">Salutation<\/label><select  id=\"salutation\" name=\"salutation\"><option value=\"\">--None--<\/option><option value=\"Mr.\">Mr.<\/option>\r\n<option value=\"Ms.\">Ms.<\/option>\r\n<option value=\"Mrs.\">Mrs.<\/option>\r\n<option value=\"Dr.\">Dr.<\/option>\r\n<option value=\"Prof.\">Prof.<\/option>\r\n<option value=\"Herr\">Herr<\/option>\r\n<option value=\"Frau\">Frau<\/option>\r\n<option value=\"Monsieur\">Monsieur<\/option>\r\n<option value=\"Madame\">Madame<\/option>\r\n<\/select><br>\r\n\r\n<label for=\"first_name\">First Name<\/label><input  id=\"first_name\" maxlength=\"40\" name=\"first_name\" size=\"20\" type=\"text\" \/><br>\r\n\r\n<label for=\"last_name\">Last Name<\/label><input  id=\"last_name\" maxlength=\"80\" name=\"last_name\" size=\"20\" type=\"text\" \/><br>\r\n\r\n<label for=\"email\">Email<\/label><input  id=\"email\" maxlength=\"80\" name=\"email\" size=\"20\" type=\"text\" \/><br>\r\n\r\n<label for=\"country\">Country<\/label><input  id=\"country\" maxlength=\"40\" name=\"country\" size=\"20\" type=\"text\" \/><br>\r\n\r\n<label for=\"company\">Company<\/label><input  id=\"company\" maxlength=\"40\" name=\"company\" size=\"20\" type=\"text\" \/><br>\r\n\r\n<label for=\"city\">City<\/label><input  id=\"city\" maxlength=\"40\" name=\"city\" size=\"20\" type=\"text\" \/><br>\r\n\r\n<label for=\"state\">State\/Province<\/label><input  id=\"state\" maxlength=\"20\" name=\"state\" size=\"20\" type=\"text\" \/><br>\r\n\r\n<input type=\"submit\" name=\"submit\">\r\n\r\n<\/form>\r\n\t\t\t\t<\/div>\n\t\t\t\t<\/div>\n\t\t\t\t\t<\/div>\n\t\t\t\t<\/div>\n\t\t\t\t<\/div>\n\t\t","protected":false},"excerpt":{"rendered":"<p>First Name Last Name Email Company City Description State\/Province Salutation-None-Mr.Ms.Mrs.Dr.Prof.HerrFrauMonsieurMadame First Name Last Name Email Country Company City State\/Province<\/p>\n","protected":false},"author":1,"featured_media":0,"parent":0,"menu_order":0,"comment_status":"closed","ping_status":"closed","template":"","meta":{"_acf_changed":false,"footnotes":""},"class_list":["post-9298","page","type-page","status-publish","hentry"],"acf":[],"yoast_head":"<!-- This site is optimized with the Yoast SEO Premium plugin v26.9 (Yoast SEO v27.5) - https:\/\/yoast.com\/product\/yoast-seo-premium-wordpress\/ -->\n<title>Salesforce Test - RSP<\/title>\n<meta name=\"robots\" content=\"index, follow, max-snippet:-1, max-image-preview:large, max-video-preview:-1\" \/>\n<link rel=\"canonical\" href=\"https:\/\/www.rsp.com\/de\/salesforce-test\/\" \/>\n<meta property=\"og:locale\" content=\"de_DE\" \/>\n<meta property=\"og:type\" content=\"article\" \/>\n<meta property=\"og:title\" content=\"Salesforce Test\" \/>\n<meta property=\"og:description\" content=\"First Name Last Name Email Company City Description State\/Province Salutation-None-Mr.Ms.Mrs.Dr.Prof.HerrFrauMonsieurMadame First Name Last Name Email Country Company City State\/Province\" \/>\n<meta property=\"og:url\" content=\"https:\/\/www.rsp.com\/de\/salesforce-test\/\" \/>\n<meta property=\"og:site_name\" content=\"RSP\" \/>\n<meta property=\"article:publisher\" content=\"http:\/\/www.facebook.com\/saugbagger\" \/>\n<meta property=\"article:modified_time\" content=\"2025-05-21T07:39:12+00:00\" \/>\n<meta name=\"twitter:card\" content=\"summary_large_image\" \/>\n<meta name=\"twitter:label1\" content=\"Gesch\u00e4tzte Lesezeit\" \/>\n\t<meta name=\"twitter:data1\" content=\"1\u00a0Minute\" \/>\n<script type=\"application\/ld+json\" class=\"yoast-schema-graph\">{\"@context\":\"https:\\\/\\\/schema.org\",\"@graph\":[{\"@type\":\"WebPage\",\"@id\":\"https:\\\/\\\/www.rsp.com\\\/de\\\/salesforce-test\\\/\",\"url\":\"https:\\\/\\\/www.rsp.com\\\/de\\\/salesforce-test\\\/\",\"name\":\"Salesforce Test - RSP\",\"isPartOf\":{\"@id\":\"https:\\\/\\\/www.rsp.com\\\/de\\\/#website\"},\"datePublished\":\"2025-05-21T06:27:50+00:00\",\"dateModified\":\"2025-05-21T07:39:12+00:00\",\"breadcrumb\":{\"@id\":\"https:\\\/\\\/www.rsp.com\\\/de\\\/salesforce-test\\\/#breadcrumb\"},\"inLanguage\":\"de\",\"potentialAction\":[{\"@type\":\"ReadAction\",\"target\":[\"https:\\\/\\\/www.rsp.com\\\/de\\\/salesforce-test\\\/\"]}]},{\"@type\":\"BreadcrumbList\",\"@id\":\"https:\\\/\\\/www.rsp.com\\\/de\\\/salesforce-test\\\/#breadcrumb\",\"itemListElement\":[{\"@type\":\"ListItem\",\"position\":1,\"name\":\"Startseite\",\"item\":\"https:\\\/\\\/www.rsp.com\\\/de\\\/\"},{\"@type\":\"ListItem\",\"position\":2,\"name\":\"Salesforce Test\"}]},{\"@type\":\"WebSite\",\"@id\":\"https:\\\/\\\/www.rsp.com\\\/de\\\/#website\",\"url\":\"https:\\\/\\\/www.rsp.com\\\/de\\\/\",\"name\":\"RSP Saugbagger - Innovate work\",\"description\":\"Innovate Work\",\"publisher\":{\"@id\":\"https:\\\/\\\/www.rsp.com\\\/de\\\/#organization\"},\"potentialAction\":[{\"@type\":\"SearchAction\",\"target\":{\"@type\":\"EntryPoint\",\"urlTemplate\":\"https:\\\/\\\/www.rsp.com\\\/de\\\/?s={search_term_string}\"},\"query-input\":{\"@type\":\"PropertyValueSpecification\",\"valueRequired\":true,\"valueName\":\"search_term_string\"}}],\"inLanguage\":\"de\"},{\"@type\":\"Organization\",\"@id\":\"https:\\\/\\\/www.rsp.com\\\/de\\\/#organization\",\"name\":\"RSP GmbH & Co. KG\",\"alternateName\":\"RSP\",\"url\":\"https:\\\/\\\/www.rsp.com\\\/de\\\/\",\"logo\":{\"@type\":\"ImageObject\",\"inLanguage\":\"de\",\"@id\":\"https:\\\/\\\/www.rsp.com\\\/de\\\/#\\\/schema\\\/logo\\\/image\\\/\",\"url\":\"https:\\\/\\\/www.rsp.com\\\/wp-content\\\/uploads\\\/2025\\\/03\\\/RSP_Logo-cross_Color-pos_sRGB.svg\",\"contentUrl\":\"https:\\\/\\\/www.rsp.com\\\/wp-content\\\/uploads\\\/2025\\\/03\\\/RSP_Logo-cross_Color-pos_sRGB.svg\",\"width\":82,\"height\":82,\"caption\":\"RSP GmbH & Co. KG\"},\"image\":{\"@id\":\"https:\\\/\\\/www.rsp.com\\\/de\\\/#\\\/schema\\\/logo\\\/image\\\/\"},\"sameAs\":[\"http:\\\/\\\/www.facebook.com\\\/saugbagger\",\"https:\\\/\\\/www.instagram.com\\\/suctionexcavator\",\"https:\\\/\\\/www.linkedin.com\\\/company\\\/reschwitzer-saugbagger-produktions-gmbh-rsp-gmbh-\\\/\",\"http:\\\/\\\/www.youtube.com\\\/user\\\/RSPSuctionExcavator\"],\"description\":\"Die RSP GmbH & Co. KG ist f\u00fchrender Hersteller von Saugbaggern und Spezialfahrzeugen f\u00fcr den Einsatz in der Bau-, Versorgungs- und Kommunalwirtschaft. Mit \u00fcber 30 Jahren Erfahrung, einem internationalen Vertriebsnetz und innovativer Technologie bietet RSP leistungsstarke L\u00f6sungen f\u00fcr sicheres und effizientes Arbeiten \u2013 Made in Germany.\",\"email\":\"info@rsp-germany.com\",\"telephone\":\"+49367157210\",\"legalName\":\"RSP GmbH & Co. KG\",\"foundingDate\":\"1993-04-01\",\"vatID\":\"DE158276339\",\"numberOfEmployees\":{\"@type\":\"QuantitativeValue\",\"minValue\":\"501\",\"maxValue\":\"1000\"}}]}<\/script>\n<!-- \/ Yoast SEO Premium plugin. -->","yoast_head_json":{"title":"Salesforce Test - RSP","robots":{"index":"index","follow":"follow","max-snippet":"max-snippet:-1","max-image-preview":"max-image-preview:large","max-video-preview":"max-video-preview:-1"},"canonical":"https:\/\/www.rsp.com\/de\/salesforce-test\/","og_locale":"de_DE","og_type":"article","og_title":"Salesforce Test","og_description":"First Name Last Name Email Company City Description State\/Province Salutation-None-Mr.Ms.Mrs.Dr.Prof.HerrFrauMonsieurMadame First Name Last Name Email Country Company City State\/Province","og_url":"https:\/\/www.rsp.com\/de\/salesforce-test\/","og_site_name":"RSP","article_publisher":"http:\/\/www.facebook.com\/saugbagger","article_modified_time":"2025-05-21T07:39:12+00:00","twitter_card":"summary_large_image","twitter_misc":{"Gesch\u00e4tzte Lesezeit":"1\u00a0Minute"},"schema":{"@context":"https:\/\/schema.org","@graph":[{"@type":"WebPage","@id":"https:\/\/www.rsp.com\/de\/salesforce-test\/","url":"https:\/\/www.rsp.com\/de\/salesforce-test\/","name":"Salesforce Test - RSP","isPartOf":{"@id":"https:\/\/www.rsp.com\/de\/#website"},"datePublished":"2025-05-21T06:27:50+00:00","dateModified":"2025-05-21T07:39:12+00:00","breadcrumb":{"@id":"https:\/\/www.rsp.com\/de\/salesforce-test\/#breadcrumb"},"inLanguage":"de","potentialAction":[{"@type":"ReadAction","target":["https:\/\/www.rsp.com\/de\/salesforce-test\/"]}]},{"@type":"BreadcrumbList","@id":"https:\/\/www.rsp.com\/de\/salesforce-test\/#breadcrumb","itemListElement":[{"@type":"ListItem","position":1,"name":"Startseite","item":"https:\/\/www.rsp.com\/de\/"},{"@type":"ListItem","position":2,"name":"Salesforce Test"}]},{"@type":"WebSite","@id":"https:\/\/www.rsp.com\/de\/#website","url":"https:\/\/www.rsp.com\/de\/","name":"RSP Saugbagger - Innovate work","description":"Innovate Work","publisher":{"@id":"https:\/\/www.rsp.com\/de\/#organization"},"potentialAction":[{"@type":"SearchAction","target":{"@type":"EntryPoint","urlTemplate":"https:\/\/www.rsp.com\/de\/?s={search_term_string}"},"query-input":{"@type":"PropertyValueSpecification","valueRequired":true,"valueName":"search_term_string"}}],"inLanguage":"de"},{"@type":"Organization","@id":"https:\/\/www.rsp.com\/de\/#organization","name":"RSP GmbH & Co. KG","alternateName":"RSP","url":"https:\/\/www.rsp.com\/de\/","logo":{"@type":"ImageObject","inLanguage":"de","@id":"https:\/\/www.rsp.com\/de\/#\/schema\/logo\/image\/","url":"https:\/\/www.rsp.com\/wp-content\/uploads\/2025\/03\/RSP_Logo-cross_Color-pos_sRGB.svg","contentUrl":"https:\/\/www.rsp.com\/wp-content\/uploads\/2025\/03\/RSP_Logo-cross_Color-pos_sRGB.svg","width":82,"height":82,"caption":"RSP GmbH & Co. KG"},"image":{"@id":"https:\/\/www.rsp.com\/de\/#\/schema\/logo\/image\/"},"sameAs":["http:\/\/www.facebook.com\/saugbagger","https:\/\/www.instagram.com\/suctionexcavator","https:\/\/www.linkedin.com\/company\/reschwitzer-saugbagger-produktions-gmbh-rsp-gmbh-\/","http:\/\/www.youtube.com\/user\/RSPSuctionExcavator"],"description":"Die RSP GmbH & Co. KG ist f\u00fchrender Hersteller von Saugbaggern und Spezialfahrzeugen f\u00fcr den Einsatz in der Bau-, Versorgungs- und Kommunalwirtschaft. Mit \u00fcber 30 Jahren Erfahrung, einem internationalen Vertriebsnetz und innovativer Technologie bietet RSP leistungsstarke L\u00f6sungen f\u00fcr sicheres und effizientes Arbeiten \u2013 Made in Germany.","email":"info@rsp-germany.com","telephone":"+49367157210","legalName":"RSP GmbH & Co. KG","foundingDate":"1993-04-01","vatID":"DE158276339","numberOfEmployees":{"@type":"QuantitativeValue","minValue":"501","maxValue":"1000"}}]}},"_links":{"self":[{"href":"https:\/\/www.rsp.com\/de\/wp-json\/wp\/v2\/pages\/9298","targetHints":{"allow":["GET"]}}],"collection":[{"href":"https:\/\/www.rsp.com\/de\/wp-json\/wp\/v2\/pages"}],"about":[{"href":"https:\/\/www.rsp.com\/de\/wp-json\/wp\/v2\/types\/page"}],"author":[{"embeddable":true,"href":"https:\/\/www.rsp.com\/de\/wp-json\/wp\/v2\/users\/1"}],"replies":[{"embeddable":true,"href":"https:\/\/www.rsp.com\/de\/wp-json\/wp\/v2\/comments?post=9298"}],"version-history":[{"count":0,"href":"https:\/\/www.rsp.com\/de\/wp-json\/wp\/v2\/pages\/9298\/revisions"}],"wp:attachment":[{"href":"https:\/\/www.rsp.com\/de\/wp-json\/wp\/v2\/media?parent=9298"}],"curies":[{"name":"wp","href":"https:\/\/api.w.org\/{rel}","templated":true}]}}