{"id":1842,"date":"2025-03-17T14:16:47","date_gmt":"2025-03-17T14:16:47","guid":{"rendered":"https:\/\/rspcom-e1aklfz9e9.live-website.com\/technology\/the-articulated-hose-carrier-enlarged-the-working-area-of-a-suction-excavator\/"},"modified":"2026-03-19T16:56:38","modified_gmt":"2026-03-19T16:56:38","slug":"the-articulated-hose-carrier-enlarged-the-working-area-of-a-suction-excavator","status":"publish","type":"page","link":"https:\/\/www.rsp.com\/en\/technology\/the-articulated-hose-carrier-enlarged-the-working-area-of-a-suction-excavator\/","title":{"rendered":"The articulated hose carrier enlarged the working area of a suction excavator"},"content":{"rendered":"\t\t<div data-elementor-type=\"wp-page\" data-elementor-id=\"1842\" class=\"elementor elementor-1842 elementor-1602\" data-elementor-post-type=\"page\">\n\t\t\t\t<div class=\"elementor-element elementor-element-efdde49 e-flex e-con-boxed e-con e-parent\" data-id=\"efdde49\" data-element_type=\"container\" data-e-type=\"container\">\n\t\t\t\t\t<div class=\"e-con-inner\">\n\t\t\t\t<div class=\"elementor-element elementor-element-bc73f7d elementor-widget elementor-widget-heading\" data-id=\"bc73f7d\" data-element_type=\"widget\" data-e-type=\"widget\" data-widget_type=\"heading.default\">\n\t\t\t\t<div class=\"elementor-widget-container\">\n\t\t\t\t\t<h1 class=\"elementor-heading-title elementor-size-default\">The articulated hose carrier<\/h1>\t\t\t\t<\/div>\n\t\t\t\t<\/div>\n\t\t\t\t<div class=\"elementor-element elementor-element-6d441dd elementor-widget elementor-widget-heading\" data-id=\"6d441dd\" data-element_type=\"widget\" data-e-type=\"widget\" data-widget_type=\"heading.default\">\n\t\t\t\t<div class=\"elementor-widget-container\">\n\t\t\t\t\t<h2 class=\"elementor-heading-title elementor-size-default\">NO MATTER WHERE YOU VACUUM, PERFECTLY ADAPTED TO THE REQUIREMENTS.  <\/h2>\t\t\t\t<\/div>\n\t\t\t\t<\/div>\n\t\t\t\t<div class=\"elementor-element elementor-element-7d0fed0 elementor-widget elementor-widget-text-editor\" data-id=\"7d0fed0\" data-element_type=\"widget\" data-e-type=\"widget\" data-widget_type=\"text-editor.default\">\n\t\t\t\t<div class=\"elementor-widget-container\">\n\t\t\t\t\t\t\t\t\t<p>The RSP hose carriers with additional extension options are equipped with the RSP clamp system. Thanks to the compatibility with various accessories, a wide range of suction tasks can be carried out. <\/p>\t\t\t\t\t\t\t\t<\/div>\n\t\t\t\t<\/div>\n\t\t\t\t\t<\/div>\n\t\t\t\t<\/div>\n\t\t<div class=\"elementor-element elementor-element-3ec933a e-flex e-con-boxed e-con e-parent\" data-id=\"3ec933a\" data-element_type=\"container\" data-e-type=\"container\">\n\t\t\t\t\t<div class=\"e-con-inner\">\n\t\t\t\t<div class=\"elementor-element elementor-element-b1ee306 elementor-widget__width-initial elementor-invisible elementor-widget elementor-widget-image\" data-id=\"b1ee306\" data-element_type=\"widget\" data-e-type=\"widget\" data-settings=\"{&quot;_animation&quot;:&quot;fadeInLeft&quot;}\" data-widget_type=\"image.default\">\n\t\t\t\t<div class=\"elementor-widget-container\">\n\t\t\t\t\t\t\t\t\t\t\t\t\t\t\t<img loading=\"lazy\" decoding=\"async\" width=\"800\" height=\"600\" src=\"https:\/\/www.rsp.com\/wp-content\/uploads\/2025\/03\/Saugschlauch_800x600-1.jpg\" class=\"attachment-large size-large wp-image-1614\" alt=\"\" \/>\t\t\t\t\t\t\t\t\t\t\t\t\t\t\t<\/div>\n\t\t\t\t<\/div>\n\t\t<div class=\"elementor-element elementor-element-02229b5 e-con-full e-flex elementor-invisible e-con e-child\" data-id=\"02229b5\" data-element_type=\"container\" data-e-type=\"container\" data-settings=\"{&quot;animation&quot;:&quot;fadeInRight&quot;}\">\n\t\t\t\t<div class=\"elementor-element elementor-element-fc150f9 elementor-widget elementor-widget-heading\" data-id=\"fc150f9\" data-element_type=\"widget\" data-e-type=\"widget\" data-widget_type=\"heading.default\">\n\t\t\t\t<div class=\"elementor-widget-container\">\n\t\t\t\t\t<h2 class=\"elementor-heading-title elementor-size-default\">THE OPTIMAL WORKING AREA<\/h2>\t\t\t\t<\/div>\n\t\t\t\t<\/div>\n\t\t\t\t<div class=\"elementor-element elementor-element-e5f95b8 elementor-widget elementor-widget-text-editor\" data-id=\"e5f95b8\" data-element_type=\"widget\" data-e-type=\"widget\" data-widget_type=\"text-editor.default\">\n\t\t\t\t<div class=\"elementor-widget-container\">\n\t\t\t\t\t\t\t\t\t<p>The four movable joints and a reach of six meters make it easy to work from a safe location. The suction hose is firmly guided from the cover to the suction crown and can therefore be positioned precisely at the suction point. The fully hydraulically guided articulated hose carrier is the optimum solution for problem-free work without extensions at distances between 0 and 6 meters. With a swivel range of 180\u00b0, the RSP articulated hose carrier has been specially adapted to construction site conditions. This allows the machine to work safely even where space is limited. The RSP suction hoses have been specially developed for high loads. They offer sufficient flexibility in daily use and the generous hose diameter of 250 mm allows effective suction of coarse and heavy suction material.      <\/p>\t\t\t\t\t\t\t\t<\/div>\n\t\t\t\t<\/div>\n\t\t\t\t<\/div>\n\t\t\t\t\t<\/div>\n\t\t\t\t<\/div>\n\t\t<div class=\"elementor-element elementor-element-029dd72 e-flex e-con-boxed e-con e-parent\" data-id=\"029dd72\" data-element_type=\"container\" data-e-type=\"container\">\n\t\t\t\t\t<div class=\"e-con-inner\">\n\t\t<div class=\"elementor-element elementor-element-fc4185f e-con-full e-flex elementor-invisible e-con e-child\" data-id=\"fc4185f\" data-element_type=\"container\" data-e-type=\"container\" data-settings=\"{&quot;animation&quot;:&quot;fadeInLeft&quot;}\">\n\t\t\t\t<div class=\"elementor-element elementor-element-52c810e elementor-widget elementor-widget-heading\" data-id=\"52c810e\" data-element_type=\"widget\" data-e-type=\"widget\" data-widget_type=\"heading.default\">\n\t\t\t\t<div class=\"elementor-widget-container\">\n\t\t\t\t\t<h2 class=\"elementor-heading-title elementor-size-default\">THE NEW ARTICULATED HOSE CARRIER OF THE ESE 8<\/h2>\t\t\t\t<\/div>\n\t\t\t\t<\/div>\n\t\t\t\t<div class=\"elementor-element elementor-element-cbcb5b2 elementor-widget elementor-widget-text-editor\" data-id=\"cbcb5b2\" data-element_type=\"widget\" data-e-type=\"widget\" data-widget_type=\"text-editor.default\">\n\t\t\t\t<div class=\"elementor-widget-container\">\n\t\t\t\t\t\t\t\t\t<p>In order to increase the working range but still keep it flexible, it has one more joint and is installed centrally at the rear of the machine. This has increased the working range by 20 % and is the first symmetrical design on a suction excavator. RSP Smart Control enables automatic positioning of the articulated hose carrier in the working or transport position with unprecedented precision at the touch of a button.  <\/p><p>During horizontal and vertical movements, the position of the last boom link in the respective axis is kept constant by automatic readjustment of the other links. This makes working even safer and more comfortable. <\/p>\t\t\t\t\t\t\t\t<\/div>\n\t\t\t\t<\/div>\n\t\t\t\t<\/div>\n\t\t\t\t<div class=\"elementor-element elementor-element-6d6af3a elementor-widget__width-initial elementor-invisible elementor-widget elementor-widget-image\" data-id=\"6d6af3a\" data-element_type=\"widget\" data-e-type=\"widget\" data-settings=\"{&quot;_animation&quot;:&quot;fadeInRight&quot;}\" data-widget_type=\"image.default\">\n\t\t\t\t<div class=\"elementor-widget-container\">\n\t\t\t\t\t\t\t\t\t\t\t\t\t\t\t<img loading=\"lazy\" decoding=\"async\" width=\"800\" height=\"600\" src=\"https:\/\/www.rsp.com\/wp-content\/uploads\/2025\/03\/Gelenkschlauchtraeger_800x600-2.png\" class=\"attachment-large size-large wp-image-1611\" alt=\"\" \/>\t\t\t\t\t\t\t\t\t\t\t\t\t\t\t<\/div>\n\t\t\t\t<\/div>\n\t\t\t\t\t<\/div>\n\t\t\t\t<\/div>\n\t\t<div class=\"elementor-element elementor-element-80f87d4 e-flex e-con-boxed e-con e-parent\" data-id=\"80f87d4\" data-element_type=\"container\" data-e-type=\"container\">\n\t\t\t\t\t<div class=\"e-con-inner\">\n\t\t\t\t<div class=\"elementor-element elementor-element-c88ce0e elementor-widget__width-initial elementor-invisible elementor-widget elementor-widget-image\" data-id=\"c88ce0e\" data-element_type=\"widget\" data-e-type=\"widget\" data-settings=\"{&quot;_animation&quot;:&quot;fadeInLeft&quot;,&quot;_animation_mobile&quot;:&quot;fadeInRight&quot;}\" data-widget_type=\"image.default\">\n\t\t\t\t<div class=\"elementor-widget-container\">\n\t\t\t\t\t\t\t\t\t\t\t\t\t\t\t<img loading=\"lazy\" decoding=\"async\" width=\"800\" height=\"600\" src=\"https:\/\/www.rsp.com\/wp-content\/uploads\/2025\/03\/Teleskopschlauchtraeger_800x600-1.jpg\" class=\"attachment-large size-large wp-image-1617\" alt=\"\" srcset=\"https:\/\/www.rsp.com\/wp-content\/uploads\/2025\/03\/Teleskopschlauchtraeger_800x600-1.jpg 800w, https:\/\/www.rsp.com\/wp-content\/uploads\/2025\/03\/Teleskopschlauchtraeger_800x600-1-300x225.jpg 300w, https:\/\/www.rsp.com\/wp-content\/uploads\/2025\/03\/Teleskopschlauchtraeger_800x600-1-768x576.jpg 768w\" sizes=\"auto, (max-width: 800px) 100vw, 800px\" \/>\t\t\t\t\t\t\t\t\t\t\t\t\t\t\t<\/div>\n\t\t\t\t<\/div>\n\t\t<div class=\"elementor-element elementor-element-286fddc e-con-full e-flex elementor-invisible e-con e-child\" data-id=\"286fddc\" data-element_type=\"container\" data-e-type=\"container\" data-settings=\"{&quot;animation&quot;:&quot;fadeInRight&quot;,&quot;animation_mobile&quot;:&quot;fadeInLeft&quot;}\">\n\t\t\t\t<div class=\"elementor-element elementor-element-c4537b4 elementor-widget elementor-widget-heading\" data-id=\"c4537b4\" data-element_type=\"widget\" data-e-type=\"widget\" data-widget_type=\"heading.default\">\n\t\t\t\t<div class=\"elementor-widget-container\">\n\t\t\t\t\t<h2 class=\"elementor-heading-title elementor-size-default\">TELESCOPIC HOSE CARRIERS IN VARIOUS DESIGNS<\/h2>\t\t\t\t<\/div>\n\t\t\t\t<\/div>\n\t\t\t\t<div class=\"elementor-element elementor-element-d730fd8 elementor-widget elementor-widget-text-editor\" data-id=\"d730fd8\" data-element_type=\"widget\" data-e-type=\"widget\" data-widget_type=\"text-editor.default\">\n\t\t\t\t<div class=\"elementor-widget-container\">\n\t\t\t\t\t\t\t\t\t<p>The telescopic boom flange-mounted to the rear of the suction superstructure has a reach of 3.50 m. It can be moved hydraulically on three levels. It can be moved hydraulically in three planes. The suction hose is deflected vertically via two steel wheels attached to the end of the telescopic boom. A catch bracket secures the suction hose during suction. The telescopic boom is placed in a safety fork in the transport position and the suction hose is secured with a rope. The telescopic boom on the ESE 1 works in a similar way, see illustration.    <\/p>\t\t\t\t\t\t\t\t<\/div>\n\t\t\t\t<\/div>\n\t\t\t\t<\/div>\n\t\t\t\t\t<\/div>\n\t\t\t\t<\/div>\n\t\t\t\t<\/div>\n\t\t","protected":false},"excerpt":{"rendered":"<p>The articulated hose carrier NO MATTER WHERE YOU VACUUM, PERFECTLY ADAPTED TO THE REQUIREMENTS. The RSP hose carriers with additional extension options are equipped with the RSP clamp system. Thanks to the compatibility with various accessories, a wide range of suction tasks can be carried out. THE OPTIMAL WORKING AREA The four movable joints and [&hellip;]<\/p>\n","protected":false},"author":1,"featured_media":0,"parent":1296,"menu_order":0,"comment_status":"closed","ping_status":"closed","template":"","meta":{"_acf_changed":false,"footnotes":""},"class_list":["post-1842","page","type-page","status-publish","hentry"],"acf":[],"yoast_head":"<!-- This site is optimized with the Yoast SEO Premium plugin v26.9 (Yoast SEO v27.5) - https:\/\/yoast.com\/product\/yoast-seo-premium-wordpress\/ -->\n<title>The articulated hose carrier enlarged the working area of a suction excavator - RSP<\/title>\n<meta name=\"robots\" content=\"index, follow, max-snippet:-1, max-image-preview:large, max-video-preview:-1\" \/>\n<link rel=\"canonical\" href=\"https:\/\/www.rsp.com\/en\/technology\/the-articulated-hose-carrier-enlarged-the-working-area-of-a-suction-excavator\/\" \/>\n<meta property=\"og:locale\" content=\"en_US\" \/>\n<meta property=\"og:type\" content=\"article\" \/>\n<meta property=\"og:title\" content=\"The articulated hose carrier enlarged the working area of a suction excavator\" \/>\n<meta property=\"og:description\" content=\"The articulated hose carrier NO MATTER WHERE YOU VACUUM, PERFECTLY ADAPTED TO THE REQUIREMENTS. The RSP hose carriers with additional extension options are equipped with the RSP clamp system. Thanks to the compatibility with various accessories, a wide range of suction tasks can be carried out. THE OPTIMAL WORKING AREA The four movable joints and [&hellip;]\" \/>\n<meta property=\"og:url\" content=\"https:\/\/www.rsp.com\/en\/technology\/the-articulated-hose-carrier-enlarged-the-working-area-of-a-suction-excavator\/\" \/>\n<meta property=\"og:site_name\" content=\"RSP\" \/>\n<meta property=\"article:publisher\" content=\"http:\/\/www.facebook.com\/saugbagger\" \/>\n<meta property=\"article:modified_time\" content=\"2026-03-19T16:56:38+00:00\" \/>\n<meta property=\"og:image\" content=\"https:\/\/www.rsp.com\/wp-content\/uploads\/2025\/03\/Saugschlauch_800x600-1.jpg\" \/>\n\t<meta property=\"og:image:width\" content=\"800\" \/>\n\t<meta property=\"og:image:height\" content=\"600\" \/>\n\t<meta property=\"og:image:type\" content=\"image\/jpeg\" \/>\n<meta name=\"twitter:card\" content=\"summary_large_image\" \/>\n<meta name=\"twitter:label1\" content=\"Est. reading time\" \/>\n\t<meta name=\"twitter:data1\" content=\"2 minutes\" \/>\n<script type=\"application\/ld+json\" class=\"yoast-schema-graph\">{\"@context\":\"https:\\\/\\\/schema.org\",\"@graph\":[{\"@type\":\"WebPage\",\"@id\":\"https:\\\/\\\/www.rsp.com\\\/en\\\/technology\\\/the-articulated-hose-carrier-enlarged-the-working-area-of-a-suction-excavator\\\/\",\"url\":\"https:\\\/\\\/www.rsp.com\\\/en\\\/technology\\\/the-articulated-hose-carrier-enlarged-the-working-area-of-a-suction-excavator\\\/\",\"name\":\"The articulated hose carrier enlarged the working area of a suction excavator - RSP\",\"isPartOf\":{\"@id\":\"https:\\\/\\\/www.rsp.com\\\/en\\\/#website\"},\"primaryImageOfPage\":{\"@id\":\"https:\\\/\\\/www.rsp.com\\\/en\\\/technology\\\/the-articulated-hose-carrier-enlarged-the-working-area-of-a-suction-excavator\\\/#primaryimage\"},\"image\":{\"@id\":\"https:\\\/\\\/www.rsp.com\\\/en\\\/technology\\\/the-articulated-hose-carrier-enlarged-the-working-area-of-a-suction-excavator\\\/#primaryimage\"},\"thumbnailUrl\":\"https:\\\/\\\/www.rsp.com\\\/wp-content\\\/uploads\\\/2025\\\/03\\\/Saugschlauch_800x600-1.jpg\",\"datePublished\":\"2025-03-17T14:16:47+00:00\",\"dateModified\":\"2026-03-19T16:56:38+00:00\",\"breadcrumb\":{\"@id\":\"https:\\\/\\\/www.rsp.com\\\/en\\\/technology\\\/the-articulated-hose-carrier-enlarged-the-working-area-of-a-suction-excavator\\\/#breadcrumb\"},\"inLanguage\":\"en-US\",\"potentialAction\":[{\"@type\":\"ReadAction\",\"target\":[\"https:\\\/\\\/www.rsp.com\\\/en\\\/technology\\\/the-articulated-hose-carrier-enlarged-the-working-area-of-a-suction-excavator\\\/\"]}]},{\"@type\":\"ImageObject\",\"inLanguage\":\"en-US\",\"@id\":\"https:\\\/\\\/www.rsp.com\\\/en\\\/technology\\\/the-articulated-hose-carrier-enlarged-the-working-area-of-a-suction-excavator\\\/#primaryimage\",\"url\":\"https:\\\/\\\/www.rsp.com\\\/wp-content\\\/uploads\\\/2025\\\/03\\\/Saugschlauch_800x600-1.jpg\",\"contentUrl\":\"https:\\\/\\\/www.rsp.com\\\/wp-content\\\/uploads\\\/2025\\\/03\\\/Saugschlauch_800x600-1.jpg\"},{\"@type\":\"BreadcrumbList\",\"@id\":\"https:\\\/\\\/www.rsp.com\\\/en\\\/technology\\\/the-articulated-hose-carrier-enlarged-the-working-area-of-a-suction-excavator\\\/#breadcrumb\",\"itemListElement\":[{\"@type\":\"ListItem\",\"position\":1,\"name\":\"Startseite\",\"item\":\"https:\\\/\\\/www.rsp.com\\\/en\\\/\"},{\"@type\":\"ListItem\",\"position\":2,\"name\":\"Technology\",\"item\":\"https:\\\/\\\/www.rsp.com\\\/en\\\/technologie\\\/\"},{\"@type\":\"ListItem\",\"position\":3,\"name\":\"The articulated hose carrier enlarged the working area of a suction excavator\"}]},{\"@type\":\"WebSite\",\"@id\":\"https:\\\/\\\/www.rsp.com\\\/en\\\/#website\",\"url\":\"https:\\\/\\\/www.rsp.com\\\/en\\\/\",\"name\":\"RSP Saugbagger - Innovate work\",\"description\":\"Innovate Work\",\"publisher\":{\"@id\":\"https:\\\/\\\/www.rsp.com\\\/en\\\/#organization\"},\"potentialAction\":[{\"@type\":\"SearchAction\",\"target\":{\"@type\":\"EntryPoint\",\"urlTemplate\":\"https:\\\/\\\/www.rsp.com\\\/en\\\/?s={search_term_string}\"},\"query-input\":{\"@type\":\"PropertyValueSpecification\",\"valueRequired\":true,\"valueName\":\"search_term_string\"}}],\"inLanguage\":\"en-US\"},{\"@type\":\"Organization\",\"@id\":\"https:\\\/\\\/www.rsp.com\\\/en\\\/#organization\",\"name\":\"RSP GmbH & Co. KG\",\"alternateName\":\"RSP\",\"url\":\"https:\\\/\\\/www.rsp.com\\\/en\\\/\",\"logo\":{\"@type\":\"ImageObject\",\"inLanguage\":\"en-US\",\"@id\":\"https:\\\/\\\/www.rsp.com\\\/en\\\/#\\\/schema\\\/logo\\\/image\\\/\",\"url\":\"https:\\\/\\\/www.rsp.com\\\/wp-content\\\/uploads\\\/2025\\\/03\\\/RSP_Logo-cross_Color-pos_sRGB.svg\",\"contentUrl\":\"https:\\\/\\\/www.rsp.com\\\/wp-content\\\/uploads\\\/2025\\\/03\\\/RSP_Logo-cross_Color-pos_sRGB.svg\",\"width\":82,\"height\":82,\"caption\":\"RSP GmbH & Co. KG\"},\"image\":{\"@id\":\"https:\\\/\\\/www.rsp.com\\\/en\\\/#\\\/schema\\\/logo\\\/image\\\/\"},\"sameAs\":[\"http:\\\/\\\/www.facebook.com\\\/saugbagger\",\"https:\\\/\\\/www.instagram.com\\\/suctionexcavator\",\"https:\\\/\\\/www.linkedin.com\\\/company\\\/reschwitzer-saugbagger-produktions-gmbh-rsp-gmbh-\\\/\",\"http:\\\/\\\/www.youtube.com\\\/user\\\/RSPSuctionExcavator\"],\"description\":\"Die RSP GmbH & Co. KG ist f\u00fchrender Hersteller von Saugbaggern und Spezialfahrzeugen f\u00fcr den Einsatz in der Bau-, Versorgungs- und Kommunalwirtschaft. Mit \u00fcber 30 Jahren Erfahrung, einem internationalen Vertriebsnetz und innovativer Technologie bietet RSP leistungsstarke L\u00f6sungen f\u00fcr sicheres und effizientes Arbeiten \u2013 Made in Germany.\",\"email\":\"info@rsp-germany.com\",\"telephone\":\"+49367157210\",\"legalName\":\"RSP GmbH & Co. KG\",\"foundingDate\":\"1993-04-01\",\"vatID\":\"DE158276339\",\"numberOfEmployees\":{\"@type\":\"QuantitativeValue\",\"minValue\":\"501\",\"maxValue\":\"1000\"}}]}<\/script>\n<!-- \/ Yoast SEO Premium plugin. -->","yoast_head_json":{"title":"The articulated hose carrier enlarged the working area of a suction excavator - RSP","robots":{"index":"index","follow":"follow","max-snippet":"max-snippet:-1","max-image-preview":"max-image-preview:large","max-video-preview":"max-video-preview:-1"},"canonical":"https:\/\/www.rsp.com\/en\/technology\/the-articulated-hose-carrier-enlarged-the-working-area-of-a-suction-excavator\/","og_locale":"en_US","og_type":"article","og_title":"The articulated hose carrier enlarged the working area of a suction excavator","og_description":"The articulated hose carrier NO MATTER WHERE YOU VACUUM, PERFECTLY ADAPTED TO THE REQUIREMENTS. The RSP hose carriers with additional extension options are equipped with the RSP clamp system. Thanks to the compatibility with various accessories, a wide range of suction tasks can be carried out. THE OPTIMAL WORKING AREA The four movable joints and [&hellip;]","og_url":"https:\/\/www.rsp.com\/en\/technology\/the-articulated-hose-carrier-enlarged-the-working-area-of-a-suction-excavator\/","og_site_name":"RSP","article_publisher":"http:\/\/www.facebook.com\/saugbagger","article_modified_time":"2026-03-19T16:56:38+00:00","og_image":[{"width":800,"height":600,"url":"https:\/\/www.rsp.com\/wp-content\/uploads\/2025\/03\/Saugschlauch_800x600-1.jpg","type":"image\/jpeg"}],"twitter_card":"summary_large_image","twitter_misc":{"Est. reading time":"2 minutes"},"schema":{"@context":"https:\/\/schema.org","@graph":[{"@type":"WebPage","@id":"https:\/\/www.rsp.com\/en\/technology\/the-articulated-hose-carrier-enlarged-the-working-area-of-a-suction-excavator\/","url":"https:\/\/www.rsp.com\/en\/technology\/the-articulated-hose-carrier-enlarged-the-working-area-of-a-suction-excavator\/","name":"The articulated hose carrier enlarged the working area of a suction excavator - RSP","isPartOf":{"@id":"https:\/\/www.rsp.com\/en\/#website"},"primaryImageOfPage":{"@id":"https:\/\/www.rsp.com\/en\/technology\/the-articulated-hose-carrier-enlarged-the-working-area-of-a-suction-excavator\/#primaryimage"},"image":{"@id":"https:\/\/www.rsp.com\/en\/technology\/the-articulated-hose-carrier-enlarged-the-working-area-of-a-suction-excavator\/#primaryimage"},"thumbnailUrl":"https:\/\/www.rsp.com\/wp-content\/uploads\/2025\/03\/Saugschlauch_800x600-1.jpg","datePublished":"2025-03-17T14:16:47+00:00","dateModified":"2026-03-19T16:56:38+00:00","breadcrumb":{"@id":"https:\/\/www.rsp.com\/en\/technology\/the-articulated-hose-carrier-enlarged-the-working-area-of-a-suction-excavator\/#breadcrumb"},"inLanguage":"en-US","potentialAction":[{"@type":"ReadAction","target":["https:\/\/www.rsp.com\/en\/technology\/the-articulated-hose-carrier-enlarged-the-working-area-of-a-suction-excavator\/"]}]},{"@type":"ImageObject","inLanguage":"en-US","@id":"https:\/\/www.rsp.com\/en\/technology\/the-articulated-hose-carrier-enlarged-the-working-area-of-a-suction-excavator\/#primaryimage","url":"https:\/\/www.rsp.com\/wp-content\/uploads\/2025\/03\/Saugschlauch_800x600-1.jpg","contentUrl":"https:\/\/www.rsp.com\/wp-content\/uploads\/2025\/03\/Saugschlauch_800x600-1.jpg"},{"@type":"BreadcrumbList","@id":"https:\/\/www.rsp.com\/en\/technology\/the-articulated-hose-carrier-enlarged-the-working-area-of-a-suction-excavator\/#breadcrumb","itemListElement":[{"@type":"ListItem","position":1,"name":"Startseite","item":"https:\/\/www.rsp.com\/en\/"},{"@type":"ListItem","position":2,"name":"Technology","item":"https:\/\/www.rsp.com\/en\/technologie\/"},{"@type":"ListItem","position":3,"name":"The articulated hose carrier enlarged the working area of a suction excavator"}]},{"@type":"WebSite","@id":"https:\/\/www.rsp.com\/en\/#website","url":"https:\/\/www.rsp.com\/en\/","name":"RSP Saugbagger - Innovate work","description":"Innovate Work","publisher":{"@id":"https:\/\/www.rsp.com\/en\/#organization"},"potentialAction":[{"@type":"SearchAction","target":{"@type":"EntryPoint","urlTemplate":"https:\/\/www.rsp.com\/en\/?s={search_term_string}"},"query-input":{"@type":"PropertyValueSpecification","valueRequired":true,"valueName":"search_term_string"}}],"inLanguage":"en-US"},{"@type":"Organization","@id":"https:\/\/www.rsp.com\/en\/#organization","name":"RSP GmbH & Co. KG","alternateName":"RSP","url":"https:\/\/www.rsp.com\/en\/","logo":{"@type":"ImageObject","inLanguage":"en-US","@id":"https:\/\/www.rsp.com\/en\/#\/schema\/logo\/image\/","url":"https:\/\/www.rsp.com\/wp-content\/uploads\/2025\/03\/RSP_Logo-cross_Color-pos_sRGB.svg","contentUrl":"https:\/\/www.rsp.com\/wp-content\/uploads\/2025\/03\/RSP_Logo-cross_Color-pos_sRGB.svg","width":82,"height":82,"caption":"RSP GmbH & Co. KG"},"image":{"@id":"https:\/\/www.rsp.com\/en\/#\/schema\/logo\/image\/"},"sameAs":["http:\/\/www.facebook.com\/saugbagger","https:\/\/www.instagram.com\/suctionexcavator","https:\/\/www.linkedin.com\/company\/reschwitzer-saugbagger-produktions-gmbh-rsp-gmbh-\/","http:\/\/www.youtube.com\/user\/RSPSuctionExcavator"],"description":"Die RSP GmbH & Co. KG ist f\u00fchrender Hersteller von Saugbaggern und Spezialfahrzeugen f\u00fcr den Einsatz in der Bau-, Versorgungs- und Kommunalwirtschaft. Mit \u00fcber 30 Jahren Erfahrung, einem internationalen Vertriebsnetz und innovativer Technologie bietet RSP leistungsstarke L\u00f6sungen f\u00fcr sicheres und effizientes Arbeiten \u2013 Made in Germany.","email":"info@rsp-germany.com","telephone":"+49367157210","legalName":"RSP GmbH & Co. KG","foundingDate":"1993-04-01","vatID":"DE158276339","numberOfEmployees":{"@type":"QuantitativeValue","minValue":"501","maxValue":"1000"}}]}},"_links":{"self":[{"href":"https:\/\/www.rsp.com\/en\/wp-json\/wp\/v2\/pages\/1842","targetHints":{"allow":["GET"]}}],"collection":[{"href":"https:\/\/www.rsp.com\/en\/wp-json\/wp\/v2\/pages"}],"about":[{"href":"https:\/\/www.rsp.com\/en\/wp-json\/wp\/v2\/types\/page"}],"author":[{"embeddable":true,"href":"https:\/\/www.rsp.com\/en\/wp-json\/wp\/v2\/users\/1"}],"replies":[{"embeddable":true,"href":"https:\/\/www.rsp.com\/en\/wp-json\/wp\/v2\/comments?post=1842"}],"version-history":[{"count":1,"href":"https:\/\/www.rsp.com\/en\/wp-json\/wp\/v2\/pages\/1842\/revisions"}],"predecessor-version":[{"id":16782,"href":"https:\/\/www.rsp.com\/en\/wp-json\/wp\/v2\/pages\/1842\/revisions\/16782"}],"up":[{"embeddable":true,"href":"https:\/\/www.rsp.com\/en\/wp-json\/wp\/v2\/pages\/1296"}],"wp:attachment":[{"href":"https:\/\/www.rsp.com\/en\/wp-json\/wp\/v2\/media?parent=1842"}],"curies":[{"name":"wp","href":"https:\/\/api.w.org\/{rel}","templated":true}]}}