{"id":1850,"date":"2025-03-17T14:40:30","date_gmt":"2025-03-17T14:40:30","guid":{"rendered":"https:\/\/rspcom-e1aklfz9e9.live-website.com\/technology\/rsp-drive-hydraulic-drive-systems\/"},"modified":"2026-03-19T16:56:42","modified_gmt":"2026-03-19T16:56:42","slug":"rsp-drive-hydraulic-drive-systems","status":"publish","type":"page","link":"https:\/\/www.rsp.com\/en\/technology\/rsp-drive-hydraulic-drive-systems\/","title":{"rendered":"RSP Drive &#8211; Hydraulic drive systems"},"content":{"rendered":"\t\t<div data-elementor-type=\"wp-page\" data-elementor-id=\"1850\" class=\"elementor elementor-1850 elementor-1677\" data-elementor-post-type=\"page\">\n\t\t\t\t<div class=\"elementor-element elementor-element-436e15e e-flex e-con-boxed e-con e-parent\" data-id=\"436e15e\" data-element_type=\"container\" data-e-type=\"container\">\n\t\t\t\t\t<div class=\"e-con-inner\">\n\t\t\t\t<div class=\"elementor-element elementor-element-8adeacd elementor-widget elementor-widget-heading\" data-id=\"8adeacd\" data-element_type=\"widget\" data-e-type=\"widget\" data-widget_type=\"heading.default\">\n\t\t\t\t<div class=\"elementor-widget-container\">\n\t\t\t\t\t<h1 class=\"elementor-heading-title elementor-size-default\">RSP Drive - THE COMFORTABLE DRIVE<\/h1>\t\t\t\t<\/div>\n\t\t\t\t<\/div>\n\t\t\t\t\t<\/div>\n\t\t\t\t<\/div>\n\t\t<div class=\"elementor-element elementor-element-5c84fbc e-flex e-con-boxed e-con e-parent\" data-id=\"5c84fbc\" data-element_type=\"container\" data-e-type=\"container\">\n\t\t\t\t\t<div class=\"e-con-inner\">\n\t\t\t\t<div class=\"elementor-element elementor-element-c0dc64e elementor-widget__width-initial elementor-invisible elementor-widget elementor-widget-image\" data-id=\"c0dc64e\" data-element_type=\"widget\" data-e-type=\"widget\" data-settings=\"{&quot;_animation&quot;:&quot;fadeInLeft&quot;}\" data-widget_type=\"image.default\">\n\t\t\t\t<div class=\"elementor-widget-container\">\n\t\t\t\t\t\t\t\t\t\t\t\t\t\t\t<img loading=\"lazy\" decoding=\"async\" width=\"800\" height=\"600\" src=\"https:\/\/www.rsp.com\/wp-content\/uploads\/2025\/03\/Lenksystem_800x600.png\" class=\"attachment-large size-large wp-image-1697\" alt=\"\" srcset=\"https:\/\/www.rsp.com\/wp-content\/uploads\/2025\/03\/Lenksystem_800x600.png 800w, https:\/\/www.rsp.com\/wp-content\/uploads\/2025\/03\/Lenksystem_800x600-300x225.png 300w, https:\/\/www.rsp.com\/wp-content\/uploads\/2025\/03\/Lenksystem_800x600-768x576.png 768w\" sizes=\"auto, (max-width: 800px) 100vw, 800px\" \/>\t\t\t\t\t\t\t\t\t\t\t\t\t\t\t<\/div>\n\t\t\t\t<\/div>\n\t\t<div class=\"elementor-element elementor-element-3dca709 e-con-full e-flex elementor-invisible e-con e-child\" data-id=\"3dca709\" data-element_type=\"container\" data-e-type=\"container\" data-settings=\"{&quot;animation&quot;:&quot;fadeInRight&quot;}\">\n\t\t\t\t<div class=\"elementor-element elementor-element-7199c7d elementor-widget elementor-widget-heading\" data-id=\"7199c7d\" data-element_type=\"widget\" data-e-type=\"widget\" data-widget_type=\"heading.default\">\n\t\t\t\t<div class=\"elementor-widget-container\">\n\t\t\t\t\t<h2 class=\"elementor-heading-title elementor-size-default\">RSS - THE SAFE STEERING SYSTEM<\/h2>\t\t\t\t<\/div>\n\t\t\t\t<\/div>\n\t\t\t\t<div class=\"elementor-element elementor-element-e3afcaf elementor-widget elementor-widget-text-editor\" data-id=\"e3afcaf\" data-element_type=\"widget\" data-e-type=\"widget\" data-widget_type=\"text-editor.default\">\n\t\t\t\t<div class=\"elementor-widget-container\">\n\t\t\t\t\t\t\t\t\t<p>Machine development at RSP stands for the permanent pursuit of even more safety, even more reliability and even more efficiency. This naturally applies to all areas of a suction excavator. For safety reasons, all chassis manufacturers prohibit active intervention in the vehicle&#8217;s steering system. RSP has therefore developed the RSS steering system. This is a universally adaptable and safe system that can be used to remotely steer all vehicle types. The steering forces correspond to the steering movement by the driver.     <\/p><p>The RSP RSS steering system is simply placed on the steering wheel and fixed in place with quick-release fasteners. It enables safe operation of the optional travel drive with the radio remote control. By operating the ergonomically shaped joystick, the steering wheel in the cockpit is turned faster or slower, depending on the intensity. When the joystick is released, the wheels remain in the last steered position. The sensitive steering enables precise navigation on the construction site and requires only a few steering corrections.    <\/p>\t\t\t\t\t\t\t\t<\/div>\n\t\t\t\t<\/div>\n\t\t\t\t<\/div>\n\t\t\t\t\t<\/div>\n\t\t\t\t<\/div>\n\t\t<div class=\"elementor-element elementor-element-25e59a6 e-flex e-con-boxed e-con e-parent\" data-id=\"25e59a6\" data-element_type=\"container\" data-e-type=\"container\">\n\t\t\t\t\t<div class=\"e-con-inner\">\n\t\t<div class=\"elementor-element elementor-element-c290bfb e-con-full e-flex elementor-invisible e-con e-child\" data-id=\"c290bfb\" data-element_type=\"container\" data-e-type=\"container\" data-settings=\"{&quot;animation&quot;:&quot;fadeInLeft&quot;}\">\n\t\t\t\t<div class=\"elementor-element elementor-element-77955f5 elementor-widget elementor-widget-heading\" data-id=\"77955f5\" data-element_type=\"widget\" data-e-type=\"widget\" data-widget_type=\"heading.default\">\n\t\t\t\t<div class=\"elementor-widget-container\">\n\t\t\t\t\t<h2 class=\"elementor-heading-title elementor-size-default\">SAFE DRIVING AND STEERING VIA RADIO<\/h2>\t\t\t\t<\/div>\n\t\t\t\t<\/div>\n\t\t\t\t<div class=\"elementor-element elementor-element-6519514 elementor-widget elementor-widget-text-editor\" data-id=\"6519514\" data-element_type=\"widget\" data-e-type=\"widget\" data-widget_type=\"text-editor.default\">\n\t\t\t\t<div class=\"elementor-widget-container\">\n\t\t\t\t\t\t\t\t\t<p>The hydraulic drive enables the machine to be moved during the suction process. This equipment significantly increases efficiency, especially when vacuuming longer distances or areas. RSP offers various implementation options for this. All technical options are controlled via a joystick with safety controls.   <\/p>\t\t\t\t\t\t\t\t<\/div>\n\t\t\t\t<\/div>\n\t\t\t\t<\/div>\n\t\t\t\t\t<\/div>\n\t\t\t\t<\/div>\n\t\t\t\t<\/div>\n\t\t","protected":false},"excerpt":{"rendered":"<p>RSP Drive &#8211; THE COMFORTABLE DRIVE RSS &#8211; THE SAFE STEERING SYSTEM Machine development at RSP stands for the permanent pursuit of even more safety, even more reliability and even more efficiency. This naturally applies to all areas of a suction excavator. For safety reasons, all chassis manufacturers prohibit active intervention in the vehicle&#8217;s steering [&hellip;]<\/p>\n","protected":false},"author":1,"featured_media":0,"parent":1296,"menu_order":0,"comment_status":"closed","ping_status":"closed","template":"","meta":{"_acf_changed":false,"footnotes":""},"class_list":["post-1850","page","type-page","status-publish","hentry"],"acf":[],"yoast_head":"<!-- This site is optimized with the Yoast SEO Premium plugin v26.9 (Yoast SEO v27.5) - https:\/\/yoast.com\/product\/yoast-seo-premium-wordpress\/ -->\n<title>RSP Drive - Hydraulic drive systems - RSP<\/title>\n<meta name=\"robots\" content=\"index, follow, max-snippet:-1, max-image-preview:large, max-video-preview:-1\" \/>\n<link rel=\"canonical\" href=\"https:\/\/www.rsp.com\/en\/technology\/rsp-drive-hydraulic-drive-systems\/\" \/>\n<meta property=\"og:locale\" content=\"en_US\" \/>\n<meta property=\"og:type\" content=\"article\" \/>\n<meta property=\"og:title\" content=\"RSP Drive - Hydraulic drive systems\" \/>\n<meta property=\"og:description\" content=\"RSP Drive &#8211; THE COMFORTABLE DRIVE RSS &#8211; THE SAFE STEERING SYSTEM Machine development at RSP stands for the permanent pursuit of even more safety, even more reliability and even more efficiency. This naturally applies to all areas of a suction excavator. For safety reasons, all chassis manufacturers prohibit active intervention in the vehicle&#8217;s steering [&hellip;]\" \/>\n<meta property=\"og:url\" content=\"https:\/\/www.rsp.com\/en\/technology\/rsp-drive-hydraulic-drive-systems\/\" \/>\n<meta property=\"og:site_name\" content=\"RSP\" \/>\n<meta property=\"article:publisher\" content=\"http:\/\/www.facebook.com\/saugbagger\" \/>\n<meta property=\"article:modified_time\" content=\"2026-03-19T16:56:42+00:00\" \/>\n<meta property=\"og:image\" content=\"https:\/\/www.rsp.com\/wp-content\/uploads\/2025\/03\/Lenksystem_800x600.png\" \/>\n\t<meta property=\"og:image:width\" content=\"800\" \/>\n\t<meta property=\"og:image:height\" content=\"600\" \/>\n\t<meta property=\"og:image:type\" content=\"image\/png\" \/>\n<meta name=\"twitter:card\" content=\"summary_large_image\" \/>\n<meta name=\"twitter:label1\" content=\"Est. reading time\" \/>\n\t<meta name=\"twitter:data1\" content=\"1 minute\" \/>\n<script type=\"application\/ld+json\" class=\"yoast-schema-graph\">{\"@context\":\"https:\\\/\\\/schema.org\",\"@graph\":[{\"@type\":\"WebPage\",\"@id\":\"https:\\\/\\\/www.rsp.com\\\/en\\\/technology\\\/rsp-drive-hydraulic-drive-systems\\\/\",\"url\":\"https:\\\/\\\/www.rsp.com\\\/en\\\/technology\\\/rsp-drive-hydraulic-drive-systems\\\/\",\"name\":\"RSP Drive - Hydraulic drive systems - RSP\",\"isPartOf\":{\"@id\":\"https:\\\/\\\/www.rsp.com\\\/en\\\/#website\"},\"primaryImageOfPage\":{\"@id\":\"https:\\\/\\\/www.rsp.com\\\/en\\\/technology\\\/rsp-drive-hydraulic-drive-systems\\\/#primaryimage\"},\"image\":{\"@id\":\"https:\\\/\\\/www.rsp.com\\\/en\\\/technology\\\/rsp-drive-hydraulic-drive-systems\\\/#primaryimage\"},\"thumbnailUrl\":\"https:\\\/\\\/www.rsp.com\\\/wp-content\\\/uploads\\\/2025\\\/03\\\/Lenksystem_800x600.png\",\"datePublished\":\"2025-03-17T14:40:30+00:00\",\"dateModified\":\"2026-03-19T16:56:42+00:00\",\"breadcrumb\":{\"@id\":\"https:\\\/\\\/www.rsp.com\\\/en\\\/technology\\\/rsp-drive-hydraulic-drive-systems\\\/#breadcrumb\"},\"inLanguage\":\"en-US\",\"potentialAction\":[{\"@type\":\"ReadAction\",\"target\":[\"https:\\\/\\\/www.rsp.com\\\/en\\\/technology\\\/rsp-drive-hydraulic-drive-systems\\\/\"]}]},{\"@type\":\"ImageObject\",\"inLanguage\":\"en-US\",\"@id\":\"https:\\\/\\\/www.rsp.com\\\/en\\\/technology\\\/rsp-drive-hydraulic-drive-systems\\\/#primaryimage\",\"url\":\"https:\\\/\\\/www.rsp.com\\\/wp-content\\\/uploads\\\/2025\\\/03\\\/Lenksystem_800x600.png\",\"contentUrl\":\"https:\\\/\\\/www.rsp.com\\\/wp-content\\\/uploads\\\/2025\\\/03\\\/Lenksystem_800x600.png\"},{\"@type\":\"BreadcrumbList\",\"@id\":\"https:\\\/\\\/www.rsp.com\\\/en\\\/technology\\\/rsp-drive-hydraulic-drive-systems\\\/#breadcrumb\",\"itemListElement\":[{\"@type\":\"ListItem\",\"position\":1,\"name\":\"Startseite\",\"item\":\"https:\\\/\\\/www.rsp.com\\\/en\\\/\"},{\"@type\":\"ListItem\",\"position\":2,\"name\":\"Technology\",\"item\":\"https:\\\/\\\/www.rsp.com\\\/en\\\/technologie\\\/\"},{\"@type\":\"ListItem\",\"position\":3,\"name\":\"RSP Drive - Hydraulic drive systems\"}]},{\"@type\":\"WebSite\",\"@id\":\"https:\\\/\\\/www.rsp.com\\\/en\\\/#website\",\"url\":\"https:\\\/\\\/www.rsp.com\\\/en\\\/\",\"name\":\"RSP Saugbagger - Innovate work\",\"description\":\"Innovate Work\",\"publisher\":{\"@id\":\"https:\\\/\\\/www.rsp.com\\\/en\\\/#organization\"},\"potentialAction\":[{\"@type\":\"SearchAction\",\"target\":{\"@type\":\"EntryPoint\",\"urlTemplate\":\"https:\\\/\\\/www.rsp.com\\\/en\\\/?s={search_term_string}\"},\"query-input\":{\"@type\":\"PropertyValueSpecification\",\"valueRequired\":true,\"valueName\":\"search_term_string\"}}],\"inLanguage\":\"en-US\"},{\"@type\":\"Organization\",\"@id\":\"https:\\\/\\\/www.rsp.com\\\/en\\\/#organization\",\"name\":\"RSP GmbH & Co. KG\",\"alternateName\":\"RSP\",\"url\":\"https:\\\/\\\/www.rsp.com\\\/en\\\/\",\"logo\":{\"@type\":\"ImageObject\",\"inLanguage\":\"en-US\",\"@id\":\"https:\\\/\\\/www.rsp.com\\\/en\\\/#\\\/schema\\\/logo\\\/image\\\/\",\"url\":\"https:\\\/\\\/www.rsp.com\\\/wp-content\\\/uploads\\\/2025\\\/03\\\/RSP_Logo-cross_Color-pos_sRGB.svg\",\"contentUrl\":\"https:\\\/\\\/www.rsp.com\\\/wp-content\\\/uploads\\\/2025\\\/03\\\/RSP_Logo-cross_Color-pos_sRGB.svg\",\"width\":82,\"height\":82,\"caption\":\"RSP GmbH & Co. KG\"},\"image\":{\"@id\":\"https:\\\/\\\/www.rsp.com\\\/en\\\/#\\\/schema\\\/logo\\\/image\\\/\"},\"sameAs\":[\"http:\\\/\\\/www.facebook.com\\\/saugbagger\",\"https:\\\/\\\/www.instagram.com\\\/suctionexcavator\",\"https:\\\/\\\/www.linkedin.com\\\/company\\\/reschwitzer-saugbagger-produktions-gmbh-rsp-gmbh-\\\/\",\"http:\\\/\\\/www.youtube.com\\\/user\\\/RSPSuctionExcavator\"],\"description\":\"Die RSP GmbH & Co. KG ist f\u00fchrender Hersteller von Saugbaggern und Spezialfahrzeugen f\u00fcr den Einsatz in der Bau-, Versorgungs- und Kommunalwirtschaft. Mit \u00fcber 30 Jahren Erfahrung, einem internationalen Vertriebsnetz und innovativer Technologie bietet RSP leistungsstarke L\u00f6sungen f\u00fcr sicheres und effizientes Arbeiten \u2013 Made in Germany.\",\"email\":\"info@rsp-germany.com\",\"telephone\":\"+49367157210\",\"legalName\":\"RSP GmbH & Co. KG\",\"foundingDate\":\"1993-04-01\",\"vatID\":\"DE158276339\",\"numberOfEmployees\":{\"@type\":\"QuantitativeValue\",\"minValue\":\"501\",\"maxValue\":\"1000\"}}]}<\/script>\n<!-- \/ Yoast SEO Premium plugin. -->","yoast_head_json":{"title":"RSP Drive - Hydraulic drive systems - RSP","robots":{"index":"index","follow":"follow","max-snippet":"max-snippet:-1","max-image-preview":"max-image-preview:large","max-video-preview":"max-video-preview:-1"},"canonical":"https:\/\/www.rsp.com\/en\/technology\/rsp-drive-hydraulic-drive-systems\/","og_locale":"en_US","og_type":"article","og_title":"RSP Drive - Hydraulic drive systems","og_description":"RSP Drive &#8211; THE COMFORTABLE DRIVE RSS &#8211; THE SAFE STEERING SYSTEM Machine development at RSP stands for the permanent pursuit of even more safety, even more reliability and even more efficiency. This naturally applies to all areas of a suction excavator. For safety reasons, all chassis manufacturers prohibit active intervention in the vehicle&#8217;s steering [&hellip;]","og_url":"https:\/\/www.rsp.com\/en\/technology\/rsp-drive-hydraulic-drive-systems\/","og_site_name":"RSP","article_publisher":"http:\/\/www.facebook.com\/saugbagger","article_modified_time":"2026-03-19T16:56:42+00:00","og_image":[{"width":800,"height":600,"url":"https:\/\/www.rsp.com\/wp-content\/uploads\/2025\/03\/Lenksystem_800x600.png","type":"image\/png"}],"twitter_card":"summary_large_image","twitter_misc":{"Est. reading time":"1 minute"},"schema":{"@context":"https:\/\/schema.org","@graph":[{"@type":"WebPage","@id":"https:\/\/www.rsp.com\/en\/technology\/rsp-drive-hydraulic-drive-systems\/","url":"https:\/\/www.rsp.com\/en\/technology\/rsp-drive-hydraulic-drive-systems\/","name":"RSP Drive - Hydraulic drive systems - RSP","isPartOf":{"@id":"https:\/\/www.rsp.com\/en\/#website"},"primaryImageOfPage":{"@id":"https:\/\/www.rsp.com\/en\/technology\/rsp-drive-hydraulic-drive-systems\/#primaryimage"},"image":{"@id":"https:\/\/www.rsp.com\/en\/technology\/rsp-drive-hydraulic-drive-systems\/#primaryimage"},"thumbnailUrl":"https:\/\/www.rsp.com\/wp-content\/uploads\/2025\/03\/Lenksystem_800x600.png","datePublished":"2025-03-17T14:40:30+00:00","dateModified":"2026-03-19T16:56:42+00:00","breadcrumb":{"@id":"https:\/\/www.rsp.com\/en\/technology\/rsp-drive-hydraulic-drive-systems\/#breadcrumb"},"inLanguage":"en-US","potentialAction":[{"@type":"ReadAction","target":["https:\/\/www.rsp.com\/en\/technology\/rsp-drive-hydraulic-drive-systems\/"]}]},{"@type":"ImageObject","inLanguage":"en-US","@id":"https:\/\/www.rsp.com\/en\/technology\/rsp-drive-hydraulic-drive-systems\/#primaryimage","url":"https:\/\/www.rsp.com\/wp-content\/uploads\/2025\/03\/Lenksystem_800x600.png","contentUrl":"https:\/\/www.rsp.com\/wp-content\/uploads\/2025\/03\/Lenksystem_800x600.png"},{"@type":"BreadcrumbList","@id":"https:\/\/www.rsp.com\/en\/technology\/rsp-drive-hydraulic-drive-systems\/#breadcrumb","itemListElement":[{"@type":"ListItem","position":1,"name":"Startseite","item":"https:\/\/www.rsp.com\/en\/"},{"@type":"ListItem","position":2,"name":"Technology","item":"https:\/\/www.rsp.com\/en\/technologie\/"},{"@type":"ListItem","position":3,"name":"RSP Drive - Hydraulic drive systems"}]},{"@type":"WebSite","@id":"https:\/\/www.rsp.com\/en\/#website","url":"https:\/\/www.rsp.com\/en\/","name":"RSP Saugbagger - Innovate work","description":"Innovate Work","publisher":{"@id":"https:\/\/www.rsp.com\/en\/#organization"},"potentialAction":[{"@type":"SearchAction","target":{"@type":"EntryPoint","urlTemplate":"https:\/\/www.rsp.com\/en\/?s={search_term_string}"},"query-input":{"@type":"PropertyValueSpecification","valueRequired":true,"valueName":"search_term_string"}}],"inLanguage":"en-US"},{"@type":"Organization","@id":"https:\/\/www.rsp.com\/en\/#organization","name":"RSP GmbH & Co. KG","alternateName":"RSP","url":"https:\/\/www.rsp.com\/en\/","logo":{"@type":"ImageObject","inLanguage":"en-US","@id":"https:\/\/www.rsp.com\/en\/#\/schema\/logo\/image\/","url":"https:\/\/www.rsp.com\/wp-content\/uploads\/2025\/03\/RSP_Logo-cross_Color-pos_sRGB.svg","contentUrl":"https:\/\/www.rsp.com\/wp-content\/uploads\/2025\/03\/RSP_Logo-cross_Color-pos_sRGB.svg","width":82,"height":82,"caption":"RSP GmbH & Co. KG"},"image":{"@id":"https:\/\/www.rsp.com\/en\/#\/schema\/logo\/image\/"},"sameAs":["http:\/\/www.facebook.com\/saugbagger","https:\/\/www.instagram.com\/suctionexcavator","https:\/\/www.linkedin.com\/company\/reschwitzer-saugbagger-produktions-gmbh-rsp-gmbh-\/","http:\/\/www.youtube.com\/user\/RSPSuctionExcavator"],"description":"Die RSP GmbH & Co. KG ist f\u00fchrender Hersteller von Saugbaggern und Spezialfahrzeugen f\u00fcr den Einsatz in der Bau-, Versorgungs- und Kommunalwirtschaft. Mit \u00fcber 30 Jahren Erfahrung, einem internationalen Vertriebsnetz und innovativer Technologie bietet RSP leistungsstarke L\u00f6sungen f\u00fcr sicheres und effizientes Arbeiten \u2013 Made in Germany.","email":"info@rsp-germany.com","telephone":"+49367157210","legalName":"RSP GmbH & Co. KG","foundingDate":"1993-04-01","vatID":"DE158276339","numberOfEmployees":{"@type":"QuantitativeValue","minValue":"501","maxValue":"1000"}}]}},"_links":{"self":[{"href":"https:\/\/www.rsp.com\/en\/wp-json\/wp\/v2\/pages\/1850","targetHints":{"allow":["GET"]}}],"collection":[{"href":"https:\/\/www.rsp.com\/en\/wp-json\/wp\/v2\/pages"}],"about":[{"href":"https:\/\/www.rsp.com\/en\/wp-json\/wp\/v2\/types\/page"}],"author":[{"embeddable":true,"href":"https:\/\/www.rsp.com\/en\/wp-json\/wp\/v2\/users\/1"}],"replies":[{"embeddable":true,"href":"https:\/\/www.rsp.com\/en\/wp-json\/wp\/v2\/comments?post=1850"}],"version-history":[{"count":1,"href":"https:\/\/www.rsp.com\/en\/wp-json\/wp\/v2\/pages\/1850\/revisions"}],"predecessor-version":[{"id":16786,"href":"https:\/\/www.rsp.com\/en\/wp-json\/wp\/v2\/pages\/1850\/revisions\/16786"}],"up":[{"embeddable":true,"href":"https:\/\/www.rsp.com\/en\/wp-json\/wp\/v2\/pages\/1296"}],"wp:attachment":[{"href":"https:\/\/www.rsp.com\/en\/wp-json\/wp\/v2\/media?parent=1850"}],"curies":[{"name":"wp","href":"https:\/\/api.w.org\/{rel}","templated":true}]}}