{"id":4328,"date":"2025-03-21T10:51:13","date_gmt":"2025-03-21T10:51:13","guid":{"rendered":"https:\/\/www.rsp.com\/areas-of-application\/pipeline-renovation\/"},"modified":"2026-03-19T16:56:58","modified_gmt":"2026-03-19T16:56:58","slug":"pipeline-renovation","status":"publish","type":"page","link":"https:\/\/www.rsp.com\/en\/areas-of-application\/pipeline-renovation\/","title":{"rendered":"Pipeline renovation"},"content":{"rendered":"\t\t<div data-elementor-type=\"wp-page\" data-elementor-id=\"4328\" class=\"elementor elementor-4328 elementor-2228\" data-elementor-post-type=\"page\">\n\t\t\t\t<div class=\"elementor-element elementor-element-2978ad4 e-con-full e-flex e-con e-parent\" data-id=\"2978ad4\" data-element_type=\"container\" data-e-type=\"container\">\n\t\t\t\t<div class=\"elementor-element elementor-element-ab2ba2d elementor-widget elementor-widget-image\" data-id=\"ab2ba2d\" data-element_type=\"widget\" data-e-type=\"widget\" data-widget_type=\"image.default\">\n\t\t\t\t<div class=\"elementor-widget-container\">\n\t\t\t\t\t\t\t\t\t\t\t\t\t\t\t<img loading=\"lazy\" decoding=\"async\" width=\"1\" height=\"1\" src=\"https:\/\/www.rsp.com\/wp-content\/uploads\/2025\/03\/Rohrleitungssanierung_1370x675.png\" class=\"attachment-large size-large wp-image-2231\" alt=\"\" \/>\t\t\t\t\t\t\t\t\t\t\t\t\t\t\t<\/div>\n\t\t\t\t<\/div>\n\t\t<div class=\"elementor-element elementor-element-cd59c69 e-flex e-con-boxed e-con e-child\" data-id=\"cd59c69\" data-element_type=\"container\" data-e-type=\"container\" data-settings=\"{&quot;position&quot;:&quot;absolute&quot;}\">\n\t\t\t\t\t<div class=\"e-con-inner\">\n\t\t\t\t<div class=\"elementor-element elementor-element-3a761cb elementor-widget elementor-widget-heading\" data-id=\"3a761cb\" data-element_type=\"widget\" data-e-type=\"widget\" data-widget_type=\"heading.default\">\n\t\t\t\t<div class=\"elementor-widget-container\">\n\t\t\t\t\t<h1 class=\"elementor-heading-title elementor-size-default\">Rohrleitungssanierung<\/h1>\t\t\t\t<\/div>\n\t\t\t\t<\/div>\n\t\t\t\t\t<\/div>\n\t\t\t\t<\/div>\n\t\t\t\t<\/div>\n\t\t<div class=\"elementor-element elementor-element-3f3ab58 e-flex e-con-boxed e-con e-parent\" data-id=\"3f3ab58\" data-element_type=\"container\" data-e-type=\"container\">\n\t\t\t\t\t<div class=\"e-con-inner\">\n\t\t\t\t<div class=\"elementor-element elementor-element-9c1107a elementor-widget elementor-widget-text-editor\" data-id=\"9c1107a\" data-element_type=\"widget\" data-e-type=\"widget\" data-widget_type=\"text-editor.default\">\n\t\t\t\t<div class=\"elementor-widget-container\">\n\t\t\t\t\t\t\t\t\t<p>To ensure the operational safety of gas pipes, various methods are used for renovation or repair. In the case of external renovations, the pipes can be exposed quickly and safely. When renovating the inner pipe walls, the detached incrustations are removed by suction.  <\/p>\t\t\t\t\t\t\t\t<\/div>\n\t\t\t\t<\/div>\n\t\t\t\t<div class=\"elementor-element elementor-element-88334ca elementor-widget elementor-widget-spacer\" data-id=\"88334ca\" data-element_type=\"widget\" data-e-type=\"widget\" data-widget_type=\"spacer.default\">\n\t\t\t\t<div class=\"elementor-widget-container\">\n\t\t\t\t\t\t\t<div class=\"elementor-spacer\">\n\t\t\t<div class=\"elementor-spacer-inner\"><\/div>\n\t\t<\/div>\n\t\t\t\t\t\t<\/div>\n\t\t\t\t<\/div>\n\t\t\t\t\t<\/div>\n\t\t\t\t<\/div>\n\t\t\t\t<\/div>\n\t\t","protected":false},"excerpt":{"rendered":"<p>Rohrleitungssanierung To ensure the operational safety of gas pipes, various methods are used for renovation or repair. In the case of external renovations, the pipes can be exposed quickly and safely. When renovating the inner pipe walls, the detached incrustations are removed by suction.<\/p>\n","protected":false},"author":8,"featured_media":0,"parent":1051,"menu_order":0,"comment_status":"closed","ping_status":"closed","template":"elementor_header_footer","meta":{"_acf_changed":false,"footnotes":""},"class_list":["post-4328","page","type-page","status-publish","hentry"],"acf":[],"yoast_head":"<!-- This site is optimized with the Yoast SEO Premium plugin v26.9 (Yoast SEO v27.5) - https:\/\/yoast.com\/product\/yoast-seo-premium-wordpress\/ -->\n<title>Pipeline renovation - RSP<\/title>\n<meta name=\"robots\" content=\"index, follow, max-snippet:-1, max-image-preview:large, max-video-preview:-1\" \/>\n<link rel=\"canonical\" href=\"https:\/\/www.rsp.com\/en\/areas-of-application\/pipeline-renovation\/\" \/>\n<meta property=\"og:locale\" content=\"en_US\" \/>\n<meta property=\"og:type\" content=\"article\" \/>\n<meta property=\"og:title\" content=\"Pipeline renovation\" \/>\n<meta property=\"og:description\" content=\"Rohrleitungssanierung To ensure the operational safety of gas pipes, various methods are used for renovation or repair. In the case of external renovations, the pipes can be exposed quickly and safely. When renovating the inner pipe walls, the detached incrustations are removed by suction.\" \/>\n<meta property=\"og:url\" content=\"https:\/\/www.rsp.com\/en\/areas-of-application\/pipeline-renovation\/\" \/>\n<meta property=\"og:site_name\" content=\"RSP\" \/>\n<meta property=\"article:publisher\" content=\"http:\/\/www.facebook.com\/saugbagger\" \/>\n<meta property=\"article:modified_time\" content=\"2026-03-19T16:56:58+00:00\" \/>\n<meta property=\"og:image\" content=\"https:\/\/www.rsp.com\/wp-content\/uploads\/2025\/03\/Rohrleitungssanierung_1370x675.png\" \/>\n\t<meta property=\"og:image:width\" content=\"1370\" \/>\n\t<meta property=\"og:image:height\" content=\"675\" \/>\n\t<meta property=\"og:image:type\" content=\"image\/png\" \/>\n<meta name=\"twitter:card\" content=\"summary_large_image\" \/>\n<script type=\"application\/ld+json\" class=\"yoast-schema-graph\">{\"@context\":\"https:\\\/\\\/schema.org\",\"@graph\":[{\"@type\":\"WebPage\",\"@id\":\"https:\\\/\\\/www.rsp.com\\\/en\\\/areas-of-application\\\/pipeline-renovation\\\/\",\"url\":\"https:\\\/\\\/www.rsp.com\\\/en\\\/areas-of-application\\\/pipeline-renovation\\\/\",\"name\":\"Pipeline renovation - RSP\",\"isPartOf\":{\"@id\":\"https:\\\/\\\/www.rsp.com\\\/en\\\/#website\"},\"primaryImageOfPage\":{\"@id\":\"https:\\\/\\\/www.rsp.com\\\/en\\\/areas-of-application\\\/pipeline-renovation\\\/#primaryimage\"},\"image\":{\"@id\":\"https:\\\/\\\/www.rsp.com\\\/en\\\/areas-of-application\\\/pipeline-renovation\\\/#primaryimage\"},\"thumbnailUrl\":\"https:\\\/\\\/www.rsp.com\\\/wp-content\\\/uploads\\\/2025\\\/03\\\/Rohrleitungssanierung_1370x675.png\",\"datePublished\":\"2025-03-21T10:51:13+00:00\",\"dateModified\":\"2026-03-19T16:56:58+00:00\",\"breadcrumb\":{\"@id\":\"https:\\\/\\\/www.rsp.com\\\/en\\\/areas-of-application\\\/pipeline-renovation\\\/#breadcrumb\"},\"inLanguage\":\"en-US\",\"potentialAction\":[{\"@type\":\"ReadAction\",\"target\":[\"https:\\\/\\\/www.rsp.com\\\/en\\\/areas-of-application\\\/pipeline-renovation\\\/\"]}]},{\"@type\":\"ImageObject\",\"inLanguage\":\"en-US\",\"@id\":\"https:\\\/\\\/www.rsp.com\\\/en\\\/areas-of-application\\\/pipeline-renovation\\\/#primaryimage\",\"url\":\"https:\\\/\\\/www.rsp.com\\\/wp-content\\\/uploads\\\/2025\\\/03\\\/Rohrleitungssanierung_1370x675.png\",\"contentUrl\":\"https:\\\/\\\/www.rsp.com\\\/wp-content\\\/uploads\\\/2025\\\/03\\\/Rohrleitungssanierung_1370x675.png\"},{\"@type\":\"BreadcrumbList\",\"@id\":\"https:\\\/\\\/www.rsp.com\\\/en\\\/areas-of-application\\\/pipeline-renovation\\\/#breadcrumb\",\"itemListElement\":[{\"@type\":\"ListItem\",\"position\":1,\"name\":\"Startseite\",\"item\":\"https:\\\/\\\/www.rsp.com\\\/en\\\/\"},{\"@type\":\"ListItem\",\"position\":2,\"name\":\"Areas of application\",\"item\":\"https:\\\/\\\/www.rsp.com\\\/en\\\/einsatzgebiete\\\/\"},{\"@type\":\"ListItem\",\"position\":3,\"name\":\"Pipeline renovation\"}]},{\"@type\":\"WebSite\",\"@id\":\"https:\\\/\\\/www.rsp.com\\\/en\\\/#website\",\"url\":\"https:\\\/\\\/www.rsp.com\\\/en\\\/\",\"name\":\"RSP Saugbagger - Innovate work\",\"description\":\"Innovate Work\",\"publisher\":{\"@id\":\"https:\\\/\\\/www.rsp.com\\\/en\\\/#organization\"},\"potentialAction\":[{\"@type\":\"SearchAction\",\"target\":{\"@type\":\"EntryPoint\",\"urlTemplate\":\"https:\\\/\\\/www.rsp.com\\\/en\\\/?s={search_term_string}\"},\"query-input\":{\"@type\":\"PropertyValueSpecification\",\"valueRequired\":true,\"valueName\":\"search_term_string\"}}],\"inLanguage\":\"en-US\"},{\"@type\":\"Organization\",\"@id\":\"https:\\\/\\\/www.rsp.com\\\/en\\\/#organization\",\"name\":\"RSP GmbH & Co. KG\",\"alternateName\":\"RSP\",\"url\":\"https:\\\/\\\/www.rsp.com\\\/en\\\/\",\"logo\":{\"@type\":\"ImageObject\",\"inLanguage\":\"en-US\",\"@id\":\"https:\\\/\\\/www.rsp.com\\\/en\\\/#\\\/schema\\\/logo\\\/image\\\/\",\"url\":\"https:\\\/\\\/www.rsp.com\\\/wp-content\\\/uploads\\\/2025\\\/03\\\/RSP_Logo-cross_Color-pos_sRGB.svg\",\"contentUrl\":\"https:\\\/\\\/www.rsp.com\\\/wp-content\\\/uploads\\\/2025\\\/03\\\/RSP_Logo-cross_Color-pos_sRGB.svg\",\"width\":82,\"height\":82,\"caption\":\"RSP GmbH & Co. KG\"},\"image\":{\"@id\":\"https:\\\/\\\/www.rsp.com\\\/en\\\/#\\\/schema\\\/logo\\\/image\\\/\"},\"sameAs\":[\"http:\\\/\\\/www.facebook.com\\\/saugbagger\",\"https:\\\/\\\/www.instagram.com\\\/suctionexcavator\",\"https:\\\/\\\/www.linkedin.com\\\/company\\\/reschwitzer-saugbagger-produktions-gmbh-rsp-gmbh-\\\/\",\"http:\\\/\\\/www.youtube.com\\\/user\\\/RSPSuctionExcavator\"],\"description\":\"Die RSP GmbH & Co. KG ist f\u00fchrender Hersteller von Saugbaggern und Spezialfahrzeugen f\u00fcr den Einsatz in der Bau-, Versorgungs- und Kommunalwirtschaft. Mit \u00fcber 30 Jahren Erfahrung, einem internationalen Vertriebsnetz und innovativer Technologie bietet RSP leistungsstarke L\u00f6sungen f\u00fcr sicheres und effizientes Arbeiten \u2013 Made in Germany.\",\"email\":\"info@rsp-germany.com\",\"telephone\":\"+49367157210\",\"legalName\":\"RSP GmbH & Co. KG\",\"foundingDate\":\"1993-04-01\",\"vatID\":\"DE158276339\",\"numberOfEmployees\":{\"@type\":\"QuantitativeValue\",\"minValue\":\"501\",\"maxValue\":\"1000\"}}]}<\/script>\n<!-- \/ Yoast SEO Premium plugin. -->","yoast_head_json":{"title":"Pipeline renovation - RSP","robots":{"index":"index","follow":"follow","max-snippet":"max-snippet:-1","max-image-preview":"max-image-preview:large","max-video-preview":"max-video-preview:-1"},"canonical":"https:\/\/www.rsp.com\/en\/areas-of-application\/pipeline-renovation\/","og_locale":"en_US","og_type":"article","og_title":"Pipeline renovation","og_description":"Rohrleitungssanierung To ensure the operational safety of gas pipes, various methods are used for renovation or repair. In the case of external renovations, the pipes can be exposed quickly and safely. When renovating the inner pipe walls, the detached incrustations are removed by suction.","og_url":"https:\/\/www.rsp.com\/en\/areas-of-application\/pipeline-renovation\/","og_site_name":"RSP","article_publisher":"http:\/\/www.facebook.com\/saugbagger","article_modified_time":"2026-03-19T16:56:58+00:00","og_image":[{"width":1370,"height":675,"url":"https:\/\/www.rsp.com\/wp-content\/uploads\/2025\/03\/Rohrleitungssanierung_1370x675.png","type":"image\/png"}],"twitter_card":"summary_large_image","schema":{"@context":"https:\/\/schema.org","@graph":[{"@type":"WebPage","@id":"https:\/\/www.rsp.com\/en\/areas-of-application\/pipeline-renovation\/","url":"https:\/\/www.rsp.com\/en\/areas-of-application\/pipeline-renovation\/","name":"Pipeline renovation - RSP","isPartOf":{"@id":"https:\/\/www.rsp.com\/en\/#website"},"primaryImageOfPage":{"@id":"https:\/\/www.rsp.com\/en\/areas-of-application\/pipeline-renovation\/#primaryimage"},"image":{"@id":"https:\/\/www.rsp.com\/en\/areas-of-application\/pipeline-renovation\/#primaryimage"},"thumbnailUrl":"https:\/\/www.rsp.com\/wp-content\/uploads\/2025\/03\/Rohrleitungssanierung_1370x675.png","datePublished":"2025-03-21T10:51:13+00:00","dateModified":"2026-03-19T16:56:58+00:00","breadcrumb":{"@id":"https:\/\/www.rsp.com\/en\/areas-of-application\/pipeline-renovation\/#breadcrumb"},"inLanguage":"en-US","potentialAction":[{"@type":"ReadAction","target":["https:\/\/www.rsp.com\/en\/areas-of-application\/pipeline-renovation\/"]}]},{"@type":"ImageObject","inLanguage":"en-US","@id":"https:\/\/www.rsp.com\/en\/areas-of-application\/pipeline-renovation\/#primaryimage","url":"https:\/\/www.rsp.com\/wp-content\/uploads\/2025\/03\/Rohrleitungssanierung_1370x675.png","contentUrl":"https:\/\/www.rsp.com\/wp-content\/uploads\/2025\/03\/Rohrleitungssanierung_1370x675.png"},{"@type":"BreadcrumbList","@id":"https:\/\/www.rsp.com\/en\/areas-of-application\/pipeline-renovation\/#breadcrumb","itemListElement":[{"@type":"ListItem","position":1,"name":"Startseite","item":"https:\/\/www.rsp.com\/en\/"},{"@type":"ListItem","position":2,"name":"Areas of application","item":"https:\/\/www.rsp.com\/en\/einsatzgebiete\/"},{"@type":"ListItem","position":3,"name":"Pipeline renovation"}]},{"@type":"WebSite","@id":"https:\/\/www.rsp.com\/en\/#website","url":"https:\/\/www.rsp.com\/en\/","name":"RSP Saugbagger - Innovate work","description":"Innovate Work","publisher":{"@id":"https:\/\/www.rsp.com\/en\/#organization"},"potentialAction":[{"@type":"SearchAction","target":{"@type":"EntryPoint","urlTemplate":"https:\/\/www.rsp.com\/en\/?s={search_term_string}"},"query-input":{"@type":"PropertyValueSpecification","valueRequired":true,"valueName":"search_term_string"}}],"inLanguage":"en-US"},{"@type":"Organization","@id":"https:\/\/www.rsp.com\/en\/#organization","name":"RSP GmbH & Co. KG","alternateName":"RSP","url":"https:\/\/www.rsp.com\/en\/","logo":{"@type":"ImageObject","inLanguage":"en-US","@id":"https:\/\/www.rsp.com\/en\/#\/schema\/logo\/image\/","url":"https:\/\/www.rsp.com\/wp-content\/uploads\/2025\/03\/RSP_Logo-cross_Color-pos_sRGB.svg","contentUrl":"https:\/\/www.rsp.com\/wp-content\/uploads\/2025\/03\/RSP_Logo-cross_Color-pos_sRGB.svg","width":82,"height":82,"caption":"RSP GmbH & Co. KG"},"image":{"@id":"https:\/\/www.rsp.com\/en\/#\/schema\/logo\/image\/"},"sameAs":["http:\/\/www.facebook.com\/saugbagger","https:\/\/www.instagram.com\/suctionexcavator","https:\/\/www.linkedin.com\/company\/reschwitzer-saugbagger-produktions-gmbh-rsp-gmbh-\/","http:\/\/www.youtube.com\/user\/RSPSuctionExcavator"],"description":"Die RSP GmbH & Co. KG ist f\u00fchrender Hersteller von Saugbaggern und Spezialfahrzeugen f\u00fcr den Einsatz in der Bau-, Versorgungs- und Kommunalwirtschaft. Mit \u00fcber 30 Jahren Erfahrung, einem internationalen Vertriebsnetz und innovativer Technologie bietet RSP leistungsstarke L\u00f6sungen f\u00fcr sicheres und effizientes Arbeiten \u2013 Made in Germany.","email":"info@rsp-germany.com","telephone":"+49367157210","legalName":"RSP GmbH & Co. KG","foundingDate":"1993-04-01","vatID":"DE158276339","numberOfEmployees":{"@type":"QuantitativeValue","minValue":"501","maxValue":"1000"}}]}},"_links":{"self":[{"href":"https:\/\/www.rsp.com\/en\/wp-json\/wp\/v2\/pages\/4328","targetHints":{"allow":["GET"]}}],"collection":[{"href":"https:\/\/www.rsp.com\/en\/wp-json\/wp\/v2\/pages"}],"about":[{"href":"https:\/\/www.rsp.com\/en\/wp-json\/wp\/v2\/types\/page"}],"author":[{"embeddable":true,"href":"https:\/\/www.rsp.com\/en\/wp-json\/wp\/v2\/users\/8"}],"replies":[{"embeddable":true,"href":"https:\/\/www.rsp.com\/en\/wp-json\/wp\/v2\/comments?post=4328"}],"version-history":[{"count":1,"href":"https:\/\/www.rsp.com\/en\/wp-json\/wp\/v2\/pages\/4328\/revisions"}],"predecessor-version":[{"id":16808,"href":"https:\/\/www.rsp.com\/en\/wp-json\/wp\/v2\/pages\/4328\/revisions\/16808"}],"up":[{"embeddable":true,"href":"https:\/\/www.rsp.com\/en\/wp-json\/wp\/v2\/pages\/1051"}],"wp:attachment":[{"href":"https:\/\/www.rsp.com\/en\/wp-json\/wp\/v2\/media?parent=4328"}],"curies":[{"name":"wp","href":"https:\/\/api.w.org\/{rel}","templated":true}]}}