{"id":1834,"date":"2025-03-17T13:38:35","date_gmt":"2025-03-17T13:38:35","guid":{"rendered":"https:\/\/rspcom-e1aklfz9e9.live-website.com\/technologie\/ventilateurs-pour-dragues-aspirantes\/"},"modified":"2026-03-19T16:56:37","modified_gmt":"2026-03-19T16:56:37","slug":"ventilateurs-pour-dragues-aspirantes","status":"publish","type":"page","link":"https:\/\/www.rsp.com\/fr\/technologie\/ventilateurs-pour-dragues-aspirantes\/","title":{"rendered":"Ventilateurs pour dragues aspirantes"},"content":{"rendered":"\t\t<div data-elementor-type=\"wp-page\" data-elementor-id=\"1834\" class=\"elementor elementor-1834 elementor-1584\" data-elementor-post-type=\"page\">\n\t\t\t\t<div class=\"elementor-element elementor-element-af7367b e-flex e-con-boxed e-con e-parent\" data-id=\"af7367b\" data-element_type=\"container\" data-e-type=\"container\">\n\t\t\t\t\t<div class=\"e-con-inner\">\n\t\t\t\t<div class=\"elementor-element elementor-element-d3b6d85 elementor-widget elementor-widget-heading\" data-id=\"d3b6d85\" data-element_type=\"widget\" data-e-type=\"widget\" data-widget_type=\"heading.default\">\n\t\t\t\t<div class=\"elementor-widget-container\">\n\t\t\t\t\t<h1 class=\"elementor-heading-title elementor-size-default\">Ventilateurs pour dragues aspirantes<\/h1>\t\t\t\t<\/div>\n\t\t\t\t<\/div>\n\t\t\t\t<div class=\"elementor-element elementor-element-c2d0888 elementor-widget elementor-widget-heading\" data-id=\"c2d0888\" data-element_type=\"widget\" data-e-type=\"widget\" data-widget_type=\"heading.default\">\n\t\t\t\t<div class=\"elementor-widget-container\">\n\t\t\t\t\t<h2 class=\"elementor-heading-title elementor-size-default\">MOINS DE POIDS. MOINS DE CONSOMMATION. <\/h2>\t\t\t\t<\/div>\n\t\t\t\t<\/div>\n\t\t\t\t<div class=\"elementor-element elementor-element-bdb74e0 elementor-widget elementor-widget-text-editor\" data-id=\"bdb74e0\" data-element_type=\"widget\" data-e-type=\"widget\" data-widget_type=\"text-editor.default\">\n\t\t\t\t<div class=\"elementor-widget-container\">\n\t\t\t\t\t\t\t\t\t<p>RSP offre \u00e0 chaque client la possibilit\u00e9 de configurer la puissance d&rsquo;aspiration correspondant \u00e0 son domaine d&rsquo;activit\u00e9 \u00e0 partir de son programme de livraison standard, du ventilateur simple au quadruple. La dur\u00e9e de vie est influenc\u00e9e de mani\u00e8re d\u00e9terminante par les conditions de raccordement et de d\u00e9marrage ainsi que par la qualit\u00e9 de l&rsquo;\u00e9quilibrage et le fonctionnement silencieux. Avec le nouveau ventilateur double, vous faites un excellent choix, car le mod\u00e8le pr\u00e9c\u00e9dent avait d\u00e9j\u00e0 convaincu nos clients par sa long\u00e9vit\u00e9 et ses performances.  <\/p>\t\t\t\t\t\t\t\t<\/div>\n\t\t\t\t<\/div>\n\t\t<div class=\"elementor-element elementor-element-c016a81 e-con-full e-flex e-con e-child\" data-id=\"c016a81\" data-element_type=\"container\" data-e-type=\"container\">\n\t\t\t\t<div class=\"elementor-element elementor-element-46893b9 elementor-widget__width-initial elementor-invisible elementor-widget elementor-widget-image\" data-id=\"46893b9\" data-element_type=\"widget\" data-e-type=\"widget\" data-settings=\"{&quot;_animation&quot;:&quot;fadeInLeft&quot;}\" data-widget_type=\"image.default\">\n\t\t\t\t<div class=\"elementor-widget-container\">\n\t\t\t\t\t\t\t\t\t\t\t\t\t\t\t<img loading=\"lazy\" decoding=\"async\" width=\"800\" height=\"600\" src=\"https:\/\/www.rsp.com\/wp-content\/uploads\/2025\/03\/Ventilator1_800x600.png\" class=\"attachment-large size-large wp-image-1592\" alt=\"\" srcset=\"https:\/\/www.rsp.com\/wp-content\/uploads\/2025\/03\/Ventilator1_800x600.png 800w, https:\/\/www.rsp.com\/wp-content\/uploads\/2025\/03\/Ventilator1_800x600-300x225.png 300w, https:\/\/www.rsp.com\/wp-content\/uploads\/2025\/03\/Ventilator1_800x600-768x576.png 768w\" sizes=\"auto, (max-width: 800px) 100vw, 800px\" \/>\t\t\t\t\t\t\t\t\t\t\t\t\t\t\t<\/div>\n\t\t\t\t<\/div>\n\t\t<div class=\"elementor-element elementor-element-cf50c09 e-con-full e-flex elementor-invisible e-con e-child\" data-id=\"cf50c09\" data-element_type=\"container\" data-e-type=\"container\" data-settings=\"{&quot;animation&quot;:&quot;fadeInRight&quot;}\">\n\t\t\t\t<div class=\"elementor-element elementor-element-8ca7360 elementor-widget elementor-widget-heading\" data-id=\"8ca7360\" data-element_type=\"widget\" data-e-type=\"widget\" data-widget_type=\"heading.default\">\n\t\t\t\t<div class=\"elementor-widget-container\">\n\t\t\t\t\t<h2 class=\"elementor-heading-title elementor-size-default\">BEAUCOUP D'EFFORTS ET UN OBJECTIF<\/h2>\t\t\t\t<\/div>\n\t\t\t\t<\/div>\n\t\t\t\t<div class=\"elementor-element elementor-element-7fdd787 elementor-widget elementor-widget-text-editor\" data-id=\"7fdd787\" data-element_type=\"widget\" data-e-type=\"widget\" data-widget_type=\"text-editor.default\">\n\t\t\t\t<div class=\"elementor-widget-container\">\n\t\t\t\t\t\t\t\t\t<p>Les ventilateurs install\u00e9s sont au c\u0153ur de la technique d&rsquo;aspiration des dragues. Les ventilateurs \u00e0 haut rendement sp\u00e9cialement d\u00e9velopp\u00e9s par RSP permettent d&rsquo;obtenir des valeurs de puissance maximales pour une dur\u00e9e de vie tr\u00e8s longue. RSP mise sur une qualit\u00e9 d&rsquo;\u00e9quilibrage tr\u00e8s pr\u00e9cise et des conditions de raccordement et de d\u00e9marrage optimales, car elles d\u00e9terminent en grande partie la dur\u00e9e de vie du ventilateur. Nos ventilateurs sont d\u00e9marr\u00e9s lentement via un embrayage ; cela entra\u00eene automatiquement une charge beaucoup plus faible du moteur d&rsquo;entra\u00eenement et augmente la dur\u00e9e de vie.   <\/p>\t\t\t\t\t\t\t\t<\/div>\n\t\t\t\t<\/div>\n\t\t\t\t<\/div>\n\t\t\t\t<\/div>\n\t\t\t\t\t<\/div>\n\t\t\t\t<\/div>\n\t\t<div class=\"elementor-element elementor-element-a20cc0e e-flex e-con-boxed e-con e-parent\" data-id=\"a20cc0e\" data-element_type=\"container\" data-e-type=\"container\">\n\t\t\t\t\t<div class=\"e-con-inner\">\n\t\t<div class=\"elementor-element elementor-element-5982020 e-con-full e-flex elementor-invisible e-con e-child\" data-id=\"5982020\" data-element_type=\"container\" data-e-type=\"container\" data-settings=\"{&quot;animation&quot;:&quot;fadeInLeft&quot;}\">\n\t\t\t\t<div class=\"elementor-element elementor-element-fa9a360 elementor-widget elementor-widget-heading\" data-id=\"fa9a360\" data-element_type=\"widget\" data-e-type=\"widget\" data-widget_type=\"heading.default\">\n\t\t\t\t<div class=\"elementor-widget-container\">\n\t\t\t\t\t<h2 class=\"elementor-heading-title elementor-size-default\">NOUS \u00c9TABLISSONS DE NOUVELLES R\u00c9F\u00c9RENCES EN MATI\u00c8RE DE CONSOMMATION DE CARBURANT.<\/h2>\t\t\t\t<\/div>\n\t\t\t\t<\/div>\n\t\t\t\t<div class=\"elementor-element elementor-element-860e36c elementor-widget elementor-widget-text-editor\" data-id=\"860e36c\" data-element_type=\"widget\" data-e-type=\"widget\" data-widget_type=\"text-editor.default\">\n\t\t\t\t<div class=\"elementor-widget-container\">\n\t\t\t\t\t\t\t\t\t<p style=\"line-height: 16.5pt; background: white; margin: 0cm 0cm 15.0pt 0cm;\"><span style=\"color: #666666;\">Gr\u00e2ce \u00e0 un d\u00e9veloppement continu, \u00e0 des tests et \u00e0 une optimisation des performances, nos ventilateurs atteignent des valeurs d&rsquo;\u00e9mission extr\u00eamement faibles. Le rapport de transmission du ventilateur, sp\u00e9cifique au v\u00e9hicule, offre un potentiel d&rsquo;\u00e9conomie suppl\u00e9mentaire. Cela permet de r\u00e9aliser d&rsquo;\u00e9normes \u00e9conomies de carburant, en particulier dans les trois niveaux de puissance. Nous utilisons de mani\u00e8re cibl\u00e9e de nouveaux mat\u00e9riaux de haute qualit\u00e9 pour la construction du ventilateur afin de minimiser drastiquement le poids et de maximiser l&rsquo;efficacit\u00e9. Ce sont les ventilateurs les plus \u00e9conomiques, les plus fiables et les plus durables que nous ayons jamais construits.    <\/span><\/p>\t\t\t\t\t\t\t\t<\/div>\n\t\t\t\t<\/div>\n\t\t\t\t<\/div>\n\t\t\t\t<div class=\"elementor-element elementor-element-6337df8 elementor-widget__width-initial elementor-invisible elementor-widget elementor-widget-image\" data-id=\"6337df8\" data-element_type=\"widget\" data-e-type=\"widget\" data-settings=\"{&quot;_animation&quot;:&quot;fadeInRight&quot;}\" data-widget_type=\"image.default\">\n\t\t\t\t<div class=\"elementor-widget-container\">\n\t\t\t\t\t\t\t\t\t\t\t\t\t\t\t<img loading=\"lazy\" decoding=\"async\" width=\"800\" height=\"600\" src=\"https:\/\/www.rsp.com\/wp-content\/uploads\/2025\/03\/Ventilator2_800x600.jpg\" class=\"attachment-large size-large wp-image-1595\" alt=\"\" srcset=\"https:\/\/www.rsp.com\/wp-content\/uploads\/2025\/03\/Ventilator2_800x600.jpg 800w, https:\/\/www.rsp.com\/wp-content\/uploads\/2025\/03\/Ventilator2_800x600-300x225.jpg 300w, https:\/\/www.rsp.com\/wp-content\/uploads\/2025\/03\/Ventilator2_800x600-768x576.jpg 768w\" sizes=\"auto, (max-width: 800px) 100vw, 800px\" \/>\t\t\t\t\t\t\t\t\t\t\t\t\t\t\t<\/div>\n\t\t\t\t<\/div>\n\t\t\t\t\t<\/div>\n\t\t\t\t<\/div>\n\t\t\t\t<\/div>\n\t\t","protected":false},"excerpt":{"rendered":"<p>Ventilateurs pour dragues aspirantes MOINS DE POIDS. MOINS DE CONSOMMATION. RSP offre \u00e0 chaque client la possibilit\u00e9 de configurer la puissance d&rsquo;aspiration correspondant \u00e0 son domaine d&rsquo;activit\u00e9 \u00e0 partir de son programme de livraison standard, du ventilateur simple au quadruple. La dur\u00e9e de vie est influenc\u00e9e de mani\u00e8re d\u00e9terminante par les conditions de raccordement et [&hellip;]<\/p>\n","protected":false},"author":1,"featured_media":0,"parent":1294,"menu_order":0,"comment_status":"closed","ping_status":"closed","template":"","meta":{"_acf_changed":false,"footnotes":""},"class_list":["post-1834","page","type-page","status-publish","hentry"],"acf":[],"yoast_head":"<!-- This site is optimized with the Yoast SEO Premium plugin v26.9 (Yoast SEO v27.5) - https:\/\/yoast.com\/product\/yoast-seo-premium-wordpress\/ -->\n<title>Ventilateurs pour dragues aspirantes - RSP<\/title>\n<meta name=\"robots\" content=\"index, follow, max-snippet:-1, max-image-preview:large, max-video-preview:-1\" \/>\n<link rel=\"canonical\" href=\"https:\/\/www.rsp.com\/fr\/technologie\/ventilateurs-pour-dragues-aspirantes\/\" \/>\n<meta property=\"og:locale\" content=\"fr_FR\" \/>\n<meta property=\"og:type\" content=\"article\" \/>\n<meta property=\"og:title\" content=\"Ventilateurs pour dragues aspirantes\" \/>\n<meta property=\"og:description\" content=\"Ventilateurs pour dragues aspirantes MOINS DE POIDS. MOINS DE CONSOMMATION. RSP offre \u00e0 chaque client la possibilit\u00e9 de configurer la puissance d&rsquo;aspiration correspondant \u00e0 son domaine d&rsquo;activit\u00e9 \u00e0 partir de son programme de livraison standard, du ventilateur simple au quadruple. La dur\u00e9e de vie est influenc\u00e9e de mani\u00e8re d\u00e9terminante par les conditions de raccordement et [&hellip;]\" \/>\n<meta property=\"og:url\" content=\"https:\/\/www.rsp.com\/fr\/technologie\/ventilateurs-pour-dragues-aspirantes\/\" \/>\n<meta property=\"og:site_name\" content=\"RSP\" \/>\n<meta property=\"article:publisher\" content=\"http:\/\/www.facebook.com\/saugbagger\" \/>\n<meta property=\"article:modified_time\" content=\"2026-03-19T16:56:37+00:00\" \/>\n<meta property=\"og:image\" content=\"https:\/\/www.rsp.com\/wp-content\/uploads\/2025\/03\/Ventilator1_800x600.png\" \/>\n\t<meta property=\"og:image:width\" content=\"800\" \/>\n\t<meta property=\"og:image:height\" content=\"600\" \/>\n\t<meta property=\"og:image:type\" content=\"image\/png\" \/>\n<meta name=\"twitter:card\" content=\"summary_large_image\" \/>\n<meta name=\"twitter:label1\" content=\"Dur\u00e9e de lecture estim\u00e9e\" \/>\n\t<meta name=\"twitter:data1\" content=\"2 minutes\" \/>\n<script type=\"application\/ld+json\" class=\"yoast-schema-graph\">{\"@context\":\"https:\\\/\\\/schema.org\",\"@graph\":[{\"@type\":\"WebPage\",\"@id\":\"https:\\\/\\\/www.rsp.com\\\/fr\\\/technologie\\\/ventilateurs-pour-dragues-aspirantes\\\/\",\"url\":\"https:\\\/\\\/www.rsp.com\\\/fr\\\/technologie\\\/ventilateurs-pour-dragues-aspirantes\\\/\",\"name\":\"Ventilateurs pour dragues aspirantes - RSP\",\"isPartOf\":{\"@id\":\"https:\\\/\\\/www.rsp.com\\\/fr\\\/#website\"},\"primaryImageOfPage\":{\"@id\":\"https:\\\/\\\/www.rsp.com\\\/fr\\\/technologie\\\/ventilateurs-pour-dragues-aspirantes\\\/#primaryimage\"},\"image\":{\"@id\":\"https:\\\/\\\/www.rsp.com\\\/fr\\\/technologie\\\/ventilateurs-pour-dragues-aspirantes\\\/#primaryimage\"},\"thumbnailUrl\":\"https:\\\/\\\/www.rsp.com\\\/wp-content\\\/uploads\\\/2025\\\/03\\\/Ventilator1_800x600.png\",\"datePublished\":\"2025-03-17T13:38:35+00:00\",\"dateModified\":\"2026-03-19T16:56:37+00:00\",\"breadcrumb\":{\"@id\":\"https:\\\/\\\/www.rsp.com\\\/fr\\\/technologie\\\/ventilateurs-pour-dragues-aspirantes\\\/#breadcrumb\"},\"inLanguage\":\"fr-FR\",\"potentialAction\":[{\"@type\":\"ReadAction\",\"target\":[\"https:\\\/\\\/www.rsp.com\\\/fr\\\/technologie\\\/ventilateurs-pour-dragues-aspirantes\\\/\"]}]},{\"@type\":\"ImageObject\",\"inLanguage\":\"fr-FR\",\"@id\":\"https:\\\/\\\/www.rsp.com\\\/fr\\\/technologie\\\/ventilateurs-pour-dragues-aspirantes\\\/#primaryimage\",\"url\":\"https:\\\/\\\/www.rsp.com\\\/wp-content\\\/uploads\\\/2025\\\/03\\\/Ventilator1_800x600.png\",\"contentUrl\":\"https:\\\/\\\/www.rsp.com\\\/wp-content\\\/uploads\\\/2025\\\/03\\\/Ventilator1_800x600.png\"},{\"@type\":\"BreadcrumbList\",\"@id\":\"https:\\\/\\\/www.rsp.com\\\/fr\\\/technologie\\\/ventilateurs-pour-dragues-aspirantes\\\/#breadcrumb\",\"itemListElement\":[{\"@type\":\"ListItem\",\"position\":1,\"name\":\"Startseite\",\"item\":\"https:\\\/\\\/www.rsp.com\\\/fr\\\/\"},{\"@type\":\"ListItem\",\"position\":2,\"name\":\"Technologie\",\"item\":\"https:\\\/\\\/www.rsp.com\\\/fr\\\/technologie\\\/\"},{\"@type\":\"ListItem\",\"position\":3,\"name\":\"Ventilateurs pour dragues aspirantes\"}]},{\"@type\":\"WebSite\",\"@id\":\"https:\\\/\\\/www.rsp.com\\\/fr\\\/#website\",\"url\":\"https:\\\/\\\/www.rsp.com\\\/fr\\\/\",\"name\":\"RSP Saugbagger - Innovate work\",\"description\":\"Innovate Work\",\"publisher\":{\"@id\":\"https:\\\/\\\/www.rsp.com\\\/fr\\\/#organization\"},\"potentialAction\":[{\"@type\":\"SearchAction\",\"target\":{\"@type\":\"EntryPoint\",\"urlTemplate\":\"https:\\\/\\\/www.rsp.com\\\/fr\\\/?s={search_term_string}\"},\"query-input\":{\"@type\":\"PropertyValueSpecification\",\"valueRequired\":true,\"valueName\":\"search_term_string\"}}],\"inLanguage\":\"fr-FR\"},{\"@type\":\"Organization\",\"@id\":\"https:\\\/\\\/www.rsp.com\\\/fr\\\/#organization\",\"name\":\"RSP GmbH &amp; co. KG\",\"alternateName\":\"RSP\",\"url\":\"https:\\\/\\\/www.rsp.com\\\/fr\\\/\",\"logo\":{\"@type\":\"ImageObject\",\"inLanguage\":\"fr-FR\",\"@id\":\"https:\\\/\\\/www.rsp.com\\\/fr\\\/#\\\/schema\\\/logo\\\/image\\\/\",\"url\":\"https:\\\/\\\/www.rsp.com\\\/wp-content\\\/uploads\\\/2025\\\/03\\\/RSP_Logo-cross_Color-pos_sRGB.svg\",\"contentUrl\":\"https:\\\/\\\/www.rsp.com\\\/wp-content\\\/uploads\\\/2025\\\/03\\\/RSP_Logo-cross_Color-pos_sRGB.svg\",\"width\":82,\"height\":82,\"caption\":\"RSP GmbH &amp; co. KG\"},\"image\":{\"@id\":\"https:\\\/\\\/www.rsp.com\\\/fr\\\/#\\\/schema\\\/logo\\\/image\\\/\"},\"sameAs\":[\"http:\\\/\\\/www.facebook.com\\\/saugbagger\",\"https:\\\/\\\/www.instagram.com\\\/suctionexcavator\",\"https:\\\/\\\/www.linkedin.com\\\/company\\\/reschwitzer-saugbagger-produktions-gmbh-rsp-gmbh-\\\/\",\"http:\\\/\\\/www.youtube.com\\\/user\\\/RSPSuctionExcavator\"],\"description\":\"Die RSP GmbH & Co. KG ist f\u00fchrender Hersteller von Saugbaggern und Spezialfahrzeugen f\u00fcr den Einsatz in der Bau-, Versorgungs- und Kommunalwirtschaft. Mit \u00fcber 30 Jahren Erfahrung, einem internationalen Vertriebsnetz und innovativer Technologie bietet RSP leistungsstarke L\u00f6sungen f\u00fcr sicheres und effizientes Arbeiten \u2013 Made in Germany.\",\"email\":\"info@rsp-germany.com\",\"telephone\":\"+49367157210\",\"legalName\":\"RSP GmbH & Co. KG\",\"foundingDate\":\"1993-04-01\",\"vatID\":\"DE158276339\",\"numberOfEmployees\":{\"@type\":\"QuantitativeValue\",\"minValue\":\"501\",\"maxValue\":\"1000\"}}]}<\/script>\n<!-- \/ Yoast SEO Premium plugin. -->","yoast_head_json":{"title":"Ventilateurs pour dragues aspirantes - RSP","robots":{"index":"index","follow":"follow","max-snippet":"max-snippet:-1","max-image-preview":"max-image-preview:large","max-video-preview":"max-video-preview:-1"},"canonical":"https:\/\/www.rsp.com\/fr\/technologie\/ventilateurs-pour-dragues-aspirantes\/","og_locale":"fr_FR","og_type":"article","og_title":"Ventilateurs pour dragues aspirantes","og_description":"Ventilateurs pour dragues aspirantes MOINS DE POIDS. MOINS DE CONSOMMATION. RSP offre \u00e0 chaque client la possibilit\u00e9 de configurer la puissance d&rsquo;aspiration correspondant \u00e0 son domaine d&rsquo;activit\u00e9 \u00e0 partir de son programme de livraison standard, du ventilateur simple au quadruple. La dur\u00e9e de vie est influenc\u00e9e de mani\u00e8re d\u00e9terminante par les conditions de raccordement et [&hellip;]","og_url":"https:\/\/www.rsp.com\/fr\/technologie\/ventilateurs-pour-dragues-aspirantes\/","og_site_name":"RSP","article_publisher":"http:\/\/www.facebook.com\/saugbagger","article_modified_time":"2026-03-19T16:56:37+00:00","og_image":[{"width":800,"height":600,"url":"https:\/\/www.rsp.com\/wp-content\/uploads\/2025\/03\/Ventilator1_800x600.png","type":"image\/png"}],"twitter_card":"summary_large_image","twitter_misc":{"Dur\u00e9e de lecture estim\u00e9e":"2 minutes"},"schema":{"@context":"https:\/\/schema.org","@graph":[{"@type":"WebPage","@id":"https:\/\/www.rsp.com\/fr\/technologie\/ventilateurs-pour-dragues-aspirantes\/","url":"https:\/\/www.rsp.com\/fr\/technologie\/ventilateurs-pour-dragues-aspirantes\/","name":"Ventilateurs pour dragues aspirantes - RSP","isPartOf":{"@id":"https:\/\/www.rsp.com\/fr\/#website"},"primaryImageOfPage":{"@id":"https:\/\/www.rsp.com\/fr\/technologie\/ventilateurs-pour-dragues-aspirantes\/#primaryimage"},"image":{"@id":"https:\/\/www.rsp.com\/fr\/technologie\/ventilateurs-pour-dragues-aspirantes\/#primaryimage"},"thumbnailUrl":"https:\/\/www.rsp.com\/wp-content\/uploads\/2025\/03\/Ventilator1_800x600.png","datePublished":"2025-03-17T13:38:35+00:00","dateModified":"2026-03-19T16:56:37+00:00","breadcrumb":{"@id":"https:\/\/www.rsp.com\/fr\/technologie\/ventilateurs-pour-dragues-aspirantes\/#breadcrumb"},"inLanguage":"fr-FR","potentialAction":[{"@type":"ReadAction","target":["https:\/\/www.rsp.com\/fr\/technologie\/ventilateurs-pour-dragues-aspirantes\/"]}]},{"@type":"ImageObject","inLanguage":"fr-FR","@id":"https:\/\/www.rsp.com\/fr\/technologie\/ventilateurs-pour-dragues-aspirantes\/#primaryimage","url":"https:\/\/www.rsp.com\/wp-content\/uploads\/2025\/03\/Ventilator1_800x600.png","contentUrl":"https:\/\/www.rsp.com\/wp-content\/uploads\/2025\/03\/Ventilator1_800x600.png"},{"@type":"BreadcrumbList","@id":"https:\/\/www.rsp.com\/fr\/technologie\/ventilateurs-pour-dragues-aspirantes\/#breadcrumb","itemListElement":[{"@type":"ListItem","position":1,"name":"Startseite","item":"https:\/\/www.rsp.com\/fr\/"},{"@type":"ListItem","position":2,"name":"Technologie","item":"https:\/\/www.rsp.com\/fr\/technologie\/"},{"@type":"ListItem","position":3,"name":"Ventilateurs pour dragues aspirantes"}]},{"@type":"WebSite","@id":"https:\/\/www.rsp.com\/fr\/#website","url":"https:\/\/www.rsp.com\/fr\/","name":"RSP Saugbagger - Innovate work","description":"Innovate Work","publisher":{"@id":"https:\/\/www.rsp.com\/fr\/#organization"},"potentialAction":[{"@type":"SearchAction","target":{"@type":"EntryPoint","urlTemplate":"https:\/\/www.rsp.com\/fr\/?s={search_term_string}"},"query-input":{"@type":"PropertyValueSpecification","valueRequired":true,"valueName":"search_term_string"}}],"inLanguage":"fr-FR"},{"@type":"Organization","@id":"https:\/\/www.rsp.com\/fr\/#organization","name":"RSP GmbH &amp; co. KG","alternateName":"RSP","url":"https:\/\/www.rsp.com\/fr\/","logo":{"@type":"ImageObject","inLanguage":"fr-FR","@id":"https:\/\/www.rsp.com\/fr\/#\/schema\/logo\/image\/","url":"https:\/\/www.rsp.com\/wp-content\/uploads\/2025\/03\/RSP_Logo-cross_Color-pos_sRGB.svg","contentUrl":"https:\/\/www.rsp.com\/wp-content\/uploads\/2025\/03\/RSP_Logo-cross_Color-pos_sRGB.svg","width":82,"height":82,"caption":"RSP GmbH &amp; co. KG"},"image":{"@id":"https:\/\/www.rsp.com\/fr\/#\/schema\/logo\/image\/"},"sameAs":["http:\/\/www.facebook.com\/saugbagger","https:\/\/www.instagram.com\/suctionexcavator","https:\/\/www.linkedin.com\/company\/reschwitzer-saugbagger-produktions-gmbh-rsp-gmbh-\/","http:\/\/www.youtube.com\/user\/RSPSuctionExcavator"],"description":"Die RSP GmbH & Co. KG ist f\u00fchrender Hersteller von Saugbaggern und Spezialfahrzeugen f\u00fcr den Einsatz in der Bau-, Versorgungs- und Kommunalwirtschaft. Mit \u00fcber 30 Jahren Erfahrung, einem internationalen Vertriebsnetz und innovativer Technologie bietet RSP leistungsstarke L\u00f6sungen f\u00fcr sicheres und effizientes Arbeiten \u2013 Made in Germany.","email":"info@rsp-germany.com","telephone":"+49367157210","legalName":"RSP GmbH & Co. KG","foundingDate":"1993-04-01","vatID":"DE158276339","numberOfEmployees":{"@type":"QuantitativeValue","minValue":"501","maxValue":"1000"}}]}},"_links":{"self":[{"href":"https:\/\/www.rsp.com\/fr\/wp-json\/wp\/v2\/pages\/1834","targetHints":{"allow":["GET"]}}],"collection":[{"href":"https:\/\/www.rsp.com\/fr\/wp-json\/wp\/v2\/pages"}],"about":[{"href":"https:\/\/www.rsp.com\/fr\/wp-json\/wp\/v2\/types\/page"}],"author":[{"embeddable":true,"href":"https:\/\/www.rsp.com\/fr\/wp-json\/wp\/v2\/users\/1"}],"replies":[{"embeddable":true,"href":"https:\/\/www.rsp.com\/fr\/wp-json\/wp\/v2\/comments?post=1834"}],"version-history":[{"count":1,"href":"https:\/\/www.rsp.com\/fr\/wp-json\/wp\/v2\/pages\/1834\/revisions"}],"predecessor-version":[{"id":16781,"href":"https:\/\/www.rsp.com\/fr\/wp-json\/wp\/v2\/pages\/1834\/revisions\/16781"}],"up":[{"embeddable":true,"href":"https:\/\/www.rsp.com\/fr\/wp-json\/wp\/v2\/pages\/1294"}],"wp:attachment":[{"href":"https:\/\/www.rsp.com\/fr\/wp-json\/wp\/v2\/media?parent=1834"}],"curies":[{"name":"wp","href":"https:\/\/api.w.org\/{rel}","templated":true}]}}