{"id":1847,"date":"2025-03-17T14:40:30","date_gmt":"2025-03-17T14:40:30","guid":{"rendered":"https:\/\/rspcom-e1aklfz9e9.live-website.com\/technologie\/rsp-drive-systemes-de-deplacement-hydrauliques\/"},"modified":"2026-03-19T16:56:42","modified_gmt":"2026-03-19T16:56:42","slug":"rsp-drive-systemes-de-deplacement-hydrauliques","status":"publish","type":"page","link":"https:\/\/www.rsp.com\/fr\/technologie\/rsp-drive-systemes-de-deplacement-hydrauliques\/","title":{"rendered":"RSP Drive - Syst\u00e8mes de d\u00e9placement hydrauliques"},"content":{"rendered":"\t\t<div data-elementor-type=\"wp-page\" data-elementor-id=\"1847\" class=\"elementor elementor-1847 elementor-1677\" data-elementor-post-type=\"page\">\n\t\t\t\t<div class=\"elementor-element elementor-element-436e15e e-flex e-con-boxed e-con e-parent\" data-id=\"436e15e\" data-element_type=\"container\" data-e-type=\"container\">\n\t\t\t\t\t<div class=\"e-con-inner\">\n\t\t\t\t<div class=\"elementor-element elementor-element-8adeacd elementor-widget elementor-widget-heading\" data-id=\"8adeacd\" data-element_type=\"widget\" data-e-type=\"widget\" data-widget_type=\"heading.default\">\n\t\t\t\t<div class=\"elementor-widget-container\">\n\t\t\t\t\t<h1 class=\"elementor-heading-title elementor-size-default\">RSP Drive - LA CONDUITE CONFORTABLE<\/h1>\t\t\t\t<\/div>\n\t\t\t\t<\/div>\n\t\t\t\t\t<\/div>\n\t\t\t\t<\/div>\n\t\t<div class=\"elementor-element elementor-element-5c84fbc e-flex e-con-boxed e-con e-parent\" data-id=\"5c84fbc\" data-element_type=\"container\" data-e-type=\"container\">\n\t\t\t\t\t<div class=\"e-con-inner\">\n\t\t\t\t<div class=\"elementor-element elementor-element-c0dc64e elementor-widget__width-initial elementor-invisible elementor-widget elementor-widget-image\" data-id=\"c0dc64e\" data-element_type=\"widget\" data-e-type=\"widget\" data-settings=\"{&quot;_animation&quot;:&quot;fadeInLeft&quot;}\" data-widget_type=\"image.default\">\n\t\t\t\t<div class=\"elementor-widget-container\">\n\t\t\t\t\t\t\t\t\t\t\t\t\t\t\t<img loading=\"lazy\" decoding=\"async\" width=\"800\" height=\"600\" src=\"https:\/\/www.rsp.com\/wp-content\/uploads\/2025\/03\/Lenksystem_800x600.png\" class=\"attachment-large size-large wp-image-1698\" alt=\"\" srcset=\"https:\/\/www.rsp.com\/wp-content\/uploads\/2025\/03\/Lenksystem_800x600.png 800w, https:\/\/www.rsp.com\/wp-content\/uploads\/2025\/03\/Lenksystem_800x600-300x225.png 300w, https:\/\/www.rsp.com\/wp-content\/uploads\/2025\/03\/Lenksystem_800x600-768x576.png 768w\" sizes=\"auto, (max-width: 800px) 100vw, 800px\" \/>\t\t\t\t\t\t\t\t\t\t\t\t\t\t\t<\/div>\n\t\t\t\t<\/div>\n\t\t<div class=\"elementor-element elementor-element-3dca709 e-con-full e-flex elementor-invisible e-con e-child\" data-id=\"3dca709\" data-element_type=\"container\" data-e-type=\"container\" data-settings=\"{&quot;animation&quot;:&quot;fadeInRight&quot;}\">\n\t\t\t\t<div class=\"elementor-element elementor-element-7199c7d elementor-widget elementor-widget-heading\" data-id=\"7199c7d\" data-element_type=\"widget\" data-e-type=\"widget\" data-widget_type=\"heading.default\">\n\t\t\t\t<div class=\"elementor-widget-container\">\n\t\t\t\t\t<h2 class=\"elementor-heading-title elementor-size-default\">RSS - LE SYST\u00c8ME DE GUIDAGE S\u00c9CURIS\u00c9<\/h2>\t\t\t\t<\/div>\n\t\t\t\t<\/div>\n\t\t\t\t<div class=\"elementor-element elementor-element-e3afcaf elementor-widget elementor-widget-text-editor\" data-id=\"e3afcaf\" data-element_type=\"widget\" data-e-type=\"widget\" data-widget_type=\"text-editor.default\">\n\t\t\t\t<div class=\"elementor-widget-container\">\n\t\t\t\t\t\t\t\t\t<p>Chez RSP, le d\u00e9veloppement des machines est synonyme de recherche permanente d&rsquo;une plus grande s\u00e9curit\u00e9, d&rsquo;une plus grande fiabilit\u00e9 et d&rsquo;une plus grande rentabilit\u00e9. Cela vaut bien entendu pour tous les domaines d&rsquo;une excavatrice aspiratrice. Pour des raisons de s\u00e9curit\u00e9, tous les constructeurs de ch\u00e2ssis interdisent l&rsquo;intervention active dans le syst\u00e8me de direction des v\u00e9hicules. RSP a donc d\u00e9velopp\u00e9 le syst\u00e8me de direction RSS. Il s&rsquo;agit d&rsquo;un syst\u00e8me universel, adaptable et s\u00fbr, qui permet de diriger \u00e0 distance tous les types de v\u00e9hicules. Les forces de direction correspondent au mouvement de direction effectu\u00e9 par le conducteur.     <\/p><p>Le syst\u00e8me de direction RSP RSS se pose simplement sur le volant et se fixe \u00e0 l&rsquo;aide de fermetures rapides. Il permet de commander en toute s\u00e9curit\u00e9 le syst\u00e8me de propulsion optionnel avec la radiot\u00e9l\u00e9commande. En actionnant le joystick ergonomique, on fait tourner le volant dans le cockpit plus ou moins vite, selon l&rsquo;intensit\u00e9. Lorsque le joystick est rel\u00e2ch\u00e9, les roues restent dans la derni\u00e8re position braqu\u00e9e. La commande sensible permet de naviguer avec pr\u00e9cision sur le chantier et se contente de quelques corrections de direction.    <\/p>\t\t\t\t\t\t\t\t<\/div>\n\t\t\t\t<\/div>\n\t\t\t\t<\/div>\n\t\t\t\t\t<\/div>\n\t\t\t\t<\/div>\n\t\t<div class=\"elementor-element elementor-element-25e59a6 e-flex e-con-boxed e-con e-parent\" data-id=\"25e59a6\" data-element_type=\"container\" data-e-type=\"container\">\n\t\t\t\t\t<div class=\"e-con-inner\">\n\t\t<div class=\"elementor-element elementor-element-c290bfb e-con-full e-flex elementor-invisible e-con e-child\" data-id=\"c290bfb\" data-element_type=\"container\" data-e-type=\"container\" data-settings=\"{&quot;animation&quot;:&quot;fadeInLeft&quot;}\">\n\t\t\t\t<div class=\"elementor-element elementor-element-77955f5 elementor-widget elementor-widget-heading\" data-id=\"77955f5\" data-element_type=\"widget\" data-e-type=\"widget\" data-widget_type=\"heading.default\">\n\t\t\t\t<div class=\"elementor-widget-container\">\n\t\t\t\t\t<h2 class=\"elementor-heading-title elementor-size-default\">CONDUIRE ET DIRIGER EN TOUTE S\u00c9CURIT\u00c9 PAR RADIO<\/h2>\t\t\t\t<\/div>\n\t\t\t\t<\/div>\n\t\t\t\t<div class=\"elementor-element elementor-element-6519514 elementor-widget elementor-widget-text-editor\" data-id=\"6519514\" data-element_type=\"widget\" data-e-type=\"widget\" data-widget_type=\"text-editor.default\">\n\t\t\t\t<div class=\"elementor-widget-container\">\n\t\t\t\t\t\t\t\t\t<p>L&rsquo;entra\u00eenement hydraulique permet de d\u00e9placer la machine pendant le processus d&rsquo;aspiration. Cet \u00e9quipement augmente consid\u00e9rablement l&rsquo;efficacit\u00e9, surtout lors de l&rsquo;aspiration de longues distances ou de surfaces importantes. RSP propose \u00e0 cet effet diff\u00e9rentes possibilit\u00e9s de r\u00e9alisation. Toutes les possibilit\u00e9s techniques sont command\u00e9es par un joystick avec commande de s\u00e9curit\u00e9.   <\/p>\t\t\t\t\t\t\t\t<\/div>\n\t\t\t\t<\/div>\n\t\t\t\t<\/div>\n\t\t\t\t\t<\/div>\n\t\t\t\t<\/div>\n\t\t\t\t<\/div>\n\t\t","protected":false},"excerpt":{"rendered":"<p>RSP Drive - LA CONDUITE CONFORTABLE RSS - LE SYST\u00c8ME DE GUIDAGE S\u00c9CURIS\u00c9 Chez RSP, le d\u00e9veloppement des machines est synonyme de recherche permanente d&rsquo;une plus grande s\u00e9curit\u00e9, d&rsquo;une plus grande fiabilit\u00e9 et d&rsquo;une plus grande rentabilit\u00e9. Cela vaut bien entendu pour tous les domaines d&rsquo;une excavatrice aspiratrice. Pour des raisons de s\u00e9curit\u00e9, tous les [&hellip;]<\/p>\n","protected":false},"author":1,"featured_media":0,"parent":1294,"menu_order":0,"comment_status":"closed","ping_status":"closed","template":"","meta":{"_acf_changed":false,"footnotes":""},"class_list":["post-1847","page","type-page","status-publish","hentry"],"acf":[],"yoast_head":"<!-- This site is optimized with the Yoast SEO Premium plugin v26.9 (Yoast SEO v27.5) - https:\/\/yoast.com\/product\/yoast-seo-premium-wordpress\/ -->\n<title>RSP Drive - Syst\u00e8mes de d\u00e9placement hydrauliques - RSP<\/title>\n<meta name=\"robots\" content=\"index, follow, max-snippet:-1, max-image-preview:large, max-video-preview:-1\" \/>\n<link rel=\"canonical\" href=\"https:\/\/www.rsp.com\/fr\/technologie\/rsp-drive-systemes-de-deplacement-hydrauliques\/\" \/>\n<meta property=\"og:locale\" content=\"fr_FR\" \/>\n<meta property=\"og:type\" content=\"article\" \/>\n<meta property=\"og:title\" content=\"RSP Drive - Syst\u00e8mes de d\u00e9placement hydrauliques\" \/>\n<meta property=\"og:description\" content=\"RSP Drive - LA CONDUITE CONFORTABLE RSS - LE SYST\u00c8ME DE GUIDAGE S\u00c9CURIS\u00c9 Chez RSP, le d\u00e9veloppement des machines est synonyme de recherche permanente d&rsquo;une plus grande s\u00e9curit\u00e9, d&rsquo;une plus grande fiabilit\u00e9 et d&rsquo;une plus grande rentabilit\u00e9. Cela vaut bien entendu pour tous les domaines d&rsquo;une excavatrice aspiratrice. Pour des raisons de s\u00e9curit\u00e9, tous les [&hellip;]\" \/>\n<meta property=\"og:url\" content=\"https:\/\/www.rsp.com\/fr\/technologie\/rsp-drive-systemes-de-deplacement-hydrauliques\/\" \/>\n<meta property=\"og:site_name\" content=\"RSP\" \/>\n<meta property=\"article:publisher\" content=\"http:\/\/www.facebook.com\/saugbagger\" \/>\n<meta property=\"article:modified_time\" content=\"2026-03-19T16:56:42+00:00\" \/>\n<meta property=\"og:image\" content=\"https:\/\/www.rsp.com\/wp-content\/uploads\/2025\/03\/Lenksystem_800x600.png\" \/>\n\t<meta property=\"og:image:width\" content=\"800\" \/>\n\t<meta property=\"og:image:height\" content=\"600\" \/>\n\t<meta property=\"og:image:type\" content=\"image\/png\" \/>\n<meta name=\"twitter:card\" content=\"summary_large_image\" \/>\n<meta name=\"twitter:label1\" content=\"Dur\u00e9e de lecture estim\u00e9e\" \/>\n\t<meta name=\"twitter:data1\" content=\"1 minute\" \/>\n<script type=\"application\/ld+json\" class=\"yoast-schema-graph\">{\"@context\":\"https:\\\/\\\/schema.org\",\"@graph\":[{\"@type\":\"WebPage\",\"@id\":\"https:\\\/\\\/www.rsp.com\\\/fr\\\/technologie\\\/rsp-drive-systemes-de-deplacement-hydrauliques\\\/\",\"url\":\"https:\\\/\\\/www.rsp.com\\\/fr\\\/technologie\\\/rsp-drive-systemes-de-deplacement-hydrauliques\\\/\",\"name\":\"RSP Drive - Syst\u00e8mes de d\u00e9placement hydrauliques - RSP\",\"isPartOf\":{\"@id\":\"https:\\\/\\\/www.rsp.com\\\/fr\\\/#website\"},\"primaryImageOfPage\":{\"@id\":\"https:\\\/\\\/www.rsp.com\\\/fr\\\/technologie\\\/rsp-drive-systemes-de-deplacement-hydrauliques\\\/#primaryimage\"},\"image\":{\"@id\":\"https:\\\/\\\/www.rsp.com\\\/fr\\\/technologie\\\/rsp-drive-systemes-de-deplacement-hydrauliques\\\/#primaryimage\"},\"thumbnailUrl\":\"https:\\\/\\\/www.rsp.com\\\/wp-content\\\/uploads\\\/2025\\\/03\\\/Lenksystem_800x600.png\",\"datePublished\":\"2025-03-17T14:40:30+00:00\",\"dateModified\":\"2026-03-19T16:56:42+00:00\",\"breadcrumb\":{\"@id\":\"https:\\\/\\\/www.rsp.com\\\/fr\\\/technologie\\\/rsp-drive-systemes-de-deplacement-hydrauliques\\\/#breadcrumb\"},\"inLanguage\":\"fr-FR\",\"potentialAction\":[{\"@type\":\"ReadAction\",\"target\":[\"https:\\\/\\\/www.rsp.com\\\/fr\\\/technologie\\\/rsp-drive-systemes-de-deplacement-hydrauliques\\\/\"]}]},{\"@type\":\"ImageObject\",\"inLanguage\":\"fr-FR\",\"@id\":\"https:\\\/\\\/www.rsp.com\\\/fr\\\/technologie\\\/rsp-drive-systemes-de-deplacement-hydrauliques\\\/#primaryimage\",\"url\":\"https:\\\/\\\/www.rsp.com\\\/wp-content\\\/uploads\\\/2025\\\/03\\\/Lenksystem_800x600.png\",\"contentUrl\":\"https:\\\/\\\/www.rsp.com\\\/wp-content\\\/uploads\\\/2025\\\/03\\\/Lenksystem_800x600.png\"},{\"@type\":\"BreadcrumbList\",\"@id\":\"https:\\\/\\\/www.rsp.com\\\/fr\\\/technologie\\\/rsp-drive-systemes-de-deplacement-hydrauliques\\\/#breadcrumb\",\"itemListElement\":[{\"@type\":\"ListItem\",\"position\":1,\"name\":\"Startseite\",\"item\":\"https:\\\/\\\/www.rsp.com\\\/fr\\\/\"},{\"@type\":\"ListItem\",\"position\":2,\"name\":\"Technologie\",\"item\":\"https:\\\/\\\/www.rsp.com\\\/fr\\\/technologie\\\/\"},{\"@type\":\"ListItem\",\"position\":3,\"name\":\"RSP Drive - Syst\u00e8mes de d\u00e9placement hydrauliques\"}]},{\"@type\":\"WebSite\",\"@id\":\"https:\\\/\\\/www.rsp.com\\\/fr\\\/#website\",\"url\":\"https:\\\/\\\/www.rsp.com\\\/fr\\\/\",\"name\":\"RSP Saugbagger - Innovate work\",\"description\":\"Innovate Work\",\"publisher\":{\"@id\":\"https:\\\/\\\/www.rsp.com\\\/fr\\\/#organization\"},\"potentialAction\":[{\"@type\":\"SearchAction\",\"target\":{\"@type\":\"EntryPoint\",\"urlTemplate\":\"https:\\\/\\\/www.rsp.com\\\/fr\\\/?s={search_term_string}\"},\"query-input\":{\"@type\":\"PropertyValueSpecification\",\"valueRequired\":true,\"valueName\":\"search_term_string\"}}],\"inLanguage\":\"fr-FR\"},{\"@type\":\"Organization\",\"@id\":\"https:\\\/\\\/www.rsp.com\\\/fr\\\/#organization\",\"name\":\"RSP GmbH &amp; co. KG\",\"alternateName\":\"RSP\",\"url\":\"https:\\\/\\\/www.rsp.com\\\/fr\\\/\",\"logo\":{\"@type\":\"ImageObject\",\"inLanguage\":\"fr-FR\",\"@id\":\"https:\\\/\\\/www.rsp.com\\\/fr\\\/#\\\/schema\\\/logo\\\/image\\\/\",\"url\":\"https:\\\/\\\/www.rsp.com\\\/wp-content\\\/uploads\\\/2025\\\/03\\\/RSP_Logo-cross_Color-pos_sRGB.svg\",\"contentUrl\":\"https:\\\/\\\/www.rsp.com\\\/wp-content\\\/uploads\\\/2025\\\/03\\\/RSP_Logo-cross_Color-pos_sRGB.svg\",\"width\":82,\"height\":82,\"caption\":\"RSP GmbH &amp; co. KG\"},\"image\":{\"@id\":\"https:\\\/\\\/www.rsp.com\\\/fr\\\/#\\\/schema\\\/logo\\\/image\\\/\"},\"sameAs\":[\"http:\\\/\\\/www.facebook.com\\\/saugbagger\",\"https:\\\/\\\/www.instagram.com\\\/suctionexcavator\",\"https:\\\/\\\/www.linkedin.com\\\/company\\\/reschwitzer-saugbagger-produktions-gmbh-rsp-gmbh-\\\/\",\"http:\\\/\\\/www.youtube.com\\\/user\\\/RSPSuctionExcavator\"],\"description\":\"Die RSP GmbH & Co. KG ist f\u00fchrender Hersteller von Saugbaggern und Spezialfahrzeugen f\u00fcr den Einsatz in der Bau-, Versorgungs- und Kommunalwirtschaft. Mit \u00fcber 30 Jahren Erfahrung, einem internationalen Vertriebsnetz und innovativer Technologie bietet RSP leistungsstarke L\u00f6sungen f\u00fcr sicheres und effizientes Arbeiten \u2013 Made in Germany.\",\"email\":\"info@rsp-germany.com\",\"telephone\":\"+49367157210\",\"legalName\":\"RSP GmbH & Co. KG\",\"foundingDate\":\"1993-04-01\",\"vatID\":\"DE158276339\",\"numberOfEmployees\":{\"@type\":\"QuantitativeValue\",\"minValue\":\"501\",\"maxValue\":\"1000\"}}]}<\/script>\n<!-- \/ Yoast SEO Premium plugin. -->","yoast_head_json":{"title":"RSP Drive - Syst\u00e8mes de d\u00e9placement hydrauliques - RSP","robots":{"index":"index","follow":"follow","max-snippet":"max-snippet:-1","max-image-preview":"max-image-preview:large","max-video-preview":"max-video-preview:-1"},"canonical":"https:\/\/www.rsp.com\/fr\/technologie\/rsp-drive-systemes-de-deplacement-hydrauliques\/","og_locale":"fr_FR","og_type":"article","og_title":"RSP Drive - Syst\u00e8mes de d\u00e9placement hydrauliques","og_description":"RSP Drive - LA CONDUITE CONFORTABLE RSS - LE SYST\u00c8ME DE GUIDAGE S\u00c9CURIS\u00c9 Chez RSP, le d\u00e9veloppement des machines est synonyme de recherche permanente d&rsquo;une plus grande s\u00e9curit\u00e9, d&rsquo;une plus grande fiabilit\u00e9 et d&rsquo;une plus grande rentabilit\u00e9. Cela vaut bien entendu pour tous les domaines d&rsquo;une excavatrice aspiratrice. Pour des raisons de s\u00e9curit\u00e9, tous les [&hellip;]","og_url":"https:\/\/www.rsp.com\/fr\/technologie\/rsp-drive-systemes-de-deplacement-hydrauliques\/","og_site_name":"RSP","article_publisher":"http:\/\/www.facebook.com\/saugbagger","article_modified_time":"2026-03-19T16:56:42+00:00","og_image":[{"width":800,"height":600,"url":"https:\/\/www.rsp.com\/wp-content\/uploads\/2025\/03\/Lenksystem_800x600.png","type":"image\/png"}],"twitter_card":"summary_large_image","twitter_misc":{"Dur\u00e9e de lecture estim\u00e9e":"1 minute"},"schema":{"@context":"https:\/\/schema.org","@graph":[{"@type":"WebPage","@id":"https:\/\/www.rsp.com\/fr\/technologie\/rsp-drive-systemes-de-deplacement-hydrauliques\/","url":"https:\/\/www.rsp.com\/fr\/technologie\/rsp-drive-systemes-de-deplacement-hydrauliques\/","name":"RSP Drive - Syst\u00e8mes de d\u00e9placement hydrauliques - RSP","isPartOf":{"@id":"https:\/\/www.rsp.com\/fr\/#website"},"primaryImageOfPage":{"@id":"https:\/\/www.rsp.com\/fr\/technologie\/rsp-drive-systemes-de-deplacement-hydrauliques\/#primaryimage"},"image":{"@id":"https:\/\/www.rsp.com\/fr\/technologie\/rsp-drive-systemes-de-deplacement-hydrauliques\/#primaryimage"},"thumbnailUrl":"https:\/\/www.rsp.com\/wp-content\/uploads\/2025\/03\/Lenksystem_800x600.png","datePublished":"2025-03-17T14:40:30+00:00","dateModified":"2026-03-19T16:56:42+00:00","breadcrumb":{"@id":"https:\/\/www.rsp.com\/fr\/technologie\/rsp-drive-systemes-de-deplacement-hydrauliques\/#breadcrumb"},"inLanguage":"fr-FR","potentialAction":[{"@type":"ReadAction","target":["https:\/\/www.rsp.com\/fr\/technologie\/rsp-drive-systemes-de-deplacement-hydrauliques\/"]}]},{"@type":"ImageObject","inLanguage":"fr-FR","@id":"https:\/\/www.rsp.com\/fr\/technologie\/rsp-drive-systemes-de-deplacement-hydrauliques\/#primaryimage","url":"https:\/\/www.rsp.com\/wp-content\/uploads\/2025\/03\/Lenksystem_800x600.png","contentUrl":"https:\/\/www.rsp.com\/wp-content\/uploads\/2025\/03\/Lenksystem_800x600.png"},{"@type":"BreadcrumbList","@id":"https:\/\/www.rsp.com\/fr\/technologie\/rsp-drive-systemes-de-deplacement-hydrauliques\/#breadcrumb","itemListElement":[{"@type":"ListItem","position":1,"name":"Startseite","item":"https:\/\/www.rsp.com\/fr\/"},{"@type":"ListItem","position":2,"name":"Technologie","item":"https:\/\/www.rsp.com\/fr\/technologie\/"},{"@type":"ListItem","position":3,"name":"RSP Drive - Syst\u00e8mes de d\u00e9placement hydrauliques"}]},{"@type":"WebSite","@id":"https:\/\/www.rsp.com\/fr\/#website","url":"https:\/\/www.rsp.com\/fr\/","name":"RSP Saugbagger - Innovate work","description":"Innovate Work","publisher":{"@id":"https:\/\/www.rsp.com\/fr\/#organization"},"potentialAction":[{"@type":"SearchAction","target":{"@type":"EntryPoint","urlTemplate":"https:\/\/www.rsp.com\/fr\/?s={search_term_string}"},"query-input":{"@type":"PropertyValueSpecification","valueRequired":true,"valueName":"search_term_string"}}],"inLanguage":"fr-FR"},{"@type":"Organization","@id":"https:\/\/www.rsp.com\/fr\/#organization","name":"RSP GmbH &amp; co. KG","alternateName":"RSP","url":"https:\/\/www.rsp.com\/fr\/","logo":{"@type":"ImageObject","inLanguage":"fr-FR","@id":"https:\/\/www.rsp.com\/fr\/#\/schema\/logo\/image\/","url":"https:\/\/www.rsp.com\/wp-content\/uploads\/2025\/03\/RSP_Logo-cross_Color-pos_sRGB.svg","contentUrl":"https:\/\/www.rsp.com\/wp-content\/uploads\/2025\/03\/RSP_Logo-cross_Color-pos_sRGB.svg","width":82,"height":82,"caption":"RSP GmbH &amp; co. KG"},"image":{"@id":"https:\/\/www.rsp.com\/fr\/#\/schema\/logo\/image\/"},"sameAs":["http:\/\/www.facebook.com\/saugbagger","https:\/\/www.instagram.com\/suctionexcavator","https:\/\/www.linkedin.com\/company\/reschwitzer-saugbagger-produktions-gmbh-rsp-gmbh-\/","http:\/\/www.youtube.com\/user\/RSPSuctionExcavator"],"description":"Die RSP GmbH & Co. KG ist f\u00fchrender Hersteller von Saugbaggern und Spezialfahrzeugen f\u00fcr den Einsatz in der Bau-, Versorgungs- und Kommunalwirtschaft. Mit \u00fcber 30 Jahren Erfahrung, einem internationalen Vertriebsnetz und innovativer Technologie bietet RSP leistungsstarke L\u00f6sungen f\u00fcr sicheres und effizientes Arbeiten \u2013 Made in Germany.","email":"info@rsp-germany.com","telephone":"+49367157210","legalName":"RSP GmbH & Co. KG","foundingDate":"1993-04-01","vatID":"DE158276339","numberOfEmployees":{"@type":"QuantitativeValue","minValue":"501","maxValue":"1000"}}]}},"_links":{"self":[{"href":"https:\/\/www.rsp.com\/fr\/wp-json\/wp\/v2\/pages\/1847","targetHints":{"allow":["GET"]}}],"collection":[{"href":"https:\/\/www.rsp.com\/fr\/wp-json\/wp\/v2\/pages"}],"about":[{"href":"https:\/\/www.rsp.com\/fr\/wp-json\/wp\/v2\/types\/page"}],"author":[{"embeddable":true,"href":"https:\/\/www.rsp.com\/fr\/wp-json\/wp\/v2\/users\/1"}],"replies":[{"embeddable":true,"href":"https:\/\/www.rsp.com\/fr\/wp-json\/wp\/v2\/comments?post=1847"}],"version-history":[{"count":1,"href":"https:\/\/www.rsp.com\/fr\/wp-json\/wp\/v2\/pages\/1847\/revisions"}],"predecessor-version":[{"id":16787,"href":"https:\/\/www.rsp.com\/fr\/wp-json\/wp\/v2\/pages\/1847\/revisions\/16787"}],"up":[{"embeddable":true,"href":"https:\/\/www.rsp.com\/fr\/wp-json\/wp\/v2\/pages\/1294"}],"wp:attachment":[{"href":"https:\/\/www.rsp.com\/fr\/wp-json\/wp\/v2\/media?parent=1847"}],"curies":[{"name":"wp","href":"https:\/\/api.w.org\/{rel}","templated":true}]}}