{"id":1851,"date":"2025-03-17T14:16:47","date_gmt":"2025-03-17T14:16:47","guid":{"rendered":"https:\/\/rspcom-e1aklfz9e9.live-website.com\/technologie\/le-support-de-tuyau-articule-a-agrandi-la-zone-de-travail-dune-drague-suceuse\/"},"modified":"2026-03-19T16:56:39","modified_gmt":"2026-03-19T16:56:39","slug":"le-support-de-tuyau-articule-a-agrandi-la-zone-de-travail-dune-drague-suceuse","status":"publish","type":"page","link":"https:\/\/www.rsp.com\/fr\/technologie\/le-support-de-tuyau-articule-a-agrandi-la-zone-de-travail-dune-drague-suceuse\/","title":{"rendered":"Le support de tuyau articul\u00e9 a agrandi la zone de travail d&rsquo;une drague suceuse"},"content":{"rendered":"\t\t<div data-elementor-type=\"wp-page\" data-elementor-id=\"1851\" class=\"elementor elementor-1851 elementor-1602\" data-elementor-post-type=\"page\">\n\t\t\t\t<div class=\"elementor-element elementor-element-efdde49 e-flex e-con-boxed e-con e-parent\" data-id=\"efdde49\" data-element_type=\"container\" data-e-type=\"container\">\n\t\t\t\t\t<div class=\"e-con-inner\">\n\t\t\t\t<div class=\"elementor-element elementor-element-bc73f7d elementor-widget elementor-widget-heading\" data-id=\"bc73f7d\" data-element_type=\"widget\" data-e-type=\"widget\" data-widget_type=\"heading.default\">\n\t\t\t\t<div class=\"elementor-widget-container\">\n\t\t\t\t\t<h1 class=\"elementor-heading-title elementor-size-default\">Le support de tuyau articul\u00e9<\/h1>\t\t\t\t<\/div>\n\t\t\t\t<\/div>\n\t\t\t\t<div class=\"elementor-element elementor-element-6d441dd elementor-widget elementor-widget-heading\" data-id=\"6d441dd\" data-element_type=\"widget\" data-e-type=\"widget\" data-widget_type=\"heading.default\">\n\t\t\t\t<div class=\"elementor-widget-container\">\n\t\t\t\t\t<h2 class=\"elementor-heading-title elementor-size-default\">PEU IMPORTE O\u00d9 ILS ASPIRENT, PARFAITEMENT ADAPT\u00c9S AUX EXIGENCES.  <\/h2>\t\t\t\t<\/div>\n\t\t\t\t<\/div>\n\t\t\t\t<div class=\"elementor-element elementor-element-7d0fed0 elementor-widget elementor-widget-text-editor\" data-id=\"7d0fed0\" data-element_type=\"widget\" data-e-type=\"widget\" data-widget_type=\"text-editor.default\">\n\t\t\t\t<div class=\"elementor-widget-container\">\n\t\t\t\t\t\t\t\t\t<p>Les supports de tuyaux RSP avec possibilit\u00e9s d&rsquo;extension suppl\u00e9mentaires sont \u00e9quip\u00e9s du syst\u00e8me de colliers RSP. Gr\u00e2ce \u00e0 la compatibilit\u00e9 avec diff\u00e9rents accessoires, les t\u00e2ches d&rsquo;aspiration les plus diverses sont r\u00e9alisables. <\/p>\t\t\t\t\t\t\t\t<\/div>\n\t\t\t\t<\/div>\n\t\t\t\t\t<\/div>\n\t\t\t\t<\/div>\n\t\t<div class=\"elementor-element elementor-element-3ec933a e-flex e-con-boxed e-con e-parent\" data-id=\"3ec933a\" data-element_type=\"container\" data-e-type=\"container\">\n\t\t\t\t\t<div class=\"e-con-inner\">\n\t\t\t\t<div class=\"elementor-element elementor-element-b1ee306 elementor-widget__width-initial elementor-invisible elementor-widget elementor-widget-image\" data-id=\"b1ee306\" data-element_type=\"widget\" data-e-type=\"widget\" data-settings=\"{&quot;_animation&quot;:&quot;fadeInLeft&quot;}\" data-widget_type=\"image.default\">\n\t\t\t\t<div class=\"elementor-widget-container\">\n\t\t\t\t\t\t\t\t\t\t\t\t\t\t\t<img loading=\"lazy\" decoding=\"async\" width=\"800\" height=\"600\" src=\"https:\/\/www.rsp.com\/wp-content\/uploads\/2025\/03\/Saugschlauch_800x600-1.jpg\" class=\"attachment-large size-large wp-image-1615\" alt=\"\" \/>\t\t\t\t\t\t\t\t\t\t\t\t\t\t\t<\/div>\n\t\t\t\t<\/div>\n\t\t<div class=\"elementor-element elementor-element-02229b5 e-con-full e-flex elementor-invisible e-con e-child\" data-id=\"02229b5\" data-element_type=\"container\" data-e-type=\"container\" data-settings=\"{&quot;animation&quot;:&quot;fadeInRight&quot;}\">\n\t\t\t\t<div class=\"elementor-element elementor-element-fc150f9 elementor-widget elementor-widget-heading\" data-id=\"fc150f9\" data-element_type=\"widget\" data-e-type=\"widget\" data-widget_type=\"heading.default\">\n\t\t\t\t<div class=\"elementor-widget-container\">\n\t\t\t\t\t<h2 class=\"elementor-heading-title elementor-size-default\">LA ZONE DE TRAVAIL OPTIMALE<\/h2>\t\t\t\t<\/div>\n\t\t\t\t<\/div>\n\t\t\t\t<div class=\"elementor-element elementor-element-e5f95b8 elementor-widget elementor-widget-text-editor\" data-id=\"e5f95b8\" data-element_type=\"widget\" data-e-type=\"widget\" data-widget_type=\"text-editor.default\">\n\t\t\t\t<div class=\"elementor-widget-container\">\n\t\t\t\t\t\t\t\t\t<p>Les quatre articulations mobiles et une port\u00e9e de six m\u00e8tres permettent de travailler confortablement \u00e0 partir d&rsquo;un emplacement s\u00fbr. Le tuyau d&rsquo;aspiration est guid\u00e9 de mani\u00e8re fixe du couvercle \u00e0 la couronne d&rsquo;aspiration, ce qui permet de le positionner avec pr\u00e9cision \u00e0 l&rsquo;endroit de l&rsquo;aspiration. Le support de tuyau articul\u00e9 \u00e0 guidage enti\u00e8rement hydraulique est la solution optimale pour travailler sans probl\u00e8me et sans rallonge \u00e0 des distances comprises entre 0 et 6 m\u00e8tres. Avec une plage de pivotement de 180\u00b0, le support de tuyau articul\u00e9 RSP a \u00e9t\u00e9 sp\u00e9cialement adapt\u00e9 aux conditions du chantier. Il permet ainsi de travailler en toute s\u00e9curit\u00e9, m\u00eame lorsque l&rsquo;espace est restreint. Les tuyaux d&rsquo;aspiration RSP ont \u00e9t\u00e9 sp\u00e9cialement con\u00e7us pour supporter des charges \u00e9lev\u00e9es. Ils offrent suffisamment de flexibilit\u00e9 dans l&rsquo;utilisation quotidienne et le diam\u00e8tre g\u00e9n\u00e9reux du tuyau de 250 mm permet d&rsquo;aspirer efficacement des mat\u00e9riaux grossiers et lourds.      <\/p>\t\t\t\t\t\t\t\t<\/div>\n\t\t\t\t<\/div>\n\t\t\t\t<\/div>\n\t\t\t\t\t<\/div>\n\t\t\t\t<\/div>\n\t\t<div class=\"elementor-element elementor-element-029dd72 e-flex e-con-boxed e-con e-parent\" data-id=\"029dd72\" data-element_type=\"container\" data-e-type=\"container\">\n\t\t\t\t\t<div class=\"e-con-inner\">\n\t\t<div class=\"elementor-element elementor-element-fc4185f e-con-full e-flex elementor-invisible e-con e-child\" data-id=\"fc4185f\" data-element_type=\"container\" data-e-type=\"container\" data-settings=\"{&quot;animation&quot;:&quot;fadeInLeft&quot;}\">\n\t\t\t\t<div class=\"elementor-element elementor-element-52c810e elementor-widget elementor-widget-heading\" data-id=\"52c810e\" data-element_type=\"widget\" data-e-type=\"widget\" data-widget_type=\"heading.default\">\n\t\t\t\t<div class=\"elementor-widget-container\">\n\t\t\t\t\t<h2 class=\"elementor-heading-title elementor-size-default\">LE NOUVEAU SUPPORT DE TUYAU ARTICUL\u00c9 DE L'ESE 8<\/h2>\t\t\t\t<\/div>\n\t\t\t\t<\/div>\n\t\t\t\t<div class=\"elementor-element elementor-element-cbcb5b2 elementor-widget elementor-widget-text-editor\" data-id=\"cbcb5b2\" data-element_type=\"widget\" data-e-type=\"widget\" data-widget_type=\"text-editor.default\">\n\t\t\t\t<div class=\"elementor-widget-container\">\n\t\t\t\t\t\t\t\t\t<p>Afin d&rsquo;agrandir la zone de travail tout en conservant la flexibilit\u00e9, elle dispose d&rsquo;une articulation de plus et est mont\u00e9e au centre de l&rsquo;arri\u00e8re de la machine. La zone de travail a ainsi augment\u00e9 de 20 % et est pour la premi\u00e8re fois sym\u00e9trique sur une drague suceuse. Le RSP Smart Control permet, par simple pression sur un bouton, de positionner automatiquement le support de flexible articul\u00e9 en position de travail ou de transport avec une pr\u00e9cision encore jamais atteinte.  <\/p><p>Lors des mouvements horizontaux et verticaux, la position du dernier maillon de la fl\u00e8che dans l&rsquo;axe correspondant est maintenue constante gr\u00e2ce \u00e0 un r\u00e9ajustement automatique des autres maillons. Le travail est ainsi devenu encore plus s\u00fbr et plus confortable. <\/p>\t\t\t\t\t\t\t\t<\/div>\n\t\t\t\t<\/div>\n\t\t\t\t<\/div>\n\t\t\t\t<div class=\"elementor-element elementor-element-6d6af3a elementor-widget__width-initial elementor-invisible elementor-widget elementor-widget-image\" data-id=\"6d6af3a\" data-element_type=\"widget\" data-e-type=\"widget\" data-settings=\"{&quot;_animation&quot;:&quot;fadeInRight&quot;}\" data-widget_type=\"image.default\">\n\t\t\t\t<div class=\"elementor-widget-container\">\n\t\t\t\t\t\t\t\t\t\t\t\t\t\t\t<img loading=\"lazy\" decoding=\"async\" width=\"800\" height=\"600\" src=\"https:\/\/www.rsp.com\/wp-content\/uploads\/2025\/03\/Gelenkschlauchtraeger_800x600-2.png\" class=\"attachment-large size-large wp-image-1612\" alt=\"\" \/>\t\t\t\t\t\t\t\t\t\t\t\t\t\t\t<\/div>\n\t\t\t\t<\/div>\n\t\t\t\t\t<\/div>\n\t\t\t\t<\/div>\n\t\t<div class=\"elementor-element elementor-element-80f87d4 e-flex e-con-boxed e-con e-parent\" data-id=\"80f87d4\" data-element_type=\"container\" data-e-type=\"container\">\n\t\t\t\t\t<div class=\"e-con-inner\">\n\t\t\t\t<div class=\"elementor-element elementor-element-c88ce0e elementor-widget__width-initial elementor-invisible elementor-widget elementor-widget-image\" data-id=\"c88ce0e\" data-element_type=\"widget\" data-e-type=\"widget\" data-settings=\"{&quot;_animation&quot;:&quot;fadeInLeft&quot;,&quot;_animation_mobile&quot;:&quot;fadeInRight&quot;}\" data-widget_type=\"image.default\">\n\t\t\t\t<div class=\"elementor-widget-container\">\n\t\t\t\t\t\t\t\t\t\t\t\t\t\t\t<img loading=\"lazy\" decoding=\"async\" width=\"800\" height=\"600\" src=\"https:\/\/www.rsp.com\/wp-content\/uploads\/2025\/03\/Teleskopschlauchtraeger_800x600-1.jpg\" class=\"attachment-large size-large wp-image-1618\" alt=\"\" srcset=\"https:\/\/www.rsp.com\/wp-content\/uploads\/2025\/03\/Teleskopschlauchtraeger_800x600-1.jpg 800w, https:\/\/www.rsp.com\/wp-content\/uploads\/2025\/03\/Teleskopschlauchtraeger_800x600-1-300x225.jpg 300w, https:\/\/www.rsp.com\/wp-content\/uploads\/2025\/03\/Teleskopschlauchtraeger_800x600-1-768x576.jpg 768w\" sizes=\"auto, (max-width: 800px) 100vw, 800px\" \/>\t\t\t\t\t\t\t\t\t\t\t\t\t\t\t<\/div>\n\t\t\t\t<\/div>\n\t\t<div class=\"elementor-element elementor-element-286fddc e-con-full e-flex elementor-invisible e-con e-child\" data-id=\"286fddc\" data-element_type=\"container\" data-e-type=\"container\" data-settings=\"{&quot;animation&quot;:&quot;fadeInRight&quot;,&quot;animation_mobile&quot;:&quot;fadeInLeft&quot;}\">\n\t\t\t\t<div class=\"elementor-element elementor-element-c4537b4 elementor-widget elementor-widget-heading\" data-id=\"c4537b4\" data-element_type=\"widget\" data-e-type=\"widget\" data-widget_type=\"heading.default\">\n\t\t\t\t<div class=\"elementor-widget-container\">\n\t\t\t\t\t<h2 class=\"elementor-heading-title elementor-size-default\">SUPPORTS DE TUYAUX T\u00c9LESCOPIQUES EN DIFF\u00c9RENTES VERSIONS<\/h2>\t\t\t\t<\/div>\n\t\t\t\t<\/div>\n\t\t\t\t<div class=\"elementor-element elementor-element-d730fd8 elementor-widget elementor-widget-text-editor\" data-id=\"d730fd8\" data-element_type=\"widget\" data-e-type=\"widget\" data-widget_type=\"text-editor.default\">\n\t\t\t\t<div class=\"elementor-widget-container\">\n\t\t\t\t\t\t\t\t\t<p>La fl\u00e8che t\u00e9lescopique brid\u00e9e \u00e0 l&rsquo;arri\u00e8re de la structure d&rsquo;aspiration a une port\u00e9e de 3,50 m\u00e8tres. Elle peut \u00eatre d\u00e9plac\u00e9e hydrauliquement sur trois niveaux. Le tuyau d&rsquo;aspiration est d\u00e9vi\u00e9 \u00e0 la verticale par deux roues en acier fix\u00e9es \u00e0 l&rsquo;extr\u00e9mit\u00e9 de la fl\u00e8che t\u00e9lescopique. Un \u00e9trier d&rsquo;arr\u00eat s\u00e9curise le tuyau d&rsquo;aspiration pendant l&rsquo;aspiration. En position de transport, la fl\u00e8che t\u00e9lescopique est d\u00e9pos\u00e9e dans une fourche de s\u00e9curit\u00e9 et le tuyau d&rsquo;aspiration est s\u00e9curis\u00e9 par une corde. L&rsquo;utilisation de la fl\u00e8che t\u00e9lescopique sur l&rsquo;ESE 1 fonctionne de mani\u00e8re similaire, voir illustration.    <\/p>\t\t\t\t\t\t\t\t<\/div>\n\t\t\t\t<\/div>\n\t\t\t\t<\/div>\n\t\t\t\t\t<\/div>\n\t\t\t\t<\/div>\n\t\t\t\t<\/div>\n\t\t","protected":false},"excerpt":{"rendered":"<p>Le support de tuyau articul\u00e9 PEU IMPORTE O\u00d9 ILS ASPIRENT, PARFAITEMENT ADAPT\u00c9S AUX EXIGENCES. Les supports de tuyaux RSP avec possibilit\u00e9s d&rsquo;extension suppl\u00e9mentaires sont \u00e9quip\u00e9s du syst\u00e8me de colliers RSP. Gr\u00e2ce \u00e0 la compatibilit\u00e9 avec diff\u00e9rents accessoires, les t\u00e2ches d&rsquo;aspiration les plus diverses sont r\u00e9alisables. LA ZONE DE TRAVAIL OPTIMALE Les quatre articulations mobiles et [&hellip;]<\/p>\n","protected":false},"author":1,"featured_media":0,"parent":1294,"menu_order":0,"comment_status":"closed","ping_status":"closed","template":"","meta":{"_acf_changed":false,"footnotes":""},"class_list":["post-1851","page","type-page","status-publish","hentry"],"acf":[],"yoast_head":"<!-- This site is optimized with the Yoast SEO Premium plugin v26.9 (Yoast SEO v27.3) - https:\/\/yoast.com\/product\/yoast-seo-premium-wordpress\/ -->\n<title>Le support de tuyau articul\u00e9 a agrandi la zone de travail d&#039;une drague suceuse - RSP<\/title>\n<meta name=\"robots\" content=\"index, follow, max-snippet:-1, max-image-preview:large, max-video-preview:-1\" \/>\n<link rel=\"canonical\" href=\"https:\/\/www.rsp.com\/fr\/technologie\/le-support-de-tuyau-articule-a-agrandi-la-zone-de-travail-dune-drague-suceuse\/\" \/>\n<meta property=\"og:locale\" content=\"fr_FR\" \/>\n<meta property=\"og:type\" content=\"article\" \/>\n<meta property=\"og:title\" content=\"Le support de tuyau articul\u00e9 a agrandi la zone de travail d&#039;une drague suceuse\" \/>\n<meta property=\"og:description\" content=\"Le support de tuyau articul\u00e9 PEU IMPORTE O\u00d9 ILS ASPIRENT, PARFAITEMENT ADAPT\u00c9S AUX EXIGENCES. Les supports de tuyaux RSP avec possibilit\u00e9s d&rsquo;extension suppl\u00e9mentaires sont \u00e9quip\u00e9s du syst\u00e8me de colliers RSP. Gr\u00e2ce \u00e0 la compatibilit\u00e9 avec diff\u00e9rents accessoires, les t\u00e2ches d&rsquo;aspiration les plus diverses sont r\u00e9alisables. LA ZONE DE TRAVAIL OPTIMALE Les quatre articulations mobiles et [&hellip;]\" \/>\n<meta property=\"og:url\" content=\"https:\/\/www.rsp.com\/fr\/technologie\/le-support-de-tuyau-articule-a-agrandi-la-zone-de-travail-dune-drague-suceuse\/\" \/>\n<meta property=\"og:site_name\" content=\"RSP\" \/>\n<meta property=\"article:publisher\" content=\"http:\/\/www.facebook.com\/saugbagger\" \/>\n<meta property=\"article:modified_time\" content=\"2026-03-19T16:56:39+00:00\" \/>\n<meta property=\"og:image\" content=\"https:\/\/www.rsp.com\/wp-content\/uploads\/2025\/03\/Saugschlauch_800x600-1.jpg\" \/>\n\t<meta property=\"og:image:width\" content=\"800\" \/>\n\t<meta property=\"og:image:height\" content=\"600\" \/>\n\t<meta property=\"og:image:type\" content=\"image\/jpeg\" \/>\n<meta name=\"twitter:card\" content=\"summary_large_image\" \/>\n<meta name=\"twitter:label1\" content=\"Dur\u00e9e de lecture estim\u00e9e\" \/>\n\t<meta name=\"twitter:data1\" content=\"2 minutes\" \/>\n<script type=\"application\/ld+json\" class=\"yoast-schema-graph\">{\"@context\":\"https:\\\/\\\/schema.org\",\"@graph\":[{\"@type\":\"WebPage\",\"@id\":\"https:\\\/\\\/www.rsp.com\\\/fr\\\/technologie\\\/le-support-de-tuyau-articule-a-agrandi-la-zone-de-travail-dune-drague-suceuse\\\/\",\"url\":\"https:\\\/\\\/www.rsp.com\\\/fr\\\/technologie\\\/le-support-de-tuyau-articule-a-agrandi-la-zone-de-travail-dune-drague-suceuse\\\/\",\"name\":\"Le support de tuyau articul\u00e9 a agrandi la zone de travail d'une drague suceuse - RSP\",\"isPartOf\":{\"@id\":\"https:\\\/\\\/www.rsp.com\\\/fr\\\/#website\"},\"primaryImageOfPage\":{\"@id\":\"https:\\\/\\\/www.rsp.com\\\/fr\\\/technologie\\\/le-support-de-tuyau-articule-a-agrandi-la-zone-de-travail-dune-drague-suceuse\\\/#primaryimage\"},\"image\":{\"@id\":\"https:\\\/\\\/www.rsp.com\\\/fr\\\/technologie\\\/le-support-de-tuyau-articule-a-agrandi-la-zone-de-travail-dune-drague-suceuse\\\/#primaryimage\"},\"thumbnailUrl\":\"https:\\\/\\\/www.rsp.com\\\/wp-content\\\/uploads\\\/2025\\\/03\\\/Saugschlauch_800x600-1.jpg\",\"datePublished\":\"2025-03-17T14:16:47+00:00\",\"dateModified\":\"2026-03-19T16:56:39+00:00\",\"breadcrumb\":{\"@id\":\"https:\\\/\\\/www.rsp.com\\\/fr\\\/technologie\\\/le-support-de-tuyau-articule-a-agrandi-la-zone-de-travail-dune-drague-suceuse\\\/#breadcrumb\"},\"inLanguage\":\"fr-FR\",\"potentialAction\":[{\"@type\":\"ReadAction\",\"target\":[\"https:\\\/\\\/www.rsp.com\\\/fr\\\/technologie\\\/le-support-de-tuyau-articule-a-agrandi-la-zone-de-travail-dune-drague-suceuse\\\/\"]}]},{\"@type\":\"ImageObject\",\"inLanguage\":\"fr-FR\",\"@id\":\"https:\\\/\\\/www.rsp.com\\\/fr\\\/technologie\\\/le-support-de-tuyau-articule-a-agrandi-la-zone-de-travail-dune-drague-suceuse\\\/#primaryimage\",\"url\":\"https:\\\/\\\/www.rsp.com\\\/wp-content\\\/uploads\\\/2025\\\/03\\\/Saugschlauch_800x600-1.jpg\",\"contentUrl\":\"https:\\\/\\\/www.rsp.com\\\/wp-content\\\/uploads\\\/2025\\\/03\\\/Saugschlauch_800x600-1.jpg\"},{\"@type\":\"BreadcrumbList\",\"@id\":\"https:\\\/\\\/www.rsp.com\\\/fr\\\/technologie\\\/le-support-de-tuyau-articule-a-agrandi-la-zone-de-travail-dune-drague-suceuse\\\/#breadcrumb\",\"itemListElement\":[{\"@type\":\"ListItem\",\"position\":1,\"name\":\"Startseite\",\"item\":\"https:\\\/\\\/www.rsp.com\\\/fr\\\/\"},{\"@type\":\"ListItem\",\"position\":2,\"name\":\"Technologie\",\"item\":\"https:\\\/\\\/www.rsp.com\\\/fr\\\/technologie\\\/\"},{\"@type\":\"ListItem\",\"position\":3,\"name\":\"Le support de tuyau articul\u00e9 a agrandi la zone de travail d&#8217;une drague suceuse\"}]},{\"@type\":\"WebSite\",\"@id\":\"https:\\\/\\\/www.rsp.com\\\/fr\\\/#website\",\"url\":\"https:\\\/\\\/www.rsp.com\\\/fr\\\/\",\"name\":\"RSP Saugbagger - Innovate work\",\"description\":\"Innovate Work\",\"publisher\":{\"@id\":\"https:\\\/\\\/www.rsp.com\\\/fr\\\/#organization\"},\"potentialAction\":[{\"@type\":\"SearchAction\",\"target\":{\"@type\":\"EntryPoint\",\"urlTemplate\":\"https:\\\/\\\/www.rsp.com\\\/fr\\\/?s={search_term_string}\"},\"query-input\":{\"@type\":\"PropertyValueSpecification\",\"valueRequired\":true,\"valueName\":\"search_term_string\"}}],\"inLanguage\":\"fr-FR\"},{\"@type\":\"Organization\",\"@id\":\"https:\\\/\\\/www.rsp.com\\\/fr\\\/#organization\",\"name\":\"RSP GmbH &amp; co. KG\",\"alternateName\":\"RSP\",\"url\":\"https:\\\/\\\/www.rsp.com\\\/fr\\\/\",\"logo\":{\"@type\":\"ImageObject\",\"inLanguage\":\"fr-FR\",\"@id\":\"https:\\\/\\\/www.rsp.com\\\/fr\\\/#\\\/schema\\\/logo\\\/image\\\/\",\"url\":\"https:\\\/\\\/www.rsp.com\\\/wp-content\\\/uploads\\\/2025\\\/03\\\/RSP_Logo-cross_Color-pos_sRGB.svg\",\"contentUrl\":\"https:\\\/\\\/www.rsp.com\\\/wp-content\\\/uploads\\\/2025\\\/03\\\/RSP_Logo-cross_Color-pos_sRGB.svg\",\"width\":82,\"height\":82,\"caption\":\"RSP GmbH &amp; co. KG\"},\"image\":{\"@id\":\"https:\\\/\\\/www.rsp.com\\\/fr\\\/#\\\/schema\\\/logo\\\/image\\\/\"},\"sameAs\":[\"http:\\\/\\\/www.facebook.com\\\/saugbagger\",\"https:\\\/\\\/www.instagram.com\\\/suctionexcavator\",\"https:\\\/\\\/www.linkedin.com\\\/company\\\/reschwitzer-saugbagger-produktions-gmbh-rsp-gmbh-\\\/\",\"http:\\\/\\\/www.youtube.com\\\/user\\\/RSPSuctionExcavator\"],\"description\":\"Die RSP GmbH & Co. KG ist f\u00fchrender Hersteller von Saugbaggern und Spezialfahrzeugen f\u00fcr den Einsatz in der Bau-, Versorgungs- und Kommunalwirtschaft. Mit \u00fcber 30 Jahren Erfahrung, einem internationalen Vertriebsnetz und innovativer Technologie bietet RSP leistungsstarke L\u00f6sungen f\u00fcr sicheres und effizientes Arbeiten \u2013 Made in Germany.\",\"email\":\"info@rsp-germany.com\",\"telephone\":\"+49367157210\",\"legalName\":\"RSP GmbH & Co. KG\",\"foundingDate\":\"1993-04-01\",\"vatID\":\"DE158276339\",\"numberOfEmployees\":{\"@type\":\"QuantitativeValue\",\"minValue\":\"501\",\"maxValue\":\"1000\"}}]}<\/script>\n<!-- \/ Yoast SEO Premium plugin. -->","yoast_head_json":{"title":"Le support de tuyau articul\u00e9 a agrandi la zone de travail d'une drague suceuse - RSP","robots":{"index":"index","follow":"follow","max-snippet":"max-snippet:-1","max-image-preview":"max-image-preview:large","max-video-preview":"max-video-preview:-1"},"canonical":"https:\/\/www.rsp.com\/fr\/technologie\/le-support-de-tuyau-articule-a-agrandi-la-zone-de-travail-dune-drague-suceuse\/","og_locale":"fr_FR","og_type":"article","og_title":"Le support de tuyau articul\u00e9 a agrandi la zone de travail d'une drague suceuse","og_description":"Le support de tuyau articul\u00e9 PEU IMPORTE O\u00d9 ILS ASPIRENT, PARFAITEMENT ADAPT\u00c9S AUX EXIGENCES. Les supports de tuyaux RSP avec possibilit\u00e9s d&rsquo;extension suppl\u00e9mentaires sont \u00e9quip\u00e9s du syst\u00e8me de colliers RSP. Gr\u00e2ce \u00e0 la compatibilit\u00e9 avec diff\u00e9rents accessoires, les t\u00e2ches d&rsquo;aspiration les plus diverses sont r\u00e9alisables. LA ZONE DE TRAVAIL OPTIMALE Les quatre articulations mobiles et [&hellip;]","og_url":"https:\/\/www.rsp.com\/fr\/technologie\/le-support-de-tuyau-articule-a-agrandi-la-zone-de-travail-dune-drague-suceuse\/","og_site_name":"RSP","article_publisher":"http:\/\/www.facebook.com\/saugbagger","article_modified_time":"2026-03-19T16:56:39+00:00","og_image":[{"width":800,"height":600,"url":"https:\/\/www.rsp.com\/wp-content\/uploads\/2025\/03\/Saugschlauch_800x600-1.jpg","type":"image\/jpeg"}],"twitter_card":"summary_large_image","twitter_misc":{"Dur\u00e9e de lecture estim\u00e9e":"2 minutes"},"schema":{"@context":"https:\/\/schema.org","@graph":[{"@type":"WebPage","@id":"https:\/\/www.rsp.com\/fr\/technologie\/le-support-de-tuyau-articule-a-agrandi-la-zone-de-travail-dune-drague-suceuse\/","url":"https:\/\/www.rsp.com\/fr\/technologie\/le-support-de-tuyau-articule-a-agrandi-la-zone-de-travail-dune-drague-suceuse\/","name":"Le support de tuyau articul\u00e9 a agrandi la zone de travail d'une drague suceuse - RSP","isPartOf":{"@id":"https:\/\/www.rsp.com\/fr\/#website"},"primaryImageOfPage":{"@id":"https:\/\/www.rsp.com\/fr\/technologie\/le-support-de-tuyau-articule-a-agrandi-la-zone-de-travail-dune-drague-suceuse\/#primaryimage"},"image":{"@id":"https:\/\/www.rsp.com\/fr\/technologie\/le-support-de-tuyau-articule-a-agrandi-la-zone-de-travail-dune-drague-suceuse\/#primaryimage"},"thumbnailUrl":"https:\/\/www.rsp.com\/wp-content\/uploads\/2025\/03\/Saugschlauch_800x600-1.jpg","datePublished":"2025-03-17T14:16:47+00:00","dateModified":"2026-03-19T16:56:39+00:00","breadcrumb":{"@id":"https:\/\/www.rsp.com\/fr\/technologie\/le-support-de-tuyau-articule-a-agrandi-la-zone-de-travail-dune-drague-suceuse\/#breadcrumb"},"inLanguage":"fr-FR","potentialAction":[{"@type":"ReadAction","target":["https:\/\/www.rsp.com\/fr\/technologie\/le-support-de-tuyau-articule-a-agrandi-la-zone-de-travail-dune-drague-suceuse\/"]}]},{"@type":"ImageObject","inLanguage":"fr-FR","@id":"https:\/\/www.rsp.com\/fr\/technologie\/le-support-de-tuyau-articule-a-agrandi-la-zone-de-travail-dune-drague-suceuse\/#primaryimage","url":"https:\/\/www.rsp.com\/wp-content\/uploads\/2025\/03\/Saugschlauch_800x600-1.jpg","contentUrl":"https:\/\/www.rsp.com\/wp-content\/uploads\/2025\/03\/Saugschlauch_800x600-1.jpg"},{"@type":"BreadcrumbList","@id":"https:\/\/www.rsp.com\/fr\/technologie\/le-support-de-tuyau-articule-a-agrandi-la-zone-de-travail-dune-drague-suceuse\/#breadcrumb","itemListElement":[{"@type":"ListItem","position":1,"name":"Startseite","item":"https:\/\/www.rsp.com\/fr\/"},{"@type":"ListItem","position":2,"name":"Technologie","item":"https:\/\/www.rsp.com\/fr\/technologie\/"},{"@type":"ListItem","position":3,"name":"Le support de tuyau articul\u00e9 a agrandi la zone de travail d&#8217;une drague suceuse"}]},{"@type":"WebSite","@id":"https:\/\/www.rsp.com\/fr\/#website","url":"https:\/\/www.rsp.com\/fr\/","name":"RSP Saugbagger - Innovate work","description":"Innovate Work","publisher":{"@id":"https:\/\/www.rsp.com\/fr\/#organization"},"potentialAction":[{"@type":"SearchAction","target":{"@type":"EntryPoint","urlTemplate":"https:\/\/www.rsp.com\/fr\/?s={search_term_string}"},"query-input":{"@type":"PropertyValueSpecification","valueRequired":true,"valueName":"search_term_string"}}],"inLanguage":"fr-FR"},{"@type":"Organization","@id":"https:\/\/www.rsp.com\/fr\/#organization","name":"RSP GmbH &amp; co. KG","alternateName":"RSP","url":"https:\/\/www.rsp.com\/fr\/","logo":{"@type":"ImageObject","inLanguage":"fr-FR","@id":"https:\/\/www.rsp.com\/fr\/#\/schema\/logo\/image\/","url":"https:\/\/www.rsp.com\/wp-content\/uploads\/2025\/03\/RSP_Logo-cross_Color-pos_sRGB.svg","contentUrl":"https:\/\/www.rsp.com\/wp-content\/uploads\/2025\/03\/RSP_Logo-cross_Color-pos_sRGB.svg","width":82,"height":82,"caption":"RSP GmbH &amp; co. KG"},"image":{"@id":"https:\/\/www.rsp.com\/fr\/#\/schema\/logo\/image\/"},"sameAs":["http:\/\/www.facebook.com\/saugbagger","https:\/\/www.instagram.com\/suctionexcavator","https:\/\/www.linkedin.com\/company\/reschwitzer-saugbagger-produktions-gmbh-rsp-gmbh-\/","http:\/\/www.youtube.com\/user\/RSPSuctionExcavator"],"description":"Die RSP GmbH & Co. KG ist f\u00fchrender Hersteller von Saugbaggern und Spezialfahrzeugen f\u00fcr den Einsatz in der Bau-, Versorgungs- und Kommunalwirtschaft. Mit \u00fcber 30 Jahren Erfahrung, einem internationalen Vertriebsnetz und innovativer Technologie bietet RSP leistungsstarke L\u00f6sungen f\u00fcr sicheres und effizientes Arbeiten \u2013 Made in Germany.","email":"info@rsp-germany.com","telephone":"+49367157210","legalName":"RSP GmbH & Co. KG","foundingDate":"1993-04-01","vatID":"DE158276339","numberOfEmployees":{"@type":"QuantitativeValue","minValue":"501","maxValue":"1000"}}]}},"_links":{"self":[{"href":"https:\/\/www.rsp.com\/fr\/wp-json\/wp\/v2\/pages\/1851","targetHints":{"allow":["GET"]}}],"collection":[{"href":"https:\/\/www.rsp.com\/fr\/wp-json\/wp\/v2\/pages"}],"about":[{"href":"https:\/\/www.rsp.com\/fr\/wp-json\/wp\/v2\/types\/page"}],"author":[{"embeddable":true,"href":"https:\/\/www.rsp.com\/fr\/wp-json\/wp\/v2\/users\/1"}],"replies":[{"embeddable":true,"href":"https:\/\/www.rsp.com\/fr\/wp-json\/wp\/v2\/comments?post=1851"}],"version-history":[{"count":1,"href":"https:\/\/www.rsp.com\/fr\/wp-json\/wp\/v2\/pages\/1851\/revisions"}],"predecessor-version":[{"id":16783,"href":"https:\/\/www.rsp.com\/fr\/wp-json\/wp\/v2\/pages\/1851\/revisions\/16783"}],"up":[{"embeddable":true,"href":"https:\/\/www.rsp.com\/fr\/wp-json\/wp\/v2\/pages\/1294"}],"wp:attachment":[{"href":"https:\/\/www.rsp.com\/fr\/wp-json\/wp\/v2\/media?parent=1851"}],"curies":[{"name":"wp","href":"https:\/\/api.w.org\/{rel}","templated":true}]}}