{"id":1854,"date":"2025-03-17T14:36:34","date_gmt":"2025-03-17T14:36:34","guid":{"rendered":"https:\/\/rspcom-e1aklfz9e9.live-website.com\/technologie\/reservoir-de-materiel\/"},"modified":"2026-03-19T16:56:41","modified_gmt":"2026-03-19T16:56:41","slug":"reservoir-de-materiel","status":"publish","type":"page","link":"https:\/\/www.rsp.com\/fr\/technologie\/reservoir-de-materiel\/","title":{"rendered":"R\u00e9servoir de mat\u00e9riel"},"content":{"rendered":"\t\t<div data-elementor-type=\"wp-page\" data-elementor-id=\"1854\" class=\"elementor elementor-1854 elementor-1641\" data-elementor-post-type=\"page\">\n\t\t\t\t<div class=\"elementor-element elementor-element-05bebc8 e-flex e-con-boxed e-con e-parent\" data-id=\"05bebc8\" data-element_type=\"container\" data-e-type=\"container\">\n\t\t\t\t\t<div class=\"e-con-inner\">\n\t\t\t\t<div class=\"elementor-element elementor-element-4664f63 elementor-widget elementor-widget-heading\" data-id=\"4664f63\" data-element_type=\"widget\" data-e-type=\"widget\" data-widget_type=\"heading.default\">\n\t\t\t\t<div class=\"elementor-widget-container\">\n\t\t\t\t\t<h1 class=\"elementor-heading-title elementor-size-default\">Le r\u00e9servoir de mat\u00e9riel<\/h1>\t\t\t\t<\/div>\n\t\t\t\t<\/div>\n\t\t\t\t\t<\/div>\n\t\t\t\t<\/div>\n\t\t<div class=\"elementor-element elementor-element-d09da03 e-flex e-con-boxed e-con e-parent\" data-id=\"d09da03\" data-element_type=\"container\" data-e-type=\"container\">\n\t\t\t\t\t<div class=\"e-con-inner\">\n\t\t\t\t<div class=\"elementor-element elementor-element-2c86c62 elementor-widget__width-initial elementor-invisible elementor-widget elementor-widget-image\" data-id=\"2c86c62\" data-element_type=\"widget\" data-e-type=\"widget\" data-settings=\"{&quot;_animation&quot;:&quot;fadeInLeft&quot;}\" data-widget_type=\"image.default\">\n\t\t\t\t<div class=\"elementor-widget-container\">\n\t\t\t\t\t\t\t\t\t\t\t\t\t\t\t<img loading=\"lazy\" decoding=\"async\" width=\"800\" height=\"600\" src=\"https:\/\/www.rsp.com\/wp-content\/uploads\/2025\/03\/Behaelter_800x600.jpg\" class=\"attachment-large size-large wp-image-1654\" alt=\"\" \/>\t\t\t\t\t\t\t\t\t\t\t\t\t\t\t<\/div>\n\t\t\t\t<\/div>\n\t\t<div class=\"elementor-element elementor-element-829ee46 e-con-full e-flex elementor-invisible e-con e-child\" data-id=\"829ee46\" data-element_type=\"container\" data-e-type=\"container\" data-settings=\"{&quot;animation&quot;:&quot;fadeInRight&quot;}\">\n\t\t\t\t<div class=\"elementor-element elementor-element-d46b364 elementor-widget elementor-widget-heading\" data-id=\"d46b364\" data-element_type=\"widget\" data-e-type=\"widget\" data-widget_type=\"heading.default\">\n\t\t\t\t<div class=\"elementor-widget-container\">\n\t\t\t\t\t<h2 class=\"elementor-heading-title elementor-size-default\">TECHNOLOGIE DE S\u00c9PARATION BREVET\u00c9E<\/h2>\t\t\t\t<\/div>\n\t\t\t\t<\/div>\n\t\t\t\t<div class=\"elementor-element elementor-element-83b6316 elementor-widget elementor-widget-text-editor\" data-id=\"83b6316\" data-element_type=\"widget\" data-e-type=\"widget\" data-widget_type=\"text-editor.default\">\n\t\t\t\t<div class=\"elementor-widget-container\">\n\t\t\t\t\t\t\t\t\t<p>Avec un total de quatre tailles de conteneurs et l&rsquo;option de les \u00e9quiper de t\u00f4les d&rsquo;usure en acier inoxydable, on a les conditions parfaites pour vraiment bien faire son travail. La taille de benne de 4 m\u00b3 est sp\u00e9cialement con\u00e7ue pour les v\u00e9hicules \u00e0 deux essieux d&rsquo;une largeur totale de 2,30 m. Cette taille compacte et la hauteur de l&rsquo;essieu basculant de 2,10 m permettent de vider le conteneur sur des v\u00e9hicules de transport plus petits. La benne de 6 m\u00b3 est particuli\u00e8rement adapt\u00e9e aux ch\u00e2ssis de v\u00e9hicules \u00e0 empattement court. La benne de 8 m\u00b3 offre un volume de chargement plus important et donc un travail plus efficace. Il a la taille optimale pour tous les ch\u00e2ssis \u00e0 3 et 4 essieux. Il est le plus souvent utilis\u00e9 pour les travaux d&rsquo;aspiration dans le g\u00e9nie civil. Pour les travaux d&rsquo;aspiration tr\u00e8s particuliers, par exemple dans les installations industrielles, qui n\u00e9cessitent un grand volume de cuve, la cuve de 10 m\u00b3 est con\u00e7ue.       <\/p>\t\t\t\t\t\t\t\t<\/div>\n\t\t\t\t<\/div>\n\t\t\t\t<\/div>\n\t\t\t\t\t<\/div>\n\t\t\t\t<\/div>\n\t\t<div class=\"elementor-element elementor-element-de832c7 e-flex e-con-boxed e-con e-parent\" data-id=\"de832c7\" data-element_type=\"container\" data-e-type=\"container\">\n\t\t\t\t\t<div class=\"e-con-inner\">\n\t\t<div class=\"elementor-element elementor-element-9b7baf8 e-con-full e-flex elementor-invisible e-con e-child\" data-id=\"9b7baf8\" data-element_type=\"container\" data-e-type=\"container\" data-settings=\"{&quot;animation&quot;:&quot;fadeInLeft&quot;}\">\n\t\t\t\t<div class=\"elementor-element elementor-element-677d68d elementor-widget elementor-widget-heading\" data-id=\"677d68d\" data-element_type=\"widget\" data-e-type=\"widget\" data-widget_type=\"heading.default\">\n\t\t\t\t<div class=\"elementor-widget-container\">\n\t\t\t\t\t<h2 class=\"elementor-heading-title elementor-size-default\">GUIDAGE OPTIMIS\u00c9 DE L'AIR<\/h2>\t\t\t\t<\/div>\n\t\t\t\t<\/div>\n\t\t\t\t<div class=\"elementor-element elementor-element-1b76442 elementor-widget elementor-widget-text-editor\" data-id=\"1b76442\" data-element_type=\"widget\" data-e-type=\"widget\" data-widget_type=\"text-editor.default\">\n\t\t\t\t<div class=\"elementor-widget-container\">\n\t\t\t\t\t\t\t\t\t<p>Pour rendre la structure d&rsquo;aspiration plus performante dans toutes les tailles disponibles, la puissance du ventilateur a \u00e9t\u00e9 maximis\u00e9e et la circulation de l&rsquo;air \u00e0 l&rsquo;int\u00e9rieur de la cuve a \u00e9t\u00e9 modifi\u00e9e. La chambre de s\u00e9paration de conception nouvelle et brevet\u00e9e assure une pr\u00e9s\u00e9paration optimale du mat\u00e9riau. Les longs trajets d&rsquo;air vers les filtres fins entra\u00eenent un s\u00e9chage du flux d&rsquo;air. \u00c0 l&rsquo;aide des filtres fins tr\u00e8s efficaces, on obtient une \u00e9puration constante et efficace de l&rsquo;air \u00e9vacu\u00e9. La chambre des filtres fins est automatiquement vid\u00e9e lors du basculement. Le syst\u00e8me de nettoyage des filtres fins install\u00e9 en standard garantit un nettoyage optimal des filtres fins. Cela a un effet positif sur la dur\u00e9e de vie des filtres ainsi que sur la puissance d&rsquo;aspiration de toute la machine.      <\/p>\t\t\t\t\t\t\t\t<\/div>\n\t\t\t\t<\/div>\n\t\t\t\t<div class=\"elementor-element elementor-element-53324f1 elementor-widget elementor-widget-heading\" data-id=\"53324f1\" data-element_type=\"widget\" data-e-type=\"widget\" data-widget_type=\"heading.default\">\n\t\t\t\t<div class=\"elementor-widget-container\">\n\t\t\t\t\t<h3 class=\"elementor-heading-title elementor-size-default\">LES POINTS FORTS EN UN COUP D'\u0152IL :<\/h3>\t\t\t\t<\/div>\n\t\t\t\t<\/div>\n\t\t\t\t<div class=\"elementor-element elementor-element-07771eb elementor-widget elementor-widget-text-editor\" data-id=\"07771eb\" data-element_type=\"widget\" data-e-type=\"widget\" data-widget_type=\"text-editor.default\">\n\t\t\t\t<div class=\"elementor-widget-container\">\n\t\t\t\t\t\t\t\t\t<ul><li>construction en acier de haute qualit\u00e9, r\u00e9sistante \u00e0 la torsion<\/li><li>syst\u00e8me brevet\u00e9 de guidage de l&rsquo;air<\/li><li>nettoyage automatique du filtre<\/li><li>tailles variables des conteneurs<\/li><li>moins d&rsquo;\u00e9missions sonores  <\/li><li>une charge de filtration r\u00e9duite<\/li><\/ul>\t\t\t\t\t\t\t\t<\/div>\n\t\t\t\t<\/div>\n\t\t\t\t<\/div>\n\t\t\t\t<div class=\"elementor-element elementor-element-c6cdbe2 elementor-widget__width-initial elementor-invisible elementor-widget elementor-widget-image\" data-id=\"c6cdbe2\" data-element_type=\"widget\" data-e-type=\"widget\" data-settings=\"{&quot;_animation&quot;:&quot;fadeInRight&quot;}\" data-widget_type=\"image.default\">\n\t\t\t\t<div class=\"elementor-widget-container\">\n\t\t\t\t\t\t\t\t\t\t\t\t\t\t\t<img loading=\"lazy\" decoding=\"async\" width=\"800\" height=\"600\" src=\"https:\/\/www.rsp.com\/wp-content\/uploads\/2025\/03\/Saugaufbau_800x600.jpg\" class=\"attachment-large size-large wp-image-1648\" alt=\"\" srcset=\"https:\/\/www.rsp.com\/wp-content\/uploads\/2025\/03\/Saugaufbau_800x600.jpg 800w, https:\/\/www.rsp.com\/wp-content\/uploads\/2025\/03\/Saugaufbau_800x600-300x225.jpg 300w, https:\/\/www.rsp.com\/wp-content\/uploads\/2025\/03\/Saugaufbau_800x600-768x576.jpg 768w\" sizes=\"auto, (max-width: 800px) 100vw, 800px\" \/>\t\t\t\t\t\t\t\t\t\t\t\t\t\t\t<\/div>\n\t\t\t\t<\/div>\n\t\t\t\t\t<\/div>\n\t\t\t\t<\/div>\n\t\t<div class=\"elementor-element elementor-element-04a62fb e-flex e-con-boxed e-con e-parent\" data-id=\"04a62fb\" data-element_type=\"container\" data-e-type=\"container\">\n\t\t\t\t\t<div class=\"e-con-inner\">\n\t\t\t\t<div class=\"elementor-element elementor-element-4d4fdfd elementor-widget__width-initial elementor-invisible elementor-widget elementor-widget-image\" data-id=\"4d4fdfd\" data-element_type=\"widget\" data-e-type=\"widget\" data-settings=\"{&quot;_animation&quot;:&quot;fadeInLeft&quot;,&quot;_animation_mobile&quot;:&quot;fadeInRight&quot;}\" data-widget_type=\"image.default\">\n\t\t\t\t<div class=\"elementor-widget-container\">\n\t\t\t\t\t\t\t\t\t\t\t\t\t\t\t<img loading=\"lazy\" decoding=\"async\" width=\"800\" height=\"600\" src=\"https:\/\/www.rsp.com\/wp-content\/uploads\/2025\/03\/Filtersystem_800x600.jpg\" class=\"attachment-large size-large wp-image-1651\" alt=\"\" \/>\t\t\t\t\t\t\t\t\t\t\t\t\t\t\t<\/div>\n\t\t\t\t<\/div>\n\t\t<div class=\"elementor-element elementor-element-19811ab e-con-full e-flex elementor-invisible e-con e-child\" data-id=\"19811ab\" data-element_type=\"container\" data-e-type=\"container\" data-settings=\"{&quot;animation&quot;:&quot;fadeInRight&quot;,&quot;animation_mobile&quot;:&quot;fadeInLeft&quot;}\">\n\t\t\t\t<div class=\"elementor-element elementor-element-7cd46c8 elementor-widget elementor-widget-heading\" data-id=\"7cd46c8\" data-element_type=\"widget\" data-e-type=\"widget\" data-widget_type=\"heading.default\">\n\t\t\t\t<div class=\"elementor-widget-container\">\n\t\t\t\t\t<h2 class=\"elementor-heading-title elementor-size-default\">SYST\u00c8ME DE FILTRATION RSP<\/h2>\t\t\t\t<\/div>\n\t\t\t\t<\/div>\n\t\t\t\t<div class=\"elementor-element elementor-element-196e1e4 elementor-widget elementor-widget-text-editor\" data-id=\"196e1e4\" data-element_type=\"widget\" data-e-type=\"widget\" data-widget_type=\"text-editor.default\">\n\t\t\t\t<div class=\"elementor-widget-container\">\n\t\t\t\t\t\t\t\t\t<p>La nouvelle bo\u00eete de filtration est con\u00e7ue d&rsquo;une seule pi\u00e8ce et se d\u00e9plie pour permettre un remplacement rapide par rang\u00e9e de cartouches filtrantes individuelles ou de la bo\u00eete enti\u00e8re. Les cartouches filtrantes sont s\u00e9curis\u00e9es m\u00e9caniquement et peuvent \u00eatre remplac\u00e9es facilement. Pour r\u00e9duire l&rsquo;accumulation de mat\u00e9riaux, la bo\u00eete de filtration est d\u00e9sormais d\u00e9pourvue de panier filtrant. Cela permet en outre un meilleur nettoyage du syst\u00e8me de filtration.   <\/p><p>L&rsquo;optimisation de la s\u00e9paration am\u00e9liore le flux du filtre et r\u00e9duit la charge du filtre. Le nouveau caisson filtrant est fabriqu\u00e9 en acier inoxydable du c\u00f4t\u00e9 de l&rsquo;air entrant. <\/p>\t\t\t\t\t\t\t\t<\/div>\n\t\t\t\t<\/div>\n\t\t\t\t<\/div>\n\t\t\t\t\t<\/div>\n\t\t\t\t<\/div>\n\t\t\t\t<\/div>\n\t\t","protected":false},"excerpt":{"rendered":"<p>Le r\u00e9servoir de mat\u00e9riel TECHNOLOGIE DE S\u00c9PARATION BREVET\u00c9E Avec un total de quatre tailles de conteneurs et l&rsquo;option de les \u00e9quiper de t\u00f4les d&rsquo;usure en acier inoxydable, on a les conditions parfaites pour vraiment bien faire son travail. La taille de benne de 4 m\u00b3 est sp\u00e9cialement con\u00e7ue pour les v\u00e9hicules \u00e0 deux essieux d&rsquo;une [&hellip;]<\/p>\n","protected":false},"author":1,"featured_media":0,"parent":1294,"menu_order":0,"comment_status":"closed","ping_status":"closed","template":"","meta":{"_acf_changed":false,"footnotes":""},"class_list":["post-1854","page","type-page","status-publish","hentry"],"acf":[],"yoast_head":"<!-- This site is optimized with the Yoast SEO Premium plugin v26.9 (Yoast SEO v27.5) - https:\/\/yoast.com\/product\/yoast-seo-premium-wordpress\/ -->\n<title>R\u00e9servoir de mat\u00e9riel - RSP<\/title>\n<meta name=\"robots\" content=\"index, follow, max-snippet:-1, max-image-preview:large, max-video-preview:-1\" \/>\n<link rel=\"canonical\" href=\"https:\/\/www.rsp.com\/fr\/technologie\/reservoir-de-materiel\/\" \/>\n<meta property=\"og:locale\" content=\"fr_FR\" \/>\n<meta property=\"og:type\" content=\"article\" \/>\n<meta property=\"og:title\" content=\"R\u00e9servoir de mat\u00e9riel\" \/>\n<meta property=\"og:description\" content=\"Le r\u00e9servoir de mat\u00e9riel TECHNOLOGIE DE S\u00c9PARATION BREVET\u00c9E Avec un total de quatre tailles de conteneurs et l&rsquo;option de les \u00e9quiper de t\u00f4les d&rsquo;usure en acier inoxydable, on a les conditions parfaites pour vraiment bien faire son travail. La taille de benne de 4 m\u00b3 est sp\u00e9cialement con\u00e7ue pour les v\u00e9hicules \u00e0 deux essieux d&rsquo;une [&hellip;]\" \/>\n<meta property=\"og:url\" content=\"https:\/\/www.rsp.com\/fr\/technologie\/reservoir-de-materiel\/\" \/>\n<meta property=\"og:site_name\" content=\"RSP\" \/>\n<meta property=\"article:publisher\" content=\"http:\/\/www.facebook.com\/saugbagger\" \/>\n<meta property=\"article:modified_time\" content=\"2026-03-19T16:56:41+00:00\" \/>\n<meta property=\"og:image\" content=\"https:\/\/www.rsp.com\/wp-content\/uploads\/2025\/03\/Behaelter_800x600.jpg\" \/>\n\t<meta property=\"og:image:width\" content=\"800\" \/>\n\t<meta property=\"og:image:height\" content=\"600\" \/>\n\t<meta property=\"og:image:type\" content=\"image\/jpeg\" \/>\n<meta name=\"twitter:card\" content=\"summary_large_image\" \/>\n<meta name=\"twitter:label1\" content=\"Dur\u00e9e de lecture estim\u00e9e\" \/>\n\t<meta name=\"twitter:data1\" content=\"2 minutes\" \/>\n<script type=\"application\/ld+json\" class=\"yoast-schema-graph\">{\"@context\":\"https:\\\/\\\/schema.org\",\"@graph\":[{\"@type\":\"WebPage\",\"@id\":\"https:\\\/\\\/www.rsp.com\\\/fr\\\/technologie\\\/reservoir-de-materiel\\\/\",\"url\":\"https:\\\/\\\/www.rsp.com\\\/fr\\\/technologie\\\/reservoir-de-materiel\\\/\",\"name\":\"R\u00e9servoir de mat\u00e9riel - RSP\",\"isPartOf\":{\"@id\":\"https:\\\/\\\/www.rsp.com\\\/fr\\\/#website\"},\"primaryImageOfPage\":{\"@id\":\"https:\\\/\\\/www.rsp.com\\\/fr\\\/technologie\\\/reservoir-de-materiel\\\/#primaryimage\"},\"image\":{\"@id\":\"https:\\\/\\\/www.rsp.com\\\/fr\\\/technologie\\\/reservoir-de-materiel\\\/#primaryimage\"},\"thumbnailUrl\":\"https:\\\/\\\/www.rsp.com\\\/wp-content\\\/uploads\\\/2025\\\/03\\\/Behaelter_800x600.jpg\",\"datePublished\":\"2025-03-17T14:36:34+00:00\",\"dateModified\":\"2026-03-19T16:56:41+00:00\",\"breadcrumb\":{\"@id\":\"https:\\\/\\\/www.rsp.com\\\/fr\\\/technologie\\\/reservoir-de-materiel\\\/#breadcrumb\"},\"inLanguage\":\"fr-FR\",\"potentialAction\":[{\"@type\":\"ReadAction\",\"target\":[\"https:\\\/\\\/www.rsp.com\\\/fr\\\/technologie\\\/reservoir-de-materiel\\\/\"]}]},{\"@type\":\"ImageObject\",\"inLanguage\":\"fr-FR\",\"@id\":\"https:\\\/\\\/www.rsp.com\\\/fr\\\/technologie\\\/reservoir-de-materiel\\\/#primaryimage\",\"url\":\"https:\\\/\\\/www.rsp.com\\\/wp-content\\\/uploads\\\/2025\\\/03\\\/Behaelter_800x600.jpg\",\"contentUrl\":\"https:\\\/\\\/www.rsp.com\\\/wp-content\\\/uploads\\\/2025\\\/03\\\/Behaelter_800x600.jpg\"},{\"@type\":\"BreadcrumbList\",\"@id\":\"https:\\\/\\\/www.rsp.com\\\/fr\\\/technologie\\\/reservoir-de-materiel\\\/#breadcrumb\",\"itemListElement\":[{\"@type\":\"ListItem\",\"position\":1,\"name\":\"Startseite\",\"item\":\"https:\\\/\\\/www.rsp.com\\\/fr\\\/\"},{\"@type\":\"ListItem\",\"position\":2,\"name\":\"Technologie\",\"item\":\"https:\\\/\\\/www.rsp.com\\\/fr\\\/technologie\\\/\"},{\"@type\":\"ListItem\",\"position\":3,\"name\":\"R\u00e9servoir de mat\u00e9riel\"}]},{\"@type\":\"WebSite\",\"@id\":\"https:\\\/\\\/www.rsp.com\\\/fr\\\/#website\",\"url\":\"https:\\\/\\\/www.rsp.com\\\/fr\\\/\",\"name\":\"RSP Saugbagger - Innovate work\",\"description\":\"Innovate Work\",\"publisher\":{\"@id\":\"https:\\\/\\\/www.rsp.com\\\/fr\\\/#organization\"},\"potentialAction\":[{\"@type\":\"SearchAction\",\"target\":{\"@type\":\"EntryPoint\",\"urlTemplate\":\"https:\\\/\\\/www.rsp.com\\\/fr\\\/?s={search_term_string}\"},\"query-input\":{\"@type\":\"PropertyValueSpecification\",\"valueRequired\":true,\"valueName\":\"search_term_string\"}}],\"inLanguage\":\"fr-FR\"},{\"@type\":\"Organization\",\"@id\":\"https:\\\/\\\/www.rsp.com\\\/fr\\\/#organization\",\"name\":\"RSP GmbH &amp; co. KG\",\"alternateName\":\"RSP\",\"url\":\"https:\\\/\\\/www.rsp.com\\\/fr\\\/\",\"logo\":{\"@type\":\"ImageObject\",\"inLanguage\":\"fr-FR\",\"@id\":\"https:\\\/\\\/www.rsp.com\\\/fr\\\/#\\\/schema\\\/logo\\\/image\\\/\",\"url\":\"https:\\\/\\\/www.rsp.com\\\/wp-content\\\/uploads\\\/2025\\\/03\\\/RSP_Logo-cross_Color-pos_sRGB.svg\",\"contentUrl\":\"https:\\\/\\\/www.rsp.com\\\/wp-content\\\/uploads\\\/2025\\\/03\\\/RSP_Logo-cross_Color-pos_sRGB.svg\",\"width\":82,\"height\":82,\"caption\":\"RSP GmbH &amp; co. KG\"},\"image\":{\"@id\":\"https:\\\/\\\/www.rsp.com\\\/fr\\\/#\\\/schema\\\/logo\\\/image\\\/\"},\"sameAs\":[\"http:\\\/\\\/www.facebook.com\\\/saugbagger\",\"https:\\\/\\\/www.instagram.com\\\/suctionexcavator\",\"https:\\\/\\\/www.linkedin.com\\\/company\\\/reschwitzer-saugbagger-produktions-gmbh-rsp-gmbh-\\\/\",\"http:\\\/\\\/www.youtube.com\\\/user\\\/RSPSuctionExcavator\"],\"description\":\"Die RSP GmbH & Co. KG ist f\u00fchrender Hersteller von Saugbaggern und Spezialfahrzeugen f\u00fcr den Einsatz in der Bau-, Versorgungs- und Kommunalwirtschaft. Mit \u00fcber 30 Jahren Erfahrung, einem internationalen Vertriebsnetz und innovativer Technologie bietet RSP leistungsstarke L\u00f6sungen f\u00fcr sicheres und effizientes Arbeiten \u2013 Made in Germany.\",\"email\":\"info@rsp-germany.com\",\"telephone\":\"+49367157210\",\"legalName\":\"RSP GmbH & Co. KG\",\"foundingDate\":\"1993-04-01\",\"vatID\":\"DE158276339\",\"numberOfEmployees\":{\"@type\":\"QuantitativeValue\",\"minValue\":\"501\",\"maxValue\":\"1000\"}}]}<\/script>\n<!-- \/ Yoast SEO Premium plugin. -->","yoast_head_json":{"title":"R\u00e9servoir de mat\u00e9riel - RSP","robots":{"index":"index","follow":"follow","max-snippet":"max-snippet:-1","max-image-preview":"max-image-preview:large","max-video-preview":"max-video-preview:-1"},"canonical":"https:\/\/www.rsp.com\/fr\/technologie\/reservoir-de-materiel\/","og_locale":"fr_FR","og_type":"article","og_title":"R\u00e9servoir de mat\u00e9riel","og_description":"Le r\u00e9servoir de mat\u00e9riel TECHNOLOGIE DE S\u00c9PARATION BREVET\u00c9E Avec un total de quatre tailles de conteneurs et l&rsquo;option de les \u00e9quiper de t\u00f4les d&rsquo;usure en acier inoxydable, on a les conditions parfaites pour vraiment bien faire son travail. La taille de benne de 4 m\u00b3 est sp\u00e9cialement con\u00e7ue pour les v\u00e9hicules \u00e0 deux essieux d&rsquo;une [&hellip;]","og_url":"https:\/\/www.rsp.com\/fr\/technologie\/reservoir-de-materiel\/","og_site_name":"RSP","article_publisher":"http:\/\/www.facebook.com\/saugbagger","article_modified_time":"2026-03-19T16:56:41+00:00","og_image":[{"width":800,"height":600,"url":"https:\/\/www.rsp.com\/wp-content\/uploads\/2025\/03\/Behaelter_800x600.jpg","type":"image\/jpeg"}],"twitter_card":"summary_large_image","twitter_misc":{"Dur\u00e9e de lecture estim\u00e9e":"2 minutes"},"schema":{"@context":"https:\/\/schema.org","@graph":[{"@type":"WebPage","@id":"https:\/\/www.rsp.com\/fr\/technologie\/reservoir-de-materiel\/","url":"https:\/\/www.rsp.com\/fr\/technologie\/reservoir-de-materiel\/","name":"R\u00e9servoir de mat\u00e9riel - RSP","isPartOf":{"@id":"https:\/\/www.rsp.com\/fr\/#website"},"primaryImageOfPage":{"@id":"https:\/\/www.rsp.com\/fr\/technologie\/reservoir-de-materiel\/#primaryimage"},"image":{"@id":"https:\/\/www.rsp.com\/fr\/technologie\/reservoir-de-materiel\/#primaryimage"},"thumbnailUrl":"https:\/\/www.rsp.com\/wp-content\/uploads\/2025\/03\/Behaelter_800x600.jpg","datePublished":"2025-03-17T14:36:34+00:00","dateModified":"2026-03-19T16:56:41+00:00","breadcrumb":{"@id":"https:\/\/www.rsp.com\/fr\/technologie\/reservoir-de-materiel\/#breadcrumb"},"inLanguage":"fr-FR","potentialAction":[{"@type":"ReadAction","target":["https:\/\/www.rsp.com\/fr\/technologie\/reservoir-de-materiel\/"]}]},{"@type":"ImageObject","inLanguage":"fr-FR","@id":"https:\/\/www.rsp.com\/fr\/technologie\/reservoir-de-materiel\/#primaryimage","url":"https:\/\/www.rsp.com\/wp-content\/uploads\/2025\/03\/Behaelter_800x600.jpg","contentUrl":"https:\/\/www.rsp.com\/wp-content\/uploads\/2025\/03\/Behaelter_800x600.jpg"},{"@type":"BreadcrumbList","@id":"https:\/\/www.rsp.com\/fr\/technologie\/reservoir-de-materiel\/#breadcrumb","itemListElement":[{"@type":"ListItem","position":1,"name":"Startseite","item":"https:\/\/www.rsp.com\/fr\/"},{"@type":"ListItem","position":2,"name":"Technologie","item":"https:\/\/www.rsp.com\/fr\/technologie\/"},{"@type":"ListItem","position":3,"name":"R\u00e9servoir de mat\u00e9riel"}]},{"@type":"WebSite","@id":"https:\/\/www.rsp.com\/fr\/#website","url":"https:\/\/www.rsp.com\/fr\/","name":"RSP Saugbagger - Innovate work","description":"Innovate Work","publisher":{"@id":"https:\/\/www.rsp.com\/fr\/#organization"},"potentialAction":[{"@type":"SearchAction","target":{"@type":"EntryPoint","urlTemplate":"https:\/\/www.rsp.com\/fr\/?s={search_term_string}"},"query-input":{"@type":"PropertyValueSpecification","valueRequired":true,"valueName":"search_term_string"}}],"inLanguage":"fr-FR"},{"@type":"Organization","@id":"https:\/\/www.rsp.com\/fr\/#organization","name":"RSP GmbH &amp; co. KG","alternateName":"RSP","url":"https:\/\/www.rsp.com\/fr\/","logo":{"@type":"ImageObject","inLanguage":"fr-FR","@id":"https:\/\/www.rsp.com\/fr\/#\/schema\/logo\/image\/","url":"https:\/\/www.rsp.com\/wp-content\/uploads\/2025\/03\/RSP_Logo-cross_Color-pos_sRGB.svg","contentUrl":"https:\/\/www.rsp.com\/wp-content\/uploads\/2025\/03\/RSP_Logo-cross_Color-pos_sRGB.svg","width":82,"height":82,"caption":"RSP GmbH &amp; co. KG"},"image":{"@id":"https:\/\/www.rsp.com\/fr\/#\/schema\/logo\/image\/"},"sameAs":["http:\/\/www.facebook.com\/saugbagger","https:\/\/www.instagram.com\/suctionexcavator","https:\/\/www.linkedin.com\/company\/reschwitzer-saugbagger-produktions-gmbh-rsp-gmbh-\/","http:\/\/www.youtube.com\/user\/RSPSuctionExcavator"],"description":"Die RSP GmbH & Co. KG ist f\u00fchrender Hersteller von Saugbaggern und Spezialfahrzeugen f\u00fcr den Einsatz in der Bau-, Versorgungs- und Kommunalwirtschaft. Mit \u00fcber 30 Jahren Erfahrung, einem internationalen Vertriebsnetz und innovativer Technologie bietet RSP leistungsstarke L\u00f6sungen f\u00fcr sicheres und effizientes Arbeiten \u2013 Made in Germany.","email":"info@rsp-germany.com","telephone":"+49367157210","legalName":"RSP GmbH & Co. KG","foundingDate":"1993-04-01","vatID":"DE158276339","numberOfEmployees":{"@type":"QuantitativeValue","minValue":"501","maxValue":"1000"}}]}},"_links":{"self":[{"href":"https:\/\/www.rsp.com\/fr\/wp-json\/wp\/v2\/pages\/1854","targetHints":{"allow":["GET"]}}],"collection":[{"href":"https:\/\/www.rsp.com\/fr\/wp-json\/wp\/v2\/pages"}],"about":[{"href":"https:\/\/www.rsp.com\/fr\/wp-json\/wp\/v2\/types\/page"}],"author":[{"embeddable":true,"href":"https:\/\/www.rsp.com\/fr\/wp-json\/wp\/v2\/users\/1"}],"replies":[{"embeddable":true,"href":"https:\/\/www.rsp.com\/fr\/wp-json\/wp\/v2\/comments?post=1854"}],"version-history":[{"count":1,"href":"https:\/\/www.rsp.com\/fr\/wp-json\/wp\/v2\/pages\/1854\/revisions"}],"predecessor-version":[{"id":16785,"href":"https:\/\/www.rsp.com\/fr\/wp-json\/wp\/v2\/pages\/1854\/revisions\/16785"}],"up":[{"embeddable":true,"href":"https:\/\/www.rsp.com\/fr\/wp-json\/wp\/v2\/pages\/1294"}],"wp:attachment":[{"href":"https:\/\/www.rsp.com\/fr\/wp-json\/wp\/v2\/media?parent=1854"}],"curies":[{"name":"wp","href":"https:\/\/api.w.org\/{rel}","templated":true}]}}