{"id":1860,"date":"2025-03-17T14:54:41","date_gmt":"2025-03-17T14:54:41","guid":{"rendered":"https:\/\/rspcom-e1aklfz9e9.live-website.com\/technologie\/le-systeme-de-mise-a-la-terre\/"},"modified":"2026-03-19T16:56:45","modified_gmt":"2026-03-19T16:56:45","slug":"le-systeme-de-mise-a-la-terre","status":"publish","type":"page","link":"https:\/\/www.rsp.com\/fr\/technologie\/le-systeme-de-mise-a-la-terre\/","title":{"rendered":"Le syst\u00e8me de mise \u00e0 la terre"},"content":{"rendered":"\t\t<div data-elementor-type=\"wp-page\" data-elementor-id=\"1860\" class=\"elementor elementor-1860 elementor-1764\" data-elementor-post-type=\"page\">\n\t\t\t\t<div class=\"elementor-element elementor-element-09a8fc7 e-flex e-con-boxed e-con e-parent\" data-id=\"09a8fc7\" data-element_type=\"container\" data-e-type=\"container\">\n\t\t\t\t\t<div class=\"e-con-inner\">\n\t\t\t\t<div class=\"elementor-element elementor-element-65cbb52 elementor-widget elementor-widget-heading\" data-id=\"65cbb52\" data-element_type=\"widget\" data-e-type=\"widget\" data-widget_type=\"heading.default\">\n\t\t\t\t<div class=\"elementor-widget-container\">\n\t\t\t\t\t<h1 class=\"elementor-heading-title elementor-size-default\">Le syst\u00e8me de mise \u00e0 la terre<\/h1>\t\t\t\t<\/div>\n\t\t\t\t<\/div>\n\t\t\t\t\t<\/div>\n\t\t\t\t<\/div>\n\t\t<div class=\"elementor-element elementor-element-cc4a069 e-flex e-con-boxed e-con e-parent\" data-id=\"cc4a069\" data-element_type=\"container\" data-e-type=\"container\">\n\t\t\t\t\t<div class=\"e-con-inner\">\n\t\t<div class=\"elementor-element elementor-element-6cb7d07 e-con-full e-flex elementor-invisible e-con e-child\" data-id=\"6cb7d07\" data-element_type=\"container\" data-e-type=\"container\" data-settings=\"{&quot;animation&quot;:&quot;fadeInLeft&quot;}\">\n\t\t\t\t<div class=\"elementor-element elementor-element-cdf0382 elementor-widget elementor-widget-heading\" data-id=\"cdf0382\" data-element_type=\"widget\" data-e-type=\"widget\" data-widget_type=\"heading.default\">\n\t\t\t\t<div class=\"elementor-widget-container\">\n\t\t\t\t\t<h2 class=\"elementor-heading-title elementor-size-default\">PR\u00c9VENIR. C'EST LA MEILLEURE PROTECTION. <\/h2>\t\t\t\t<\/div>\n\t\t\t\t<\/div>\n\t\t\t\t<div class=\"elementor-element elementor-element-98dc769 elementor-widget elementor-widget-text-editor\" data-id=\"98dc769\" data-element_type=\"widget\" data-e-type=\"widget\" data-widget_type=\"text-editor.default\">\n\t\t\t\t<div class=\"elementor-widget-container\">\n\t\t\t\t\t\t\t\t\t<p class=\"\" data-start=\"589\" data-end=\"860\">C&rsquo;est pr\u00e9cis\u00e9ment pour cette raison que nous \u00e9quipons nos aspiratrices-excavatrices de s\u00e9rie d&rsquo;une infrastructure de s\u00e9curit\u00e9 bien pens\u00e9e. Les innovations modernes en mati\u00e8re de s\u00e9curit\u00e9 permettent d&rsquo;\u00e9viter les accidents, de d\u00e9tecter les dangers \u00e0 temps et de maintenir un niveau d&rsquo;attention \u00e9lev\u00e9 dans l&rsquo;environnement de travail. <\/p><p class=\"\" data-start=\"862\" data-end=\"1195\">Le <strong data-start=\"898\" data-end=\"928\">syst\u00e8me de mise \u00e0 la terre en option en<\/strong> est un \u00e9l\u00e9ment central. Il est sp\u00e9cialement con\u00e7u pour \u00eatre utilis\u00e9 dans les zones pr\u00e9sentant des exigences de s\u00e9curit\u00e9 \u00e9lev\u00e9es, comme les raffineries, les installations chimiques ou les installations industrielles pr\u00e9sentant des risques d&rsquo;explosion. Tous les \u00e9l\u00e9ments de la structure sont reli\u00e9s entre eux de mani\u00e8re conductrice par des c\u00e2bles de mise \u00e0 la terre flexibles.  <\/p><p class=\"\" data-start=\"1197\" data-end=\"1593\">Un c\u00e2ble de mise \u00e0 la terre est achemin\u00e9 depuis le point de masse central jusqu&rsquo;\u00e0 un piquet de terre \u00e0 enfoncer manuellement. L&rsquo;\u00e9lectronique de surveillance int\u00e9gr\u00e9e contr\u00f4le en permanence la qualit\u00e9 de la connexion \u00e0 la terre. Le statut respectif - fonctionnement correct ou \u00e9tat d\u00e9fectueux - est clairement <strong data-start=\"1571\" data-end=\"1592\">indiqu\u00e9<\/strong> au personnel de service.  <\/p>\t\t\t\t\t\t\t\t<\/div>\n\t\t\t\t<\/div>\n\t\t\t\t<\/div>\n\t\t\t\t<div class=\"elementor-element elementor-element-aee6b75 elementor-widget__width-initial elementor-invisible elementor-widget elementor-widget-image\" data-id=\"aee6b75\" data-element_type=\"widget\" data-e-type=\"widget\" data-settings=\"{&quot;_animation&quot;:&quot;fadeInRight&quot;}\" data-widget_type=\"image.default\">\n\t\t\t\t<div class=\"elementor-widget-container\">\n\t\t\t\t\t\t\t\t\t\t\t\t\t\t\t<img loading=\"lazy\" decoding=\"async\" width=\"800\" height=\"394\" src=\"https:\/\/www.rsp.com\/wp-content\/uploads\/2025\/03\/Erdungssystem_800x600-1.png\" class=\"attachment-large size-large wp-image-1774\" alt=\"\" \/>\t\t\t\t\t\t\t\t\t\t\t\t\t\t\t<\/div>\n\t\t\t\t<\/div>\n\t\t\t\t\t<\/div>\n\t\t\t\t<\/div>\n\t\t\t\t<\/div>\n\t\t","protected":false},"excerpt":{"rendered":"<p>Le syst\u00e8me de mise \u00e0 la terre PR\u00c9VENIR. C&rsquo;EST LA MEILLEURE PROTECTION. C&rsquo;est pr\u00e9cis\u00e9ment pour cette raison que nous \u00e9quipons nos aspiratrices-excavatrices de s\u00e9rie d&rsquo;une infrastructure de s\u00e9curit\u00e9 bien pens\u00e9e. Les innovations modernes en mati\u00e8re de s\u00e9curit\u00e9 permettent d&rsquo;\u00e9viter les accidents, de d\u00e9tecter les dangers \u00e0 temps et de maintenir un niveau d&rsquo;attention \u00e9lev\u00e9 dans [&hellip;]<\/p>\n","protected":false},"author":1,"featured_media":0,"parent":1294,"menu_order":0,"comment_status":"closed","ping_status":"closed","template":"","meta":{"_acf_changed":false,"footnotes":""},"class_list":["post-1860","page","type-page","status-publish","hentry"],"acf":[],"yoast_head":"<!-- This site is optimized with the Yoast SEO Premium plugin v26.9 (Yoast SEO v27.4) - https:\/\/yoast.com\/product\/yoast-seo-premium-wordpress\/ -->\n<title>Le syst\u00e8me de mise \u00e0 la terre - RSP<\/title>\n<meta name=\"robots\" content=\"index, follow, max-snippet:-1, max-image-preview:large, max-video-preview:-1\" \/>\n<link rel=\"canonical\" href=\"https:\/\/www.rsp.com\/fr\/technologie\/le-systeme-de-mise-a-la-terre\/\" \/>\n<meta property=\"og:locale\" content=\"fr_FR\" \/>\n<meta property=\"og:type\" content=\"article\" \/>\n<meta property=\"og:title\" content=\"Le syst\u00e8me de mise \u00e0 la terre\" \/>\n<meta property=\"og:description\" content=\"Le syst\u00e8me de mise \u00e0 la terre PR\u00c9VENIR. C&rsquo;EST LA MEILLEURE PROTECTION. C&rsquo;est pr\u00e9cis\u00e9ment pour cette raison que nous \u00e9quipons nos aspiratrices-excavatrices de s\u00e9rie d&rsquo;une infrastructure de s\u00e9curit\u00e9 bien pens\u00e9e. Les innovations modernes en mati\u00e8re de s\u00e9curit\u00e9 permettent d&rsquo;\u00e9viter les accidents, de d\u00e9tecter les dangers \u00e0 temps et de maintenir un niveau d&rsquo;attention \u00e9lev\u00e9 dans [&hellip;]\" \/>\n<meta property=\"og:url\" content=\"https:\/\/www.rsp.com\/fr\/technologie\/le-systeme-de-mise-a-la-terre\/\" \/>\n<meta property=\"og:site_name\" content=\"RSP\" \/>\n<meta property=\"article:publisher\" content=\"http:\/\/www.facebook.com\/saugbagger\" \/>\n<meta property=\"article:modified_time\" content=\"2026-03-19T16:56:45+00:00\" \/>\n<meta property=\"og:image\" content=\"https:\/\/www.rsp.com\/wp-content\/uploads\/2025\/03\/Erdungssystem_800x600-1.png\" \/>\n\t<meta property=\"og:image:width\" content=\"800\" \/>\n\t<meta property=\"og:image:height\" content=\"394\" \/>\n\t<meta property=\"og:image:type\" content=\"image\/png\" \/>\n<meta name=\"twitter:card\" content=\"summary_large_image\" \/>\n<meta name=\"twitter:label1\" content=\"Dur\u00e9e de lecture estim\u00e9e\" \/>\n\t<meta name=\"twitter:data1\" content=\"1 minute\" \/>\n<script type=\"application\/ld+json\" class=\"yoast-schema-graph\">{\"@context\":\"https:\\\/\\\/schema.org\",\"@graph\":[{\"@type\":\"WebPage\",\"@id\":\"https:\\\/\\\/www.rsp.com\\\/fr\\\/technologie\\\/le-systeme-de-mise-a-la-terre\\\/\",\"url\":\"https:\\\/\\\/www.rsp.com\\\/fr\\\/technologie\\\/le-systeme-de-mise-a-la-terre\\\/\",\"name\":\"Le syst\u00e8me de mise \u00e0 la terre - RSP\",\"isPartOf\":{\"@id\":\"https:\\\/\\\/www.rsp.com\\\/fr\\\/#website\"},\"primaryImageOfPage\":{\"@id\":\"https:\\\/\\\/www.rsp.com\\\/fr\\\/technologie\\\/le-systeme-de-mise-a-la-terre\\\/#primaryimage\"},\"image\":{\"@id\":\"https:\\\/\\\/www.rsp.com\\\/fr\\\/technologie\\\/le-systeme-de-mise-a-la-terre\\\/#primaryimage\"},\"thumbnailUrl\":\"https:\\\/\\\/www.rsp.com\\\/wp-content\\\/uploads\\\/2025\\\/03\\\/Erdungssystem_800x600-1.png\",\"datePublished\":\"2025-03-17T14:54:41+00:00\",\"dateModified\":\"2026-03-19T16:56:45+00:00\",\"breadcrumb\":{\"@id\":\"https:\\\/\\\/www.rsp.com\\\/fr\\\/technologie\\\/le-systeme-de-mise-a-la-terre\\\/#breadcrumb\"},\"inLanguage\":\"fr-FR\",\"potentialAction\":[{\"@type\":\"ReadAction\",\"target\":[\"https:\\\/\\\/www.rsp.com\\\/fr\\\/technologie\\\/le-systeme-de-mise-a-la-terre\\\/\"]}]},{\"@type\":\"ImageObject\",\"inLanguage\":\"fr-FR\",\"@id\":\"https:\\\/\\\/www.rsp.com\\\/fr\\\/technologie\\\/le-systeme-de-mise-a-la-terre\\\/#primaryimage\",\"url\":\"https:\\\/\\\/www.rsp.com\\\/wp-content\\\/uploads\\\/2025\\\/03\\\/Erdungssystem_800x600-1.png\",\"contentUrl\":\"https:\\\/\\\/www.rsp.com\\\/wp-content\\\/uploads\\\/2025\\\/03\\\/Erdungssystem_800x600-1.png\"},{\"@type\":\"BreadcrumbList\",\"@id\":\"https:\\\/\\\/www.rsp.com\\\/fr\\\/technologie\\\/le-systeme-de-mise-a-la-terre\\\/#breadcrumb\",\"itemListElement\":[{\"@type\":\"ListItem\",\"position\":1,\"name\":\"Startseite\",\"item\":\"https:\\\/\\\/www.rsp.com\\\/fr\\\/\"},{\"@type\":\"ListItem\",\"position\":2,\"name\":\"Technologie\",\"item\":\"https:\\\/\\\/www.rsp.com\\\/fr\\\/technologie\\\/\"},{\"@type\":\"ListItem\",\"position\":3,\"name\":\"Le syst\u00e8me de mise \u00e0 la terre\"}]},{\"@type\":\"WebSite\",\"@id\":\"https:\\\/\\\/www.rsp.com\\\/fr\\\/#website\",\"url\":\"https:\\\/\\\/www.rsp.com\\\/fr\\\/\",\"name\":\"RSP Saugbagger - Innovate work\",\"description\":\"Innovate Work\",\"publisher\":{\"@id\":\"https:\\\/\\\/www.rsp.com\\\/fr\\\/#organization\"},\"potentialAction\":[{\"@type\":\"SearchAction\",\"target\":{\"@type\":\"EntryPoint\",\"urlTemplate\":\"https:\\\/\\\/www.rsp.com\\\/fr\\\/?s={search_term_string}\"},\"query-input\":{\"@type\":\"PropertyValueSpecification\",\"valueRequired\":true,\"valueName\":\"search_term_string\"}}],\"inLanguage\":\"fr-FR\"},{\"@type\":\"Organization\",\"@id\":\"https:\\\/\\\/www.rsp.com\\\/fr\\\/#organization\",\"name\":\"RSP GmbH &amp; co. KG\",\"alternateName\":\"RSP\",\"url\":\"https:\\\/\\\/www.rsp.com\\\/fr\\\/\",\"logo\":{\"@type\":\"ImageObject\",\"inLanguage\":\"fr-FR\",\"@id\":\"https:\\\/\\\/www.rsp.com\\\/fr\\\/#\\\/schema\\\/logo\\\/image\\\/\",\"url\":\"https:\\\/\\\/www.rsp.com\\\/wp-content\\\/uploads\\\/2025\\\/03\\\/RSP_Logo-cross_Color-pos_sRGB.svg\",\"contentUrl\":\"https:\\\/\\\/www.rsp.com\\\/wp-content\\\/uploads\\\/2025\\\/03\\\/RSP_Logo-cross_Color-pos_sRGB.svg\",\"width\":82,\"height\":82,\"caption\":\"RSP GmbH &amp; co. KG\"},\"image\":{\"@id\":\"https:\\\/\\\/www.rsp.com\\\/fr\\\/#\\\/schema\\\/logo\\\/image\\\/\"},\"sameAs\":[\"http:\\\/\\\/www.facebook.com\\\/saugbagger\",\"https:\\\/\\\/www.instagram.com\\\/suctionexcavator\",\"https:\\\/\\\/www.linkedin.com\\\/company\\\/reschwitzer-saugbagger-produktions-gmbh-rsp-gmbh-\\\/\",\"http:\\\/\\\/www.youtube.com\\\/user\\\/RSPSuctionExcavator\"],\"description\":\"Die RSP GmbH & Co. KG ist f\u00fchrender Hersteller von Saugbaggern und Spezialfahrzeugen f\u00fcr den Einsatz in der Bau-, Versorgungs- und Kommunalwirtschaft. Mit \u00fcber 30 Jahren Erfahrung, einem internationalen Vertriebsnetz und innovativer Technologie bietet RSP leistungsstarke L\u00f6sungen f\u00fcr sicheres und effizientes Arbeiten \u2013 Made in Germany.\",\"email\":\"info@rsp-germany.com\",\"telephone\":\"+49367157210\",\"legalName\":\"RSP GmbH & Co. KG\",\"foundingDate\":\"1993-04-01\",\"vatID\":\"DE158276339\",\"numberOfEmployees\":{\"@type\":\"QuantitativeValue\",\"minValue\":\"501\",\"maxValue\":\"1000\"}}]}<\/script>\n<!-- \/ Yoast SEO Premium plugin. -->","yoast_head_json":{"title":"Le syst\u00e8me de mise \u00e0 la terre - RSP","robots":{"index":"index","follow":"follow","max-snippet":"max-snippet:-1","max-image-preview":"max-image-preview:large","max-video-preview":"max-video-preview:-1"},"canonical":"https:\/\/www.rsp.com\/fr\/technologie\/le-systeme-de-mise-a-la-terre\/","og_locale":"fr_FR","og_type":"article","og_title":"Le syst\u00e8me de mise \u00e0 la terre","og_description":"Le syst\u00e8me de mise \u00e0 la terre PR\u00c9VENIR. C&rsquo;EST LA MEILLEURE PROTECTION. C&rsquo;est pr\u00e9cis\u00e9ment pour cette raison que nous \u00e9quipons nos aspiratrices-excavatrices de s\u00e9rie d&rsquo;une infrastructure de s\u00e9curit\u00e9 bien pens\u00e9e. Les innovations modernes en mati\u00e8re de s\u00e9curit\u00e9 permettent d&rsquo;\u00e9viter les accidents, de d\u00e9tecter les dangers \u00e0 temps et de maintenir un niveau d&rsquo;attention \u00e9lev\u00e9 dans [&hellip;]","og_url":"https:\/\/www.rsp.com\/fr\/technologie\/le-systeme-de-mise-a-la-terre\/","og_site_name":"RSP","article_publisher":"http:\/\/www.facebook.com\/saugbagger","article_modified_time":"2026-03-19T16:56:45+00:00","og_image":[{"width":800,"height":394,"url":"https:\/\/www.rsp.com\/wp-content\/uploads\/2025\/03\/Erdungssystem_800x600-1.png","type":"image\/png"}],"twitter_card":"summary_large_image","twitter_misc":{"Dur\u00e9e de lecture estim\u00e9e":"1 minute"},"schema":{"@context":"https:\/\/schema.org","@graph":[{"@type":"WebPage","@id":"https:\/\/www.rsp.com\/fr\/technologie\/le-systeme-de-mise-a-la-terre\/","url":"https:\/\/www.rsp.com\/fr\/technologie\/le-systeme-de-mise-a-la-terre\/","name":"Le syst\u00e8me de mise \u00e0 la terre - RSP","isPartOf":{"@id":"https:\/\/www.rsp.com\/fr\/#website"},"primaryImageOfPage":{"@id":"https:\/\/www.rsp.com\/fr\/technologie\/le-systeme-de-mise-a-la-terre\/#primaryimage"},"image":{"@id":"https:\/\/www.rsp.com\/fr\/technologie\/le-systeme-de-mise-a-la-terre\/#primaryimage"},"thumbnailUrl":"https:\/\/www.rsp.com\/wp-content\/uploads\/2025\/03\/Erdungssystem_800x600-1.png","datePublished":"2025-03-17T14:54:41+00:00","dateModified":"2026-03-19T16:56:45+00:00","breadcrumb":{"@id":"https:\/\/www.rsp.com\/fr\/technologie\/le-systeme-de-mise-a-la-terre\/#breadcrumb"},"inLanguage":"fr-FR","potentialAction":[{"@type":"ReadAction","target":["https:\/\/www.rsp.com\/fr\/technologie\/le-systeme-de-mise-a-la-terre\/"]}]},{"@type":"ImageObject","inLanguage":"fr-FR","@id":"https:\/\/www.rsp.com\/fr\/technologie\/le-systeme-de-mise-a-la-terre\/#primaryimage","url":"https:\/\/www.rsp.com\/wp-content\/uploads\/2025\/03\/Erdungssystem_800x600-1.png","contentUrl":"https:\/\/www.rsp.com\/wp-content\/uploads\/2025\/03\/Erdungssystem_800x600-1.png"},{"@type":"BreadcrumbList","@id":"https:\/\/www.rsp.com\/fr\/technologie\/le-systeme-de-mise-a-la-terre\/#breadcrumb","itemListElement":[{"@type":"ListItem","position":1,"name":"Startseite","item":"https:\/\/www.rsp.com\/fr\/"},{"@type":"ListItem","position":2,"name":"Technologie","item":"https:\/\/www.rsp.com\/fr\/technologie\/"},{"@type":"ListItem","position":3,"name":"Le syst\u00e8me de mise \u00e0 la terre"}]},{"@type":"WebSite","@id":"https:\/\/www.rsp.com\/fr\/#website","url":"https:\/\/www.rsp.com\/fr\/","name":"RSP Saugbagger - Innovate work","description":"Innovate Work","publisher":{"@id":"https:\/\/www.rsp.com\/fr\/#organization"},"potentialAction":[{"@type":"SearchAction","target":{"@type":"EntryPoint","urlTemplate":"https:\/\/www.rsp.com\/fr\/?s={search_term_string}"},"query-input":{"@type":"PropertyValueSpecification","valueRequired":true,"valueName":"search_term_string"}}],"inLanguage":"fr-FR"},{"@type":"Organization","@id":"https:\/\/www.rsp.com\/fr\/#organization","name":"RSP GmbH &amp; co. KG","alternateName":"RSP","url":"https:\/\/www.rsp.com\/fr\/","logo":{"@type":"ImageObject","inLanguage":"fr-FR","@id":"https:\/\/www.rsp.com\/fr\/#\/schema\/logo\/image\/","url":"https:\/\/www.rsp.com\/wp-content\/uploads\/2025\/03\/RSP_Logo-cross_Color-pos_sRGB.svg","contentUrl":"https:\/\/www.rsp.com\/wp-content\/uploads\/2025\/03\/RSP_Logo-cross_Color-pos_sRGB.svg","width":82,"height":82,"caption":"RSP GmbH &amp; co. KG"},"image":{"@id":"https:\/\/www.rsp.com\/fr\/#\/schema\/logo\/image\/"},"sameAs":["http:\/\/www.facebook.com\/saugbagger","https:\/\/www.instagram.com\/suctionexcavator","https:\/\/www.linkedin.com\/company\/reschwitzer-saugbagger-produktions-gmbh-rsp-gmbh-\/","http:\/\/www.youtube.com\/user\/RSPSuctionExcavator"],"description":"Die RSP GmbH & Co. KG ist f\u00fchrender Hersteller von Saugbaggern und Spezialfahrzeugen f\u00fcr den Einsatz in der Bau-, Versorgungs- und Kommunalwirtschaft. Mit \u00fcber 30 Jahren Erfahrung, einem internationalen Vertriebsnetz und innovativer Technologie bietet RSP leistungsstarke L\u00f6sungen f\u00fcr sicheres und effizientes Arbeiten \u2013 Made in Germany.","email":"info@rsp-germany.com","telephone":"+49367157210","legalName":"RSP GmbH & Co. KG","foundingDate":"1993-04-01","vatID":"DE158276339","numberOfEmployees":{"@type":"QuantitativeValue","minValue":"501","maxValue":"1000"}}]}},"_links":{"self":[{"href":"https:\/\/www.rsp.com\/fr\/wp-json\/wp\/v2\/pages\/1860","targetHints":{"allow":["GET"]}}],"collection":[{"href":"https:\/\/www.rsp.com\/fr\/wp-json\/wp\/v2\/pages"}],"about":[{"href":"https:\/\/www.rsp.com\/fr\/wp-json\/wp\/v2\/types\/page"}],"author":[{"embeddable":true,"href":"https:\/\/www.rsp.com\/fr\/wp-json\/wp\/v2\/users\/1"}],"replies":[{"embeddable":true,"href":"https:\/\/www.rsp.com\/fr\/wp-json\/wp\/v2\/comments?post=1860"}],"version-history":[{"count":1,"href":"https:\/\/www.rsp.com\/fr\/wp-json\/wp\/v2\/pages\/1860\/revisions"}],"predecessor-version":[{"id":16791,"href":"https:\/\/www.rsp.com\/fr\/wp-json\/wp\/v2\/pages\/1860\/revisions\/16791"}],"up":[{"embeddable":true,"href":"https:\/\/www.rsp.com\/fr\/wp-json\/wp\/v2\/pages\/1294"}],"wp:attachment":[{"href":"https:\/\/www.rsp.com\/fr\/wp-json\/wp\/v2\/media?parent=1860"}],"curies":[{"name":"wp","href":"https:\/\/api.w.org\/{rel}","templated":true}]}}