{"id":4076,"date":"2025-03-19T14:45:47","date_gmt":"2025-03-19T14:45:47","guid":{"rendered":"https:\/\/www.rsp.com\/systeme-dalerte\/"},"modified":"2026-03-19T16:57:19","modified_gmt":"2026-03-19T16:57:19","slug":"systeme-dalerte","status":"publish","type":"page","link":"https:\/\/www.rsp.com\/fr\/systeme-dalerte\/","title":{"rendered":"Syst\u00e8me d&rsquo;alerte"},"content":{"rendered":"\t\t<div data-elementor-type=\"wp-page\" data-elementor-id=\"4076\" class=\"elementor elementor-4076 elementor-2584\" data-elementor-post-type=\"page\">\n\t\t\t\t<div class=\"elementor-element elementor-element-c1a3577 e-flex e-con-boxed e-con e-parent\" data-id=\"c1a3577\" data-element_type=\"container\" data-e-type=\"container\">\n\t\t\t\t\t<div class=\"e-con-inner\">\n\t\t\t\t<div class=\"elementor-element elementor-element-c9869dc elementor-widget elementor-widget-heading\" data-id=\"c9869dc\" data-element_type=\"widget\" data-e-type=\"widget\" data-widget_type=\"heading.default\">\n\t\t\t\t<div class=\"elementor-widget-container\">\n\t\t\t\t\t<h1 class=\"elementor-heading-title elementor-size-default\">Syst\u00e8me d'alerte<\/h1>\t\t\t\t<\/div>\n\t\t\t\t<\/div>\n\t\t\t\t<div class=\"elementor-element elementor-element-07d9528 elementor-widget elementor-widget-text-editor\" data-id=\"07d9528\" data-element_type=\"widget\" data-e-type=\"widget\" data-widget_type=\"text-editor.default\">\n\t\t\t\t<div class=\"elementor-widget-container\">\n\t\t\t\t\t\t\t\t\t<p>Nous souhaitons \u00eatre inform\u00e9s des comportements ill\u00e9gaux au sein de notre entreprise afin de pouvoir les clarifier et y mettre fin. C&rsquo;est pourquoi nous encourageons toute personne - qu&rsquo;il s&rsquo;agisse d&rsquo;un collaborateur, d&rsquo;un ancien coll\u00e8gue, d&rsquo;un client, d&rsquo;un fournisseur ou d&rsquo;un tiers - \u00e0 nous faire part d&rsquo;informations relatives \u00e0 des violations de la loi. Toute personne est en droit de donner des informations. En particulier, il importe peu que vous soyez un collaborateur, un partenaire commercial ou un tiers.   <\/p><p>La remise d&rsquo;avis n&rsquo;est pas li\u00e9e \u00e0 des formes particuli\u00e8res. En particulier, ces avis peuvent \u00eatre communiqu\u00e9s en personne, par t\u00e9l\u00e9phone, par t\u00e9l\u00e9copie ou par courrier \u00e9lectronique. <\/p><p><strong>Contact d\u00e9partement conformit\u00e9<\/strong><\/p><p>T\u00e9l\u00e9phone : 03671 57 21 110<\/p><p>Courrier \u00e9lectronique : <a href=\"mailto:compliance@rsp-germany.com\">compliance@rsp-germany.com<\/a><\/p><p>Adresse postale :<br>RSP GmbH &amp; Co. KG<br>Compliance D\u00e9partement<br>Zum Silberstollen 10<br>D-07318 Saalfeld<\/p><p>N&rsquo;h\u00e9sitez pas \u00e0 utiliser notre <a href=\"https:\/\/www.rsp.com\/fr\/systeme-dalerte\/formulaire-dinscription-en-ligne\/\">formulaire de signalement en ligne<\/a> pour nous faire part de vos remarques.<\/p><p>Vous pouvez suivre le statut de votre d\u00e9claration <a href=\"https:\/\/www.rsp.com\/fr\/demande-de-statut\/\">ici<\/a>.<\/p><p>Bien entendu, vous pouvez \u00e9galement faire part de vos remarques de mani\u00e8re anonyme. Nous vous prions alors de d\u00e9crire le cas de mani\u00e8re particuli\u00e8rement d\u00e9taill\u00e9e et circonstanci\u00e9e. Dans la mesure du possible, vous pouvez nous remettre des documents, des photos ou des vid\u00e9os qui \u00e9tayent vos soup\u00e7ons. Nous examinerons imm\u00e9diatement ces informations. Veuillez marquer votre courrier de la mention -CONFIDENTIEL-.    <\/p><p><strong>Indications :<\/strong><\/p><p>Le syst\u00e8me d&rsquo;alerte sert exclusivement \u00e0 la r\u00e9ception et au traitement de messages concernant des violations r\u00e9elles ou suppos\u00e9es de la loi, des directives ou du <a href=\"https:\/\/www.rsp.com\/wp-content\/uploads\/2025\/04\/Verhaltenskodex_R.pdf\">code de conduite<\/a> ainsi que d&rsquo;autres directives internes \u00e0 l&rsquo;entreprise. Il n&rsquo;est notamment pas disponible pour les plaintes g\u00e9n\u00e9rales ou les demandes de produits et de garanties. Seules les informations pour lesquelles le lanceur d&rsquo;alerte est de bonne foi et pense que les faits qu&rsquo;il a communiqu\u00e9s sont exacts doivent \u00eatre fournies. Il n&rsquo;est pas de bonne foi s&rsquo;il sait qu&rsquo;un fait signal\u00e9 n&rsquo;est pas vrai. En cas de doute, les faits correspondants ne doivent pas \u00eatre pr\u00e9sent\u00e9s comme des faits, mais comme des suppositions, des appr\u00e9ciations ou des d\u00e9clarations d&rsquo;autres personnes. Il est rappel\u00e9 qu&rsquo;un lanceur d&rsquo;alerte peut se rendre coupable d&rsquo;une infraction s&rsquo;il affirme, en toute connaissance de cause, des faits mensongers concernant d&rsquo;autres personnes.     <\/p><p>Toutes les informations, y compris les r\u00e9f\u00e9rences au d\u00e9nonciateur, seront trait\u00e9es de mani\u00e8re <strong>confidentielle<\/strong> et dans le respect de la l\u00e9gislation en vigueur.<\/p><p>Toutes les d\u00e9nonciations, ind\u00e9pendamment de leur v\u00e9racit\u00e9, sont susceptibles de nuire au plus haut point \u00e0 la r\u00e9putation des personnes concern\u00e9es, des d\u00e9nonciateurs et\/ou de tiers, ainsi qu&rsquo;\u00e0 celle de l&rsquo;entreprise. C&rsquo;est pourquoi nous les traitons de mani\u00e8re particuli\u00e8rement confidentielle, au-del\u00e0 des obligations d\u00e9coulant des lois sur la protection des donn\u00e9es. <\/p>\t\t\t\t\t\t\t\t<\/div>\n\t\t\t\t<\/div>\n\t\t\t\t\t<\/div>\n\t\t\t\t<\/div>\n\t\t<div class=\"elementor-element elementor-element-7feeed7 e-con-full e-flex e-con e-parent\" data-id=\"7feeed7\" data-element_type=\"container\" data-e-type=\"container\">\n\t\t\t\t<div class=\"elementor-element elementor-element-30cb189 elementor-widget elementor-widget-heading\" data-id=\"30cb189\" data-element_type=\"widget\" data-e-type=\"widget\" data-widget_type=\"heading.default\">\n\t\t\t\t<div class=\"elementor-widget-container\">\n\t\t\t\t\t<h2 class=\"elementor-heading-title elementor-size-default\">CODE DE CONDUITE<br><\/h2>\t\t\t\t<\/div>\n\t\t\t\t<\/div>\n\t\t\t\t<div class=\"elementor-element elementor-element-89b1515 elementor-widget__width-initial elementor-widget elementor-widget-image\" data-id=\"89b1515\" data-element_type=\"widget\" data-e-type=\"widget\" data-widget_type=\"image.default\">\n\t\t\t\t<div class=\"elementor-widget-container\">\n\t\t\t\t\t\t\t\t\t\t\t\t\t\t\t<img loading=\"lazy\" decoding=\"async\" width=\"678\" height=\"500\" src=\"https:\/\/www.rsp.com\/wp-content\/uploads\/2025\/03\/Verhaltenskodex_700x500.png\" class=\"attachment-large size-large wp-image-2593\" alt=\"\" srcset=\"https:\/\/www.rsp.com\/wp-content\/uploads\/2025\/03\/Verhaltenskodex_700x500.png 678w, https:\/\/www.rsp.com\/wp-content\/uploads\/2025\/03\/Verhaltenskodex_700x500-300x221.png 300w\" sizes=\"auto, (max-width: 678px) 100vw, 678px\" \/>\t\t\t\t\t\t\t\t\t\t\t\t\t\t\t<\/div>\n\t\t\t\t<\/div>\n\t\t\t\t<div class=\"elementor-element elementor-element-1817c15 rsp-button rsp-button-right-invert elementor-widget__width-auto elementor-widget elementor-widget-button\" data-id=\"1817c15\" data-element_type=\"widget\" data-e-type=\"widget\" data-widget_type=\"button.default\">\n\t\t\t\t<div class=\"elementor-widget-container\">\n\t\t\t\t\t\t\t\t\t<div class=\"elementor-button-wrapper\">\n\t\t\t\t\t<a class=\"elementor-button elementor-button-link elementor-size-sm\" href=\"https:\/\/www.rsp.com\/wp-content\/uploads\/2025\/04\/Verhaltenskodex_R.pdf\">\n\t\t\t\t\t\t<span class=\"elementor-button-content-wrapper\">\n\t\t\t\t\t\t\t\t\t<span class=\"elementor-button-text\">\"T\u00e9l\u00e9charger le code de conduite\"<\/span>\n\t\t\t\t\t<\/span>\n\t\t\t\t\t<\/a>\n\t\t\t\t<\/div>\n\t\t\t\t\t\t\t\t<\/div>\n\t\t\t\t<\/div>\n\t\t\t\t<\/div>\n\t\t\t\t<\/div>\n\t\t","protected":false},"excerpt":{"rendered":"<p>Syst\u00e8me d&rsquo;alerte Nous souhaitons \u00eatre inform\u00e9s des comportements ill\u00e9gaux au sein de notre entreprise afin de pouvoir les clarifier et y mettre fin. C&rsquo;est pourquoi nous encourageons toute personne - qu&rsquo;il s&rsquo;agisse d&rsquo;un collaborateur, d&rsquo;un ancien coll\u00e8gue, d&rsquo;un client, d&rsquo;un fournisseur ou d&rsquo;un tiers - \u00e0 nous faire part d&rsquo;informations relatives \u00e0 des violations de [&hellip;]<\/p>\n","protected":false},"author":8,"featured_media":0,"parent":0,"menu_order":0,"comment_status":"closed","ping_status":"closed","template":"","meta":{"_acf_changed":false,"footnotes":""},"class_list":["post-4076","page","type-page","status-publish","hentry"],"acf":[],"yoast_head":"<!-- This site is optimized with the Yoast SEO Premium plugin v26.9 (Yoast SEO v27.4) - https:\/\/yoast.com\/product\/yoast-seo-premium-wordpress\/ -->\n<title>Syst\u00e8me d&#039;alerte - RSP<\/title>\n<meta name=\"robots\" content=\"index, follow, max-snippet:-1, max-image-preview:large, max-video-preview:-1\" \/>\n<link rel=\"canonical\" href=\"https:\/\/www.rsp.com\/fr\/systeme-dalerte\/\" \/>\n<meta property=\"og:locale\" content=\"fr_FR\" \/>\n<meta property=\"og:type\" content=\"article\" \/>\n<meta property=\"og:title\" content=\"Syst\u00e8me d&#039;alerte\" \/>\n<meta property=\"og:description\" content=\"Syst\u00e8me d&rsquo;alerte Nous souhaitons \u00eatre inform\u00e9s des comportements ill\u00e9gaux au sein de notre entreprise afin de pouvoir les clarifier et y mettre fin. C&rsquo;est pourquoi nous encourageons toute personne - qu&rsquo;il s&rsquo;agisse d&rsquo;un collaborateur, d&rsquo;un ancien coll\u00e8gue, d&rsquo;un client, d&rsquo;un fournisseur ou d&rsquo;un tiers - \u00e0 nous faire part d&rsquo;informations relatives \u00e0 des violations de [&hellip;]\" \/>\n<meta property=\"og:url\" content=\"https:\/\/www.rsp.com\/fr\/systeme-dalerte\/\" \/>\n<meta property=\"og:site_name\" content=\"RSP\" \/>\n<meta property=\"article:publisher\" content=\"http:\/\/www.facebook.com\/saugbagger\" \/>\n<meta property=\"article:modified_time\" content=\"2026-03-19T16:57:19+00:00\" \/>\n<meta property=\"og:image\" content=\"https:\/\/www.rsp.com\/wp-content\/uploads\/2025\/03\/Verhaltenskodex_700x500.png\" \/>\n\t<meta property=\"og:image:width\" content=\"678\" \/>\n\t<meta property=\"og:image:height\" content=\"500\" \/>\n\t<meta property=\"og:image:type\" content=\"image\/png\" \/>\n<meta name=\"twitter:card\" content=\"summary_large_image\" \/>\n<meta name=\"twitter:label1\" content=\"Dur\u00e9e de lecture estim\u00e9e\" \/>\n\t<meta name=\"twitter:data1\" content=\"2 minutes\" \/>\n<script type=\"application\/ld+json\" class=\"yoast-schema-graph\">{\"@context\":\"https:\\\/\\\/schema.org\",\"@graph\":[{\"@type\":\"WebPage\",\"@id\":\"https:\\\/\\\/www.rsp.com\\\/fr\\\/systeme-dalerte\\\/\",\"url\":\"https:\\\/\\\/www.rsp.com\\\/fr\\\/systeme-dalerte\\\/\",\"name\":\"Syst\u00e8me d'alerte - RSP\",\"isPartOf\":{\"@id\":\"https:\\\/\\\/www.rsp.com\\\/fr\\\/#website\"},\"primaryImageOfPage\":{\"@id\":\"https:\\\/\\\/www.rsp.com\\\/fr\\\/systeme-dalerte\\\/#primaryimage\"},\"image\":{\"@id\":\"https:\\\/\\\/www.rsp.com\\\/fr\\\/systeme-dalerte\\\/#primaryimage\"},\"thumbnailUrl\":\"https:\\\/\\\/www.rsp.com\\\/wp-content\\\/uploads\\\/2025\\\/03\\\/Verhaltenskodex_700x500.png\",\"datePublished\":\"2025-03-19T14:45:47+00:00\",\"dateModified\":\"2026-03-19T16:57:19+00:00\",\"breadcrumb\":{\"@id\":\"https:\\\/\\\/www.rsp.com\\\/fr\\\/systeme-dalerte\\\/#breadcrumb\"},\"inLanguage\":\"fr-FR\",\"potentialAction\":[{\"@type\":\"ReadAction\",\"target\":[\"https:\\\/\\\/www.rsp.com\\\/fr\\\/systeme-dalerte\\\/\"]}]},{\"@type\":\"ImageObject\",\"inLanguage\":\"fr-FR\",\"@id\":\"https:\\\/\\\/www.rsp.com\\\/fr\\\/systeme-dalerte\\\/#primaryimage\",\"url\":\"https:\\\/\\\/www.rsp.com\\\/wp-content\\\/uploads\\\/2025\\\/03\\\/Verhaltenskodex_700x500.png\",\"contentUrl\":\"https:\\\/\\\/www.rsp.com\\\/wp-content\\\/uploads\\\/2025\\\/03\\\/Verhaltenskodex_700x500.png\"},{\"@type\":\"BreadcrumbList\",\"@id\":\"https:\\\/\\\/www.rsp.com\\\/fr\\\/systeme-dalerte\\\/#breadcrumb\",\"itemListElement\":[{\"@type\":\"ListItem\",\"position\":1,\"name\":\"Startseite\",\"item\":\"https:\\\/\\\/www.rsp.com\\\/fr\\\/\"},{\"@type\":\"ListItem\",\"position\":2,\"name\":\"Syst\u00e8me d&#8217;alerte\"}]},{\"@type\":\"WebSite\",\"@id\":\"https:\\\/\\\/www.rsp.com\\\/fr\\\/#website\",\"url\":\"https:\\\/\\\/www.rsp.com\\\/fr\\\/\",\"name\":\"RSP Saugbagger - Innovate work\",\"description\":\"Innovate Work\",\"publisher\":{\"@id\":\"https:\\\/\\\/www.rsp.com\\\/fr\\\/#organization\"},\"potentialAction\":[{\"@type\":\"SearchAction\",\"target\":{\"@type\":\"EntryPoint\",\"urlTemplate\":\"https:\\\/\\\/www.rsp.com\\\/fr\\\/?s={search_term_string}\"},\"query-input\":{\"@type\":\"PropertyValueSpecification\",\"valueRequired\":true,\"valueName\":\"search_term_string\"}}],\"inLanguage\":\"fr-FR\"},{\"@type\":\"Organization\",\"@id\":\"https:\\\/\\\/www.rsp.com\\\/fr\\\/#organization\",\"name\":\"RSP GmbH &amp; co. KG\",\"alternateName\":\"RSP\",\"url\":\"https:\\\/\\\/www.rsp.com\\\/fr\\\/\",\"logo\":{\"@type\":\"ImageObject\",\"inLanguage\":\"fr-FR\",\"@id\":\"https:\\\/\\\/www.rsp.com\\\/fr\\\/#\\\/schema\\\/logo\\\/image\\\/\",\"url\":\"https:\\\/\\\/www.rsp.com\\\/wp-content\\\/uploads\\\/2025\\\/03\\\/RSP_Logo-cross_Color-pos_sRGB.svg\",\"contentUrl\":\"https:\\\/\\\/www.rsp.com\\\/wp-content\\\/uploads\\\/2025\\\/03\\\/RSP_Logo-cross_Color-pos_sRGB.svg\",\"width\":82,\"height\":82,\"caption\":\"RSP GmbH &amp; co. KG\"},\"image\":{\"@id\":\"https:\\\/\\\/www.rsp.com\\\/fr\\\/#\\\/schema\\\/logo\\\/image\\\/\"},\"sameAs\":[\"http:\\\/\\\/www.facebook.com\\\/saugbagger\",\"https:\\\/\\\/www.instagram.com\\\/suctionexcavator\",\"https:\\\/\\\/www.linkedin.com\\\/company\\\/reschwitzer-saugbagger-produktions-gmbh-rsp-gmbh-\\\/\",\"http:\\\/\\\/www.youtube.com\\\/user\\\/RSPSuctionExcavator\"],\"description\":\"Die RSP GmbH & Co. KG ist f\u00fchrender Hersteller von Saugbaggern und Spezialfahrzeugen f\u00fcr den Einsatz in der Bau-, Versorgungs- und Kommunalwirtschaft. Mit \u00fcber 30 Jahren Erfahrung, einem internationalen Vertriebsnetz und innovativer Technologie bietet RSP leistungsstarke L\u00f6sungen f\u00fcr sicheres und effizientes Arbeiten \u2013 Made in Germany.\",\"email\":\"info@rsp-germany.com\",\"telephone\":\"+49367157210\",\"legalName\":\"RSP GmbH & Co. KG\",\"foundingDate\":\"1993-04-01\",\"vatID\":\"DE158276339\",\"numberOfEmployees\":{\"@type\":\"QuantitativeValue\",\"minValue\":\"501\",\"maxValue\":\"1000\"}}]}<\/script>\n<!-- \/ Yoast SEO Premium plugin. -->","yoast_head_json":{"title":"Syst\u00e8me d'alerte - RSP","robots":{"index":"index","follow":"follow","max-snippet":"max-snippet:-1","max-image-preview":"max-image-preview:large","max-video-preview":"max-video-preview:-1"},"canonical":"https:\/\/www.rsp.com\/fr\/systeme-dalerte\/","og_locale":"fr_FR","og_type":"article","og_title":"Syst\u00e8me d'alerte","og_description":"Syst\u00e8me d&rsquo;alerte Nous souhaitons \u00eatre inform\u00e9s des comportements ill\u00e9gaux au sein de notre entreprise afin de pouvoir les clarifier et y mettre fin. C&rsquo;est pourquoi nous encourageons toute personne - qu&rsquo;il s&rsquo;agisse d&rsquo;un collaborateur, d&rsquo;un ancien coll\u00e8gue, d&rsquo;un client, d&rsquo;un fournisseur ou d&rsquo;un tiers - \u00e0 nous faire part d&rsquo;informations relatives \u00e0 des violations de [&hellip;]","og_url":"https:\/\/www.rsp.com\/fr\/systeme-dalerte\/","og_site_name":"RSP","article_publisher":"http:\/\/www.facebook.com\/saugbagger","article_modified_time":"2026-03-19T16:57:19+00:00","og_image":[{"width":678,"height":500,"url":"https:\/\/www.rsp.com\/wp-content\/uploads\/2025\/03\/Verhaltenskodex_700x500.png","type":"image\/png"}],"twitter_card":"summary_large_image","twitter_misc":{"Dur\u00e9e de lecture estim\u00e9e":"2 minutes"},"schema":{"@context":"https:\/\/schema.org","@graph":[{"@type":"WebPage","@id":"https:\/\/www.rsp.com\/fr\/systeme-dalerte\/","url":"https:\/\/www.rsp.com\/fr\/systeme-dalerte\/","name":"Syst\u00e8me d'alerte - RSP","isPartOf":{"@id":"https:\/\/www.rsp.com\/fr\/#website"},"primaryImageOfPage":{"@id":"https:\/\/www.rsp.com\/fr\/systeme-dalerte\/#primaryimage"},"image":{"@id":"https:\/\/www.rsp.com\/fr\/systeme-dalerte\/#primaryimage"},"thumbnailUrl":"https:\/\/www.rsp.com\/wp-content\/uploads\/2025\/03\/Verhaltenskodex_700x500.png","datePublished":"2025-03-19T14:45:47+00:00","dateModified":"2026-03-19T16:57:19+00:00","breadcrumb":{"@id":"https:\/\/www.rsp.com\/fr\/systeme-dalerte\/#breadcrumb"},"inLanguage":"fr-FR","potentialAction":[{"@type":"ReadAction","target":["https:\/\/www.rsp.com\/fr\/systeme-dalerte\/"]}]},{"@type":"ImageObject","inLanguage":"fr-FR","@id":"https:\/\/www.rsp.com\/fr\/systeme-dalerte\/#primaryimage","url":"https:\/\/www.rsp.com\/wp-content\/uploads\/2025\/03\/Verhaltenskodex_700x500.png","contentUrl":"https:\/\/www.rsp.com\/wp-content\/uploads\/2025\/03\/Verhaltenskodex_700x500.png"},{"@type":"BreadcrumbList","@id":"https:\/\/www.rsp.com\/fr\/systeme-dalerte\/#breadcrumb","itemListElement":[{"@type":"ListItem","position":1,"name":"Startseite","item":"https:\/\/www.rsp.com\/fr\/"},{"@type":"ListItem","position":2,"name":"Syst\u00e8me d&#8217;alerte"}]},{"@type":"WebSite","@id":"https:\/\/www.rsp.com\/fr\/#website","url":"https:\/\/www.rsp.com\/fr\/","name":"RSP Saugbagger - Innovate work","description":"Innovate Work","publisher":{"@id":"https:\/\/www.rsp.com\/fr\/#organization"},"potentialAction":[{"@type":"SearchAction","target":{"@type":"EntryPoint","urlTemplate":"https:\/\/www.rsp.com\/fr\/?s={search_term_string}"},"query-input":{"@type":"PropertyValueSpecification","valueRequired":true,"valueName":"search_term_string"}}],"inLanguage":"fr-FR"},{"@type":"Organization","@id":"https:\/\/www.rsp.com\/fr\/#organization","name":"RSP GmbH &amp; co. KG","alternateName":"RSP","url":"https:\/\/www.rsp.com\/fr\/","logo":{"@type":"ImageObject","inLanguage":"fr-FR","@id":"https:\/\/www.rsp.com\/fr\/#\/schema\/logo\/image\/","url":"https:\/\/www.rsp.com\/wp-content\/uploads\/2025\/03\/RSP_Logo-cross_Color-pos_sRGB.svg","contentUrl":"https:\/\/www.rsp.com\/wp-content\/uploads\/2025\/03\/RSP_Logo-cross_Color-pos_sRGB.svg","width":82,"height":82,"caption":"RSP GmbH &amp; co. KG"},"image":{"@id":"https:\/\/www.rsp.com\/fr\/#\/schema\/logo\/image\/"},"sameAs":["http:\/\/www.facebook.com\/saugbagger","https:\/\/www.instagram.com\/suctionexcavator","https:\/\/www.linkedin.com\/company\/reschwitzer-saugbagger-produktions-gmbh-rsp-gmbh-\/","http:\/\/www.youtube.com\/user\/RSPSuctionExcavator"],"description":"Die RSP GmbH & Co. KG ist f\u00fchrender Hersteller von Saugbaggern und Spezialfahrzeugen f\u00fcr den Einsatz in der Bau-, Versorgungs- und Kommunalwirtschaft. Mit \u00fcber 30 Jahren Erfahrung, einem internationalen Vertriebsnetz und innovativer Technologie bietet RSP leistungsstarke L\u00f6sungen f\u00fcr sicheres und effizientes Arbeiten \u2013 Made in Germany.","email":"info@rsp-germany.com","telephone":"+49367157210","legalName":"RSP GmbH & Co. KG","foundingDate":"1993-04-01","vatID":"DE158276339","numberOfEmployees":{"@type":"QuantitativeValue","minValue":"501","maxValue":"1000"}}]}},"_links":{"self":[{"href":"https:\/\/www.rsp.com\/fr\/wp-json\/wp\/v2\/pages\/4076","targetHints":{"allow":["GET"]}}],"collection":[{"href":"https:\/\/www.rsp.com\/fr\/wp-json\/wp\/v2\/pages"}],"about":[{"href":"https:\/\/www.rsp.com\/fr\/wp-json\/wp\/v2\/types\/page"}],"author":[{"embeddable":true,"href":"https:\/\/www.rsp.com\/fr\/wp-json\/wp\/v2\/users\/8"}],"replies":[{"embeddable":true,"href":"https:\/\/www.rsp.com\/fr\/wp-json\/wp\/v2\/comments?post=4076"}],"version-history":[{"count":1,"href":"https:\/\/www.rsp.com\/fr\/wp-json\/wp\/v2\/pages\/4076\/revisions"}],"predecessor-version":[{"id":16834,"href":"https:\/\/www.rsp.com\/fr\/wp-json\/wp\/v2\/pages\/4076\/revisions\/16834"}],"wp:attachment":[{"href":"https:\/\/www.rsp.com\/fr\/wp-json\/wp\/v2\/media?parent=4076"}],"curies":[{"name":"wp","href":"https:\/\/api.w.org\/{rel}","templated":true}]}}