{"id":4315,"date":"2025-03-22T10:19:13","date_gmt":"2025-03-22T10:19:13","guid":{"rendered":"https:\/\/www.rsp.com\/domaines-dapplication\/renovation-dun-toit-plat\/"},"modified":"2026-03-19T16:56:55","modified_gmt":"2026-03-19T16:56:55","slug":"renovation-dun-toit-plat","status":"publish","type":"page","link":"https:\/\/www.rsp.com\/fr\/domaines-dapplication\/renovation-dun-toit-plat\/","title":{"rendered":"R\u00e9novation d&rsquo;un toit plat"},"content":{"rendered":"\t\t<div data-elementor-type=\"wp-page\" data-elementor-id=\"4315\" class=\"elementor elementor-4315 elementor-2163\" data-elementor-post-type=\"page\">\n\t\t\t\t<div class=\"elementor-element elementor-element-b3d3647 e-con-full e-flex e-con e-parent\" data-id=\"b3d3647\" data-element_type=\"container\" data-e-type=\"container\">\n\t\t\t\t<div class=\"elementor-element elementor-element-d6192cf elementor-widget elementor-widget-image\" data-id=\"d6192cf\" data-element_type=\"widget\" data-e-type=\"widget\" data-widget_type=\"image.default\">\n\t\t\t\t<div class=\"elementor-widget-container\">\n\t\t\t\t\t\t\t\t\t\t\t\t\t\t\t<img loading=\"lazy\" decoding=\"async\" width=\"800\" height=\"395\" src=\"https:\/\/www.rsp.com\/wp-content\/uploads\/2025\/03\/Flachdachsanierung3_1370x675-1024x505.png\" class=\"attachment-large size-large wp-image-2180\" alt=\"\" srcset=\"https:\/\/www.rsp.com\/wp-content\/uploads\/2025\/03\/Flachdachsanierung3_1370x675-1024x505.png 1024w, https:\/\/www.rsp.com\/wp-content\/uploads\/2025\/03\/Flachdachsanierung3_1370x675-300x148.png 300w, https:\/\/www.rsp.com\/wp-content\/uploads\/2025\/03\/Flachdachsanierung3_1370x675-768x378.png 768w, https:\/\/www.rsp.com\/wp-content\/uploads\/2025\/03\/Flachdachsanierung3_1370x675.png 1370w\" sizes=\"auto, (max-width: 800px) 100vw, 800px\" \/>\t\t\t\t\t\t\t\t\t\t\t\t\t\t\t<\/div>\n\t\t\t\t<\/div>\n\t\t<div class=\"elementor-element elementor-element-349938a e-flex e-con-boxed e-con e-child\" data-id=\"349938a\" data-element_type=\"container\" data-e-type=\"container\" data-settings=\"{&quot;position&quot;:&quot;absolute&quot;}\">\n\t\t\t\t\t<div class=\"e-con-inner\">\n\t\t\t\t<div class=\"elementor-element elementor-element-97249ae elementor-widget elementor-widget-heading\" data-id=\"97249ae\" data-element_type=\"widget\" data-e-type=\"widget\" data-widget_type=\"heading.default\">\n\t\t\t\t<div class=\"elementor-widget-container\">\n\t\t\t\t\t<h1 class=\"elementor-heading-title elementor-size-default\">R\u00e9novation d'un toit plat<\/h1>\t\t\t\t<\/div>\n\t\t\t\t<\/div>\n\t\t\t\t\t<\/div>\n\t\t\t\t<\/div>\n\t\t\t\t<\/div>\n\t\t<div class=\"elementor-element elementor-element-8dac6a6 e-flex e-con-boxed e-con e-parent\" data-id=\"8dac6a6\" data-element_type=\"container\" data-e-type=\"container\">\n\t\t\t\t\t<div class=\"e-con-inner\">\n\t\t\t\t<div class=\"elementor-element elementor-element-fde02ba elementor-widget elementor-widget-text-editor\" data-id=\"fde02ba\" data-element_type=\"widget\" data-e-type=\"widget\" data-widget_type=\"text-editor.default\">\n\t\t\t\t<div class=\"elementor-widget-container\">\n\t\t\t\t\t\t\t\t\t<p>De plus en plus de donneurs d&rsquo;ordre font appel \u00e0 nos aspiratrices-excavatrices pour des travaux de r\u00e9novation sur des toits plats, des garages, des immeubles ou de grands b\u00e2timents industriels. Au lieu d&rsquo;un travail manuel fastidieux et chronophage, l&rsquo;utilisation de la technique RSP a fait ses preuves \u00e0 plusieurs reprises dans ce domaine de travail.<\/p><p>M\u00eame sur de longues distances et des hauteurs de refoulement importantes, l&rsquo;aspiration de vieux graviers, de gravillons, de sable, de substrats de toiture et d&rsquo;autres mat\u00e9riaux est rapide, fiable et propre.<\/p>\t\t\t\t\t\t\t\t<\/div>\n\t\t\t\t<\/div>\n\t\t\t\t<div class=\"elementor-element elementor-element-349a769 elementor-skin-carousel elementor-arrows-yes elementor-pagination-type-bullets elementor-pagination-position-outside elementor-widget elementor-widget-media-carousel\" data-id=\"349a769\" data-element_type=\"widget\" data-e-type=\"widget\" data-settings=\"{&quot;skin&quot;:&quot;carousel&quot;,&quot;effect&quot;:&quot;slide&quot;,&quot;show_arrows&quot;:&quot;yes&quot;,&quot;pagination&quot;:&quot;bullets&quot;,&quot;speed&quot;:500,&quot;autoplay&quot;:&quot;yes&quot;,&quot;autoplay_speed&quot;:5000,&quot;loop&quot;:&quot;yes&quot;,&quot;pause_on_hover&quot;:&quot;yes&quot;,&quot;pause_on_interaction&quot;:&quot;yes&quot;,&quot;space_between&quot;:{&quot;unit&quot;:&quot;px&quot;,&quot;size&quot;:10,&quot;sizes&quot;:[]},&quot;space_between_widescreen&quot;:{&quot;unit&quot;:&quot;px&quot;,&quot;size&quot;:10,&quot;sizes&quot;:[]},&quot;space_between_tablet&quot;:{&quot;unit&quot;:&quot;px&quot;,&quot;size&quot;:10,&quot;sizes&quot;:[]},&quot;space_between_mobile&quot;:{&quot;unit&quot;:&quot;px&quot;,&quot;size&quot;:10,&quot;sizes&quot;:[]}}\" data-widget_type=\"media-carousel.default\">\n\t\t\t\t<div class=\"elementor-widget-container\">\n\t\t\t\t\t\t\t\t\t<div class=\"elementor-swiper\">\n\t\t\t\t\t<div class=\"elementor-main-swiper swiper\" role=\"region\" aria-roledescription=\"carousel\" aria-label=\"Slider\">\n\t\t\t\t<div class=\"swiper-wrapper\">\n\t\t\t\t\t\t\t\t\t\t\t<div class=\"swiper-slide\" role=\"group\" aria-roledescription=\"slide\">\n\t\t\t\t\t\t\t\t\t<div class=\"elementor-carousel-image\" role=\"img\" aria-label=\"Flachdachsanierung(2)_1370x675\" style=\"background-image: url(&#039;https:\/\/www.rsp.com\/wp-content\/uploads\/2025\/03\/Flachdachsanierung2_1370x675.png&#039;)\">\n\n\t\t\t\n\t\t\t\t\t<\/div>\n\t\t\t\t\t\t\t\t<\/div>\n\t\t\t\t\t\t\t\t\t\t\t<div class=\"swiper-slide\" role=\"group\" aria-roledescription=\"slide\">\n\t\t\t\t\t\t\t\t\t<div class=\"elementor-carousel-image\" role=\"img\" aria-label=\"Flachdachsanierung(3)_1370x675\" style=\"background-image: url(&#039;https:\/\/www.rsp.com\/wp-content\/uploads\/2025\/03\/Flachdachsanierung3_1370x675.png&#039;)\">\n\n\t\t\t\n\t\t\t\t\t<\/div>\n\t\t\t\t\t\t\t\t<\/div>\n\t\t\t\t\t\t\t\t\t\t\t<div class=\"swiper-slide\" role=\"group\" aria-roledescription=\"slide\">\n\t\t\t\t\t\t\t\t\t<div class=\"elementor-carousel-image\" role=\"img\" aria-label=\"qi8a4005.1920x1080\" style=\"background-image: url(&#039;https:\/\/www.rsp.com\/wp-content\/uploads\/2025\/04\/qi8a4005.1920x1080.jpg&#039;)\">\n\n\t\t\t\n\t\t\t\t\t<\/div>\n\t\t\t\t\t\t\t\t<\/div>\n\t\t\t\t\t\t\t\t\t\t\t<div class=\"swiper-slide\" role=\"group\" aria-roledescription=\"slide\">\n\t\t\t\t\t\t\t\t\t<div class=\"elementor-carousel-image\" role=\"img\" aria-label=\"qi8a4003.1920x1080\" style=\"background-image: url(&#039;https:\/\/www.rsp.com\/wp-content\/uploads\/2025\/04\/qi8a4003.1920x1080.jpg&#039;)\">\n\n\t\t\t\n\t\t\t\t\t<\/div>\n\t\t\t\t\t\t\t\t<\/div>\n\t\t\t\t\t\t\t\t\t\t\t<div class=\"swiper-slide\" role=\"group\" aria-roledescription=\"slide\">\n\t\t\t\t\t\t\t\t\t<div class=\"elementor-carousel-image\" role=\"img\" aria-label=\"qi8a2088.1920x1080\" style=\"background-image: url(&#039;https:\/\/www.rsp.com\/wp-content\/uploads\/2025\/04\/qi8a2088.1920x1080.jpg&#039;)\">\n\n\t\t\t\n\t\t\t\t\t<\/div>\n\t\t\t\t\t\t\t\t<\/div>\n\t\t\t\t\t\t\t\t\t\t\t<div class=\"swiper-slide\" role=\"group\" aria-roledescription=\"slide\">\n\t\t\t\t\t\t\t\t\t<div class=\"elementor-carousel-image\" role=\"img\" aria-label=\"qi8a2083.1920x1080\" style=\"background-image: url(&#039;https:\/\/www.rsp.com\/wp-content\/uploads\/2025\/04\/qi8a2083.1920x1080.jpg&#039;)\">\n\n\t\t\t\n\t\t\t\t\t<\/div>\n\t\t\t\t\t\t\t\t<\/div>\n\t\t\t\t\t\t\t\t\t\t\t<div class=\"swiper-slide\" role=\"group\" aria-roledescription=\"slide\">\n\t\t\t\t\t\t\t\t\t<div class=\"elementor-carousel-image\" role=\"img\" aria-label=\"dji_20241015204311_0719_d.1920x1080\" style=\"background-image: url(&#039;https:\/\/www.rsp.com\/wp-content\/uploads\/2025\/04\/dji_20241015204311_0719_d.1920x1080.jpg&#039;)\">\n\n\t\t\t\n\t\t\t\t\t<\/div>\n\t\t\t\t\t\t\t\t<\/div>\n\t\t\t\t\t\t\t\t\t\t\t<div class=\"swiper-slide\" role=\"group\" aria-roledescription=\"slide\">\n\t\t\t\t\t\t\t\t\t<div class=\"elementor-carousel-image\" role=\"img\" aria-label=\"dji_20241015204131_0716_d.1920x1080\" style=\"background-image: url(&#039;https:\/\/www.rsp.com\/wp-content\/uploads\/2025\/04\/dji_20241015204131_0716_d.1920x1080.jpg&#039;)\">\n\n\t\t\t\n\t\t\t\t\t<\/div>\n\t\t\t\t\t\t\t\t<\/div>\n\t\t\t\t\t\t\t\t\t\t\t<div class=\"swiper-slide\" role=\"group\" aria-roledescription=\"slide\">\n\t\t\t\t\t\t\t\t\t<div class=\"elementor-carousel-image\" role=\"img\" aria-label=\"dji_20241015193537_0712_d.1920x1080\" style=\"background-image: url(&#039;https:\/\/www.rsp.com\/wp-content\/uploads\/2025\/04\/dji_20241015193537_0712_d.1920x1080.jpg&#039;)\">\n\n\t\t\t\n\t\t\t\t\t<\/div>\n\t\t\t\t\t\t\t\t<\/div>\n\t\t\t\t\t\t\t\t\t\t\t<div class=\"swiper-slide\" role=\"group\" aria-roledescription=\"slide\">\n\t\t\t\t\t\t\t\t\t<div class=\"elementor-carousel-image\" role=\"img\" aria-label=\"dji_20241015193312_0709_d.1920x1080\" style=\"background-image: url(&#039;https:\/\/www.rsp.com\/wp-content\/uploads\/2025\/04\/dji_20241015193312_0709_d.1920x1080.jpg&#039;)\">\n\n\t\t\t\n\t\t\t\t\t<\/div>\n\t\t\t\t\t\t\t\t<\/div>\n\t\t\t\t\t\t\t\t\t\t\t<div class=\"swiper-slide\" role=\"group\" aria-roledescription=\"slide\">\n\t\t\t\t\t\t\t\t\t<div class=\"elementor-carousel-image\" role=\"img\" aria-label=\"dji_20241015192820_0702_d.1920x1080\" style=\"background-image: url(&#039;https:\/\/www.rsp.com\/wp-content\/uploads\/2025\/04\/dji_20241015192820_0702_d.1920x1080.jpg&#039;)\">\n\n\t\t\t\n\t\t\t\t\t<\/div>\n\t\t\t\t\t\t\t\t<\/div>\n\t\t\t\t\t\t\t\t\t\t\t<div class=\"swiper-slide\" role=\"group\" aria-roledescription=\"slide\">\n\t\t\t\t\t\t\t\t\t<div class=\"elementor-carousel-image\" role=\"img\" aria-label=\"qi8a4019.1920x1080\" style=\"background-image: url(&#039;https:\/\/www.rsp.com\/wp-content\/uploads\/2025\/04\/qi8a4019.1920x1080.jpg&#039;)\">\n\n\t\t\t\n\t\t\t\t\t<\/div>\n\t\t\t\t\t\t\t\t<\/div>\n\t\t\t\t\t\t\t\t\t\t\t<div class=\"swiper-slide\" role=\"group\" aria-roledescription=\"slide\">\n\t\t\t\t\t\t\t\t\t<div class=\"elementor-carousel-image\" role=\"img\" aria-label=\"qi8a4008.1920x1080\" style=\"background-image: url(&#039;https:\/\/www.rsp.com\/wp-content\/uploads\/2025\/04\/qi8a4008.1920x1080.jpg&#039;)\">\n\n\t\t\t\n\t\t\t\t\t<\/div>\n\t\t\t\t\t\t\t\t<\/div>\n\t\t\t\t\t\t\t\t\t<\/div>\n\t\t\t\t\t\t\t\t\t\t\t\t\t\t\t<div class=\"elementor-swiper-button elementor-swiper-button-prev\" role=\"button\" tabindex=\"0\" aria-label=\"Pr\u00e9c\u00e9dent\">\n\t\t\t\t\t\t\t<svg aria-hidden=\"true\" class=\"e-font-icon-svg e-eicon-chevron-left\" viewBox=\"0 0 1000 1000\" xmlns=\"http:\/\/www.w3.org\/2000\/svg\"><path d=\"M646 125C629 125 613 133 604 142L308 442C296 454 292 471 292 487 292 504 296 521 308 533L604 854C617 867 629 875 646 875 663 875 679 871 692 858 704 846 713 829 713 812 713 796 708 779 692 767L438 487 692 225C700 217 708 204 708 187 708 171 704 154 692 142 675 129 663 125 646 125Z\"><\/path><\/svg>\t\t\t\t\t\t<\/div>\n\t\t\t\t\t\t<div class=\"elementor-swiper-button elementor-swiper-button-next\" role=\"button\" tabindex=\"0\" aria-label=\"Suivant\">\n\t\t\t\t\t\t\t<svg aria-hidden=\"true\" class=\"e-font-icon-svg e-eicon-chevron-right\" viewBox=\"0 0 1000 1000\" xmlns=\"http:\/\/www.w3.org\/2000\/svg\"><path d=\"M696 533C708 521 713 504 713 487 713 471 708 454 696 446L400 146C388 133 375 125 354 125 338 125 325 129 313 142 300 154 292 171 292 187 292 204 296 221 308 233L563 492 304 771C292 783 288 800 288 817 288 833 296 850 308 863 321 871 338 875 354 875 371 875 388 867 400 854L696 533Z\"><\/path><\/svg>\t\t\t\t\t\t<\/div>\n\t\t\t\t\t\t\t\t\t\t\t\t\t\t\t\t<div class=\"swiper-pagination\"><\/div>\n\t\t\t\t\t\t\t\t\t\t\t\t<\/div>\n\t\t\t\t<\/div>\n\t\t\t\t\t\t\t\t<\/div>\n\t\t\t\t<\/div>\n\t\t\t\t\t<\/div>\n\t\t\t\t<\/div>\n\t\t\t\t<\/div>\n\t\t","protected":false},"excerpt":{"rendered":"<p>R\u00e9novation d&rsquo;un toit plat De plus en plus de donneurs d&rsquo;ordre font appel \u00e0 nos aspiratrices-excavatrices pour des travaux de r\u00e9novation sur des toits plats, des garages, des immeubles ou de grands b\u00e2timents industriels. Au lieu d&rsquo;un travail manuel fastidieux et chronophage, l&rsquo;utilisation de la technique RSP a fait ses preuves \u00e0 plusieurs reprises dans [&hellip;]<\/p>\n","protected":false},"author":8,"featured_media":0,"parent":1053,"menu_order":0,"comment_status":"closed","ping_status":"closed","template":"elementor_header_footer","meta":{"_acf_changed":false,"footnotes":""},"class_list":["post-4315","page","type-page","status-publish","hentry"],"acf":[],"yoast_head":"<!-- This site is optimized with the Yoast SEO Premium plugin v26.9 (Yoast SEO v27.4) - https:\/\/yoast.com\/product\/yoast-seo-premium-wordpress\/ -->\n<title>R\u00e9novation d&#039;un toit plat - RSP<\/title>\n<meta name=\"robots\" content=\"index, follow, max-snippet:-1, max-image-preview:large, max-video-preview:-1\" \/>\n<link rel=\"canonical\" href=\"https:\/\/www.rsp.com\/fr\/domaines-dapplication\/renovation-dun-toit-plat\/\" \/>\n<meta property=\"og:locale\" content=\"fr_FR\" \/>\n<meta property=\"og:type\" content=\"article\" \/>\n<meta property=\"og:title\" content=\"R\u00e9novation d&#039;un toit plat\" \/>\n<meta property=\"og:description\" content=\"R\u00e9novation d&rsquo;un toit plat De plus en plus de donneurs d&rsquo;ordre font appel \u00e0 nos aspiratrices-excavatrices pour des travaux de r\u00e9novation sur des toits plats, des garages, des immeubles ou de grands b\u00e2timents industriels. Au lieu d&rsquo;un travail manuel fastidieux et chronophage, l&rsquo;utilisation de la technique RSP a fait ses preuves \u00e0 plusieurs reprises dans [&hellip;]\" \/>\n<meta property=\"og:url\" content=\"https:\/\/www.rsp.com\/fr\/domaines-dapplication\/renovation-dun-toit-plat\/\" \/>\n<meta property=\"og:site_name\" content=\"RSP\" \/>\n<meta property=\"article:publisher\" content=\"http:\/\/www.facebook.com\/saugbagger\" \/>\n<meta property=\"article:modified_time\" content=\"2026-03-19T16:56:55+00:00\" \/>\n<meta property=\"og:image\" content=\"https:\/\/www.rsp.com\/wp-content\/uploads\/2025\/03\/Flachdachsanierung3_1370x675.png\" \/>\n\t<meta property=\"og:image:width\" content=\"1370\" \/>\n\t<meta property=\"og:image:height\" content=\"675\" \/>\n\t<meta property=\"og:image:type\" content=\"image\/png\" \/>\n<meta name=\"twitter:card\" content=\"summary_large_image\" \/>\n<script type=\"application\/ld+json\" class=\"yoast-schema-graph\">{\"@context\":\"https:\\\/\\\/schema.org\",\"@graph\":[{\"@type\":\"WebPage\",\"@id\":\"https:\\\/\\\/www.rsp.com\\\/fr\\\/domaines-dapplication\\\/renovation-dun-toit-plat\\\/\",\"url\":\"https:\\\/\\\/www.rsp.com\\\/fr\\\/domaines-dapplication\\\/renovation-dun-toit-plat\\\/\",\"name\":\"R\u00e9novation d'un toit plat - RSP\",\"isPartOf\":{\"@id\":\"https:\\\/\\\/www.rsp.com\\\/fr\\\/#website\"},\"primaryImageOfPage\":{\"@id\":\"https:\\\/\\\/www.rsp.com\\\/fr\\\/domaines-dapplication\\\/renovation-dun-toit-plat\\\/#primaryimage\"},\"image\":{\"@id\":\"https:\\\/\\\/www.rsp.com\\\/fr\\\/domaines-dapplication\\\/renovation-dun-toit-plat\\\/#primaryimage\"},\"thumbnailUrl\":\"https:\\\/\\\/www.rsp.com\\\/wp-content\\\/uploads\\\/2025\\\/03\\\/Flachdachsanierung3_1370x675-1024x505.png\",\"datePublished\":\"2025-03-22T10:19:13+00:00\",\"dateModified\":\"2026-03-19T16:56:55+00:00\",\"breadcrumb\":{\"@id\":\"https:\\\/\\\/www.rsp.com\\\/fr\\\/domaines-dapplication\\\/renovation-dun-toit-plat\\\/#breadcrumb\"},\"inLanguage\":\"fr-FR\",\"potentialAction\":[{\"@type\":\"ReadAction\",\"target\":[\"https:\\\/\\\/www.rsp.com\\\/fr\\\/domaines-dapplication\\\/renovation-dun-toit-plat\\\/\"]}]},{\"@type\":\"ImageObject\",\"inLanguage\":\"fr-FR\",\"@id\":\"https:\\\/\\\/www.rsp.com\\\/fr\\\/domaines-dapplication\\\/renovation-dun-toit-plat\\\/#primaryimage\",\"url\":\"https:\\\/\\\/www.rsp.com\\\/wp-content\\\/uploads\\\/2025\\\/03\\\/Flachdachsanierung3_1370x675-1024x505.png\",\"contentUrl\":\"https:\\\/\\\/www.rsp.com\\\/wp-content\\\/uploads\\\/2025\\\/03\\\/Flachdachsanierung3_1370x675-1024x505.png\"},{\"@type\":\"BreadcrumbList\",\"@id\":\"https:\\\/\\\/www.rsp.com\\\/fr\\\/domaines-dapplication\\\/renovation-dun-toit-plat\\\/#breadcrumb\",\"itemListElement\":[{\"@type\":\"ListItem\",\"position\":1,\"name\":\"Startseite\",\"item\":\"https:\\\/\\\/www.rsp.com\\\/fr\\\/\"},{\"@type\":\"ListItem\",\"position\":2,\"name\":\"Domaines d&#8217;application\",\"item\":\"https:\\\/\\\/www.rsp.com\\\/fr\\\/einsatzgebiete\\\/\"},{\"@type\":\"ListItem\",\"position\":3,\"name\":\"R\u00e9novation d&#8217;un toit plat\"}]},{\"@type\":\"WebSite\",\"@id\":\"https:\\\/\\\/www.rsp.com\\\/fr\\\/#website\",\"url\":\"https:\\\/\\\/www.rsp.com\\\/fr\\\/\",\"name\":\"RSP Saugbagger - Innovate work\",\"description\":\"Innovate Work\",\"publisher\":{\"@id\":\"https:\\\/\\\/www.rsp.com\\\/fr\\\/#organization\"},\"potentialAction\":[{\"@type\":\"SearchAction\",\"target\":{\"@type\":\"EntryPoint\",\"urlTemplate\":\"https:\\\/\\\/www.rsp.com\\\/fr\\\/?s={search_term_string}\"},\"query-input\":{\"@type\":\"PropertyValueSpecification\",\"valueRequired\":true,\"valueName\":\"search_term_string\"}}],\"inLanguage\":\"fr-FR\"},{\"@type\":\"Organization\",\"@id\":\"https:\\\/\\\/www.rsp.com\\\/fr\\\/#organization\",\"name\":\"RSP GmbH &amp; co. KG\",\"alternateName\":\"RSP\",\"url\":\"https:\\\/\\\/www.rsp.com\\\/fr\\\/\",\"logo\":{\"@type\":\"ImageObject\",\"inLanguage\":\"fr-FR\",\"@id\":\"https:\\\/\\\/www.rsp.com\\\/fr\\\/#\\\/schema\\\/logo\\\/image\\\/\",\"url\":\"https:\\\/\\\/www.rsp.com\\\/wp-content\\\/uploads\\\/2025\\\/03\\\/RSP_Logo-cross_Color-pos_sRGB.svg\",\"contentUrl\":\"https:\\\/\\\/www.rsp.com\\\/wp-content\\\/uploads\\\/2025\\\/03\\\/RSP_Logo-cross_Color-pos_sRGB.svg\",\"width\":82,\"height\":82,\"caption\":\"RSP GmbH &amp; co. KG\"},\"image\":{\"@id\":\"https:\\\/\\\/www.rsp.com\\\/fr\\\/#\\\/schema\\\/logo\\\/image\\\/\"},\"sameAs\":[\"http:\\\/\\\/www.facebook.com\\\/saugbagger\",\"https:\\\/\\\/www.instagram.com\\\/suctionexcavator\",\"https:\\\/\\\/www.linkedin.com\\\/company\\\/reschwitzer-saugbagger-produktions-gmbh-rsp-gmbh-\\\/\",\"http:\\\/\\\/www.youtube.com\\\/user\\\/RSPSuctionExcavator\"],\"description\":\"Die RSP GmbH & Co. KG ist f\u00fchrender Hersteller von Saugbaggern und Spezialfahrzeugen f\u00fcr den Einsatz in der Bau-, Versorgungs- und Kommunalwirtschaft. Mit \u00fcber 30 Jahren Erfahrung, einem internationalen Vertriebsnetz und innovativer Technologie bietet RSP leistungsstarke L\u00f6sungen f\u00fcr sicheres und effizientes Arbeiten \u2013 Made in Germany.\",\"email\":\"info@rsp-germany.com\",\"telephone\":\"+49367157210\",\"legalName\":\"RSP GmbH & Co. KG\",\"foundingDate\":\"1993-04-01\",\"vatID\":\"DE158276339\",\"numberOfEmployees\":{\"@type\":\"QuantitativeValue\",\"minValue\":\"501\",\"maxValue\":\"1000\"}}]}<\/script>\n<!-- \/ Yoast SEO Premium plugin. -->","yoast_head_json":{"title":"R\u00e9novation d'un toit plat - RSP","robots":{"index":"index","follow":"follow","max-snippet":"max-snippet:-1","max-image-preview":"max-image-preview:large","max-video-preview":"max-video-preview:-1"},"canonical":"https:\/\/www.rsp.com\/fr\/domaines-dapplication\/renovation-dun-toit-plat\/","og_locale":"fr_FR","og_type":"article","og_title":"R\u00e9novation d'un toit plat","og_description":"R\u00e9novation d&rsquo;un toit plat De plus en plus de donneurs d&rsquo;ordre font appel \u00e0 nos aspiratrices-excavatrices pour des travaux de r\u00e9novation sur des toits plats, des garages, des immeubles ou de grands b\u00e2timents industriels. Au lieu d&rsquo;un travail manuel fastidieux et chronophage, l&rsquo;utilisation de la technique RSP a fait ses preuves \u00e0 plusieurs reprises dans [&hellip;]","og_url":"https:\/\/www.rsp.com\/fr\/domaines-dapplication\/renovation-dun-toit-plat\/","og_site_name":"RSP","article_publisher":"http:\/\/www.facebook.com\/saugbagger","article_modified_time":"2026-03-19T16:56:55+00:00","og_image":[{"width":1370,"height":675,"url":"https:\/\/www.rsp.com\/wp-content\/uploads\/2025\/03\/Flachdachsanierung3_1370x675.png","type":"image\/png"}],"twitter_card":"summary_large_image","schema":{"@context":"https:\/\/schema.org","@graph":[{"@type":"WebPage","@id":"https:\/\/www.rsp.com\/fr\/domaines-dapplication\/renovation-dun-toit-plat\/","url":"https:\/\/www.rsp.com\/fr\/domaines-dapplication\/renovation-dun-toit-plat\/","name":"R\u00e9novation d'un toit plat - RSP","isPartOf":{"@id":"https:\/\/www.rsp.com\/fr\/#website"},"primaryImageOfPage":{"@id":"https:\/\/www.rsp.com\/fr\/domaines-dapplication\/renovation-dun-toit-plat\/#primaryimage"},"image":{"@id":"https:\/\/www.rsp.com\/fr\/domaines-dapplication\/renovation-dun-toit-plat\/#primaryimage"},"thumbnailUrl":"https:\/\/www.rsp.com\/wp-content\/uploads\/2025\/03\/Flachdachsanierung3_1370x675-1024x505.png","datePublished":"2025-03-22T10:19:13+00:00","dateModified":"2026-03-19T16:56:55+00:00","breadcrumb":{"@id":"https:\/\/www.rsp.com\/fr\/domaines-dapplication\/renovation-dun-toit-plat\/#breadcrumb"},"inLanguage":"fr-FR","potentialAction":[{"@type":"ReadAction","target":["https:\/\/www.rsp.com\/fr\/domaines-dapplication\/renovation-dun-toit-plat\/"]}]},{"@type":"ImageObject","inLanguage":"fr-FR","@id":"https:\/\/www.rsp.com\/fr\/domaines-dapplication\/renovation-dun-toit-plat\/#primaryimage","url":"https:\/\/www.rsp.com\/wp-content\/uploads\/2025\/03\/Flachdachsanierung3_1370x675-1024x505.png","contentUrl":"https:\/\/www.rsp.com\/wp-content\/uploads\/2025\/03\/Flachdachsanierung3_1370x675-1024x505.png"},{"@type":"BreadcrumbList","@id":"https:\/\/www.rsp.com\/fr\/domaines-dapplication\/renovation-dun-toit-plat\/#breadcrumb","itemListElement":[{"@type":"ListItem","position":1,"name":"Startseite","item":"https:\/\/www.rsp.com\/fr\/"},{"@type":"ListItem","position":2,"name":"Domaines d&#8217;application","item":"https:\/\/www.rsp.com\/fr\/einsatzgebiete\/"},{"@type":"ListItem","position":3,"name":"R\u00e9novation d&#8217;un toit plat"}]},{"@type":"WebSite","@id":"https:\/\/www.rsp.com\/fr\/#website","url":"https:\/\/www.rsp.com\/fr\/","name":"RSP Saugbagger - Innovate work","description":"Innovate Work","publisher":{"@id":"https:\/\/www.rsp.com\/fr\/#organization"},"potentialAction":[{"@type":"SearchAction","target":{"@type":"EntryPoint","urlTemplate":"https:\/\/www.rsp.com\/fr\/?s={search_term_string}"},"query-input":{"@type":"PropertyValueSpecification","valueRequired":true,"valueName":"search_term_string"}}],"inLanguage":"fr-FR"},{"@type":"Organization","@id":"https:\/\/www.rsp.com\/fr\/#organization","name":"RSP GmbH &amp; co. KG","alternateName":"RSP","url":"https:\/\/www.rsp.com\/fr\/","logo":{"@type":"ImageObject","inLanguage":"fr-FR","@id":"https:\/\/www.rsp.com\/fr\/#\/schema\/logo\/image\/","url":"https:\/\/www.rsp.com\/wp-content\/uploads\/2025\/03\/RSP_Logo-cross_Color-pos_sRGB.svg","contentUrl":"https:\/\/www.rsp.com\/wp-content\/uploads\/2025\/03\/RSP_Logo-cross_Color-pos_sRGB.svg","width":82,"height":82,"caption":"RSP GmbH &amp; co. KG"},"image":{"@id":"https:\/\/www.rsp.com\/fr\/#\/schema\/logo\/image\/"},"sameAs":["http:\/\/www.facebook.com\/saugbagger","https:\/\/www.instagram.com\/suctionexcavator","https:\/\/www.linkedin.com\/company\/reschwitzer-saugbagger-produktions-gmbh-rsp-gmbh-\/","http:\/\/www.youtube.com\/user\/RSPSuctionExcavator"],"description":"Die RSP GmbH & Co. KG ist f\u00fchrender Hersteller von Saugbaggern und Spezialfahrzeugen f\u00fcr den Einsatz in der Bau-, Versorgungs- und Kommunalwirtschaft. Mit \u00fcber 30 Jahren Erfahrung, einem internationalen Vertriebsnetz und innovativer Technologie bietet RSP leistungsstarke L\u00f6sungen f\u00fcr sicheres und effizientes Arbeiten \u2013 Made in Germany.","email":"info@rsp-germany.com","telephone":"+49367157210","legalName":"RSP GmbH & Co. KG","foundingDate":"1993-04-01","vatID":"DE158276339","numberOfEmployees":{"@type":"QuantitativeValue","minValue":"501","maxValue":"1000"}}]}},"_links":{"self":[{"href":"https:\/\/www.rsp.com\/fr\/wp-json\/wp\/v2\/pages\/4315","targetHints":{"allow":["GET"]}}],"collection":[{"href":"https:\/\/www.rsp.com\/fr\/wp-json\/wp\/v2\/pages"}],"about":[{"href":"https:\/\/www.rsp.com\/fr\/wp-json\/wp\/v2\/types\/page"}],"author":[{"embeddable":true,"href":"https:\/\/www.rsp.com\/fr\/wp-json\/wp\/v2\/users\/8"}],"replies":[{"embeddable":true,"href":"https:\/\/www.rsp.com\/fr\/wp-json\/wp\/v2\/comments?post=4315"}],"version-history":[{"count":1,"href":"https:\/\/www.rsp.com\/fr\/wp-json\/wp\/v2\/pages\/4315\/revisions"}],"predecessor-version":[{"id":16804,"href":"https:\/\/www.rsp.com\/fr\/wp-json\/wp\/v2\/pages\/4315\/revisions\/16804"}],"up":[{"embeddable":true,"href":"https:\/\/www.rsp.com\/fr\/wp-json\/wp\/v2\/pages\/1053"}],"wp:attachment":[{"href":"https:\/\/www.rsp.com\/fr\/wp-json\/wp\/v2\/media?parent=4315"}],"curies":[{"name":"wp","href":"https:\/\/api.w.org\/{rel}","templated":true}]}}