{"id":6191,"date":"2025-03-27T13:57:50","date_gmt":"2025-03-27T13:57:50","guid":{"rendered":"https:\/\/www.rsp.com\/vrsp\/"},"modified":"2025-04-04T15:09:58","modified_gmt":"2025-04-04T15:09:58","slug":"vrsp","status":"publish","type":"page","link":"https:\/\/www.rsp.com\/fr\/service\/vrsp\/","title":{"rendered":"vRSP"},"content":{"rendered":"\t\t<div data-elementor-type=\"wp-page\" data-elementor-id=\"6191\" class=\"elementor elementor-6191 elementor-6176\" data-elementor-post-type=\"page\">\n\t\t\t\t<div class=\"elementor-element elementor-element-9e7d205 e-flex e-con-boxed e-con e-parent\" data-id=\"9e7d205\" data-element_type=\"container\" data-e-type=\"container\">\n\t\t\t\t\t<div class=\"e-con-inner\">\n\t\t\t\t<div class=\"elementor-element elementor-element-0ed8e36 elementor-widget elementor-widget-heading\" data-id=\"0ed8e36\" data-element_type=\"widget\" data-e-type=\"widget\" data-widget_type=\"heading.default\">\n\t\t\t\t<div class=\"elementor-widget-container\">\n\t\t\t\t\t<h1 class=\"elementor-heading-title elementor-size-default\">vRSP<\/h1>\t\t\t\t<\/div>\n\t\t\t\t<\/div>\n\t\t\t\t<div class=\"elementor-element elementor-element-244c34a elementor-widget elementor-widget-heading\" data-id=\"244c34a\" data-element_type=\"widget\" data-e-type=\"widget\" data-widget_type=\"heading.default\">\n\t\t\t\t<div class=\"elementor-widget-container\">\n\t\t\t\t\t<h2 class=\"elementor-heading-title elementor-size-default\">L'efficacit\u00e9 commence dans l'espace virtuel<\/h2>\t\t\t\t<\/div>\n\t\t\t\t<\/div>\n\t\t<div class=\"elementor-element elementor-element-584020e e-grid e-con-full e-con e-child\" data-id=\"584020e\" data-element_type=\"container\" data-e-type=\"container\">\n\t\t<div class=\"elementor-element elementor-element-31da75c e-con-full e-flex e-con e-child\" data-id=\"31da75c\" data-element_type=\"container\" data-e-type=\"container\">\n\t\t\t\t<div class=\"elementor-element elementor-element-3b2cd95 elementor-widget elementor-widget-image\" data-id=\"3b2cd95\" data-element_type=\"widget\" data-e-type=\"widget\" data-widget_type=\"image.default\">\n\t\t\t\t<div class=\"elementor-widget-container\">\n\t\t\t\t\t\t\t\t\t\t\t\t\t\t\t<img loading=\"lazy\" decoding=\"async\" width=\"1\" height=\"1\" src=\"https:\/\/www.rsp.com\/wp-content\/uploads\/2025\/03\/teaser_01_vrsp.png\" class=\"attachment-large size-large wp-image-6180\" alt=\"\" \/>\t\t\t\t\t\t\t\t\t\t\t\t\t\t\t<\/div>\n\t\t\t\t<\/div>\n\t\t\t\t<div class=\"elementor-element elementor-element-278cf4f elementor-widget elementor-widget-heading\" data-id=\"278cf4f\" data-element_type=\"widget\" data-e-type=\"widget\" data-widget_type=\"heading.default\">\n\t\t\t\t<div class=\"elementor-widget-container\">\n\t\t\t\t\t<h2 class=\"elementor-heading-title elementor-size-default\">Le nouveau simulateur<\/h2>\t\t\t\t<\/div>\n\t\t\t\t<\/div>\n\t\t\t\t<div class=\"elementor-element elementor-element-b6b083d elementor-widget elementor-widget-heading\" data-id=\"b6b083d\" data-element_type=\"widget\" data-e-type=\"widget\" data-widget_type=\"heading.default\">\n\t\t\t\t<div class=\"elementor-widget-container\">\n\t\t\t\t\t<div class=\"elementor-heading-title elementor-size-default\">vRSP - L'efficacit\u00e9 commence dans l'espace virtuel\n\n<\/div>\t\t\t\t<\/div>\n\t\t\t\t<\/div>\n\t\t\t\t<div class=\"elementor-element elementor-element-6b18e50 elementor-widget elementor-widget-text-editor\" data-id=\"6b18e50\" data-element_type=\"widget\" data-e-type=\"widget\" data-widget_type=\"text-editor.default\">\n\t\t\t\t<div class=\"elementor-widget-container\">\n\t\t\t\t\t\t\t\t\t<p>Avec le simulateur de drague aspirante vRSP, d\u00e9couvrez la nouvelle g\u00e9n\u00e9ration d&rsquo;entra\u00eenement de drague aspirante : proche de la r\u00e9alit\u00e9, innovante et efficace.<\/p><p>Optimisez vos performances et pr\u00e9parez-vous virtuellement \u00e0 relever tous les d\u00e9fis - une technologie qui r\u00e9volutionne votre travail.<\/p>\t\t\t\t\t\t\t\t<\/div>\n\t\t\t\t<\/div>\n\t\t\t\t<\/div>\n\t\t<div class=\"elementor-element elementor-element-a544b8a e-con-full e-flex e-con e-child\" data-id=\"a544b8a\" data-element_type=\"container\" data-e-type=\"container\">\n\t\t\t\t<div class=\"elementor-element elementor-element-be45ad2 elementor-widget elementor-widget-image\" data-id=\"be45ad2\" data-element_type=\"widget\" data-e-type=\"widget\" data-widget_type=\"image.default\">\n\t\t\t\t<div class=\"elementor-widget-container\">\n\t\t\t\t\t\t\t\t\t\t\t\t\t\t\t<img loading=\"lazy\" decoding=\"async\" width=\"800\" height=\"450\" src=\"https:\/\/www.rsp.com\/wp-content\/uploads\/2025\/03\/teaser_02_vrsp.png\" class=\"attachment-large size-large wp-image-6183\" alt=\"\" \/>\t\t\t\t\t\t\t\t\t\t\t\t\t\t\t<\/div>\n\t\t\t\t<\/div>\n\t\t\t\t<div class=\"elementor-element elementor-element-f4c0ab3 elementor-widget elementor-widget-heading\" data-id=\"f4c0ab3\" data-element_type=\"widget\" data-e-type=\"widget\" data-widget_type=\"heading.default\">\n\t\t\t\t<div class=\"elementor-widget-container\">\n\t\t\t\t\t<h2 class=\"elementor-heading-title elementor-size-default\">Tester maintenant<\/h2>\t\t\t\t<\/div>\n\t\t\t\t<\/div>\n\t\t\t\t<div class=\"elementor-element elementor-element-be9984c elementor-widget elementor-widget-text-editor\" data-id=\"be9984c\" data-element_type=\"widget\" data-e-type=\"widget\" data-widget_type=\"text-editor.default\">\n\t\t\t\t<div class=\"elementor-widget-container\">\n\t\t\t\t\t\t\t\t\t<p>D\u00e9couvrez l&rsquo;utilisation, la d\u00e9monstration et la formation virtuelles des aspiratrices-excavatrices RSP - de mani\u00e8re interactive et pratique.<br><br><strong>Faites le test vous-m\u00eame. Notre \u00e9quipe se tient \u00e0 votre disposition dans l&rsquo;espace vRSP. <\/strong><\/p><p>Le <strong>vRSP est<\/strong> disponible <strong>en tant qu&rsquo;<\/strong> <strong>exp\u00e9rience multijoueur<\/strong> sur les casques VR mobiles <strong>Meta Quest 3<\/strong>.<\/p>\t\t\t\t\t\t\t\t<\/div>\n\t\t\t\t<\/div>\n\t\t\t\t<\/div>\n\t\t<div class=\"elementor-element elementor-element-0120e33 e-con-full e-flex e-con e-child\" data-id=\"0120e33\" data-element_type=\"container\" data-e-type=\"container\">\n\t\t\t\t<div class=\"elementor-element elementor-element-624e44a elementor-widget elementor-widget-image\" data-id=\"624e44a\" data-element_type=\"widget\" data-e-type=\"widget\" data-widget_type=\"image.default\">\n\t\t\t\t<div class=\"elementor-widget-container\">\n\t\t\t\t\t\t\t\t\t\t\t\t\t\t\t<img loading=\"lazy\" decoding=\"async\" width=\"1\" height=\"1\" src=\"https:\/\/www.rsp.com\/wp-content\/uploads\/2025\/03\/teaser_01_vrsp.png\" class=\"attachment-large size-large wp-image-6180\" alt=\"\" \/>\t\t\t\t\t\t\t\t\t\t\t\t\t\t\t<\/div>\n\t\t\t\t<\/div>\n\t\t\t\t<div class=\"elementor-element elementor-element-6720a42 elementor-widget elementor-widget-heading\" data-id=\"6720a42\" data-element_type=\"widget\" data-e-type=\"widget\" data-widget_type=\"heading.default\">\n\t\t\t\t<div class=\"elementor-widget-container\">\n\t\t\t\t\t<h2 class=\"elementor-heading-title elementor-size-default\">Fonctions et comp\u00e9tences<\/h2>\t\t\t\t<\/div>\n\t\t\t\t<\/div>\n\t\t\t\t<div class=\"elementor-element elementor-element-1c75ac0 elementor-widget elementor-widget-text-editor\" data-id=\"1c75ac0\" data-element_type=\"widget\" data-e-type=\"widget\" data-widget_type=\"text-editor.default\">\n\t\t\t\t<div class=\"elementor-widget-container\">\n\t\t\t\t\t\t\t\t\t<ul><li><strong>Visualisation de produits dans des environnements r\u00e9els (AR)<\/strong><\/li><li>Repr\u00e9sentation de <strong>sc\u00e8nes de formateurs et d&rsquo;apprentis<\/strong> pour un apprentissage interactif<\/li><li><strong>Diff\u00e9rentes t\u00e2ches d&rsquo;entra\u00eenement<\/strong> - avec ou sans fosses d&rsquo;excavation<\/li><li>Simulation de l&rsquo;<strong>ESE6<\/strong> avec et sans articulation rotative<\/li><li>Int\u00e9gration de la <strong>t\u00e9l\u00e9commande Hetronic<\/strong>, y compris le r\u00e9glage gauche\/droite<\/li><li><strong>Infobulles int\u00e9gr\u00e9es (affichage t\u00eate haute)<\/strong> pour une utilisation intuitive, par ex. mise en marche du moteur, mise en marche du ventilateur, s\u00e9lection du niveau d&rsquo;aspiration<\/li><\/ul>\t\t\t\t\t\t\t\t<\/div>\n\t\t\t\t<\/div>\n\t\t\t\t<\/div>\n\t\t\t\t<\/div>\n\t\t\t\t<div class=\"elementor-element elementor-element-3af2cc0 elementor-widget elementor-widget-image\" data-id=\"3af2cc0\" data-element_type=\"widget\" data-e-type=\"widget\" data-widget_type=\"image.default\">\n\t\t\t\t<div class=\"elementor-widget-container\">\n\t\t\t\t\t\t\t\t\t\t\t\t\t\t\t<img loading=\"lazy\" decoding=\"async\" width=\"2560\" height=\"1707\" src=\"https:\/\/www.rsp.com\/wp-content\/uploads\/2025\/03\/teaser_vrsp_3000x2000_1-scaled.jpg\" class=\"attachment-full size-full wp-image-6186\" alt=\"\" srcset=\"https:\/\/www.rsp.com\/wp-content\/uploads\/2025\/03\/teaser_vrsp_3000x2000_1-scaled.jpg 2560w, https:\/\/www.rsp.com\/wp-content\/uploads\/2025\/03\/teaser_vrsp_3000x2000_1-300x200.jpg 300w, https:\/\/www.rsp.com\/wp-content\/uploads\/2025\/03\/teaser_vrsp_3000x2000_1-1024x683.jpg 1024w, https:\/\/www.rsp.com\/wp-content\/uploads\/2025\/03\/teaser_vrsp_3000x2000_1-768x512.jpg 768w, https:\/\/www.rsp.com\/wp-content\/uploads\/2025\/03\/teaser_vrsp_3000x2000_1-1536x1024.jpg 1536w, https:\/\/www.rsp.com\/wp-content\/uploads\/2025\/03\/teaser_vrsp_3000x2000_1-2048x1365.jpg 2048w\" sizes=\"auto, (max-width: 2560px) 100vw, 2560px\" \/>\t\t\t\t\t\t\t\t\t\t\t\t\t\t\t<\/div>\n\t\t\t\t<\/div>\n\t\t\t\t\t<\/div>\n\t\t\t\t<\/div>\n\t\t\t\t<\/div>\n\t\t","protected":false},"excerpt":{"rendered":"<p>vRSP L&rsquo;efficacit\u00e9 commence dans l&rsquo;espace virtuel Le nouveau simulateur vRSP - L&rsquo;efficacit\u00e9 commence dans l&rsquo;espace virtuel Avec le simulateur de drague aspirante vRSP, d\u00e9couvrez la nouvelle g\u00e9n\u00e9ration d&rsquo;entra\u00eenement de drague aspirante : proche de la r\u00e9alit\u00e9, innovante et efficace. Optimisez vos performances et pr\u00e9parez-vous virtuellement \u00e0 relever tous les d\u00e9fis - une technologie qui r\u00e9volutionne [&hellip;]<\/p>\n","protected":false},"author":1,"featured_media":0,"parent":4100,"menu_order":0,"comment_status":"closed","ping_status":"closed","template":"","meta":{"_acf_changed":false,"footnotes":""},"class_list":["post-6191","page","type-page","status-publish","hentry"],"acf":[],"yoast_head":"<!-- This site is optimized with the Yoast SEO Premium plugin v26.9 (Yoast SEO v27.6) - https:\/\/yoast.com\/product\/yoast-seo-premium-wordpress\/ -->\n<title>vRSP - RSP<\/title>\n<meta name=\"robots\" content=\"index, follow, max-snippet:-1, max-image-preview:large, max-video-preview:-1\" \/>\n<link rel=\"canonical\" href=\"https:\/\/www.rsp.com\/fr\/service\/vrsp\/\" \/>\n<meta property=\"og:locale\" content=\"fr_FR\" \/>\n<meta property=\"og:type\" content=\"article\" \/>\n<meta property=\"og:title\" content=\"vRSP\" \/>\n<meta property=\"og:description\" content=\"vRSP L&rsquo;efficacit\u00e9 commence dans l&rsquo;espace virtuel Le nouveau simulateur vRSP - L&rsquo;efficacit\u00e9 commence dans l&rsquo;espace virtuel Avec le simulateur de drague aspirante vRSP, d\u00e9couvrez la nouvelle g\u00e9n\u00e9ration d&rsquo;entra\u00eenement de drague aspirante : proche de la r\u00e9alit\u00e9, innovante et efficace. Optimisez vos performances et pr\u00e9parez-vous virtuellement \u00e0 relever tous les d\u00e9fis - une technologie qui r\u00e9volutionne [&hellip;]\" \/>\n<meta property=\"og:url\" content=\"https:\/\/www.rsp.com\/fr\/service\/vrsp\/\" \/>\n<meta property=\"og:site_name\" content=\"RSP\" \/>\n<meta property=\"article:publisher\" content=\"http:\/\/www.facebook.com\/saugbagger\" \/>\n<meta property=\"article:modified_time\" content=\"2025-04-04T15:09:58+00:00\" \/>\n<meta property=\"og:image\" content=\"https:\/\/www.rsp.com\/wp-content\/uploads\/2025\/03\/teaser_01_vrsp.png\" \/>\n<meta name=\"twitter:card\" content=\"summary_large_image\" \/>\n<meta name=\"twitter:label1\" content=\"Dur\u00e9e de lecture estim\u00e9e\" \/>\n\t<meta name=\"twitter:data1\" content=\"1 minute\" \/>\n<script type=\"application\/ld+json\" class=\"yoast-schema-graph\">{\"@context\":\"https:\\\/\\\/schema.org\",\"@graph\":[{\"@type\":\"WebPage\",\"@id\":\"https:\\\/\\\/www.rsp.com\\\/fr\\\/service\\\/vrsp\\\/\",\"url\":\"https:\\\/\\\/www.rsp.com\\\/fr\\\/service\\\/vrsp\\\/\",\"name\":\"vRSP - RSP\",\"isPartOf\":{\"@id\":\"https:\\\/\\\/www.rsp.com\\\/fr\\\/#website\"},\"primaryImageOfPage\":{\"@id\":\"https:\\\/\\\/www.rsp.com\\\/fr\\\/service\\\/vrsp\\\/#primaryimage\"},\"image\":{\"@id\":\"https:\\\/\\\/www.rsp.com\\\/fr\\\/service\\\/vrsp\\\/#primaryimage\"},\"thumbnailUrl\":\"https:\\\/\\\/www.rsp.com\\\/wp-content\\\/uploads\\\/2025\\\/03\\\/teaser_01_vrsp.png\",\"datePublished\":\"2025-03-27T13:57:50+00:00\",\"dateModified\":\"2025-04-04T15:09:58+00:00\",\"breadcrumb\":{\"@id\":\"https:\\\/\\\/www.rsp.com\\\/fr\\\/service\\\/vrsp\\\/#breadcrumb\"},\"inLanguage\":\"fr-FR\",\"potentialAction\":[{\"@type\":\"ReadAction\",\"target\":[\"https:\\\/\\\/www.rsp.com\\\/fr\\\/service\\\/vrsp\\\/\"]}]},{\"@type\":\"ImageObject\",\"inLanguage\":\"fr-FR\",\"@id\":\"https:\\\/\\\/www.rsp.com\\\/fr\\\/service\\\/vrsp\\\/#primaryimage\",\"url\":\"https:\\\/\\\/www.rsp.com\\\/wp-content\\\/uploads\\\/2025\\\/03\\\/teaser_01_vrsp.png\",\"contentUrl\":\"https:\\\/\\\/www.rsp.com\\\/wp-content\\\/uploads\\\/2025\\\/03\\\/teaser_01_vrsp.png\"},{\"@type\":\"BreadcrumbList\",\"@id\":\"https:\\\/\\\/www.rsp.com\\\/fr\\\/service\\\/vrsp\\\/#breadcrumb\",\"itemListElement\":[{\"@type\":\"ListItem\",\"position\":1,\"name\":\"Startseite\",\"item\":\"https:\\\/\\\/www.rsp.com\\\/fr\\\/\"},{\"@type\":\"ListItem\",\"position\":2,\"name\":\"Service\",\"item\":\"https:\\\/\\\/www.rsp.com\\\/fr\\\/service\\\/\"},{\"@type\":\"ListItem\",\"position\":3,\"name\":\"vRSP\"}]},{\"@type\":\"WebSite\",\"@id\":\"https:\\\/\\\/www.rsp.com\\\/fr\\\/#website\",\"url\":\"https:\\\/\\\/www.rsp.com\\\/fr\\\/\",\"name\":\"RSP Saugbagger - Innovate work\",\"description\":\"Innovate Work\",\"publisher\":{\"@id\":\"https:\\\/\\\/www.rsp.com\\\/fr\\\/#organization\"},\"potentialAction\":[{\"@type\":\"SearchAction\",\"target\":{\"@type\":\"EntryPoint\",\"urlTemplate\":\"https:\\\/\\\/www.rsp.com\\\/fr\\\/?s={search_term_string}\"},\"query-input\":{\"@type\":\"PropertyValueSpecification\",\"valueRequired\":true,\"valueName\":\"search_term_string\"}}],\"inLanguage\":\"fr-FR\"},{\"@type\":\"Organization\",\"@id\":\"https:\\\/\\\/www.rsp.com\\\/fr\\\/#organization\",\"name\":\"RSP GmbH &amp; co. KG\",\"alternateName\":\"RSP\",\"url\":\"https:\\\/\\\/www.rsp.com\\\/fr\\\/\",\"logo\":{\"@type\":\"ImageObject\",\"inLanguage\":\"fr-FR\",\"@id\":\"https:\\\/\\\/www.rsp.com\\\/fr\\\/#\\\/schema\\\/logo\\\/image\\\/\",\"url\":\"https:\\\/\\\/www.rsp.com\\\/wp-content\\\/uploads\\\/2025\\\/03\\\/RSP_Logo-cross_Color-pos_sRGB.svg\",\"contentUrl\":\"https:\\\/\\\/www.rsp.com\\\/wp-content\\\/uploads\\\/2025\\\/03\\\/RSP_Logo-cross_Color-pos_sRGB.svg\",\"width\":82,\"height\":82,\"caption\":\"RSP GmbH &amp; co. KG\"},\"image\":{\"@id\":\"https:\\\/\\\/www.rsp.com\\\/fr\\\/#\\\/schema\\\/logo\\\/image\\\/\"},\"sameAs\":[\"http:\\\/\\\/www.facebook.com\\\/saugbagger\",\"https:\\\/\\\/www.instagram.com\\\/suctionexcavator\",\"https:\\\/\\\/www.linkedin.com\\\/company\\\/reschwitzer-saugbagger-produktions-gmbh-rsp-gmbh-\\\/\",\"http:\\\/\\\/www.youtube.com\\\/user\\\/RSPSuctionExcavator\"],\"description\":\"Die RSP GmbH & Co. KG ist f\u00fchrender Hersteller von Saugbaggern und Spezialfahrzeugen f\u00fcr den Einsatz in der Bau-, Versorgungs- und Kommunalwirtschaft. Mit \u00fcber 30 Jahren Erfahrung, einem internationalen Vertriebsnetz und innovativer Technologie bietet RSP leistungsstarke L\u00f6sungen f\u00fcr sicheres und effizientes Arbeiten \u2013 Made in Germany.\",\"email\":\"info@rsp-germany.com\",\"telephone\":\"+49367157210\",\"legalName\":\"RSP GmbH & Co. KG\",\"foundingDate\":\"1993-04-01\",\"vatID\":\"DE158276339\",\"numberOfEmployees\":{\"@type\":\"QuantitativeValue\",\"minValue\":\"501\",\"maxValue\":\"1000\"}}]}<\/script>\n<!-- \/ Yoast SEO Premium plugin. -->","yoast_head_json":{"title":"vRSP - RSP","robots":{"index":"index","follow":"follow","max-snippet":"max-snippet:-1","max-image-preview":"max-image-preview:large","max-video-preview":"max-video-preview:-1"},"canonical":"https:\/\/www.rsp.com\/fr\/service\/vrsp\/","og_locale":"fr_FR","og_type":"article","og_title":"vRSP","og_description":"vRSP L&rsquo;efficacit\u00e9 commence dans l&rsquo;espace virtuel Le nouveau simulateur vRSP - L&rsquo;efficacit\u00e9 commence dans l&rsquo;espace virtuel Avec le simulateur de drague aspirante vRSP, d\u00e9couvrez la nouvelle g\u00e9n\u00e9ration d&rsquo;entra\u00eenement de drague aspirante : proche de la r\u00e9alit\u00e9, innovante et efficace. Optimisez vos performances et pr\u00e9parez-vous virtuellement \u00e0 relever tous les d\u00e9fis - une technologie qui r\u00e9volutionne [&hellip;]","og_url":"https:\/\/www.rsp.com\/fr\/service\/vrsp\/","og_site_name":"RSP","article_publisher":"http:\/\/www.facebook.com\/saugbagger","article_modified_time":"2025-04-04T15:09:58+00:00","og_image":[{"url":"https:\/\/www.rsp.com\/wp-content\/uploads\/2025\/03\/teaser_01_vrsp.png","type":"","width":"","height":""}],"twitter_card":"summary_large_image","twitter_misc":{"Dur\u00e9e de lecture estim\u00e9e":"1 minute"},"schema":{"@context":"https:\/\/schema.org","@graph":[{"@type":"WebPage","@id":"https:\/\/www.rsp.com\/fr\/service\/vrsp\/","url":"https:\/\/www.rsp.com\/fr\/service\/vrsp\/","name":"vRSP - RSP","isPartOf":{"@id":"https:\/\/www.rsp.com\/fr\/#website"},"primaryImageOfPage":{"@id":"https:\/\/www.rsp.com\/fr\/service\/vrsp\/#primaryimage"},"image":{"@id":"https:\/\/www.rsp.com\/fr\/service\/vrsp\/#primaryimage"},"thumbnailUrl":"https:\/\/www.rsp.com\/wp-content\/uploads\/2025\/03\/teaser_01_vrsp.png","datePublished":"2025-03-27T13:57:50+00:00","dateModified":"2025-04-04T15:09:58+00:00","breadcrumb":{"@id":"https:\/\/www.rsp.com\/fr\/service\/vrsp\/#breadcrumb"},"inLanguage":"fr-FR","potentialAction":[{"@type":"ReadAction","target":["https:\/\/www.rsp.com\/fr\/service\/vrsp\/"]}]},{"@type":"ImageObject","inLanguage":"fr-FR","@id":"https:\/\/www.rsp.com\/fr\/service\/vrsp\/#primaryimage","url":"https:\/\/www.rsp.com\/wp-content\/uploads\/2025\/03\/teaser_01_vrsp.png","contentUrl":"https:\/\/www.rsp.com\/wp-content\/uploads\/2025\/03\/teaser_01_vrsp.png"},{"@type":"BreadcrumbList","@id":"https:\/\/www.rsp.com\/fr\/service\/vrsp\/#breadcrumb","itemListElement":[{"@type":"ListItem","position":1,"name":"Startseite","item":"https:\/\/www.rsp.com\/fr\/"},{"@type":"ListItem","position":2,"name":"Service","item":"https:\/\/www.rsp.com\/fr\/service\/"},{"@type":"ListItem","position":3,"name":"vRSP"}]},{"@type":"WebSite","@id":"https:\/\/www.rsp.com\/fr\/#website","url":"https:\/\/www.rsp.com\/fr\/","name":"RSP Saugbagger - Innovate work","description":"Innovate Work","publisher":{"@id":"https:\/\/www.rsp.com\/fr\/#organization"},"potentialAction":[{"@type":"SearchAction","target":{"@type":"EntryPoint","urlTemplate":"https:\/\/www.rsp.com\/fr\/?s={search_term_string}"},"query-input":{"@type":"PropertyValueSpecification","valueRequired":true,"valueName":"search_term_string"}}],"inLanguage":"fr-FR"},{"@type":"Organization","@id":"https:\/\/www.rsp.com\/fr\/#organization","name":"RSP GmbH &amp; co. KG","alternateName":"RSP","url":"https:\/\/www.rsp.com\/fr\/","logo":{"@type":"ImageObject","inLanguage":"fr-FR","@id":"https:\/\/www.rsp.com\/fr\/#\/schema\/logo\/image\/","url":"https:\/\/www.rsp.com\/wp-content\/uploads\/2025\/03\/RSP_Logo-cross_Color-pos_sRGB.svg","contentUrl":"https:\/\/www.rsp.com\/wp-content\/uploads\/2025\/03\/RSP_Logo-cross_Color-pos_sRGB.svg","width":82,"height":82,"caption":"RSP GmbH &amp; co. KG"},"image":{"@id":"https:\/\/www.rsp.com\/fr\/#\/schema\/logo\/image\/"},"sameAs":["http:\/\/www.facebook.com\/saugbagger","https:\/\/www.instagram.com\/suctionexcavator","https:\/\/www.linkedin.com\/company\/reschwitzer-saugbagger-produktions-gmbh-rsp-gmbh-\/","http:\/\/www.youtube.com\/user\/RSPSuctionExcavator"],"description":"Die RSP GmbH & Co. KG ist f\u00fchrender Hersteller von Saugbaggern und Spezialfahrzeugen f\u00fcr den Einsatz in der Bau-, Versorgungs- und Kommunalwirtschaft. Mit \u00fcber 30 Jahren Erfahrung, einem internationalen Vertriebsnetz und innovativer Technologie bietet RSP leistungsstarke L\u00f6sungen f\u00fcr sicheres und effizientes Arbeiten \u2013 Made in Germany.","email":"info@rsp-germany.com","telephone":"+49367157210","legalName":"RSP GmbH & Co. KG","foundingDate":"1993-04-01","vatID":"DE158276339","numberOfEmployees":{"@type":"QuantitativeValue","minValue":"501","maxValue":"1000"}}]}},"_links":{"self":[{"href":"https:\/\/www.rsp.com\/fr\/wp-json\/wp\/v2\/pages\/6191","targetHints":{"allow":["GET"]}}],"collection":[{"href":"https:\/\/www.rsp.com\/fr\/wp-json\/wp\/v2\/pages"}],"about":[{"href":"https:\/\/www.rsp.com\/fr\/wp-json\/wp\/v2\/types\/page"}],"author":[{"embeddable":true,"href":"https:\/\/www.rsp.com\/fr\/wp-json\/wp\/v2\/users\/1"}],"replies":[{"embeddable":true,"href":"https:\/\/www.rsp.com\/fr\/wp-json\/wp\/v2\/comments?post=6191"}],"version-history":[{"count":0,"href":"https:\/\/www.rsp.com\/fr\/wp-json\/wp\/v2\/pages\/6191\/revisions"}],"up":[{"embeddable":true,"href":"https:\/\/www.rsp.com\/fr\/wp-json\/wp\/v2\/pages\/4100"}],"wp:attachment":[{"href":"https:\/\/www.rsp.com\/fr\/wp-json\/wp\/v2\/media?parent=6191"}],"curies":[{"name":"wp","href":"https:\/\/api.w.org\/{rel}","templated":true}]}}