{"id":6206,"date":"2025-03-27T14:06:42","date_gmt":"2025-03-27T14:06:42","guid":{"rendered":"https:\/\/www.rsp.com\/accessoires-originaux\/"},"modified":"2026-03-19T16:50:42","modified_gmt":"2026-03-19T16:50:42","slug":"accessoires-originaux","status":"publish","type":"page","link":"https:\/\/www.rsp.com\/fr\/service\/accessoires-originaux\/","title":{"rendered":"Accessoires originaux"},"content":{"rendered":"\t\t<div data-elementor-type=\"wp-page\" data-elementor-id=\"6206\" class=\"elementor elementor-6206 elementor-6199\" data-elementor-post-type=\"page\">\n\t\t\t\t<div class=\"elementor-element elementor-element-f8d788a e-flex e-con-boxed e-con e-parent\" data-id=\"f8d788a\" data-element_type=\"container\" data-e-type=\"container\">\n\t\t\t\t\t<div class=\"e-con-inner\">\n\t\t\t\t<div class=\"elementor-element elementor-element-e64c01a elementor-widget elementor-widget-heading\" data-id=\"e64c01a\" data-element_type=\"widget\" data-e-type=\"widget\" data-widget_type=\"heading.default\">\n\t\t\t\t<div class=\"elementor-widget-container\">\n\t\t\t\t\t<h1 class=\"elementor-heading-title elementor-size-default\">Accessoires originaux<\/h1>\t\t\t\t<\/div>\n\t\t\t\t<\/div>\n\t\t<div class=\"elementor-element elementor-element-bb02a5f e-grid e-con-full e-con e-child\" data-id=\"bb02a5f\" data-element_type=\"container\" data-e-type=\"container\">\n\t\t<div class=\"elementor-element elementor-element-a715b56 e-con-full e-flex e-con e-child\" data-id=\"a715b56\" data-element_type=\"container\" data-e-type=\"container\">\n\t\t\t\t<div class=\"elementor-element elementor-element-1c09140 elementor-widget elementor-widget-image\" data-id=\"1c09140\" data-element_type=\"widget\" data-e-type=\"widget\" data-widget_type=\"image.default\">\n\t\t\t\t<div class=\"elementor-widget-container\">\n\t\t\t\t\t\t\t\t\t\t\t\t\t\t\t<img loading=\"lazy\" decoding=\"async\" width=\"800\" height=\"800\" src=\"https:\/\/www.rsp.com\/wp-content\/uploads\/2025\/04\/pneumatic_spade.1200x0-1024x1024.png\" class=\"attachment-large size-large wp-image-7116\" alt=\"\" srcset=\"https:\/\/www.rsp.com\/wp-content\/uploads\/2025\/04\/pneumatic_spade.1200x0-1024x1024.png 1024w, https:\/\/www.rsp.com\/wp-content\/uploads\/2025\/04\/pneumatic_spade.1200x0-300x300.png 300w, https:\/\/www.rsp.com\/wp-content\/uploads\/2025\/04\/pneumatic_spade.1200x0-150x150.png 150w, https:\/\/www.rsp.com\/wp-content\/uploads\/2025\/04\/pneumatic_spade.1200x0-768x768.png 768w, https:\/\/www.rsp.com\/wp-content\/uploads\/2025\/04\/pneumatic_spade.1200x0.png 1200w\" sizes=\"auto, (max-width: 800px) 100vw, 800px\" \/>\t\t\t\t\t\t\t\t\t\t\t\t\t\t\t<\/div>\n\t\t\t\t<\/div>\n\t\t\t\t<div class=\"elementor-element elementor-element-8fd80a6 elementor-widget elementor-widget-heading\" data-id=\"8fd80a6\" data-element_type=\"widget\" data-e-type=\"widget\" data-widget_type=\"heading.default\">\n\t\t\t\t<div class=\"elementor-widget-container\">\n\t\t\t\t\t<h2 class=\"elementor-heading-title elementor-size-default\">B\u00eache \u00e0 air comprim\u00e9 RSP avec poign\u00e9e en T<\/h2>\t\t\t\t<\/div>\n\t\t\t\t<\/div>\n\t\t\t\t<div class=\"elementor-element elementor-element-58f016f elementor-widget elementor-widget-text-editor\" data-id=\"58f016f\" data-element_type=\"widget\" data-e-type=\"widget\" data-widget_type=\"text-editor.default\">\n\t\t\t\t<div class=\"elementor-widget-container\">\n\t\t\t\t\t\t\t\t\t<p>Inclut un tuyau d&rsquo;air comprim\u00e9 de 10 m, une lame de b\u00eache de fouille 140 x 200 mm, un burin plat 50 mm et un adaptateur<\/p><p><strong>Application<\/strong><\/p><ul><li>B\u00eache pneumatique \u00e0 basse fr\u00e9quence de frappe<\/li><li>Puissance de frappe \u00e9lev\u00e9e et logement de burin robuste de 18 mm<\/li><li>convient particuli\u00e8rement aux travaux horizontaux, par exemple pour creuser, d\u00e9foncer, compacter et pilonner <\/li><li>corps de l&rsquo;actionneur en forme de D et poign\u00e9e lat\u00e9rale (r\u00e9glable)<\/li><li>Syst\u00e8me anti-vibrations<\/li><\/ul>\t\t\t\t\t\t\t\t<\/div>\n\t\t\t\t<\/div>\n\t\t\t\t<\/div>\n\t\t<div class=\"elementor-element elementor-element-0b4b645 e-con-full e-flex e-con e-child\" data-id=\"0b4b645\" data-element_type=\"container\" data-e-type=\"container\">\n\t\t\t\t<div class=\"elementor-element elementor-element-21f4a59 elementor-widget elementor-widget-image\" data-id=\"21f4a59\" data-element_type=\"widget\" data-e-type=\"widget\" data-widget_type=\"image.default\">\n\t\t\t\t<div class=\"elementor-widget-container\">\n\t\t\t\t\t\t\t\t\t\t\t\t\t\t\t<img loading=\"lazy\" decoding=\"async\" width=\"800\" height=\"800\" src=\"https:\/\/www.rsp.com\/wp-content\/uploads\/2025\/04\/manual_rsp_flat_suction_device.1200x0-1024x1024.png\" class=\"attachment-large size-large wp-image-7113\" alt=\"\" srcset=\"https:\/\/www.rsp.com\/wp-content\/uploads\/2025\/04\/manual_rsp_flat_suction_device.1200x0-1024x1024.png 1024w, https:\/\/www.rsp.com\/wp-content\/uploads\/2025\/04\/manual_rsp_flat_suction_device.1200x0-300x300.png 300w, https:\/\/www.rsp.com\/wp-content\/uploads\/2025\/04\/manual_rsp_flat_suction_device.1200x0-150x150.png 150w, https:\/\/www.rsp.com\/wp-content\/uploads\/2025\/04\/manual_rsp_flat_suction_device.1200x0-768x768.png 768w, https:\/\/www.rsp.com\/wp-content\/uploads\/2025\/04\/manual_rsp_flat_suction_device.1200x0.png 1200w\" sizes=\"auto, (max-width: 800px) 100vw, 800px\" \/>\t\t\t\t\t\t\t\t\t\t\t\t\t\t\t<\/div>\n\t\t\t\t<\/div>\n\t\t\t\t<div class=\"elementor-element elementor-element-eea59b8 elementor-widget elementor-widget-heading\" data-id=\"eea59b8\" data-element_type=\"widget\" data-e-type=\"widget\" data-widget_type=\"heading.default\">\n\t\t\t\t<div class=\"elementor-widget-container\">\n\t\t\t\t\t<h2 class=\"elementor-heading-title elementor-size-default\">Dispositif manuel d'aspiration du lin RSP<\/h2>\t\t\t\t<\/div>\n\t\t\t\t<\/div>\n\t\t\t\t<div class=\"elementor-element elementor-element-8086189 elementor-widget elementor-widget-text-editor\" data-id=\"8086189\" data-element_type=\"widget\" data-e-type=\"widget\" data-widget_type=\"text-editor.default\">\n\t\t\t\t<div class=\"elementor-widget-container\">\n\t\t\t\t\t\t\t\t\t<p>Entr\u00e9e de la t\u00e9tine et poign\u00e9e r\u00e9glables.<\/p><p><strong>Application<\/strong><\/p><ul><li>pour les applications d&rsquo;aspiration planes comme par ex. R\u00e9novation d&rsquo;un toit plat<\/li><li>pour les surfaces planes \u00e9troites ou difficiles d&rsquo;acc\u00e8s<\/li><li>les surfaces planes avec des mat\u00e9riaux dissous tels que le sable et le gravier rond <\/li><\/ul>\t\t\t\t\t\t\t\t<\/div>\n\t\t\t\t<\/div>\n\t\t\t\t<\/div>\n\t\t<div class=\"elementor-element elementor-element-89a8ba6 e-con-full e-flex e-con e-child\" data-id=\"89a8ba6\" data-element_type=\"container\" data-e-type=\"container\">\n\t\t\t\t<div class=\"elementor-element elementor-element-63d513a elementor-widget elementor-widget-image\" data-id=\"63d513a\" data-element_type=\"widget\" data-e-type=\"widget\" data-widget_type=\"image.default\">\n\t\t\t\t<div class=\"elementor-widget-container\">\n\t\t\t\t\t\t\t\t\t\t\t\t\t\t\t<img loading=\"lazy\" decoding=\"async\" width=\"800\" height=\"800\" src=\"https:\/\/www.rsp.com\/wp-content\/uploads\/2025\/04\/gummi.1200x0-1024x1024.png\" class=\"attachment-large size-large wp-image-7110\" alt=\"\" srcset=\"https:\/\/www.rsp.com\/wp-content\/uploads\/2025\/04\/gummi.1200x0-1024x1024.png 1024w, https:\/\/www.rsp.com\/wp-content\/uploads\/2025\/04\/gummi.1200x0-300x300.png 300w, https:\/\/www.rsp.com\/wp-content\/uploads\/2025\/04\/gummi.1200x0-150x150.png 150w, https:\/\/www.rsp.com\/wp-content\/uploads\/2025\/04\/gummi.1200x0-768x768.png 768w, https:\/\/www.rsp.com\/wp-content\/uploads\/2025\/04\/gummi.1200x0.png 1200w\" sizes=\"auto, (max-width: 800px) 100vw, 800px\" \/>\t\t\t\t\t\t\t\t\t\t\t\t\t\t\t<\/div>\n\t\t\t\t<\/div>\n\t\t\t\t<div class=\"elementor-element elementor-element-716d893 elementor-widget elementor-widget-heading\" data-id=\"716d893\" data-element_type=\"widget\" data-e-type=\"widget\" data-widget_type=\"heading.default\">\n\t\t\t\t<div class=\"elementor-widget-container\">\n\t\t\t\t\t<h2 class=\"elementor-heading-title elementor-size-default\">RSP Embout en caoutchouc<\/h2>\t\t\t\t<\/div>\n\t\t\t\t<\/div>\n\t\t\t\t<div class=\"elementor-element elementor-element-14b5020 elementor-widget elementor-widget-text-editor\" data-id=\"14b5020\" data-element_type=\"widget\" data-e-type=\"widget\" data-widget_type=\"text-editor.default\">\n\t\t\t\t<div class=\"elementor-widget-container\">\n\t\t\t\t\t\t\t\t\t<p>Inclut un tuyau d&rsquo;air comprim\u00e9 de 10 m, une lame de b\u00eache de fouille 140 x 200 mm, un burin plat 50 mm et un adaptateur<\/p><p><strong>Application<\/strong><\/p><ul><li>B\u00eache pneumatique \u00e0 basse fr\u00e9quence de frappe<\/li><li>Puissance de frappe \u00e9lev\u00e9e et logement de burin robuste de 18 mm<\/li><li>convient particuli\u00e8rement aux travaux horizontaux, par exemple pour creuser, d\u00e9foncer, compacter et pilonner <\/li><li>corps de l&rsquo;actionneur en forme de D et poign\u00e9e lat\u00e9rale (r\u00e9glable)<\/li><li>Syst\u00e8me anti-vibrations<\/li><\/ul>\t\t\t\t\t\t\t\t<\/div>\n\t\t\t\t<\/div>\n\t\t\t\t<\/div>\n\t\t\t\t<\/div>\n\t\t\t\t<div class=\"elementor-element elementor-element-6151343 elementor-widget elementor-widget-text-editor\" data-id=\"6151343\" data-element_type=\"widget\" data-e-type=\"widget\" data-widget_type=\"text-editor.default\">\n\t\t\t\t<div class=\"elementor-widget-container\">\n\t\t\t\t\t\t\t\t\t<p>Dans notre nouvelle boutique en ligne, vous trouverez une multitude d&rsquo;accessoires et de pi\u00e8ces de rechange d&rsquo;origine.<\/p>\t\t\t\t\t\t\t\t<\/div>\n\t\t\t\t<\/div>\n\t\t\t\t<div class=\"elementor-element elementor-element-6fadb2e rsp-button rsp-button-right-invert elementor-widget__width-auto elementor-widget elementor-widget-global elementor-global-7132 elementor-global-7124 elementor-widget-button\" data-id=\"6fadb2e\" data-element_type=\"widget\" data-e-type=\"widget\" data-widget_type=\"button.default\">\n\t\t\t\t<div class=\"elementor-widget-container\">\n\t\t\t\t\t\t\t\t\t<div class=\"elementor-button-wrapper\">\n\t\t\t\t\t<a class=\"elementor-button elementor-button-link elementor-size-sm\" href=\"http:\/\/shop.rsp.com\/\">\n\t\t\t\t\t\t<span class=\"elementor-button-content-wrapper\">\n\t\t\t\t\t\t\t\t\t<span class=\"elementor-button-text\">Vers la boutique<\/span>\n\t\t\t\t\t<\/span>\n\t\t\t\t\t<\/a>\n\t\t\t\t<\/div>\n\t\t\t\t\t\t\t\t<\/div>\n\t\t\t\t<\/div>\n\t\t\t\t\t<\/div>\n\t\t\t\t<\/div>\n\t\t\t\t<\/div>\n\t\t","protected":false},"excerpt":{"rendered":"<p>Accessoires originaux B\u00eache \u00e0 air comprim\u00e9 RSP avec poign\u00e9e en T Inclut un tuyau d&rsquo;air comprim\u00e9 de 10 m, une lame de b\u00eache de fouille 140 x 200 mm, un burin plat 50 mm et un adaptateur Application B\u00eache pneumatique \u00e0 basse fr\u00e9quence de frappe Puissance de frappe \u00e9lev\u00e9e et logement de burin robuste de [&hellip;]<\/p>\n","protected":false},"author":1,"featured_media":0,"parent":4100,"menu_order":0,"comment_status":"closed","ping_status":"closed","template":"","meta":{"_acf_changed":false,"footnotes":""},"class_list":["post-6206","page","type-page","status-publish","hentry"],"acf":[],"yoast_head":"<!-- This site is optimized with the Yoast SEO Premium plugin v26.9 (Yoast SEO v27.5) - https:\/\/yoast.com\/product\/yoast-seo-premium-wordpress\/ -->\n<title>Accessoires originaux - RSP<\/title>\n<meta name=\"robots\" content=\"index, follow, max-snippet:-1, max-image-preview:large, max-video-preview:-1\" \/>\n<link rel=\"canonical\" href=\"https:\/\/www.rsp.com\/fr\/service\/accessoires-originaux\/\" \/>\n<meta property=\"og:locale\" content=\"fr_FR\" \/>\n<meta property=\"og:type\" content=\"article\" \/>\n<meta property=\"og:title\" content=\"Accessoires originaux\" \/>\n<meta property=\"og:description\" content=\"Accessoires originaux B\u00eache \u00e0 air comprim\u00e9 RSP avec poign\u00e9e en T Inclut un tuyau d&rsquo;air comprim\u00e9 de 10 m, une lame de b\u00eache de fouille 140 x 200 mm, un burin plat 50 mm et un adaptateur Application B\u00eache pneumatique \u00e0 basse fr\u00e9quence de frappe Puissance de frappe \u00e9lev\u00e9e et logement de burin robuste de [&hellip;]\" \/>\n<meta property=\"og:url\" content=\"https:\/\/www.rsp.com\/fr\/service\/accessoires-originaux\/\" \/>\n<meta property=\"og:site_name\" content=\"RSP\" \/>\n<meta property=\"article:publisher\" content=\"http:\/\/www.facebook.com\/saugbagger\" \/>\n<meta property=\"article:modified_time\" content=\"2026-03-19T16:50:42+00:00\" \/>\n<meta property=\"og:image\" content=\"https:\/\/www.rsp.com\/wp-content\/uploads\/2025\/04\/pneumatic_spade.1200x0.png\" \/>\n\t<meta property=\"og:image:width\" content=\"1200\" \/>\n\t<meta property=\"og:image:height\" content=\"1200\" \/>\n\t<meta property=\"og:image:type\" content=\"image\/png\" \/>\n<meta name=\"twitter:card\" content=\"summary_large_image\" \/>\n<meta name=\"twitter:label1\" content=\"Dur\u00e9e de lecture estim\u00e9e\" \/>\n\t<meta name=\"twitter:data1\" content=\"1 minute\" \/>\n<script type=\"application\/ld+json\" class=\"yoast-schema-graph\">{\"@context\":\"https:\\\/\\\/schema.org\",\"@graph\":[{\"@type\":\"WebPage\",\"@id\":\"https:\\\/\\\/www.rsp.com\\\/fr\\\/service\\\/accessoires-originaux\\\/\",\"url\":\"https:\\\/\\\/www.rsp.com\\\/fr\\\/service\\\/accessoires-originaux\\\/\",\"name\":\"Accessoires originaux - RSP\",\"isPartOf\":{\"@id\":\"https:\\\/\\\/www.rsp.com\\\/fr\\\/#website\"},\"primaryImageOfPage\":{\"@id\":\"https:\\\/\\\/www.rsp.com\\\/fr\\\/service\\\/accessoires-originaux\\\/#primaryimage\"},\"image\":{\"@id\":\"https:\\\/\\\/www.rsp.com\\\/fr\\\/service\\\/accessoires-originaux\\\/#primaryimage\"},\"thumbnailUrl\":\"https:\\\/\\\/www.rsp.com\\\/wp-content\\\/uploads\\\/2025\\\/04\\\/pneumatic_spade.1200x0-1024x1024.png\",\"datePublished\":\"2025-03-27T14:06:42+00:00\",\"dateModified\":\"2026-03-19T16:50:42+00:00\",\"breadcrumb\":{\"@id\":\"https:\\\/\\\/www.rsp.com\\\/fr\\\/service\\\/accessoires-originaux\\\/#breadcrumb\"},\"inLanguage\":\"fr-FR\",\"potentialAction\":[{\"@type\":\"ReadAction\",\"target\":[\"https:\\\/\\\/www.rsp.com\\\/fr\\\/service\\\/accessoires-originaux\\\/\"]}]},{\"@type\":\"ImageObject\",\"inLanguage\":\"fr-FR\",\"@id\":\"https:\\\/\\\/www.rsp.com\\\/fr\\\/service\\\/accessoires-originaux\\\/#primaryimage\",\"url\":\"https:\\\/\\\/www.rsp.com\\\/wp-content\\\/uploads\\\/2025\\\/04\\\/pneumatic_spade.1200x0-1024x1024.png\",\"contentUrl\":\"https:\\\/\\\/www.rsp.com\\\/wp-content\\\/uploads\\\/2025\\\/04\\\/pneumatic_spade.1200x0-1024x1024.png\"},{\"@type\":\"BreadcrumbList\",\"@id\":\"https:\\\/\\\/www.rsp.com\\\/fr\\\/service\\\/accessoires-originaux\\\/#breadcrumb\",\"itemListElement\":[{\"@type\":\"ListItem\",\"position\":1,\"name\":\"Startseite\",\"item\":\"https:\\\/\\\/www.rsp.com\\\/fr\\\/\"},{\"@type\":\"ListItem\",\"position\":2,\"name\":\"Service\",\"item\":\"https:\\\/\\\/www.rsp.com\\\/fr\\\/service\\\/\"},{\"@type\":\"ListItem\",\"position\":3,\"name\":\"Accessoires originaux\"}]},{\"@type\":\"WebSite\",\"@id\":\"https:\\\/\\\/www.rsp.com\\\/fr\\\/#website\",\"url\":\"https:\\\/\\\/www.rsp.com\\\/fr\\\/\",\"name\":\"RSP Saugbagger - Innovate work\",\"description\":\"Innovate Work\",\"publisher\":{\"@id\":\"https:\\\/\\\/www.rsp.com\\\/fr\\\/#organization\"},\"potentialAction\":[{\"@type\":\"SearchAction\",\"target\":{\"@type\":\"EntryPoint\",\"urlTemplate\":\"https:\\\/\\\/www.rsp.com\\\/fr\\\/?s={search_term_string}\"},\"query-input\":{\"@type\":\"PropertyValueSpecification\",\"valueRequired\":true,\"valueName\":\"search_term_string\"}}],\"inLanguage\":\"fr-FR\"},{\"@type\":\"Organization\",\"@id\":\"https:\\\/\\\/www.rsp.com\\\/fr\\\/#organization\",\"name\":\"RSP GmbH &amp; co. KG\",\"alternateName\":\"RSP\",\"url\":\"https:\\\/\\\/www.rsp.com\\\/fr\\\/\",\"logo\":{\"@type\":\"ImageObject\",\"inLanguage\":\"fr-FR\",\"@id\":\"https:\\\/\\\/www.rsp.com\\\/fr\\\/#\\\/schema\\\/logo\\\/image\\\/\",\"url\":\"https:\\\/\\\/www.rsp.com\\\/wp-content\\\/uploads\\\/2025\\\/03\\\/RSP_Logo-cross_Color-pos_sRGB.svg\",\"contentUrl\":\"https:\\\/\\\/www.rsp.com\\\/wp-content\\\/uploads\\\/2025\\\/03\\\/RSP_Logo-cross_Color-pos_sRGB.svg\",\"width\":82,\"height\":82,\"caption\":\"RSP GmbH &amp; co. KG\"},\"image\":{\"@id\":\"https:\\\/\\\/www.rsp.com\\\/fr\\\/#\\\/schema\\\/logo\\\/image\\\/\"},\"sameAs\":[\"http:\\\/\\\/www.facebook.com\\\/saugbagger\",\"https:\\\/\\\/www.instagram.com\\\/suctionexcavator\",\"https:\\\/\\\/www.linkedin.com\\\/company\\\/reschwitzer-saugbagger-produktions-gmbh-rsp-gmbh-\\\/\",\"http:\\\/\\\/www.youtube.com\\\/user\\\/RSPSuctionExcavator\"],\"description\":\"Die RSP GmbH & Co. KG ist f\u00fchrender Hersteller von Saugbaggern und Spezialfahrzeugen f\u00fcr den Einsatz in der Bau-, Versorgungs- und Kommunalwirtschaft. Mit \u00fcber 30 Jahren Erfahrung, einem internationalen Vertriebsnetz und innovativer Technologie bietet RSP leistungsstarke L\u00f6sungen f\u00fcr sicheres und effizientes Arbeiten \u2013 Made in Germany.\",\"email\":\"info@rsp-germany.com\",\"telephone\":\"+49367157210\",\"legalName\":\"RSP GmbH & Co. KG\",\"foundingDate\":\"1993-04-01\",\"vatID\":\"DE158276339\",\"numberOfEmployees\":{\"@type\":\"QuantitativeValue\",\"minValue\":\"501\",\"maxValue\":\"1000\"}}]}<\/script>\n<!-- \/ Yoast SEO Premium plugin. -->","yoast_head_json":{"title":"Accessoires originaux - RSP","robots":{"index":"index","follow":"follow","max-snippet":"max-snippet:-1","max-image-preview":"max-image-preview:large","max-video-preview":"max-video-preview:-1"},"canonical":"https:\/\/www.rsp.com\/fr\/service\/accessoires-originaux\/","og_locale":"fr_FR","og_type":"article","og_title":"Accessoires originaux","og_description":"Accessoires originaux B\u00eache \u00e0 air comprim\u00e9 RSP avec poign\u00e9e en T Inclut un tuyau d&rsquo;air comprim\u00e9 de 10 m, une lame de b\u00eache de fouille 140 x 200 mm, un burin plat 50 mm et un adaptateur Application B\u00eache pneumatique \u00e0 basse fr\u00e9quence de frappe Puissance de frappe \u00e9lev\u00e9e et logement de burin robuste de [&hellip;]","og_url":"https:\/\/www.rsp.com\/fr\/service\/accessoires-originaux\/","og_site_name":"RSP","article_publisher":"http:\/\/www.facebook.com\/saugbagger","article_modified_time":"2026-03-19T16:50:42+00:00","og_image":[{"width":1200,"height":1200,"url":"https:\/\/www.rsp.com\/wp-content\/uploads\/2025\/04\/pneumatic_spade.1200x0.png","type":"image\/png"}],"twitter_card":"summary_large_image","twitter_misc":{"Dur\u00e9e de lecture estim\u00e9e":"1 minute"},"schema":{"@context":"https:\/\/schema.org","@graph":[{"@type":"WebPage","@id":"https:\/\/www.rsp.com\/fr\/service\/accessoires-originaux\/","url":"https:\/\/www.rsp.com\/fr\/service\/accessoires-originaux\/","name":"Accessoires originaux - RSP","isPartOf":{"@id":"https:\/\/www.rsp.com\/fr\/#website"},"primaryImageOfPage":{"@id":"https:\/\/www.rsp.com\/fr\/service\/accessoires-originaux\/#primaryimage"},"image":{"@id":"https:\/\/www.rsp.com\/fr\/service\/accessoires-originaux\/#primaryimage"},"thumbnailUrl":"https:\/\/www.rsp.com\/wp-content\/uploads\/2025\/04\/pneumatic_spade.1200x0-1024x1024.png","datePublished":"2025-03-27T14:06:42+00:00","dateModified":"2026-03-19T16:50:42+00:00","breadcrumb":{"@id":"https:\/\/www.rsp.com\/fr\/service\/accessoires-originaux\/#breadcrumb"},"inLanguage":"fr-FR","potentialAction":[{"@type":"ReadAction","target":["https:\/\/www.rsp.com\/fr\/service\/accessoires-originaux\/"]}]},{"@type":"ImageObject","inLanguage":"fr-FR","@id":"https:\/\/www.rsp.com\/fr\/service\/accessoires-originaux\/#primaryimage","url":"https:\/\/www.rsp.com\/wp-content\/uploads\/2025\/04\/pneumatic_spade.1200x0-1024x1024.png","contentUrl":"https:\/\/www.rsp.com\/wp-content\/uploads\/2025\/04\/pneumatic_spade.1200x0-1024x1024.png"},{"@type":"BreadcrumbList","@id":"https:\/\/www.rsp.com\/fr\/service\/accessoires-originaux\/#breadcrumb","itemListElement":[{"@type":"ListItem","position":1,"name":"Startseite","item":"https:\/\/www.rsp.com\/fr\/"},{"@type":"ListItem","position":2,"name":"Service","item":"https:\/\/www.rsp.com\/fr\/service\/"},{"@type":"ListItem","position":3,"name":"Accessoires originaux"}]},{"@type":"WebSite","@id":"https:\/\/www.rsp.com\/fr\/#website","url":"https:\/\/www.rsp.com\/fr\/","name":"RSP Saugbagger - Innovate work","description":"Innovate Work","publisher":{"@id":"https:\/\/www.rsp.com\/fr\/#organization"},"potentialAction":[{"@type":"SearchAction","target":{"@type":"EntryPoint","urlTemplate":"https:\/\/www.rsp.com\/fr\/?s={search_term_string}"},"query-input":{"@type":"PropertyValueSpecification","valueRequired":true,"valueName":"search_term_string"}}],"inLanguage":"fr-FR"},{"@type":"Organization","@id":"https:\/\/www.rsp.com\/fr\/#organization","name":"RSP GmbH &amp; co. KG","alternateName":"RSP","url":"https:\/\/www.rsp.com\/fr\/","logo":{"@type":"ImageObject","inLanguage":"fr-FR","@id":"https:\/\/www.rsp.com\/fr\/#\/schema\/logo\/image\/","url":"https:\/\/www.rsp.com\/wp-content\/uploads\/2025\/03\/RSP_Logo-cross_Color-pos_sRGB.svg","contentUrl":"https:\/\/www.rsp.com\/wp-content\/uploads\/2025\/03\/RSP_Logo-cross_Color-pos_sRGB.svg","width":82,"height":82,"caption":"RSP GmbH &amp; co. KG"},"image":{"@id":"https:\/\/www.rsp.com\/fr\/#\/schema\/logo\/image\/"},"sameAs":["http:\/\/www.facebook.com\/saugbagger","https:\/\/www.instagram.com\/suctionexcavator","https:\/\/www.linkedin.com\/company\/reschwitzer-saugbagger-produktions-gmbh-rsp-gmbh-\/","http:\/\/www.youtube.com\/user\/RSPSuctionExcavator"],"description":"Die RSP GmbH & Co. KG ist f\u00fchrender Hersteller von Saugbaggern und Spezialfahrzeugen f\u00fcr den Einsatz in der Bau-, Versorgungs- und Kommunalwirtschaft. Mit \u00fcber 30 Jahren Erfahrung, einem internationalen Vertriebsnetz und innovativer Technologie bietet RSP leistungsstarke L\u00f6sungen f\u00fcr sicheres und effizientes Arbeiten \u2013 Made in Germany.","email":"info@rsp-germany.com","telephone":"+49367157210","legalName":"RSP GmbH & Co. KG","foundingDate":"1993-04-01","vatID":"DE158276339","numberOfEmployees":{"@type":"QuantitativeValue","minValue":"501","maxValue":"1000"}}]}},"_links":{"self":[{"href":"https:\/\/www.rsp.com\/fr\/wp-json\/wp\/v2\/pages\/6206","targetHints":{"allow":["GET"]}}],"collection":[{"href":"https:\/\/www.rsp.com\/fr\/wp-json\/wp\/v2\/pages"}],"about":[{"href":"https:\/\/www.rsp.com\/fr\/wp-json\/wp\/v2\/types\/page"}],"author":[{"embeddable":true,"href":"https:\/\/www.rsp.com\/fr\/wp-json\/wp\/v2\/users\/1"}],"replies":[{"embeddable":true,"href":"https:\/\/www.rsp.com\/fr\/wp-json\/wp\/v2\/comments?post=6206"}],"version-history":[{"count":1,"href":"https:\/\/www.rsp.com\/fr\/wp-json\/wp\/v2\/pages\/6206\/revisions"}],"predecessor-version":[{"id":17086,"href":"https:\/\/www.rsp.com\/fr\/wp-json\/wp\/v2\/pages\/6206\/revisions\/17086"}],"up":[{"embeddable":true,"href":"https:\/\/www.rsp.com\/fr\/wp-json\/wp\/v2\/pages\/4100"}],"wp:attachment":[{"href":"https:\/\/www.rsp.com\/fr\/wp-json\/wp\/v2\/media?parent=6206"}],"curies":[{"name":"wp","href":"https:\/\/api.w.org\/{rel}","templated":true}]}}