{"id":7171,"date":"2025-04-02T18:24:58","date_gmt":"2025-04-02T18:24:58","guid":{"rendered":"https:\/\/www.rsp.com\/connect\/"},"modified":"2026-05-07T10:23:12","modified_gmt":"2026-05-07T10:23:12","slug":"connect","status":"publish","type":"page","link":"https:\/\/www.rsp.com\/fr\/service\/connect\/","title":{"rendered":"Connect"},"content":{"rendered":"\t\t<div data-elementor-type=\"wp-page\" data-elementor-id=\"7171\" class=\"elementor elementor-7171 elementor-7157\" data-elementor-post-type=\"page\">\n\t\t\t\t<div class=\"elementor-element elementor-element-1d2ca17 e-flex e-con-boxed e-con e-parent\" data-id=\"1d2ca17\" data-element_type=\"container\" data-e-type=\"container\">\n\t\t\t\t\t<div class=\"e-con-inner\">\n\t\t\t\t<div class=\"elementor-element elementor-element-d14913b elementor-widget elementor-widget-heading\" data-id=\"d14913b\" data-element_type=\"widget\" data-e-type=\"widget\" data-widget_type=\"heading.default\">\n\t\t\t\t<div class=\"elementor-widget-container\">\n\t\t\t\t\t<h1 class=\"elementor-heading-title elementor-size-default\">RSP Connect<\/h1>\t\t\t\t<\/div>\n\t\t\t\t<\/div>\n\t\t\t\t\t<\/div>\n\t\t\t\t<\/div>\n\t\t<div class=\"elementor-element elementor-element-b21d498 e-grid e-con-boxed e-con e-parent\" data-id=\"b21d498\" data-element_type=\"container\" data-e-type=\"container\">\n\t\t\t\t\t<div class=\"e-con-inner\">\n\t\t\t\t\t\t\t\n\t\t\t<img class=\"e-image-base \" \n\t\t\t\t\tdata-interaction-id=\"788c903\" \n\t\t \n\t\t \n\t\t\t\t\t\t\t\t\tid=\"7159\"\n\t\t\t\t\t\t\t\t\t\t\t\tsrc=\"https:\/\/www.rsp.com\/wp-content\/uploads\/2025\/04\/connect-1.png\"\n\t\t\t\t\t\t\t\t\t\t\t\twidth=\"768\"\n\t\t\t\t\t\t\t\t\t\t\t\theight=\"432\"\n\t\t\t\t\t\t\t\t\t\t\t\tsrcset=\"\"\n\t\t\t\t\t\t\t\t\t\t\t\talt=\"\"\n\t\t\t\t\t\t\/>\n\t\t\t<div class=\"elementor-element elementor-element-1fe3522 e-con-full e-flex e-con e-child\" data-id=\"1fe3522\" data-element_type=\"container\" data-e-type=\"container\">\n\t\t\t\t<div class=\"elementor-element elementor-element-12c2bb6 elementor-widget elementor-widget-heading\" data-id=\"12c2bb6\" data-element_type=\"widget\" data-e-type=\"widget\" data-widget_type=\"heading.default\">\n\t\t\t\t<div class=\"elementor-widget-container\">\n\t\t\t\t\t<h2 class=\"elementor-heading-title elementor-size-default\">Notre syst\u00e8me t\u00e9l\u00e9matique performant<\/h2>\t\t\t\t<\/div>\n\t\t\t\t<\/div>\n\t\t\t\t<div class=\"elementor-element elementor-element-f49669f elementor-widget elementor-widget-text-editor\" data-id=\"f49669f\" data-element_type=\"widget\" data-e-type=\"widget\" data-widget_type=\"text-editor.default\">\n\t\t\t\t<div class=\"elementor-widget-container\">\n\t\t\t\t\t\t\t\t\t<p>Avec <strong>RSP CONNECT<\/strong>, notre <strong>syst\u00e8me t\u00e9l\u00e9matique innovant<\/strong>, vous gardez \u00e0 tout moment un \u0153il sur l&rsquo;<strong>\u00e9tat et la localisation<\/strong> de votre <strong>flotte de dragues aspiratrices<\/strong>. La <strong>solution num\u00e9rique<\/strong> permet une <strong>surveillance compl\u00e8te de toutes les fonctions de la machine<\/strong>, que ce soit sur <strong>PC ou via l&rsquo;application<\/strong>. <\/p><p><strong>RSP CONNECT<\/strong> vous offre non seulement <strong>un contr\u00f4le<\/strong>, mais aussi <strong>une transparence totale sur toutes les donn\u00e9es d&rsquo;exploitation<\/strong>. Vous obtenez <strong>des informations d\u00e9taill\u00e9es sur les heures de service<\/strong>, ce qui vous donne un aper\u00e7u pr\u00e9cieux de l&rsquo;<strong>utilisation et de l&rsquo;exploitation<\/strong> de la machine. Vous pouvez ainsi voir d&rsquo;un seul coup d&rsquo;\u0153il l <strong>&lsquo;efficacit\u00e9 de vos aspiratrices-excavatrices en action<\/strong> et les points \u00e0 <strong>optimiser<\/strong>. <strong>Des fonctions d&rsquo;alarme intelligentes<\/strong> vous informent <strong>par e-mail<\/strong> des <strong>entretiens n\u00e9cessaires ou des \u00e9v\u00e9nements li\u00e9s \u00e0 la s\u00e9curit\u00e9<\/strong> - vos machines restent ainsi <strong>toujours op\u00e9rationnelles<\/strong>.  <\/p>\t\t\t\t\t\t\t\t<\/div>\n\t\t\t\t<\/div>\n\t\t\t\t<\/div>\n\t\t<div class=\"elementor-element elementor-element-ae90d1b e-con-full e-flex e-con e-child\" data-id=\"ae90d1b\" data-element_type=\"container\" data-e-type=\"container\">\n\t\t\t\t<div class=\"elementor-element elementor-element-a07c9e7 elementor-widget elementor-widget-heading\" data-id=\"a07c9e7\" data-element_type=\"widget\" data-e-type=\"widget\" data-widget_type=\"heading.default\">\n\t\t\t\t<div class=\"elementor-widget-container\">\n\t\t\t\t\t<h2 class=\"elementor-heading-title elementor-size-default\">La gestion de flotte en toute simplicit\u00e9<\/h2>\t\t\t\t<\/div>\n\t\t\t\t<\/div>\n\t\t\t\t<div class=\"elementor-element elementor-element-75e00cf elementor-widget elementor-widget-text-editor\" data-id=\"75e00cf\" data-element_type=\"widget\" data-e-type=\"widget\" data-widget_type=\"text-editor.default\">\n\t\t\t\t<div class=\"elementor-widget-container\">\n\t\t\t\t\t\t\t\t\t<p>Outre la <strong>surveillance pr\u00e9cise de l&rsquo;\u00e9tat<\/strong> <strong>, RSP CONNECT<\/strong> permet \u00e9galement de <strong>suivre l&#8217;emplacement de l&rsquo;ensemble de votre flotte<\/strong>. Gr\u00e2ce \u00e0 la <strong>repr\u00e9sentation claire de toutes les positions des machines<\/strong>, il est possible de <strong>coordonner les interventions de mani\u00e8re optimale<\/strong> et d <strong>&lsquo;organiser les processus de travail de mani\u00e8re plus efficace<\/strong>. <strong>La transmission des donn\u00e9es est s\u00e9curis\u00e9e et contr\u00f4l\u00e9e<\/strong> afin de <strong>garantir une s\u00e9curit\u00e9 maximale des donn\u00e9es<\/strong>. <\/p><p>La <strong>version mobile de RSP CONNECT<\/strong>, disponible via l&rsquo;<strong>application mobile RSP CONNECT<\/strong>, vous permet en outre d&rsquo;<strong>acc\u00e9der \u00e0 toutes les informations essentielles \u00e0 tout moment et en tout lieu<\/strong>. Que <strong>vous soyez en d\u00e9placement sur le chantier ou au bureau<\/strong>, vous gardez <strong>toujours le contr\u00f4le<\/strong>. Cela <strong>permet non seulement d&rsquo;\u00e9conomiser du temps et de l&rsquo;argent, mais aussi de planifier les interventions de mani\u00e8re flexible<\/strong>.  <\/p>\t\t\t\t\t\t\t\t<\/div>\n\t\t\t\t<\/div>\n\t\t\t\t<\/div>\n\t\t\t\t<div class=\"elementor-element elementor-element-3484795 elementor-invisible elementor-widget elementor-widget-image\" data-id=\"3484795\" data-element_type=\"widget\" data-e-type=\"widget\" data-settings=\"{&quot;motion_fx_motion_fx_scrolling&quot;:&quot;yes&quot;,&quot;_animation&quot;:&quot;slideInRight&quot;,&quot;_animation_delay&quot;:300,&quot;motion_fx_devices&quot;:[&quot;widescreen&quot;,&quot;desktop&quot;,&quot;tablet&quot;,&quot;mobile&quot;]}\" data-widget_type=\"image.default\">\n\t\t\t\t<div class=\"elementor-widget-container\">\n\t\t\t\t\t\t\t\t\t\t\t\t\t\t\t<img loading=\"lazy\" decoding=\"async\" width=\"800\" height=\"450\" src=\"https:\/\/www.rsp.com\/wp-content\/uploads\/2025\/04\/connect-2-1024x576.png\" class=\"attachment-large size-large wp-image-7164\" alt=\"\" srcset=\"https:\/\/www.rsp.com\/wp-content\/uploads\/2025\/04\/connect-2-1024x576.png 1024w, https:\/\/www.rsp.com\/wp-content\/uploads\/2025\/04\/connect-2-300x169.png 300w, https:\/\/www.rsp.com\/wp-content\/uploads\/2025\/04\/connect-2-768x432.png 768w, https:\/\/www.rsp.com\/wp-content\/uploads\/2025\/04\/connect-2-1536x864.png 1536w, https:\/\/www.rsp.com\/wp-content\/uploads\/2025\/04\/connect-2.png 1920w\" sizes=\"auto, (max-width: 800px) 100vw, 800px\" \/>\t\t\t\t\t\t\t\t\t\t\t\t\t\t\t<\/div>\n\t\t\t\t<\/div>\n\t\t\t\t<div class=\"elementor-element elementor-element-f8af934 elementor-invisible elementor-widget elementor-widget-image\" data-id=\"f8af934\" data-element_type=\"widget\" data-e-type=\"widget\" data-settings=\"{&quot;_animation&quot;:&quot;slideInLeft&quot;,&quot;_animation_delay&quot;:300}\" data-widget_type=\"image.default\">\n\t\t\t\t<div class=\"elementor-widget-container\">\n\t\t\t\t\t\t\t\t\t\t\t\t\t\t\t<img loading=\"lazy\" decoding=\"async\" width=\"800\" height=\"450\" src=\"https:\/\/www.rsp.com\/wp-content\/uploads\/2025\/04\/connect-3.png\" class=\"attachment-large size-large wp-image-7167\" alt=\"\" \/>\t\t\t\t\t\t\t\t\t\t\t\t\t\t\t<\/div>\n\t\t\t\t<\/div>\n\t\t<div class=\"elementor-element elementor-element-28b0e08 e-con-full e-flex e-con e-child\" data-id=\"28b0e08\" data-element_type=\"container\" data-e-type=\"container\">\n\t\t\t\t<div class=\"elementor-element elementor-element-dc0b4cf elementor-widget elementor-widget-heading\" data-id=\"dc0b4cf\" data-element_type=\"widget\" data-e-type=\"widget\" data-widget_type=\"heading.default\">\n\t\t\t\t<div class=\"elementor-widget-container\">\n\t\t\t\t\t<h2 class=\"elementor-heading-title elementor-size-default\">Transparence totale sur les donn\u00e9es de fonctionnement de votre drague aspirante<\/h2>\t\t\t\t<\/div>\n\t\t\t\t<\/div>\n\t\t\t\t<div class=\"elementor-element elementor-element-97d8b0c elementor-widget elementor-widget-text-editor\" data-id=\"97d8b0c\" data-element_type=\"widget\" data-e-type=\"widget\" data-widget_type=\"text-editor.default\">\n\t\t\t\t<div class=\"elementor-widget-container\">\n\t\t\t\t\t\t\t\t\t<p>Avec <strong>RSP CONNECT<\/strong>, vous b\u00e9n\u00e9ficiez d&rsquo;un <strong>syst\u00e8me t\u00e9l\u00e9matique performant<\/strong> qui apporte <strong>contr\u00f4le, efficacit\u00e9 et transparence<\/strong> dans l&rsquo;<strong>utilisation quotidienne de vos aspiratrices-excavatrices<\/strong> - pour <strong>un fonctionnement sans faille, des temps d&rsquo;arr\u00eat r\u00e9duits et une productivit\u00e9 maximale<\/strong>.<\/p>\t\t\t\t\t\t\t\t<\/div>\n\t\t\t\t<\/div>\n\t\t\t\t<\/div>\n\t\t\t\t\t<\/div>\n\t\t\t\t<\/div>\n\t\t<div class=\"elementor-element elementor-element-a4f5099 e-flex e-con-boxed e-con e-parent\" data-id=\"a4f5099\" data-element_type=\"container\" data-e-type=\"container\">\n\t\t\t\t\t<div class=\"e-con-inner\">\n\t\t\t\t<div class=\"elementor-element elementor-element-f0faf14 elementor-widget__width-inherit elementor-widget elementor-widget-heading\" data-id=\"f0faf14\" data-element_type=\"widget\" data-e-type=\"widget\" data-widget_type=\"heading.default\">\n\t\t\t\t<div class=\"elementor-widget-container\">\n\t\t\t\t\t<h2 class=\"elementor-heading-title elementor-size-default\">T\u00e9l\u00e9charger maintenant<\/h2>\t\t\t\t<\/div>\n\t\t\t\t<\/div>\n\t\t\t\t<div class=\"elementor-element elementor-element-29db851 elementor-widget elementor-widget-image\" data-id=\"29db851\" data-element_type=\"widget\" data-e-type=\"widget\" data-widget_type=\"image.default\">\n\t\t\t\t<div class=\"elementor-widget-container\">\n\t\t\t\t\t\t\t\t\t\t\t\t\t\t\t\t<a href=\"https:\/\/play.google.com\/store\/apps\/details?id=com.proemion.machinecompanion.rsp\" target=\"_blank\">\n\t\t\t\t\t\t\t<img decoding=\"async\" src=\"https:\/\/www.rsp.com\/wp-content\/uploads\/elementor\/thumbs\/GetItOnGooglePlay_Badge_Web_color_French-1-rblt0d0k5rq6qhks5sbfftmp88yscqo7pg6hj63i0w.png\" title=\"GetItOnGooglePlay_Badge_Web_color_German\" alt=\"GetItOnGooglePlay_Badge_Web_color_German\" loading=\"lazy\" \/>\t\t\t\t\t\t\t\t<\/a>\n\t\t\t\t\t\t\t\t\t\t\t\t\t\t\t<\/div>\n\t\t\t\t<\/div>\n\t\t\t\t<div class=\"elementor-element elementor-element-31514be elementor-widget elementor-widget-image\" data-id=\"31514be\" data-element_type=\"widget\" data-e-type=\"widget\" data-widget_type=\"image.default\">\n\t\t\t\t<div class=\"elementor-widget-container\">\n\t\t\t\t\t\t\t\t\t\t\t\t\t\t\t\t<a href=\"https:\/\/apps.apple.com\/de\/app\/rsp-connect-mobile\/id6739540641\" target=\"_blank\">\n\t\t\t\t\t\t\t<img decoding=\"async\" src=\"https:\/\/www.rsp.com\/wp-content\/uploads\/elementor\/thumbs\/appstore-fr-rblt45b5oqwrhy2t1x8bzd8jd4b0cupak6rw4aheyo.png\" title=\"appstore-de\" alt=\"appstore-de\" loading=\"lazy\" \/>\t\t\t\t\t\t\t\t<\/a>\n\t\t\t\t\t\t\t\t\t\t\t\t\t\t\t<\/div>\n\t\t\t\t<\/div>\n\t\t\t\t\t<\/div>\n\t\t\t\t<\/div>\n\t\t\t\t<\/div>\n\t\t","protected":false},"excerpt":{"rendered":"<p>RSP Connect Notre syst\u00e8me t\u00e9l\u00e9matique performant Avec RSP CONNECT, notre syst\u00e8me t\u00e9l\u00e9matique innovant, vous gardez \u00e0 tout moment un \u0153il sur l&rsquo;\u00e9tat et la localisation de votre flotte de dragues aspiratrices. La solution num\u00e9rique permet une surveillance compl\u00e8te de toutes les fonctions de la machine, que ce soit sur PC ou via l&rsquo;application. RSP CONNECT [&hellip;]<\/p>\n","protected":false},"author":1,"featured_media":0,"parent":4100,"menu_order":0,"comment_status":"closed","ping_status":"closed","template":"","meta":{"_acf_changed":false,"footnotes":""},"class_list":["post-7171","page","type-page","status-publish","hentry"],"acf":[],"yoast_head":"<!-- This site is optimized with the Yoast SEO Premium plugin v26.9 (Yoast SEO v27.6) - https:\/\/yoast.com\/product\/yoast-seo-premium-wordpress\/ -->\n<title>Connect - RSP<\/title>\n<meta name=\"robots\" content=\"index, follow, max-snippet:-1, max-image-preview:large, max-video-preview:-1\" \/>\n<link rel=\"canonical\" href=\"https:\/\/www.rsp.com\/fr\/service\/connect\/\" \/>\n<meta property=\"og:locale\" content=\"fr_FR\" \/>\n<meta property=\"og:type\" content=\"article\" \/>\n<meta property=\"og:title\" content=\"Connect\" \/>\n<meta property=\"og:description\" content=\"RSP Connect Notre syst\u00e8me t\u00e9l\u00e9matique performant Avec RSP CONNECT, notre syst\u00e8me t\u00e9l\u00e9matique innovant, vous gardez \u00e0 tout moment un \u0153il sur l&rsquo;\u00e9tat et la localisation de votre flotte de dragues aspiratrices. La solution num\u00e9rique permet une surveillance compl\u00e8te de toutes les fonctions de la machine, que ce soit sur PC ou via l&rsquo;application. RSP CONNECT [&hellip;]\" \/>\n<meta property=\"og:url\" content=\"https:\/\/www.rsp.com\/fr\/service\/connect\/\" \/>\n<meta property=\"og:site_name\" content=\"RSP\" \/>\n<meta property=\"article:publisher\" content=\"http:\/\/www.facebook.com\/saugbagger\" \/>\n<meta property=\"article:modified_time\" content=\"2026-05-07T10:23:12+00:00\" \/>\n<meta property=\"og:image\" content=\"https:\/\/www.rsp.com\/wp-content\/uploads\/2025\/04\/connect-1.png\" \/>\n<meta name=\"twitter:card\" content=\"summary_large_image\" \/>\n<meta name=\"twitter:label1\" content=\"Dur\u00e9e de lecture estim\u00e9e\" \/>\n\t<meta name=\"twitter:data1\" content=\"4 minutes\" \/>\n<script type=\"application\/ld+json\" class=\"yoast-schema-graph\">{\"@context\":\"https:\\\/\\\/schema.org\",\"@graph\":[{\"@type\":\"WebPage\",\"@id\":\"https:\\\/\\\/www.rsp.com\\\/fr\\\/service\\\/connect\\\/\",\"url\":\"https:\\\/\\\/www.rsp.com\\\/fr\\\/service\\\/connect\\\/\",\"name\":\"Connect - RSP\",\"isPartOf\":{\"@id\":\"https:\\\/\\\/www.rsp.com\\\/fr\\\/#website\"},\"primaryImageOfPage\":{\"@id\":\"https:\\\/\\\/www.rsp.com\\\/fr\\\/service\\\/connect\\\/#primaryimage\"},\"image\":{\"@id\":\"https:\\\/\\\/www.rsp.com\\\/fr\\\/service\\\/connect\\\/#primaryimage\"},\"thumbnailUrl\":\"https:\\\/\\\/www.rsp.com\\\/wp-content\\\/uploads\\\/2025\\\/04\\\/connect-1.png\",\"datePublished\":\"2025-04-02T18:24:58+00:00\",\"dateModified\":\"2026-05-07T10:23:12+00:00\",\"breadcrumb\":{\"@id\":\"https:\\\/\\\/www.rsp.com\\\/fr\\\/service\\\/connect\\\/#breadcrumb\"},\"inLanguage\":\"fr-FR\",\"potentialAction\":[{\"@type\":\"ReadAction\",\"target\":[\"https:\\\/\\\/www.rsp.com\\\/fr\\\/service\\\/connect\\\/\"]}]},{\"@type\":\"ImageObject\",\"inLanguage\":\"fr-FR\",\"@id\":\"https:\\\/\\\/www.rsp.com\\\/fr\\\/service\\\/connect\\\/#primaryimage\",\"url\":\"https:\\\/\\\/www.rsp.com\\\/wp-content\\\/uploads\\\/2025\\\/04\\\/connect-1.png\",\"contentUrl\":\"https:\\\/\\\/www.rsp.com\\\/wp-content\\\/uploads\\\/2025\\\/04\\\/connect-1.png\"},{\"@type\":\"BreadcrumbList\",\"@id\":\"https:\\\/\\\/www.rsp.com\\\/fr\\\/service\\\/connect\\\/#breadcrumb\",\"itemListElement\":[{\"@type\":\"ListItem\",\"position\":1,\"name\":\"Startseite\",\"item\":\"https:\\\/\\\/www.rsp.com\\\/fr\\\/\"},{\"@type\":\"ListItem\",\"position\":2,\"name\":\"Service\",\"item\":\"https:\\\/\\\/www.rsp.com\\\/fr\\\/service\\\/\"},{\"@type\":\"ListItem\",\"position\":3,\"name\":\"Connect\"}]},{\"@type\":\"WebSite\",\"@id\":\"https:\\\/\\\/www.rsp.com\\\/fr\\\/#website\",\"url\":\"https:\\\/\\\/www.rsp.com\\\/fr\\\/\",\"name\":\"RSP Saugbagger - Innovate work\",\"description\":\"Innovate Work\",\"publisher\":{\"@id\":\"https:\\\/\\\/www.rsp.com\\\/fr\\\/#organization\"},\"potentialAction\":[{\"@type\":\"SearchAction\",\"target\":{\"@type\":\"EntryPoint\",\"urlTemplate\":\"https:\\\/\\\/www.rsp.com\\\/fr\\\/?s={search_term_string}\"},\"query-input\":{\"@type\":\"PropertyValueSpecification\",\"valueRequired\":true,\"valueName\":\"search_term_string\"}}],\"inLanguage\":\"fr-FR\"},{\"@type\":\"Organization\",\"@id\":\"https:\\\/\\\/www.rsp.com\\\/fr\\\/#organization\",\"name\":\"RSP GmbH &amp; co. KG\",\"alternateName\":\"RSP\",\"url\":\"https:\\\/\\\/www.rsp.com\\\/fr\\\/\",\"logo\":{\"@type\":\"ImageObject\",\"inLanguage\":\"fr-FR\",\"@id\":\"https:\\\/\\\/www.rsp.com\\\/fr\\\/#\\\/schema\\\/logo\\\/image\\\/\",\"url\":\"https:\\\/\\\/www.rsp.com\\\/wp-content\\\/uploads\\\/2025\\\/03\\\/RSP_Logo-cross_Color-pos_sRGB.svg\",\"contentUrl\":\"https:\\\/\\\/www.rsp.com\\\/wp-content\\\/uploads\\\/2025\\\/03\\\/RSP_Logo-cross_Color-pos_sRGB.svg\",\"width\":82,\"height\":82,\"caption\":\"RSP GmbH &amp; co. KG\"},\"image\":{\"@id\":\"https:\\\/\\\/www.rsp.com\\\/fr\\\/#\\\/schema\\\/logo\\\/image\\\/\"},\"sameAs\":[\"http:\\\/\\\/www.facebook.com\\\/saugbagger\",\"https:\\\/\\\/www.instagram.com\\\/suctionexcavator\",\"https:\\\/\\\/www.linkedin.com\\\/company\\\/reschwitzer-saugbagger-produktions-gmbh-rsp-gmbh-\\\/\",\"http:\\\/\\\/www.youtube.com\\\/user\\\/RSPSuctionExcavator\"],\"description\":\"Die RSP GmbH & Co. KG ist f\u00fchrender Hersteller von Saugbaggern und Spezialfahrzeugen f\u00fcr den Einsatz in der Bau-, Versorgungs- und Kommunalwirtschaft. Mit \u00fcber 30 Jahren Erfahrung, einem internationalen Vertriebsnetz und innovativer Technologie bietet RSP leistungsstarke L\u00f6sungen f\u00fcr sicheres und effizientes Arbeiten \u2013 Made in Germany.\",\"email\":\"info@rsp-germany.com\",\"telephone\":\"+49367157210\",\"legalName\":\"RSP GmbH & Co. KG\",\"foundingDate\":\"1993-04-01\",\"vatID\":\"DE158276339\",\"numberOfEmployees\":{\"@type\":\"QuantitativeValue\",\"minValue\":\"501\",\"maxValue\":\"1000\"}}]}<\/script>\n<!-- \/ Yoast SEO Premium plugin. -->","yoast_head_json":{"title":"Connect - RSP","robots":{"index":"index","follow":"follow","max-snippet":"max-snippet:-1","max-image-preview":"max-image-preview:large","max-video-preview":"max-video-preview:-1"},"canonical":"https:\/\/www.rsp.com\/fr\/service\/connect\/","og_locale":"fr_FR","og_type":"article","og_title":"Connect","og_description":"RSP Connect Notre syst\u00e8me t\u00e9l\u00e9matique performant Avec RSP CONNECT, notre syst\u00e8me t\u00e9l\u00e9matique innovant, vous gardez \u00e0 tout moment un \u0153il sur l&rsquo;\u00e9tat et la localisation de votre flotte de dragues aspiratrices. La solution num\u00e9rique permet une surveillance compl\u00e8te de toutes les fonctions de la machine, que ce soit sur PC ou via l&rsquo;application. RSP CONNECT [&hellip;]","og_url":"https:\/\/www.rsp.com\/fr\/service\/connect\/","og_site_name":"RSP","article_publisher":"http:\/\/www.facebook.com\/saugbagger","article_modified_time":"2026-05-07T10:23:12+00:00","og_image":[{"url":"https:\/\/www.rsp.com\/wp-content\/uploads\/2025\/04\/connect-1.png","type":"","width":"","height":""}],"twitter_card":"summary_large_image","twitter_misc":{"Dur\u00e9e de lecture estim\u00e9e":"4 minutes"},"schema":{"@context":"https:\/\/schema.org","@graph":[{"@type":"WebPage","@id":"https:\/\/www.rsp.com\/fr\/service\/connect\/","url":"https:\/\/www.rsp.com\/fr\/service\/connect\/","name":"Connect - RSP","isPartOf":{"@id":"https:\/\/www.rsp.com\/fr\/#website"},"primaryImageOfPage":{"@id":"https:\/\/www.rsp.com\/fr\/service\/connect\/#primaryimage"},"image":{"@id":"https:\/\/www.rsp.com\/fr\/service\/connect\/#primaryimage"},"thumbnailUrl":"https:\/\/www.rsp.com\/wp-content\/uploads\/2025\/04\/connect-1.png","datePublished":"2025-04-02T18:24:58+00:00","dateModified":"2026-05-07T10:23:12+00:00","breadcrumb":{"@id":"https:\/\/www.rsp.com\/fr\/service\/connect\/#breadcrumb"},"inLanguage":"fr-FR","potentialAction":[{"@type":"ReadAction","target":["https:\/\/www.rsp.com\/fr\/service\/connect\/"]}]},{"@type":"ImageObject","inLanguage":"fr-FR","@id":"https:\/\/www.rsp.com\/fr\/service\/connect\/#primaryimage","url":"https:\/\/www.rsp.com\/wp-content\/uploads\/2025\/04\/connect-1.png","contentUrl":"https:\/\/www.rsp.com\/wp-content\/uploads\/2025\/04\/connect-1.png"},{"@type":"BreadcrumbList","@id":"https:\/\/www.rsp.com\/fr\/service\/connect\/#breadcrumb","itemListElement":[{"@type":"ListItem","position":1,"name":"Startseite","item":"https:\/\/www.rsp.com\/fr\/"},{"@type":"ListItem","position":2,"name":"Service","item":"https:\/\/www.rsp.com\/fr\/service\/"},{"@type":"ListItem","position":3,"name":"Connect"}]},{"@type":"WebSite","@id":"https:\/\/www.rsp.com\/fr\/#website","url":"https:\/\/www.rsp.com\/fr\/","name":"RSP Saugbagger - Innovate work","description":"Innovate Work","publisher":{"@id":"https:\/\/www.rsp.com\/fr\/#organization"},"potentialAction":[{"@type":"SearchAction","target":{"@type":"EntryPoint","urlTemplate":"https:\/\/www.rsp.com\/fr\/?s={search_term_string}"},"query-input":{"@type":"PropertyValueSpecification","valueRequired":true,"valueName":"search_term_string"}}],"inLanguage":"fr-FR"},{"@type":"Organization","@id":"https:\/\/www.rsp.com\/fr\/#organization","name":"RSP GmbH &amp; co. KG","alternateName":"RSP","url":"https:\/\/www.rsp.com\/fr\/","logo":{"@type":"ImageObject","inLanguage":"fr-FR","@id":"https:\/\/www.rsp.com\/fr\/#\/schema\/logo\/image\/","url":"https:\/\/www.rsp.com\/wp-content\/uploads\/2025\/03\/RSP_Logo-cross_Color-pos_sRGB.svg","contentUrl":"https:\/\/www.rsp.com\/wp-content\/uploads\/2025\/03\/RSP_Logo-cross_Color-pos_sRGB.svg","width":82,"height":82,"caption":"RSP GmbH &amp; co. KG"},"image":{"@id":"https:\/\/www.rsp.com\/fr\/#\/schema\/logo\/image\/"},"sameAs":["http:\/\/www.facebook.com\/saugbagger","https:\/\/www.instagram.com\/suctionexcavator","https:\/\/www.linkedin.com\/company\/reschwitzer-saugbagger-produktions-gmbh-rsp-gmbh-\/","http:\/\/www.youtube.com\/user\/RSPSuctionExcavator"],"description":"Die RSP GmbH & Co. KG ist f\u00fchrender Hersteller von Saugbaggern und Spezialfahrzeugen f\u00fcr den Einsatz in der Bau-, Versorgungs- und Kommunalwirtschaft. Mit \u00fcber 30 Jahren Erfahrung, einem internationalen Vertriebsnetz und innovativer Technologie bietet RSP leistungsstarke L\u00f6sungen f\u00fcr sicheres und effizientes Arbeiten \u2013 Made in Germany.","email":"info@rsp-germany.com","telephone":"+49367157210","legalName":"RSP GmbH & Co. KG","foundingDate":"1993-04-01","vatID":"DE158276339","numberOfEmployees":{"@type":"QuantitativeValue","minValue":"501","maxValue":"1000"}}]}},"_links":{"self":[{"href":"https:\/\/www.rsp.com\/fr\/wp-json\/wp\/v2\/pages\/7171","targetHints":{"allow":["GET"]}}],"collection":[{"href":"https:\/\/www.rsp.com\/fr\/wp-json\/wp\/v2\/pages"}],"about":[{"href":"https:\/\/www.rsp.com\/fr\/wp-json\/wp\/v2\/types\/page"}],"author":[{"embeddable":true,"href":"https:\/\/www.rsp.com\/fr\/wp-json\/wp\/v2\/users\/1"}],"replies":[{"embeddable":true,"href":"https:\/\/www.rsp.com\/fr\/wp-json\/wp\/v2\/comments?post=7171"}],"version-history":[{"count":16,"href":"https:\/\/www.rsp.com\/fr\/wp-json\/wp\/v2\/pages\/7171\/revisions"}],"predecessor-version":[{"id":18793,"href":"https:\/\/www.rsp.com\/fr\/wp-json\/wp\/v2\/pages\/7171\/revisions\/18793"}],"up":[{"embeddable":true,"href":"https:\/\/www.rsp.com\/fr\/wp-json\/wp\/v2\/pages\/4100"}],"wp:attachment":[{"href":"https:\/\/www.rsp.com\/fr\/wp-json\/wp\/v2\/media?parent=7171"}],"curies":[{"name":"wp","href":"https:\/\/api.w.org\/{rel}","templated":true}]}}